{"id":17969,"date":"2023-02-24T12:36:18","date_gmt":"2023-02-24T11:36:18","guid":{"rendered":"https:\/\/believebytuularossi.com\/?post_type=product&#038;p=17969"},"modified":"2024-02-29T13:23:18","modified_gmt":"2024-02-29T12:23:18","slug":"vanessa-musta-kevyt-tikattu-takki","status":"publish","type":"product","link":"https:\/\/believebytuularossi.com\/fi\/tuote\/vanessa-musta-kevyt-tikattu-takki\/","title":{"rendered":"Vanessa Black \u2013 kevyt musta tikattu takki vetoketjuhalkioilla sivuissa"},"content":{"rendered":"","protected":false},"excerpt":{"rendered":"<p style=\"font-weight: 400;\"><strong>Vanessa Black<\/strong> \u2013 kevyt musta tikattu takki vetoketjuhalkioilla sivuissa sopii erinomaisesti moderneille naisille. T\u00e4m\u00e4 pitk\u00e4 tyylik\u00e4s ja hienostunut tikkitakki tuo ylellisyytt\u00e4 arkiel\u00e4m\u00e4\u00e4si.\u00a0Vanessa black on kevyt tikattu mielihyv\u00e4takki. Se n\u00e4ytt\u00e4\u00e4 tyylikk\u00e4\u00e4lt\u00e4 ja ylelliselt\u00e4 jokaisen naisen p\u00e4\u00e4ll\u00e4. Takki on mukava p\u00e4\u00e4ll\u00e4 ja siin\u00e4 on upeat, ylelliset vetoketjut. H\u00e4mm\u00e4stytt\u00e4v\u00e4 tikattu materiaali on moderni ja kest\u00e4v\u00e4. Pitk\u00e4 tikkitakki on korkealaatuinen ja n\u00e4ytt\u00e4\u00e4 eritt\u00e4in hienostuneelta mustana.<\/p>\n<p style=\"font-weight: 400;\">Tutustu t\u00e4h\u00e4n eritt\u00e4in kevyeeseen ja mahtavaan Vanessa -takiin! Vanessa on eritt\u00e4in tyylik\u00e4s ja hienostunut mustassa v\u00e4riss\u00e4. T\u00e4m\u00e4 pitk\u00e4 pohkeeseen ulottuva moderni tikkitakki tuo ylellisyytt\u00e4 arkiel\u00e4m\u00e4\u00e4si. Hieno, laadukas tikattu materiaali n\u00e4ytt\u00e4\u00e4 upealta ja on eritt\u00e4in mukava p\u00e4\u00e4ll\u00e4. Ylelliset vetoketjut sivusaumoissa avautuvat pitkiin halkioihin ja luovat modernin lookin. Hyvin istuva huppu on irrotettava vetoketjulla. T\u00e4m\u00e4 pitk\u00e4 tikkitakki sopii erinomaisesti kev\u00e4\u00e4seen ja syksyyn. Naisellinen Vanessa -takki on suunniteltu istumaan t\u00e4ydellisesti kaiken kokoisten naisten p\u00e4\u00e4ll\u00e4.<\/p>\n<p style=\"font-weight: 400;\">Vanessa n\u00e4ytt\u00e4\u00e4 hyv\u00e4lt\u00e4 ja saa sinut tuntemaan olosi hemmotelluksi sen sis\u00e4ll\u00e4! Se on aito mielihyv\u00e4takkisi!<\/p>\n<p style=\"font-weight: 400;\">\u00e4yt\u00e4 periaatteessa ymp\u00e4rivuotista takkia kev\u00e4\u00e4ll\u00e4, kylmin\u00e4 kes\u00e4p\u00e4ivin\u00e4, syksyll\u00e4 ja leutoina talvip\u00e4ivin\u00e4. Suositellaan k\u00e4ytett\u00e4v\u00e4ksi plus l\u00e4mp\u00f6tiloissa tai pikkupakkasella.<\/p>\n<p style=\"font-weight: 400;\">Sivuhuomautuksena; kuvakkeet ovat osoitus asiakasohjeista. Takkien paksuus ja l\u00e4mp\u00f6 riippuvat tietysti henkil\u00f6kohtaisesta kokemuksesta ja mieltymyksest\u00e4.<\/p>\n<h2 style=\"font-weight: 400;\"><strong>Yksityiskohdat:<\/strong><\/h2>\n<ul style=\"font-weight: 400;\">\n<li>Hengitt\u00e4v\u00e4 ja konepest\u00e4v\u00e4 materiaali vett\u00e4 hylkiv\u00e4ll\u00e4 viimeistelyll\u00e4<\/li>\n<li>60 g\/m2 pehme\u00e4\u00e4 korkealaatuista vanua sis\u00e4ll\u00e4<\/li>\n<li>Ylellinen kaksisuuntainen logovetoketju edess\u00e4, hupussa ja sivuissa<\/li>\n<li>Hyvin istuva irrotettava huppu<\/li>\n<\/ul>\n<h3 style=\"font-weight: 400;\"><strong>Materiaalit ja hoito-ohjeet:<\/strong><\/h3>\n<ul style=\"font-weight: 400;\">\n<li>Pinta: 100% polyamidi<\/li>\n<li>Vanu: 100% polyesteri<\/li>\n<li>Vuori: 100% polyamidi<\/li>\n<\/ul>\n<p><a href=\"https:\/\/believebytuularossi.com\/wp-content\/uploads\/2023\/02\/Nayttokuva-2023-2-24-kello-14.08.38.png\"><img decoding=\"async\" class=\" wp-image-18021\" title=\"Nayttokuva 2023 2 24 kello 14.08.38\" src=\"https:\/\/believebytuularossi.com\/wp-content\/uploads\/2023\/02\/Nayttokuva-2023-2-24-kello-14.08.38.png\" alt=\"Nayttokuva 2023 2 24 kello 14.08.38\" width=\"203\" height=\"80\" srcset=\"https:\/\/believebytuularossi.com\/wp-content\/uploads\/2023\/02\/Nayttokuva-2023-2-24-kello-14.08.38.png 442w, https:\/\/believebytuularossi.com\/wp-content\/uploads\/2023\/02\/Nayttokuva-2023-2-24-kello-14.08.38-300x118.png 300w\" sizes=\"(max-width: 203px) 100vw, 203px\" \/><\/a><\/p>\n<h3><strong>Takin mitat<\/strong><\/h3>\n<p>Huomaa: ei vartalon mittoja!<\/p>\n<p><a href=\"https:\/\/believebytuularossi.com\/wp-content\/uploads\/2023\/02\/Nayttokuva-2023-2-24-kello-14.12.03.png\"><img decoding=\"async\" class=\"size-medium wp-image-18025\" title=\"Nayttokuva 2023 2 24 kello 14.12.03\" src=\"https:\/\/believebytuularossi.com\/wp-content\/uploads\/2023\/02\/Nayttokuva-2023-2-24-kello-14.12.03-600x170.png\" alt=\"Nayttokuva 2023 2 24 kello 14.12.03\" width=\"600\" height=\"170\" srcset=\"https:\/\/believebytuularossi.com\/wp-content\/uploads\/2023\/02\/Nayttokuva-2023-2-24-kello-14.12.03-600x170.png 600w, https:\/\/believebytuularossi.com\/wp-content\/uploads\/2023\/02\/Nayttokuva-2023-2-24-kello-14.12.03-1800x509.png 1800w, https:\/\/believebytuularossi.com\/wp-content\/uploads\/2023\/02\/Nayttokuva-2023-2-24-kello-14.12.03-768x217.png 768w, https:\/\/believebytuularossi.com\/wp-content\/uploads\/2023\/02\/Nayttokuva-2023-2-24-kello-14.12.03-1536x434.png 1536w, https:\/\/believebytuularossi.com\/wp-content\/uploads\/2023\/02\/Nayttokuva-2023-2-24-kello-14.12.03-2048x579.png 2048w, https:\/\/believebytuularossi.com\/wp-content\/uploads\/2023\/02\/Nayttokuva-2023-2-24-kello-14.12.03-300x85.png 300w\" sizes=\"(max-width: 600px) 100vw, 600px\" \/><\/a><\/p>\n","protected":false},"featured_media":18122,"template":"","meta":{"_acf_changed":false},"product_brand":[],"product_cat":[131,130,129],"product_tag":[],"class_list":{"0":"post-17969","1":"product","2":"type-product","3":"status-publish","4":"has-post-thumbnail","6":"product_cat-kevattakit-kesatakit-valisesonkitakit","7":"product_cat-syksytakit-talvitakit","8":"product_cat-takit-jakut-koot-34-54","9":"pa_ewd_uwcf_colors-black","10":"pa_ewd_uwcf_sizes-181","11":"pa_ewd_uwcf_sizes-183","12":"pa_ewd_uwcf_sizes-185","13":"pa_ewd_uwcf_sizes-187","14":"pa_ewd_uwcf_sizes-189","15":"pa_ewd_uwcf_sizes-191","16":"pa_ewd_uwcf_sizes-193","17":"pa_ewd_uwcf_sizes-200","18":"pa_ewd_uwcf_sizes-202","19":"pa_ewd_uwcf_sizes-204","20":"pa_size-34-fi","21":"pa_size-36-fi","22":"pa_size-38-fi","23":"pa_size-40-fi","24":"pa_size-42-fi","25":"pa_size-44-fi","26":"pa_size-46-fi","27":"pa_size-48-fi","28":"pa_size-50-fi","29":"pa_size-52-fi","30":"pa_size-54-fi","31":"product_color-black-fi","32":"product_size-36-fi","33":"product_size-38-fi","34":"product_size-40-fi","35":"product_size-42-fi","36":"product_size-44-fi","37":"product_size-46-fi","38":"product_size-48-fi","39":"product_size-50-fi","40":"product_size-52-fi","41":"product_size-54-fi","43":"first","44":"instock","45":"taxable","46":"shipping-taxable","47":"purchasable","48":"product-type-variable"},"acf":[],"yoast_head":"<!-- This site is optimized with the Yoast SEO plugin v27.3 - https:\/\/yoast.com\/product\/yoast-seo-wordpress\/ -->\n<title>Kevyt musta tikattu takki vetoketjuhalkioilla - Vanessa Black<\/title>\n<meta name=\"description\" content=\"Vanessa Black \u2013 kevyt musta tikattu takki vetoketjuhalkioilla sivuissa moderneille naisille. T\u00e4m\u00e4 pitk\u00e4 tyylik\u00e4s tikkitakki tuo ylellisyytt\u00e4 arkiel\u00e4m\u00e4\u00e4si.\" \/>\n<meta name=\"robots\" content=\"index, follow, max-snippet:-1, max-image-preview:large, max-video-preview:-1\" \/>\n<link rel=\"canonical\" href=\"https:\/\/believebytuularossi.com\/fi\/tuote\/vanessa-musta-kevyt-tikattu-takki\/\" \/>\n<meta property=\"og:locale\" content=\"fi_FI\" \/>\n<meta property=\"og:type\" content=\"article\" \/>\n<meta property=\"og:title\" content=\"Vanessa Black hienostunut kevyt musta tikattu takki\" \/>\n<meta property=\"og:description\" content=\"Vanessa Black \u2013 kevyt musta tikattu takki vetoketjuhalkioilla sivuissa moderneille naisille. T\u00e4m\u00e4 pitk\u00e4 tyylik\u00e4s tikkitakki tuo ylellisyytt\u00e4 arkiel\u00e4m\u00e4\u00e4si.\" \/>\n<meta property=\"og:url\" content=\"https:\/\/believebytuularossi.com\/fi\/tuote\/vanessa-musta-kevyt-tikattu-takki\/\" \/>\n<meta property=\"og:site_name\" content=\"BELIEVE by tuula rossi\" \/>\n<meta property=\"article:publisher\" content=\"https:\/\/www.facebook.com\/believebytuularossi\/_gu3udgu0BZPTzcnU\" \/>\n<meta property=\"article:modified_time\" content=\"2024-02-29T12:23:18+00:00\" \/>\n<meta property=\"og:image\" content=\"https:\/\/believebytuularossi.com\/wp-content\/uploads\/2023\/02\/PDV5245_web.jpg\" \/>\n\t<meta property=\"og:image:width\" content=\"633\" \/>\n\t<meta property=\"og:image:height\" content=\"950\" \/>\n\t<meta property=\"og:image:type\" content=\"image\/jpeg\" \/>\n<meta name=\"twitter:card\" content=\"summary_large_image\" \/>\n<meta name=\"twitter:title\" content=\"Vanessa Black hienostunut kevyt musta tikattu takki\" \/>\n<meta name=\"twitter:description\" content=\"Vanessa Black \u2013 kevyt musta tikattu takki vetoketjuhalkioilla sivuissa moderneille naisille. T\u00e4m\u00e4 pitk\u00e4 tyylik\u00e4s tikkitakki tuo ylellisyytt\u00e4 arkiel\u00e4m\u00e4\u00e4si.\" \/>\n<meta name=\"twitter:image\" content=\"https:\/\/believebytuularossi.com\/wp-content\/uploads\/2023\/02\/PDV5245_web.jpg\" \/>\n<script type=\"application\/ld+json\" class=\"yoast-schema-graph\">{\"@context\":\"https:\\\/\\\/schema.org\",\"@graph\":[{\"@type\":\"WebPage\",\"@id\":\"https:\\\/\\\/believebytuularossi.com\\\/fi\\\/tuote\\\/vanessa-musta-kevyt-tikattu-takki\\\/\",\"url\":\"https:\\\/\\\/believebytuularossi.com\\\/fi\\\/tuote\\\/vanessa-musta-kevyt-tikattu-takki\\\/\",\"name\":\"Kevyt musta tikattu takki vetoketjuhalkioilla - Vanessa Black\",\"isPartOf\":{\"@id\":\"https:\\\/\\\/believebytuularossi.com\\\/fi\\\/#website\"},\"primaryImageOfPage\":{\"@id\":\"https:\\\/\\\/believebytuularossi.com\\\/fi\\\/tuote\\\/vanessa-musta-kevyt-tikattu-takki\\\/#primaryimage\"},\"image\":{\"@id\":\"https:\\\/\\\/believebytuularossi.com\\\/fi\\\/tuote\\\/vanessa-musta-kevyt-tikattu-takki\\\/#primaryimage\"},\"thumbnailUrl\":\"https:\\\/\\\/believebytuularossi.com\\\/wp-content\\\/uploads\\\/2023\\\/02\\\/PDV5245-scaled.jpg\",\"datePublished\":\"2023-02-24T11:36:18+00:00\",\"dateModified\":\"2024-02-29T12:23:18+00:00\",\"description\":\"Vanessa Black \u2013 kevyt musta tikattu takki vetoketjuhalkioilla sivuissa moderneille naisille. T\u00e4m\u00e4 pitk\u00e4 tyylik\u00e4s tikkitakki tuo ylellisyytt\u00e4 arkiel\u00e4m\u00e4\u00e4si.\",\"breadcrumb\":{\"@id\":\"https:\\\/\\\/believebytuularossi.com\\\/fi\\\/tuote\\\/vanessa-musta-kevyt-tikattu-takki\\\/#breadcrumb\"},\"inLanguage\":\"fi\",\"potentialAction\":[{\"@type\":\"ReadAction\",\"target\":[\"https:\\\/\\\/believebytuularossi.com\\\/fi\\\/tuote\\\/vanessa-musta-kevyt-tikattu-takki\\\/\"]}]},{\"@type\":\"ImageObject\",\"inLanguage\":\"fi\",\"@id\":\"https:\\\/\\\/believebytuularossi.com\\\/fi\\\/tuote\\\/vanessa-musta-kevyt-tikattu-takki\\\/#primaryimage\",\"url\":\"https:\\\/\\\/believebytuularossi.com\\\/wp-content\\\/uploads\\\/2023\\\/02\\\/PDV5245-scaled.jpg\",\"contentUrl\":\"https:\\\/\\\/believebytuularossi.com\\\/wp-content\\\/uploads\\\/2023\\\/02\\\/PDV5245-scaled.jpg\",\"width\":1706,\"height\":2560,\"caption\":\"Vanessa black long light quilted jacket for women\"},{\"@type\":\"BreadcrumbList\",\"@id\":\"https:\\\/\\\/believebytuularossi.com\\\/fi\\\/tuote\\\/vanessa-musta-kevyt-tikattu-takki\\\/#breadcrumb\",\"itemListElement\":[{\"@type\":\"ListItem\",\"position\":1,\"name\":\"Home\",\"item\":\"https:\\\/\\\/believebytuularossi.com\\\/fi\\\/\"},{\"@type\":\"ListItem\",\"position\":2,\"name\":\"Shop\",\"item\":\"https:\\\/\\\/believebytuularossi.com\\\/shop\\\/\"},{\"@type\":\"ListItem\",\"position\":3,\"name\":\"Vanessa Black \u2013 kevyt musta tikattu takki vetoketjuhalkioilla sivuissa\"}]},{\"@type\":\"WebSite\",\"@id\":\"https:\\\/\\\/believebytuularossi.com\\\/fi\\\/#website\",\"url\":\"https:\\\/\\\/believebytuularossi.com\\\/fi\\\/\",\"name\":\"BELIEVE by tuula rossi\",\"description\":\"A unique, luxurious, original outerwear collection created by passion and love for today\u2019s fashionable woman and her desire for timeless style.          Perfect fit for the modern, feminine woman of any age.\",\"publisher\":{\"@id\":\"https:\\\/\\\/believebytuularossi.com\\\/fi\\\/#organization\"},\"potentialAction\":[{\"@type\":\"SearchAction\",\"target\":{\"@type\":\"EntryPoint\",\"urlTemplate\":\"https:\\\/\\\/believebytuularossi.com\\\/fi\\\/?s={search_term_string}\"},\"query-input\":{\"@type\":\"PropertyValueSpecification\",\"valueRequired\":true,\"valueName\":\"search_term_string\"}}],\"inLanguage\":\"fi\"},{\"@type\":\"Organization\",\"@id\":\"https:\\\/\\\/believebytuularossi.com\\\/fi\\\/#organization\",\"name\":\"BELIEVE by tuula rossi\",\"url\":\"https:\\\/\\\/believebytuularossi.com\\\/fi\\\/\",\"logo\":{\"@type\":\"ImageObject\",\"inLanguage\":\"fi\",\"@id\":\"https:\\\/\\\/believebytuularossi.com\\\/fi\\\/#\\\/schema\\\/logo\\\/image\\\/\",\"url\":\"https:\\\/\\\/believebytuularossi.com\\\/wp-content\\\/uploads\\\/2018\\\/08\\\/rossi-logo_new.png\",\"contentUrl\":\"https:\\\/\\\/believebytuularossi.com\\\/wp-content\\\/uploads\\\/2018\\\/08\\\/rossi-logo_new.png\",\"width\":300,\"height\":143,\"caption\":\"BELIEVE by tuula rossi\"},\"image\":{\"@id\":\"https:\\\/\\\/believebytuularossi.com\\\/fi\\\/#\\\/schema\\\/logo\\\/image\\\/\"},\"sameAs\":[\"https:\\\/\\\/www.facebook.com\\\/believebytuularossi\\\/_gu3udgu0BZPTzcnU\",\"https:\\\/\\\/www.instagram.com\\\/believebytuularossi\\\/\",\"https:\\\/\\\/www.pinterest.com\\\/believebytuularossi\\\/\"]}]}<\/script>\n<!-- \/ Yoast SEO plugin. -->","yoast_head_json":{"title":"Kevyt musta tikattu takki vetoketjuhalkioilla - Vanessa Black","description":"Vanessa Black \u2013 kevyt musta tikattu takki vetoketjuhalkioilla sivuissa moderneille naisille. T\u00e4m\u00e4 pitk\u00e4 tyylik\u00e4s tikkitakki tuo ylellisyytt\u00e4 arkiel\u00e4m\u00e4\u00e4si.","robots":{"index":"index","follow":"follow","max-snippet":"max-snippet:-1","max-image-preview":"max-image-preview:large","max-video-preview":"max-video-preview:-1"},"canonical":"https:\/\/believebytuularossi.com\/fi\/tuote\/vanessa-musta-kevyt-tikattu-takki\/","og_locale":"fi_FI","og_type":"article","og_title":"Vanessa Black hienostunut kevyt musta tikattu takki","og_description":"Vanessa Black \u2013 kevyt musta tikattu takki vetoketjuhalkioilla sivuissa moderneille naisille. T\u00e4m\u00e4 pitk\u00e4 tyylik\u00e4s tikkitakki tuo ylellisyytt\u00e4 arkiel\u00e4m\u00e4\u00e4si.","og_url":"https:\/\/believebytuularossi.com\/fi\/tuote\/vanessa-musta-kevyt-tikattu-takki\/","og_site_name":"BELIEVE by tuula rossi","article_publisher":"https:\/\/www.facebook.com\/believebytuularossi\/_gu3udgu0BZPTzcnU","article_modified_time":"2024-02-29T12:23:18+00:00","og_image":[{"width":633,"height":950,"url":"https:\/\/believebytuularossi.com\/wp-content\/uploads\/2023\/02\/PDV5245_web.jpg","type":"image\/jpeg"}],"twitter_card":"summary_large_image","twitter_title":"Vanessa Black hienostunut kevyt musta tikattu takki","twitter_description":"Vanessa Black \u2013 kevyt musta tikattu takki vetoketjuhalkioilla sivuissa moderneille naisille. T\u00e4m\u00e4 pitk\u00e4 tyylik\u00e4s tikkitakki tuo ylellisyytt\u00e4 arkiel\u00e4m\u00e4\u00e4si.","twitter_image":"https:\/\/believebytuularossi.com\/wp-content\/uploads\/2023\/02\/PDV5245_web.jpg","schema":{"@context":"https:\/\/schema.org","@graph":[{"@type":"WebPage","@id":"https:\/\/believebytuularossi.com\/fi\/tuote\/vanessa-musta-kevyt-tikattu-takki\/","url":"https:\/\/believebytuularossi.com\/fi\/tuote\/vanessa-musta-kevyt-tikattu-takki\/","name":"Kevyt musta tikattu takki vetoketjuhalkioilla - Vanessa Black","isPartOf":{"@id":"https:\/\/believebytuularossi.com\/fi\/#website"},"primaryImageOfPage":{"@id":"https:\/\/believebytuularossi.com\/fi\/tuote\/vanessa-musta-kevyt-tikattu-takki\/#primaryimage"},"image":{"@id":"https:\/\/believebytuularossi.com\/fi\/tuote\/vanessa-musta-kevyt-tikattu-takki\/#primaryimage"},"thumbnailUrl":"https:\/\/believebytuularossi.com\/wp-content\/uploads\/2023\/02\/PDV5245-scaled.jpg","datePublished":"2023-02-24T11:36:18+00:00","dateModified":"2024-02-29T12:23:18+00:00","description":"Vanessa Black \u2013 kevyt musta tikattu takki vetoketjuhalkioilla sivuissa moderneille naisille. T\u00e4m\u00e4 pitk\u00e4 tyylik\u00e4s tikkitakki tuo ylellisyytt\u00e4 arkiel\u00e4m\u00e4\u00e4si.","breadcrumb":{"@id":"https:\/\/believebytuularossi.com\/fi\/tuote\/vanessa-musta-kevyt-tikattu-takki\/#breadcrumb"},"inLanguage":"fi","potentialAction":[{"@type":"ReadAction","target":["https:\/\/believebytuularossi.com\/fi\/tuote\/vanessa-musta-kevyt-tikattu-takki\/"]}]},{"@type":"ImageObject","inLanguage":"fi","@id":"https:\/\/believebytuularossi.com\/fi\/tuote\/vanessa-musta-kevyt-tikattu-takki\/#primaryimage","url":"https:\/\/believebytuularossi.com\/wp-content\/uploads\/2023\/02\/PDV5245-scaled.jpg","contentUrl":"https:\/\/believebytuularossi.com\/wp-content\/uploads\/2023\/02\/PDV5245-scaled.jpg","width":1706,"height":2560,"caption":"Vanessa black long light quilted jacket for women"},{"@type":"BreadcrumbList","@id":"https:\/\/believebytuularossi.com\/fi\/tuote\/vanessa-musta-kevyt-tikattu-takki\/#breadcrumb","itemListElement":[{"@type":"ListItem","position":1,"name":"Home","item":"https:\/\/believebytuularossi.com\/fi\/"},{"@type":"ListItem","position":2,"name":"Shop","item":"https:\/\/believebytuularossi.com\/shop\/"},{"@type":"ListItem","position":3,"name":"Vanessa Black \u2013 kevyt musta tikattu takki vetoketjuhalkioilla sivuissa"}]},{"@type":"WebSite","@id":"https:\/\/believebytuularossi.com\/fi\/#website","url":"https:\/\/believebytuularossi.com\/fi\/","name":"BELIEVE by tuula rossi","description":"A unique, luxurious, original outerwear collection created by passion and love for today\u2019s fashionable woman and her desire for timeless style.          Perfect fit for the modern, feminine woman of any age.","publisher":{"@id":"https:\/\/believebytuularossi.com\/fi\/#organization"},"potentialAction":[{"@type":"SearchAction","target":{"@type":"EntryPoint","urlTemplate":"https:\/\/believebytuularossi.com\/fi\/?s={search_term_string}"},"query-input":{"@type":"PropertyValueSpecification","valueRequired":true,"valueName":"search_term_string"}}],"inLanguage":"fi"},{"@type":"Organization","@id":"https:\/\/believebytuularossi.com\/fi\/#organization","name":"BELIEVE by tuula rossi","url":"https:\/\/believebytuularossi.com\/fi\/","logo":{"@type":"ImageObject","inLanguage":"fi","@id":"https:\/\/believebytuularossi.com\/fi\/#\/schema\/logo\/image\/","url":"https:\/\/believebytuularossi.com\/wp-content\/uploads\/2018\/08\/rossi-logo_new.png","contentUrl":"https:\/\/believebytuularossi.com\/wp-content\/uploads\/2018\/08\/rossi-logo_new.png","width":300,"height":143,"caption":"BELIEVE by tuula rossi"},"image":{"@id":"https:\/\/believebytuularossi.com\/fi\/#\/schema\/logo\/image\/"},"sameAs":["https:\/\/www.facebook.com\/believebytuularossi\/_gu3udgu0BZPTzcnU","https:\/\/www.instagram.com\/believebytuularossi\/","https:\/\/www.pinterest.com\/believebytuularossi\/"]}]}},"_links":{"self":[{"href":"https:\/\/believebytuularossi.com\/fi\/wp-json\/wp\/v2\/product\/17969","targetHints":{"allow":["GET"]}}],"collection":[{"href":"https:\/\/believebytuularossi.com\/fi\/wp-json\/wp\/v2\/product"}],"about":[{"href":"https:\/\/believebytuularossi.com\/fi\/wp-json\/wp\/v2\/types\/product"}],"wp:featuredmedia":[{"embeddable":true,"href":"https:\/\/believebytuularossi.com\/fi\/wp-json\/wp\/v2\/media\/18122"}],"wp:attachment":[{"href":"https:\/\/believebytuularossi.com\/fi\/wp-json\/wp\/v2\/media?parent=17969"}],"wp:term":[{"taxonomy":"product_brand","embeddable":true,"href":"https:\/\/believebytuularossi.com\/fi\/wp-json\/wp\/v2\/product_brand?post=17969"},{"taxonomy":"product_cat","embeddable":true,"href":"https:\/\/believebytuularossi.com\/fi\/wp-json\/wp\/v2\/product_cat?post=17969"},{"taxonomy":"product_tag","embeddable":true,"href":"https:\/\/believebytuularossi.com\/fi\/wp-json\/wp\/v2\/product_tag?post=17969"}],"curies":[{"name":"wp","href":"https:\/\/api.w.org\/{rel}","templated":true}]}}