{"id":18275,"date":"2023-02-28T14:11:11","date_gmt":"2023-02-28T13:08:16","guid":{"rendered":"https:\/\/believebytuularossi.com\/?post_type=product&#038;p=18275"},"modified":"2023-02-28T14:08:17","modified_gmt":"2023-02-28T13:08:17","slug":"matilda-powder-rose-tikattu-pitka-takki-ekoturkiksella-ja-irrotettavalla-hupulla-vaaleanpunainen","status":"publish","type":"product","link":"https:\/\/believebytuularossi.com\/fi\/tuote\/matilda-powder-rose-tikattu-pitka-takki-ekoturkiksella-ja-irrotettavalla-hupulla-vaaleanpunainen\/","title":{"rendered":"Matilda Powder Rose -tikattu pitk\u00e4 takki ekoturkiksella ja irrotettavalla hupulla, vaaleanpunainen"},"content":{"rendered":"","protected":false},"excerpt":{"rendered":"<p>Tikattu pitk\u00e4 takki Matilda trendikk\u00e4\u00e4ss\u00e4 puuterin vaaleanpunaisessa v\u00e4riss\u00e4 on hienostunut ja naisellinen &#8211; aitoa ajatonta luksusta moderneille naisille!<\/p>\n<p style=\"font-weight: 400;\">Matilda tikattu takki on naisellinen ja tyylik\u00e4s. Se on ylellinen ja hienostunut. Takin leve\u00e4 helma ja korkea kaulus ovat s\u00e4\u00e4dett\u00e4v\u00e4t. Tikattu materiaali saa sinut n\u00e4ytt\u00e4m\u00e4\u00e4n hoikalta. T\u00e4m\u00e4 upea pitk\u00e4 takki imartelee\u00a0 naisen vartaloa. Takki saa naisen tuntemaan itsens\u00e4 kuningattareksi.<\/p>\n<p style=\"font-weight: 400;\">MATILDA-takki on upea. Sen naisellinen muoto ja hienostunut vaaleanpunainen v\u00e4ri saa sinut tuntemaan olosi kuningattareksi. T\u00e4m\u00e4 ylellinen takki imartelee vartaloasi kaikissa kooissa ja se on suunniteltu istumaan t\u00e4ydellisesti jokaisen naisen p\u00e4\u00e4lle. Takki on valmistettu upeasta Fields Quiltista, joka saa sinut n\u00e4ytt\u00e4m\u00e4\u00e4n hoikalta. Materiaali on vett\u00e4 hylkiv\u00e4\u00e4 ja hengitt\u00e4v\u00e4\u00e4. Takissa on ihana unelmanpehme\u00e4 p\u00f6rr\u00f6inen ekoturkis edess\u00e4, kauluksessa, hupussa ja hihansuissa, jotka pit\u00e4v\u00e4t sinut l\u00e4mpim\u00e4n\u00e4. Taskut avautuvat 2-suuntaisilla vetoketjuilla ja voit tuntea ylellisen, pehme\u00e4n turkin my\u00f6s taskuissa! Tyylikk\u00e4\u00e4n korkean kauluksen ja leve\u00e4n helman voi s\u00e4\u00e4t\u00e4\u00e4 joustavalla kiristysny\u00f6rill\u00e4. Kaunis kaksisuuntainen vetoketju kiinnitt\u00e4\u00e4 takin edess\u00e4.<\/p>\n<p style=\"font-weight: 400;\">MATILDA takki on katseenvangitsija ja se istuu kauniisti ja n\u00e4ytt\u00e4\u00e4 upealta p\u00e4\u00e4ll\u00e4si! Saatavilla my\u00f6s <a href=\"https:\/\/believebytuularossi.com\/fi\/tuote\/matilda-black-tikattu-pitka-takki-ekoturkiksella-musta\/\"><strong>mustana<\/strong><\/a>.<\/p>\n<p><span style=\"font-weight: 400;\">MATILDA Tikatun takin hihan pituus on hieman tavallista pidempi. K\u00e4\u00e4nnett\u00e4v\u00e4t hihansuut takaavat t\u00e4ydellisen pituuden kaikille.<\/span><\/p>\n<p>Sopii kylmempiin p\u00e4iviin tai heille, jotka haluavat vain olla l\u00e4mpim\u00e4mpin\u00e4 pakkasp\u00e4ivin\u00e4. Turkissomisteet antavat lis\u00e4l\u00e4mp\u00f6\u00e4. (120 g vanu).<\/p>\n<h2 style=\"font-weight: 400;\"><strong><u>Yksityiskohdat:<\/u><\/strong><\/h2>\n<p style=\"font-weight: 400;\">&#8211; Hengitt\u00e4v\u00e4 ja konepest\u00e4v\u00e4 materiaali vett\u00e4 hylkiv\u00e4ll\u00e4 viimeistelyll\u00e4<\/p>\n<p style=\"font-weight: 400;\">&#8211; 120 g\/m2 pehme\u00e4\u00e4 korkealaatuista vanua<\/p>\n<p style=\"font-weight: 400;\">&#8211; Unelman pehme\u00e4 ekoturkis isossa kauluksessa, etureunassa ja sis\u00e4taskuissa<\/p>\n<p style=\"font-weight: 400;\">&#8211; Neppareilla irrotettava huppu<\/p>\n<p style=\"font-weight: 400;\">&#8211; S\u00e4\u00e4dett\u00e4v\u00e4 helma ja kaulus<\/p>\n<p style=\"font-weight: 400;\">&#8211; Ylelliset 2-suuntaiset logovetoketjut<\/p>\n<p style=\"font-weight: 400;\">\n<h3 style=\"font-weight: 400;\"><strong><u>Materiaalit ja hoito-ohjeet:<\/u><\/strong><\/h3>\n<p style=\"font-weight: 400;\">Kuori: 100 % polyamidia<\/p>\n<p style=\"font-weight: 400;\">Vanu: 100 % polyesteri\u00e4<\/p>\n<p style=\"font-weight: 400;\">Tekoturkis: 100 % polyesteri\u00e4<\/p>\n<p style=\"font-weight: 400;\">Vuori: 100 % polyamidia<\/p>\n<p><a href=\"https:\/\/believebytuularossi.com\/wp-content\/uploads\/2023\/02\/Nayttokuva-2023-2-24-kello-14.08.38.png\"><img decoding=\"async\" class=\" wp-image-18021\" title=\"Nayttokuva 2023 2 24 kello 14.08.38\" src=\"https:\/\/believebytuularossi.com\/wp-content\/uploads\/2023\/02\/Nayttokuva-2023-2-24-kello-14.08.38.png\" alt=\"Nayttokuva 2023 2 24 kello 14.08.38\" width=\"254\" height=\"100\" srcset=\"https:\/\/believebytuularossi.com\/wp-content\/uploads\/2023\/02\/Nayttokuva-2023-2-24-kello-14.08.38.png 442w, https:\/\/believebytuularossi.com\/wp-content\/uploads\/2023\/02\/Nayttokuva-2023-2-24-kello-14.08.38-300x118.png 300w\" sizes=\"(max-width: 254px) 100vw, 254px\" \/><\/a><\/p>\n<h3 style=\"font-weight: 400;\">Takin mitat<\/h3>\n<p style=\"font-weight: 400;\">Huomaa: ei vartalon mittoja!<\/p>\n<div class=\"mceTemp\"><\/div>\n<p><a href=\"https:\/\/believebytuularossi.com\/wp-content\/uploads\/2023\/02\/Nayttokuva-2023-2-28-kello-15.03.51.png\"><img decoding=\"async\" class=\"size-medium wp-image-18276\" title=\"Nayttokuva 2023 2 28 kello 15.03.51\" src=\"https:\/\/believebytuularossi.com\/wp-content\/uploads\/2023\/02\/Nayttokuva-2023-2-28-kello-15.03.51-600x132.png\" alt=\"Nayttokuva 2023 2 28 kello 15.03.51\" width=\"600\" height=\"132\" srcset=\"https:\/\/believebytuularossi.com\/wp-content\/uploads\/2023\/02\/Nayttokuva-2023-2-28-kello-15.03.51-600x132.png 600w, https:\/\/believebytuularossi.com\/wp-content\/uploads\/2023\/02\/Nayttokuva-2023-2-28-kello-15.03.51-1800x395.png 1800w, https:\/\/believebytuularossi.com\/wp-content\/uploads\/2023\/02\/Nayttokuva-2023-2-28-kello-15.03.51-768x168.png 768w, https:\/\/believebytuularossi.com\/wp-content\/uploads\/2023\/02\/Nayttokuva-2023-2-28-kello-15.03.51-1536x337.png 1536w, https:\/\/believebytuularossi.com\/wp-content\/uploads\/2023\/02\/Nayttokuva-2023-2-28-kello-15.03.51-2048x449.png 2048w, https:\/\/believebytuularossi.com\/wp-content\/uploads\/2023\/02\/Nayttokuva-2023-2-28-kello-15.03.51-300x66.png 300w\" sizes=\"(max-width: 600px) 100vw, 600px\" \/><\/a><\/p>\n","protected":false},"featured_media":18062,"template":"","meta":{"_acf_changed":false},"product_brand":[],"product_cat":[130,129],"product_tag":[],"class_list":{"0":"post-18275","1":"product","2":"type-product","3":"status-publish","4":"has-post-thumbnail","6":"product_cat-syksytakit-talvitakit","7":"product_cat-takit-jakut-koot-34-54","8":"pa_ewd_uwcf_colors-pale-pink-fi","9":"pa_ewd_uwcf_sizes-34-fi","10":"pa_ewd_uwcf_sizes-36-fi","11":"pa_ewd_uwcf_sizes-38-fi","12":"pa_ewd_uwcf_sizes-40-fi","13":"pa_ewd_uwcf_sizes-42-fi","14":"pa_ewd_uwcf_sizes-44-fi","15":"pa_ewd_uwcf_sizes-46-fi","16":"pa_ewd_uwcf_sizes-48-fi","17":"pa_ewd_uwcf_sizes-50-fi","18":"pa_ewd_uwcf_sizes-52-fi","19":"pa_ewd_uwcf_sizes-54-fi","20":"pa_size-34-fi","21":"pa_size-36-fi","22":"pa_size-38-fi","23":"pa_size-40-fi","24":"pa_size-42-fi","25":"pa_size-44-fi","26":"pa_size-46-fi","27":"pa_size-48-fi","28":"pa_size-50-fi","29":"pa_size-52-fi","30":"pa_size-54-fi","31":"product_color-rose-fi","32":"product_size-34-fi","33":"product_size-36-fi","34":"product_size-38-fi","35":"product_size-40-fi","36":"product_size-42-fi","37":"product_size-44-fi","38":"product_size-46-fi","39":"product_size-48-fi","40":"product_size-50-fi","41":"product_size-52-fi","42":"product_size-54-fi","44":"first","45":"instock","46":"taxable","47":"shipping-taxable","48":"purchasable","49":"product-type-variable"},"acf":[],"yoast_head":"<!-- This site is optimized with the Yoast SEO plugin v27.3 - https:\/\/yoast.com\/product\/yoast-seo-wordpress\/ -->\n<title>Tikattu pitk\u00e4 takki - Matilda upeassa vaalenpunaisessa v\u00e4riss\u00e4<\/title>\n<meta name=\"description\" content=\"Tikattu pitk\u00e4 takki Matilda trendikk\u00e4\u00e4ss\u00e4 puuterin vaaleanpunaisessa v\u00e4riss\u00e4 on hienostunut ja naisellinen - aitoa ajatonta luksusta moderneille naisille!\" \/>\n<meta name=\"robots\" content=\"index, follow, max-snippet:-1, max-image-preview:large, max-video-preview:-1\" \/>\n<link rel=\"canonical\" href=\"https:\/\/believebytuularossi.com\/fi\/tuote\/matilda-powder-rose-tikattu-pitka-takki-ekoturkiksella-ja-irrotettavalla-hupulla-vaaleanpunainen\/\" \/>\n<meta property=\"og:locale\" content=\"fi_FI\" \/>\n<meta property=\"og:type\" content=\"article\" \/>\n<meta property=\"og:title\" content=\"Tikattu pitk\u00e4 takki - Matilda upeassa vaalenpunaisessa v\u00e4riss\u00e4\" \/>\n<meta property=\"og:description\" content=\"Tikattu pitk\u00e4 takki Matilda trendikk\u00e4\u00e4ss\u00e4 puuterin vaaleanpunaisessa v\u00e4riss\u00e4 on hienostunut ja naisellinen - aitoa ajatonta luksusta moderneille naisille!\" \/>\n<meta property=\"og:url\" content=\"https:\/\/believebytuularossi.com\/fi\/tuote\/matilda-powder-rose-tikattu-pitka-takki-ekoturkiksella-ja-irrotettavalla-hupulla-vaaleanpunainen\/\" \/>\n<meta property=\"og:site_name\" content=\"BELIEVE by tuula rossi\" \/>\n<meta property=\"article:publisher\" content=\"https:\/\/www.facebook.com\/believebytuularossi\/_gu3udgu0BZPTzcnU\" \/>\n<meta property=\"article:modified_time\" content=\"2023-02-28T13:08:17+00:00\" \/>\n<meta property=\"og:image\" content=\"https:\/\/believebytuularossi.com\/wp-content\/uploads\/2023\/02\/PDV4874-scaled.jpg\" \/>\n\t<meta property=\"og:image:width\" content=\"1706\" \/>\n\t<meta property=\"og:image:height\" content=\"2560\" \/>\n\t<meta property=\"og:image:type\" content=\"image\/jpeg\" \/>\n<meta name=\"twitter:card\" content=\"summary_large_image\" \/>\n<script type=\"application\/ld+json\" class=\"yoast-schema-graph\">{\"@context\":\"https:\\\/\\\/schema.org\",\"@graph\":[{\"@type\":\"WebPage\",\"@id\":\"https:\\\/\\\/believebytuularossi.com\\\/fi\\\/tuote\\\/matilda-powder-rose-tikattu-pitka-takki-ekoturkiksella-ja-irrotettavalla-hupulla-vaaleanpunainen\\\/\",\"url\":\"https:\\\/\\\/believebytuularossi.com\\\/fi\\\/tuote\\\/matilda-powder-rose-tikattu-pitka-takki-ekoturkiksella-ja-irrotettavalla-hupulla-vaaleanpunainen\\\/\",\"name\":\"Tikattu pitk\u00e4 takki - Matilda upeassa vaalenpunaisessa v\u00e4riss\u00e4\",\"isPartOf\":{\"@id\":\"https:\\\/\\\/believebytuularossi.com\\\/fi\\\/#website\"},\"primaryImageOfPage\":{\"@id\":\"https:\\\/\\\/believebytuularossi.com\\\/fi\\\/tuote\\\/matilda-powder-rose-tikattu-pitka-takki-ekoturkiksella-ja-irrotettavalla-hupulla-vaaleanpunainen\\\/#primaryimage\"},\"image\":{\"@id\":\"https:\\\/\\\/believebytuularossi.com\\\/fi\\\/tuote\\\/matilda-powder-rose-tikattu-pitka-takki-ekoturkiksella-ja-irrotettavalla-hupulla-vaaleanpunainen\\\/#primaryimage\"},\"thumbnailUrl\":\"https:\\\/\\\/believebytuularossi.com\\\/wp-content\\\/uploads\\\/2023\\\/02\\\/PDV4874-scaled.jpg\",\"datePublished\":\"2023-02-28T13:08:16+00:00\",\"dateModified\":\"2023-02-28T13:08:17+00:00\",\"description\":\"Tikattu pitk\u00e4 takki Matilda trendikk\u00e4\u00e4ss\u00e4 puuterin vaaleanpunaisessa v\u00e4riss\u00e4 on hienostunut ja naisellinen - aitoa ajatonta luksusta moderneille naisille!\",\"breadcrumb\":{\"@id\":\"https:\\\/\\\/believebytuularossi.com\\\/fi\\\/tuote\\\/matilda-powder-rose-tikattu-pitka-takki-ekoturkiksella-ja-irrotettavalla-hupulla-vaaleanpunainen\\\/#breadcrumb\"},\"inLanguage\":\"fi\",\"potentialAction\":[{\"@type\":\"ReadAction\",\"target\":[\"https:\\\/\\\/believebytuularossi.com\\\/fi\\\/tuote\\\/matilda-powder-rose-tikattu-pitka-takki-ekoturkiksella-ja-irrotettavalla-hupulla-vaaleanpunainen\\\/\"]}]},{\"@type\":\"ImageObject\",\"inLanguage\":\"fi\",\"@id\":\"https:\\\/\\\/believebytuularossi.com\\\/fi\\\/tuote\\\/matilda-powder-rose-tikattu-pitka-takki-ekoturkiksella-ja-irrotettavalla-hupulla-vaaleanpunainen\\\/#primaryimage\",\"url\":\"https:\\\/\\\/believebytuularossi.com\\\/wp-content\\\/uploads\\\/2023\\\/02\\\/PDV4874-scaled.jpg\",\"contentUrl\":\"https:\\\/\\\/believebytuularossi.com\\\/wp-content\\\/uploads\\\/2023\\\/02\\\/PDV4874-scaled.jpg\",\"width\":1706,\"height\":2560,\"caption\":\"Matilda Powder Rose Quilted Coat\"},{\"@type\":\"BreadcrumbList\",\"@id\":\"https:\\\/\\\/believebytuularossi.com\\\/fi\\\/tuote\\\/matilda-powder-rose-tikattu-pitka-takki-ekoturkiksella-ja-irrotettavalla-hupulla-vaaleanpunainen\\\/#breadcrumb\",\"itemListElement\":[{\"@type\":\"ListItem\",\"position\":1,\"name\":\"Home\",\"item\":\"https:\\\/\\\/believebytuularossi.com\\\/fi\\\/\"},{\"@type\":\"ListItem\",\"position\":2,\"name\":\"Shop\",\"item\":\"https:\\\/\\\/believebytuularossi.com\\\/shop\\\/\"},{\"@type\":\"ListItem\",\"position\":3,\"name\":\"Matilda Powder Rose -tikattu pitk\u00e4 takki ekoturkiksella ja irrotettavalla hupulla, vaaleanpunainen\"}]},{\"@type\":\"WebSite\",\"@id\":\"https:\\\/\\\/believebytuularossi.com\\\/fi\\\/#website\",\"url\":\"https:\\\/\\\/believebytuularossi.com\\\/fi\\\/\",\"name\":\"BELIEVE by tuula rossi\",\"description\":\"A unique, luxurious, original outerwear collection created by passion and love for today\u2019s fashionable woman and her desire for timeless style.          Perfect fit for the modern, feminine woman of any age.\",\"publisher\":{\"@id\":\"https:\\\/\\\/believebytuularossi.com\\\/fi\\\/#organization\"},\"potentialAction\":[{\"@type\":\"SearchAction\",\"target\":{\"@type\":\"EntryPoint\",\"urlTemplate\":\"https:\\\/\\\/believebytuularossi.com\\\/fi\\\/?s={search_term_string}\"},\"query-input\":{\"@type\":\"PropertyValueSpecification\",\"valueRequired\":true,\"valueName\":\"search_term_string\"}}],\"inLanguage\":\"fi\"},{\"@type\":\"Organization\",\"@id\":\"https:\\\/\\\/believebytuularossi.com\\\/fi\\\/#organization\",\"name\":\"BELIEVE by tuula rossi\",\"url\":\"https:\\\/\\\/believebytuularossi.com\\\/fi\\\/\",\"logo\":{\"@type\":\"ImageObject\",\"inLanguage\":\"fi\",\"@id\":\"https:\\\/\\\/believebytuularossi.com\\\/fi\\\/#\\\/schema\\\/logo\\\/image\\\/\",\"url\":\"https:\\\/\\\/believebytuularossi.com\\\/wp-content\\\/uploads\\\/2018\\\/08\\\/rossi-logo_new.png\",\"contentUrl\":\"https:\\\/\\\/believebytuularossi.com\\\/wp-content\\\/uploads\\\/2018\\\/08\\\/rossi-logo_new.png\",\"width\":300,\"height\":143,\"caption\":\"BELIEVE by tuula rossi\"},\"image\":{\"@id\":\"https:\\\/\\\/believebytuularossi.com\\\/fi\\\/#\\\/schema\\\/logo\\\/image\\\/\"},\"sameAs\":[\"https:\\\/\\\/www.facebook.com\\\/believebytuularossi\\\/_gu3udgu0BZPTzcnU\",\"https:\\\/\\\/www.instagram.com\\\/believebytuularossi\\\/\",\"https:\\\/\\\/www.pinterest.com\\\/believebytuularossi\\\/\"]}]}<\/script>\n<!-- \/ Yoast SEO plugin. -->","yoast_head_json":{"title":"Tikattu pitk\u00e4 takki - Matilda upeassa vaalenpunaisessa v\u00e4riss\u00e4","description":"Tikattu pitk\u00e4 takki Matilda trendikk\u00e4\u00e4ss\u00e4 puuterin vaaleanpunaisessa v\u00e4riss\u00e4 on hienostunut ja naisellinen - aitoa ajatonta luksusta moderneille naisille!","robots":{"index":"index","follow":"follow","max-snippet":"max-snippet:-1","max-image-preview":"max-image-preview:large","max-video-preview":"max-video-preview:-1"},"canonical":"https:\/\/believebytuularossi.com\/fi\/tuote\/matilda-powder-rose-tikattu-pitka-takki-ekoturkiksella-ja-irrotettavalla-hupulla-vaaleanpunainen\/","og_locale":"fi_FI","og_type":"article","og_title":"Tikattu pitk\u00e4 takki - Matilda upeassa vaalenpunaisessa v\u00e4riss\u00e4","og_description":"Tikattu pitk\u00e4 takki Matilda trendikk\u00e4\u00e4ss\u00e4 puuterin vaaleanpunaisessa v\u00e4riss\u00e4 on hienostunut ja naisellinen - aitoa ajatonta luksusta moderneille naisille!","og_url":"https:\/\/believebytuularossi.com\/fi\/tuote\/matilda-powder-rose-tikattu-pitka-takki-ekoturkiksella-ja-irrotettavalla-hupulla-vaaleanpunainen\/","og_site_name":"BELIEVE by tuula rossi","article_publisher":"https:\/\/www.facebook.com\/believebytuularossi\/_gu3udgu0BZPTzcnU","article_modified_time":"2023-02-28T13:08:17+00:00","og_image":[{"width":1706,"height":2560,"url":"https:\/\/believebytuularossi.com\/wp-content\/uploads\/2023\/02\/PDV4874-scaled.jpg","type":"image\/jpeg"}],"twitter_card":"summary_large_image","schema":{"@context":"https:\/\/schema.org","@graph":[{"@type":"WebPage","@id":"https:\/\/believebytuularossi.com\/fi\/tuote\/matilda-powder-rose-tikattu-pitka-takki-ekoturkiksella-ja-irrotettavalla-hupulla-vaaleanpunainen\/","url":"https:\/\/believebytuularossi.com\/fi\/tuote\/matilda-powder-rose-tikattu-pitka-takki-ekoturkiksella-ja-irrotettavalla-hupulla-vaaleanpunainen\/","name":"Tikattu pitk\u00e4 takki - Matilda upeassa vaalenpunaisessa v\u00e4riss\u00e4","isPartOf":{"@id":"https:\/\/believebytuularossi.com\/fi\/#website"},"primaryImageOfPage":{"@id":"https:\/\/believebytuularossi.com\/fi\/tuote\/matilda-powder-rose-tikattu-pitka-takki-ekoturkiksella-ja-irrotettavalla-hupulla-vaaleanpunainen\/#primaryimage"},"image":{"@id":"https:\/\/believebytuularossi.com\/fi\/tuote\/matilda-powder-rose-tikattu-pitka-takki-ekoturkiksella-ja-irrotettavalla-hupulla-vaaleanpunainen\/#primaryimage"},"thumbnailUrl":"https:\/\/believebytuularossi.com\/wp-content\/uploads\/2023\/02\/PDV4874-scaled.jpg","datePublished":"2023-02-28T13:08:16+00:00","dateModified":"2023-02-28T13:08:17+00:00","description":"Tikattu pitk\u00e4 takki Matilda trendikk\u00e4\u00e4ss\u00e4 puuterin vaaleanpunaisessa v\u00e4riss\u00e4 on hienostunut ja naisellinen - aitoa ajatonta luksusta moderneille naisille!","breadcrumb":{"@id":"https:\/\/believebytuularossi.com\/fi\/tuote\/matilda-powder-rose-tikattu-pitka-takki-ekoturkiksella-ja-irrotettavalla-hupulla-vaaleanpunainen\/#breadcrumb"},"inLanguage":"fi","potentialAction":[{"@type":"ReadAction","target":["https:\/\/believebytuularossi.com\/fi\/tuote\/matilda-powder-rose-tikattu-pitka-takki-ekoturkiksella-ja-irrotettavalla-hupulla-vaaleanpunainen\/"]}]},{"@type":"ImageObject","inLanguage":"fi","@id":"https:\/\/believebytuularossi.com\/fi\/tuote\/matilda-powder-rose-tikattu-pitka-takki-ekoturkiksella-ja-irrotettavalla-hupulla-vaaleanpunainen\/#primaryimage","url":"https:\/\/believebytuularossi.com\/wp-content\/uploads\/2023\/02\/PDV4874-scaled.jpg","contentUrl":"https:\/\/believebytuularossi.com\/wp-content\/uploads\/2023\/02\/PDV4874-scaled.jpg","width":1706,"height":2560,"caption":"Matilda Powder Rose Quilted Coat"},{"@type":"BreadcrumbList","@id":"https:\/\/believebytuularossi.com\/fi\/tuote\/matilda-powder-rose-tikattu-pitka-takki-ekoturkiksella-ja-irrotettavalla-hupulla-vaaleanpunainen\/#breadcrumb","itemListElement":[{"@type":"ListItem","position":1,"name":"Home","item":"https:\/\/believebytuularossi.com\/fi\/"},{"@type":"ListItem","position":2,"name":"Shop","item":"https:\/\/believebytuularossi.com\/shop\/"},{"@type":"ListItem","position":3,"name":"Matilda Powder Rose -tikattu pitk\u00e4 takki ekoturkiksella ja irrotettavalla hupulla, vaaleanpunainen"}]},{"@type":"WebSite","@id":"https:\/\/believebytuularossi.com\/fi\/#website","url":"https:\/\/believebytuularossi.com\/fi\/","name":"BELIEVE by tuula rossi","description":"A unique, luxurious, original outerwear collection created by passion and love for today\u2019s fashionable woman and her desire for timeless style.          Perfect fit for the modern, feminine woman of any age.","publisher":{"@id":"https:\/\/believebytuularossi.com\/fi\/#organization"},"potentialAction":[{"@type":"SearchAction","target":{"@type":"EntryPoint","urlTemplate":"https:\/\/believebytuularossi.com\/fi\/?s={search_term_string}"},"query-input":{"@type":"PropertyValueSpecification","valueRequired":true,"valueName":"search_term_string"}}],"inLanguage":"fi"},{"@type":"Organization","@id":"https:\/\/believebytuularossi.com\/fi\/#organization","name":"BELIEVE by tuula rossi","url":"https:\/\/believebytuularossi.com\/fi\/","logo":{"@type":"ImageObject","inLanguage":"fi","@id":"https:\/\/believebytuularossi.com\/fi\/#\/schema\/logo\/image\/","url":"https:\/\/believebytuularossi.com\/wp-content\/uploads\/2018\/08\/rossi-logo_new.png","contentUrl":"https:\/\/believebytuularossi.com\/wp-content\/uploads\/2018\/08\/rossi-logo_new.png","width":300,"height":143,"caption":"BELIEVE by tuula rossi"},"image":{"@id":"https:\/\/believebytuularossi.com\/fi\/#\/schema\/logo\/image\/"},"sameAs":["https:\/\/www.facebook.com\/believebytuularossi\/_gu3udgu0BZPTzcnU","https:\/\/www.instagram.com\/believebytuularossi\/","https:\/\/www.pinterest.com\/believebytuularossi\/"]}]}},"_links":{"self":[{"href":"https:\/\/believebytuularossi.com\/fi\/wp-json\/wp\/v2\/product\/18275","targetHints":{"allow":["GET"]}}],"collection":[{"href":"https:\/\/believebytuularossi.com\/fi\/wp-json\/wp\/v2\/product"}],"about":[{"href":"https:\/\/believebytuularossi.com\/fi\/wp-json\/wp\/v2\/types\/product"}],"wp:featuredmedia":[{"embeddable":true,"href":"https:\/\/believebytuularossi.com\/fi\/wp-json\/wp\/v2\/media\/18062"}],"wp:attachment":[{"href":"https:\/\/believebytuularossi.com\/fi\/wp-json\/wp\/v2\/media?parent=18275"}],"wp:term":[{"taxonomy":"product_brand","embeddable":true,"href":"https:\/\/believebytuularossi.com\/fi\/wp-json\/wp\/v2\/product_brand?post=18275"},{"taxonomy":"product_cat","embeddable":true,"href":"https:\/\/believebytuularossi.com\/fi\/wp-json\/wp\/v2\/product_cat?post=18275"},{"taxonomy":"product_tag","embeddable":true,"href":"https:\/\/believebytuularossi.com\/fi\/wp-json\/wp\/v2\/product_tag?post=18275"}],"curies":[{"name":"wp","href":"https:\/\/api.w.org\/{rel}","templated":true}]}}