{"id":18320,"date":"2023-03-01T19:12:30","date_gmt":"2023-03-01T18:29:13","guid":{"rendered":"https:\/\/believebytuularossi.com\/?post_type=product&#038;p=18320"},"modified":"2025-02-04T12:51:16","modified_gmt":"2025-02-04T11:51:16","slug":"olivia-trench-pearl-grey-kevyt-tikattu-trenssitakki-hupulla-helmen-harmaa","status":"publish","type":"product","link":"https:\/\/believebytuularossi.com\/fi\/tuote\/olivia-trench-pearl-grey-kevyt-tikattu-trenssitakki-hupulla-helmen-harmaa\/","title":{"rendered":"OLIVIA Trench Pearl Grey -kevyt tikattu trenssitakki hupulla, helmen harmaa"},"content":{"rendered":"","protected":false},"excerpt":{"rendered":"<p>Tikattu trenssitakki Olivia on ihanan kevyt ja tyylik\u00e4s uusi merimiestyylinen trenssi takki hupulla. Se on ajaton ja moderni ja sopii kev\u00e4\u00e4seen ja syksyyn.<\/p>\n<p style=\"font-weight: 400;\">Olivia Trench tikattu trenssi takki on tyylik\u00e4s uusi merimiestyylinen trenssitakki hupulla. Se on ajaton ja moderni ja sopii kev\u00e4\u00e4seen ja syksyyn. Takki on naisellinen ja siin\u00e4 on t\u00e4ydellinen leikkaus ja se on mukava p\u00e4\u00e4ll\u00e4. Takissa on upea, muodikas uusi ilme. Olivia tikkitrenssi on saatavilla my\u00f6s <a href=\"https:\/\/believebytuularossi.com\/fi\/tuote\/olivia-trench-kevyt-tikattu-takki-hupulla-luonnonvalkoinen\/\"><strong>valkoisena<\/strong><\/a> ja <strong><a href=\"https:\/\/believebytuularossi.com\/fi\/tuote\/olivia-trench-kevyt-tikattu-trenssi-takki-hupulla-musta\/\">mustana<\/a><\/strong>.<\/p>\n<p style=\"font-weight: 400;\">OLIVIA TRENCH -takki on eritt\u00e4in tyylik\u00e4s ja moderni versio hupullisesta merimies -trenssitakista. Se on hieno takki kev\u00e4\u00e4seen ja syksyyn. T\u00e4ss\u00e4 urheilullisessa ja rennossa trench-takissa on eritt\u00e4in kaunis naisellinen istuvuus koosta riippumatta. Pallokuosilla tikattu materiaali on vett\u00e4 hylkiv\u00e4\u00e4 ja n\u00e4ytt\u00e4\u00e4 upealta. OLIVIA -trenssi on t\u00e4ydellinen valinta rentoon ja ajattomaan lookiin. Takin edess\u00e4 on hopeanv\u00e4riset napit ja sen sivusaumoissa on ylelliset, pitk\u00e4t vetoketjut, jotka avautuvat halkioihin.<\/p>\n<p><a href=\"https:\/\/believebytuularossi.com\/wp-content\/uploads\/2020\/04\/snowflake1.png\"><img decoding=\"async\" class=\"wp-image-13750 alignnone\" title=\"snowflake1\" src=\"https:\/\/believebytuularossi.com\/wp-content\/uploads\/2020\/04\/snowflake1.png\" alt=\"\" width=\"55\" height=\"55\" srcset=\"https:\/\/believebytuularossi.com\/wp-content\/uploads\/2020\/04\/snowflake1.png 80w, https:\/\/believebytuularossi.com\/wp-content\/uploads\/2020\/04\/snowflake1-20x20.png 20w\" sizes=\"(max-width: 55px) 100vw, 55px\" \/><\/a>Sopii leutoihin pakkasp\u00e4iviin. Suositeltu l\u00e4mp\u00f6tila +5 celsiusastetta -10 tai -15 asteeseen asti (120 g vanu).<\/p>\n<p>&nbsp;<\/p>\n<h2 style=\"font-weight: 400;\"><strong><u>Yksityiskohdat:<\/u><\/strong><\/h2>\n<ul>\n<li>Hengitt\u00e4v\u00e4 ja konepest\u00e4v\u00e4 materiaali vett\u00e4 hylkiv\u00e4ll\u00e4 viimeistelyll\u00e4<\/li>\n<li>120 g\/m2 pehme\u00e4\u00e4 korkealaatuista vanua sis\u00e4ll\u00e4<\/li>\n<li>Hyvin istuva huppu<\/li>\n<li>Ylellinen kahdensuuntainen tasku- ja halkiovetoketju logolla<\/li>\n<li><span style=\"color: #555555; font-size: 14.4px;\">Ylelliset hopeanv\u00e4riset napit edess\u00e4<\/span><\/li>\n<\/ul>\n<h3 style=\"font-weight: 400;\"><strong><u>Materiaalit ja hoito-ohjeet:<\/u><\/strong><\/h3>\n<p style=\"font-weight: 400;\">Pinta: 100% polyamidi<\/p>\n<p style=\"font-weight: 400;\">Vanu: 100% polyesteri<\/p>\n<p style=\"font-weight: 400;\">Vuori: 100% polyamidi<\/p>\n<figure id=\"attachment_18021\" aria-describedby=\"caption-attachment-18021\" style=\"width: 196px\" class=\"wp-caption alignnone\"><a href=\"https:\/\/believebytuularossi.com\/wp-content\/uploads\/2023\/02\/Nayttokuva-2023-2-24-kello-14.08.38.png\"><img decoding=\"async\" class=\" wp-image-18021\" title=\"Nayttokuva 2023 2 24 kello 14.08.38\" src=\"https:\/\/believebytuularossi.com\/wp-content\/uploads\/2023\/02\/Nayttokuva-2023-2-24-kello-14.08.38.png\" alt=\"Nayttokuva 2023 2 24 kello 14.08.38\" width=\"196\" height=\"77\" srcset=\"https:\/\/believebytuularossi.com\/wp-content\/uploads\/2023\/02\/Nayttokuva-2023-2-24-kello-14.08.38.png 442w, https:\/\/believebytuularossi.com\/wp-content\/uploads\/2023\/02\/Nayttokuva-2023-2-24-kello-14.08.38-300x118.png 300w\" sizes=\"(max-width: 196px) 100vw, 196px\" \/><\/a><figcaption id=\"caption-attachment-18021\" class=\"wp-caption-text\">Takin mitat<br \/>Huomaa: ei vartalon mittoja!<\/figcaption><\/figure>\n<p><a href=\"https:\/\/believebytuularossi.com\/wp-content\/uploads\/2023\/03\/Nayttokuva-2023-3-2-kello-15.38.12.png\"><img decoding=\"async\" class=\"size-medium wp-image-18332\" title=\"Nayttokuva 2023 3 2 kello 15.38.12\" src=\"https:\/\/believebytuularossi.com\/wp-content\/uploads\/2023\/03\/Nayttokuva-2023-3-2-kello-15.38.12-600x154.png\" alt=\"Nayttokuva 2023 3 2 kello 15.38.12\" width=\"600\" height=\"154\" srcset=\"https:\/\/believebytuularossi.com\/wp-content\/uploads\/2023\/03\/Nayttokuva-2023-3-2-kello-15.38.12-600x154.png 600w, https:\/\/believebytuularossi.com\/wp-content\/uploads\/2023\/03\/Nayttokuva-2023-3-2-kello-15.38.12-1800x463.png 1800w, https:\/\/believebytuularossi.com\/wp-content\/uploads\/2023\/03\/Nayttokuva-2023-3-2-kello-15.38.12-768x198.png 768w, https:\/\/believebytuularossi.com\/wp-content\/uploads\/2023\/03\/Nayttokuva-2023-3-2-kello-15.38.12-1536x395.png 1536w, https:\/\/believebytuularossi.com\/wp-content\/uploads\/2023\/03\/Nayttokuva-2023-3-2-kello-15.38.12-300x77.png 300w, https:\/\/believebytuularossi.com\/wp-content\/uploads\/2023\/03\/Nayttokuva-2023-3-2-kello-15.38.12.png 1826w\" sizes=\"(max-width: 600px) 100vw, 600px\" \/><\/a><\/p>\n","protected":false},"featured_media":18096,"template":"","meta":{"_acf_changed":false},"product_brand":[],"product_cat":[131,129],"product_tag":[],"class_list":{"0":"post-18320","1":"product","2":"type-product","3":"status-publish","4":"has-post-thumbnail","6":"product_cat-kevattakit-kesatakit-valisesonkitakit","7":"product_cat-takit-jakut-koot-34-54","8":"pa_ewd_uwcf_colors-grey","9":"pa_ewd_uwcf_sizes-206","10":"pa_ewd_uwcf_sizes-181","11":"pa_ewd_uwcf_sizes-183","12":"pa_ewd_uwcf_sizes-185","13":"pa_ewd_uwcf_sizes-187","14":"pa_ewd_uwcf_sizes-189","15":"pa_ewd_uwcf_sizes-191","16":"pa_ewd_uwcf_sizes-193","17":"pa_ewd_uwcf_sizes-200","18":"pa_ewd_uwcf_sizes-202","19":"pa_ewd_uwcf_sizes-204","20":"pa_size-34-fi","21":"pa_size-36-fi","22":"pa_size-38-fi","23":"pa_size-40-fi","24":"pa_size-42-fi","25":"pa_size-44-fi","26":"pa_size-46-fi","27":"pa_size-48-fi","28":"pa_size-50-fi","29":"pa_size-52-fi","30":"pa_size-54-fi","31":"product_color-grey-fi","32":"product_size-34-fi","33":"product_size-36-fi","34":"product_size-38-fi","35":"product_size-40-fi","36":"product_size-42-fi","37":"product_size-44-fi","38":"product_size-46-fi","39":"product_size-48-fi","40":"product_size-50-fi","41":"product_size-52-fi","42":"product_size-54-fi","44":"first","45":"instock","46":"taxable","47":"shipping-taxable","48":"purchasable","49":"product-type-variable"},"acf":[],"yoast_head":"<!-- This site is optimized with the Yoast SEO plugin v27.5 - https:\/\/yoast.com\/product\/yoast-seo-wordpress\/ -->\n<title>Tikattu trenssitakki Olivia on upea uusi trenssi moderneille naisille<\/title>\n<meta name=\"description\" content=\"Tikattu trenssitakki Olivia on ihanan kevyt ja tyylik\u00e4s uusi merimiestyylinen trenssi takki hupulla. Se on ajaton ja moderni ja sopii kev\u00e4\u00e4seen ja syksyyn.\" \/>\n<meta name=\"robots\" content=\"index, follow, max-snippet:-1, max-image-preview:large, max-video-preview:-1\" \/>\n<link rel=\"canonical\" href=\"https:\/\/believebytuularossi.com\/fi\/tuote\/olivia-trench-pearl-grey-kevyt-tikattu-trenssitakki-hupulla-helmen-harmaa\/\" \/>\n<meta property=\"og:locale\" content=\"fi_FI\" \/>\n<meta property=\"og:type\" content=\"article\" \/>\n<meta property=\"og:title\" content=\"Tikattu trenssitakki Olivia on upea uusi trenssi moderneille naisille\" \/>\n<meta property=\"og:description\" content=\"Tikattu trenssitakki Olivia on ihanan kevyt ja tyylik\u00e4s uusi merimiestyylinen trenssi takki hupulla. Se on ajaton ja moderni ja sopii kev\u00e4\u00e4seen ja syksyyn.\" \/>\n<meta property=\"og:url\" content=\"https:\/\/believebytuularossi.com\/fi\/tuote\/olivia-trench-pearl-grey-kevyt-tikattu-trenssitakki-hupulla-helmen-harmaa\/\" \/>\n<meta property=\"og:site_name\" content=\"BELIEVE by tuula rossi\" \/>\n<meta property=\"article:publisher\" content=\"https:\/\/www.facebook.com\/believebytuularossi\/_gu3udgu0BZPTzcnU\" \/>\n<meta property=\"article:modified_time\" content=\"2025-02-04T11:51:16+00:00\" \/>\n<meta property=\"og:image\" content=\"https:\/\/believebytuularossi.com\/wp-content\/uploads\/2023\/02\/PDV5109-scaled.jpg\" \/>\n\t<meta property=\"og:image:width\" content=\"1707\" \/>\n\t<meta property=\"og:image:height\" content=\"2560\" \/>\n\t<meta property=\"og:image:type\" content=\"image\/jpeg\" \/>\n<meta name=\"twitter:card\" content=\"summary_large_image\" \/>\n<meta name=\"twitter:title\" content=\"Tikattu trenssitakki Olivia on upea uusi trenssi moderneille naisille\" \/>\n<meta name=\"twitter:description\" content=\"Tikattu trenssitakki Olivia on ihanan kevyt ja tyylik\u00e4s uusi merimiestyylinen trenssi takki hupulla. Se on ajaton ja moderni ja sopii kev\u00e4\u00e4seen ja syksyyn.\" \/>\n<meta name=\"twitter:image\" content=\"https:\/\/believebytuularossi.com\/wp-content\/uploads\/2023\/02\/PDV5109-scaled.jpg\" \/>\n<meta name=\"twitter:label1\" content=\"Arvioitu lukuaika\" \/>\n\t<meta name=\"twitter:data1\" content=\"1 minuutti\" \/>\n<script type=\"application\/ld+json\" class=\"yoast-schema-graph\">{\"@context\":\"https:\\\/\\\/schema.org\",\"@graph\":[{\"@type\":\"WebPage\",\"@id\":\"https:\\\/\\\/believebytuularossi.com\\\/fi\\\/tuote\\\/olivia-trench-pearl-grey-kevyt-tikattu-trenssitakki-hupulla-helmen-harmaa\\\/\",\"url\":\"https:\\\/\\\/believebytuularossi.com\\\/fi\\\/tuote\\\/olivia-trench-pearl-grey-kevyt-tikattu-trenssitakki-hupulla-helmen-harmaa\\\/\",\"name\":\"Tikattu trenssitakki Olivia on upea uusi trenssi moderneille naisille\",\"isPartOf\":{\"@id\":\"https:\\\/\\\/believebytuularossi.com\\\/fi\\\/#website\"},\"primaryImageOfPage\":{\"@id\":\"https:\\\/\\\/believebytuularossi.com\\\/fi\\\/tuote\\\/olivia-trench-pearl-grey-kevyt-tikattu-trenssitakki-hupulla-helmen-harmaa\\\/#primaryimage\"},\"image\":{\"@id\":\"https:\\\/\\\/believebytuularossi.com\\\/fi\\\/tuote\\\/olivia-trench-pearl-grey-kevyt-tikattu-trenssitakki-hupulla-helmen-harmaa\\\/#primaryimage\"},\"thumbnailUrl\":\"https:\\\/\\\/believebytuularossi.com\\\/wp-content\\\/uploads\\\/2023\\\/02\\\/PDV5109-scaled.jpg\",\"datePublished\":\"2023-03-01T18:29:13+00:00\",\"dateModified\":\"2025-02-04T11:51:16+00:00\",\"description\":\"Tikattu trenssitakki Olivia on ihanan kevyt ja tyylik\u00e4s uusi merimiestyylinen trenssi takki hupulla. Se on ajaton ja moderni ja sopii kev\u00e4\u00e4seen ja syksyyn.\",\"breadcrumb\":{\"@id\":\"https:\\\/\\\/believebytuularossi.com\\\/fi\\\/tuote\\\/olivia-trench-pearl-grey-kevyt-tikattu-trenssitakki-hupulla-helmen-harmaa\\\/#breadcrumb\"},\"inLanguage\":\"fi\",\"potentialAction\":[{\"@type\":\"ReadAction\",\"target\":[\"https:\\\/\\\/believebytuularossi.com\\\/fi\\\/tuote\\\/olivia-trench-pearl-grey-kevyt-tikattu-trenssitakki-hupulla-helmen-harmaa\\\/\"]}]},{\"@type\":\"ImageObject\",\"inLanguage\":\"fi\",\"@id\":\"https:\\\/\\\/believebytuularossi.com\\\/fi\\\/tuote\\\/olivia-trench-pearl-grey-kevyt-tikattu-trenssitakki-hupulla-helmen-harmaa\\\/#primaryimage\",\"url\":\"https:\\\/\\\/believebytuularossi.com\\\/wp-content\\\/uploads\\\/2023\\\/02\\\/PDV5109-scaled.jpg\",\"contentUrl\":\"https:\\\/\\\/believebytuularossi.com\\\/wp-content\\\/uploads\\\/2023\\\/02\\\/PDV5109-scaled.jpg\",\"width\":1707,\"height\":2560,\"caption\":\"Olivia trench\"},{\"@type\":\"BreadcrumbList\",\"@id\":\"https:\\\/\\\/believebytuularossi.com\\\/fi\\\/tuote\\\/olivia-trench-pearl-grey-kevyt-tikattu-trenssitakki-hupulla-helmen-harmaa\\\/#breadcrumb\",\"itemListElement\":[{\"@type\":\"ListItem\",\"position\":1,\"name\":\"Home\",\"item\":\"https:\\\/\\\/believebytuularossi.com\\\/fi\\\/\"},{\"@type\":\"ListItem\",\"position\":2,\"name\":\"Shop\",\"item\":\"https:\\\/\\\/believebytuularossi.com\\\/shop\\\/\"},{\"@type\":\"ListItem\",\"position\":3,\"name\":\"OLIVIA Trench Pearl Grey -kevyt tikattu trenssitakki hupulla, helmen harmaa\"}]},{\"@type\":\"WebSite\",\"@id\":\"https:\\\/\\\/believebytuularossi.com\\\/fi\\\/#website\",\"url\":\"https:\\\/\\\/believebytuularossi.com\\\/fi\\\/\",\"name\":\"BELIEVE by tuula rossi\",\"description\":\"A unique, luxurious, original outerwear collection created by passion and love for today\u2019s fashionable woman and her desire for timeless style.          Perfect fit for the modern, feminine woman of any age.\",\"publisher\":{\"@id\":\"https:\\\/\\\/believebytuularossi.com\\\/fi\\\/#organization\"},\"potentialAction\":[{\"@type\":\"SearchAction\",\"target\":{\"@type\":\"EntryPoint\",\"urlTemplate\":\"https:\\\/\\\/believebytuularossi.com\\\/fi\\\/?s={search_term_string}\"},\"query-input\":{\"@type\":\"PropertyValueSpecification\",\"valueRequired\":true,\"valueName\":\"search_term_string\"}}],\"inLanguage\":\"fi\"},{\"@type\":\"Organization\",\"@id\":\"https:\\\/\\\/believebytuularossi.com\\\/fi\\\/#organization\",\"name\":\"BELIEVE by tuula rossi\",\"url\":\"https:\\\/\\\/believebytuularossi.com\\\/fi\\\/\",\"logo\":{\"@type\":\"ImageObject\",\"inLanguage\":\"fi\",\"@id\":\"https:\\\/\\\/believebytuularossi.com\\\/fi\\\/#\\\/schema\\\/logo\\\/image\\\/\",\"url\":\"https:\\\/\\\/believebytuularossi.com\\\/wp-content\\\/uploads\\\/2018\\\/08\\\/rossi-logo_new.png\",\"contentUrl\":\"https:\\\/\\\/believebytuularossi.com\\\/wp-content\\\/uploads\\\/2018\\\/08\\\/rossi-logo_new.png\",\"width\":300,\"height\":143,\"caption\":\"BELIEVE by tuula rossi\"},\"image\":{\"@id\":\"https:\\\/\\\/believebytuularossi.com\\\/fi\\\/#\\\/schema\\\/logo\\\/image\\\/\"},\"sameAs\":[\"https:\\\/\\\/www.facebook.com\\\/believebytuularossi\\\/_gu3udgu0BZPTzcnU\",\"https:\\\/\\\/www.instagram.com\\\/believebytuularossi\\\/\",\"https:\\\/\\\/www.pinterest.com\\\/believebytuularossi\\\/\"]}]}<\/script>\n<!-- \/ Yoast SEO plugin. -->","yoast_head_json":{"title":"Tikattu trenssitakki Olivia on upea uusi trenssi moderneille naisille","description":"Tikattu trenssitakki Olivia on ihanan kevyt ja tyylik\u00e4s uusi merimiestyylinen trenssi takki hupulla. Se on ajaton ja moderni ja sopii kev\u00e4\u00e4seen ja syksyyn.","robots":{"index":"index","follow":"follow","max-snippet":"max-snippet:-1","max-image-preview":"max-image-preview:large","max-video-preview":"max-video-preview:-1"},"canonical":"https:\/\/believebytuularossi.com\/fi\/tuote\/olivia-trench-pearl-grey-kevyt-tikattu-trenssitakki-hupulla-helmen-harmaa\/","og_locale":"fi_FI","og_type":"article","og_title":"Tikattu trenssitakki Olivia on upea uusi trenssi moderneille naisille","og_description":"Tikattu trenssitakki Olivia on ihanan kevyt ja tyylik\u00e4s uusi merimiestyylinen trenssi takki hupulla. Se on ajaton ja moderni ja sopii kev\u00e4\u00e4seen ja syksyyn.","og_url":"https:\/\/believebytuularossi.com\/fi\/tuote\/olivia-trench-pearl-grey-kevyt-tikattu-trenssitakki-hupulla-helmen-harmaa\/","og_site_name":"BELIEVE by tuula rossi","article_publisher":"https:\/\/www.facebook.com\/believebytuularossi\/_gu3udgu0BZPTzcnU","article_modified_time":"2025-02-04T11:51:16+00:00","og_image":[{"width":1707,"height":2560,"url":"https:\/\/believebytuularossi.com\/wp-content\/uploads\/2023\/02\/PDV5109-scaled.jpg","type":"image\/jpeg"}],"twitter_card":"summary_large_image","twitter_title":"Tikattu trenssitakki Olivia on upea uusi trenssi moderneille naisille","twitter_description":"Tikattu trenssitakki Olivia on ihanan kevyt ja tyylik\u00e4s uusi merimiestyylinen trenssi takki hupulla. Se on ajaton ja moderni ja sopii kev\u00e4\u00e4seen ja syksyyn.","twitter_image":"https:\/\/believebytuularossi.com\/wp-content\/uploads\/2023\/02\/PDV5109-scaled.jpg","twitter_misc":{"Arvioitu lukuaika":"1 minuutti"},"schema":{"@context":"https:\/\/schema.org","@graph":[{"@type":"WebPage","@id":"https:\/\/believebytuularossi.com\/fi\/tuote\/olivia-trench-pearl-grey-kevyt-tikattu-trenssitakki-hupulla-helmen-harmaa\/","url":"https:\/\/believebytuularossi.com\/fi\/tuote\/olivia-trench-pearl-grey-kevyt-tikattu-trenssitakki-hupulla-helmen-harmaa\/","name":"Tikattu trenssitakki Olivia on upea uusi trenssi moderneille naisille","isPartOf":{"@id":"https:\/\/believebytuularossi.com\/fi\/#website"},"primaryImageOfPage":{"@id":"https:\/\/believebytuularossi.com\/fi\/tuote\/olivia-trench-pearl-grey-kevyt-tikattu-trenssitakki-hupulla-helmen-harmaa\/#primaryimage"},"image":{"@id":"https:\/\/believebytuularossi.com\/fi\/tuote\/olivia-trench-pearl-grey-kevyt-tikattu-trenssitakki-hupulla-helmen-harmaa\/#primaryimage"},"thumbnailUrl":"https:\/\/believebytuularossi.com\/wp-content\/uploads\/2023\/02\/PDV5109-scaled.jpg","datePublished":"2023-03-01T18:29:13+00:00","dateModified":"2025-02-04T11:51:16+00:00","description":"Tikattu trenssitakki Olivia on ihanan kevyt ja tyylik\u00e4s uusi merimiestyylinen trenssi takki hupulla. Se on ajaton ja moderni ja sopii kev\u00e4\u00e4seen ja syksyyn.","breadcrumb":{"@id":"https:\/\/believebytuularossi.com\/fi\/tuote\/olivia-trench-pearl-grey-kevyt-tikattu-trenssitakki-hupulla-helmen-harmaa\/#breadcrumb"},"inLanguage":"fi","potentialAction":[{"@type":"ReadAction","target":["https:\/\/believebytuularossi.com\/fi\/tuote\/olivia-trench-pearl-grey-kevyt-tikattu-trenssitakki-hupulla-helmen-harmaa\/"]}]},{"@type":"ImageObject","inLanguage":"fi","@id":"https:\/\/believebytuularossi.com\/fi\/tuote\/olivia-trench-pearl-grey-kevyt-tikattu-trenssitakki-hupulla-helmen-harmaa\/#primaryimage","url":"https:\/\/believebytuularossi.com\/wp-content\/uploads\/2023\/02\/PDV5109-scaled.jpg","contentUrl":"https:\/\/believebytuularossi.com\/wp-content\/uploads\/2023\/02\/PDV5109-scaled.jpg","width":1707,"height":2560,"caption":"Olivia trench"},{"@type":"BreadcrumbList","@id":"https:\/\/believebytuularossi.com\/fi\/tuote\/olivia-trench-pearl-grey-kevyt-tikattu-trenssitakki-hupulla-helmen-harmaa\/#breadcrumb","itemListElement":[{"@type":"ListItem","position":1,"name":"Home","item":"https:\/\/believebytuularossi.com\/fi\/"},{"@type":"ListItem","position":2,"name":"Shop","item":"https:\/\/believebytuularossi.com\/shop\/"},{"@type":"ListItem","position":3,"name":"OLIVIA Trench Pearl Grey -kevyt tikattu trenssitakki hupulla, helmen harmaa"}]},{"@type":"WebSite","@id":"https:\/\/believebytuularossi.com\/fi\/#website","url":"https:\/\/believebytuularossi.com\/fi\/","name":"BELIEVE by tuula rossi","description":"A unique, luxurious, original outerwear collection created by passion and love for today\u2019s fashionable woman and her desire for timeless style.          Perfect fit for the modern, feminine woman of any age.","publisher":{"@id":"https:\/\/believebytuularossi.com\/fi\/#organization"},"potentialAction":[{"@type":"SearchAction","target":{"@type":"EntryPoint","urlTemplate":"https:\/\/believebytuularossi.com\/fi\/?s={search_term_string}"},"query-input":{"@type":"PropertyValueSpecification","valueRequired":true,"valueName":"search_term_string"}}],"inLanguage":"fi"},{"@type":"Organization","@id":"https:\/\/believebytuularossi.com\/fi\/#organization","name":"BELIEVE by tuula rossi","url":"https:\/\/believebytuularossi.com\/fi\/","logo":{"@type":"ImageObject","inLanguage":"fi","@id":"https:\/\/believebytuularossi.com\/fi\/#\/schema\/logo\/image\/","url":"https:\/\/believebytuularossi.com\/wp-content\/uploads\/2018\/08\/rossi-logo_new.png","contentUrl":"https:\/\/believebytuularossi.com\/wp-content\/uploads\/2018\/08\/rossi-logo_new.png","width":300,"height":143,"caption":"BELIEVE by tuula rossi"},"image":{"@id":"https:\/\/believebytuularossi.com\/fi\/#\/schema\/logo\/image\/"},"sameAs":["https:\/\/www.facebook.com\/believebytuularossi\/_gu3udgu0BZPTzcnU","https:\/\/www.instagram.com\/believebytuularossi\/","https:\/\/www.pinterest.com\/believebytuularossi\/"]}]}},"_links":{"self":[{"href":"https:\/\/believebytuularossi.com\/fi\/wp-json\/wp\/v2\/product\/18320","targetHints":{"allow":["GET"]}}],"collection":[{"href":"https:\/\/believebytuularossi.com\/fi\/wp-json\/wp\/v2\/product"}],"about":[{"href":"https:\/\/believebytuularossi.com\/fi\/wp-json\/wp\/v2\/types\/product"}],"wp:featuredmedia":[{"embeddable":true,"href":"https:\/\/believebytuularossi.com\/fi\/wp-json\/wp\/v2\/media\/18096"}],"wp:attachment":[{"href":"https:\/\/believebytuularossi.com\/fi\/wp-json\/wp\/v2\/media?parent=18320"}],"wp:term":[{"taxonomy":"product_brand","embeddable":true,"href":"https:\/\/believebytuularossi.com\/fi\/wp-json\/wp\/v2\/product_brand?post=18320"},{"taxonomy":"product_cat","embeddable":true,"href":"https:\/\/believebytuularossi.com\/fi\/wp-json\/wp\/v2\/product_cat?post=18320"},{"taxonomy":"product_tag","embeddable":true,"href":"https:\/\/believebytuularossi.com\/fi\/wp-json\/wp\/v2\/product_tag?post=18320"}],"curies":[{"name":"wp","href":"https:\/\/api.w.org\/{rel}","templated":true}]}}