{"id":18360,"date":"2023-03-03T11:55:23","date_gmt":"2023-03-03T10:55:19","guid":{"rendered":"https:\/\/believebytuularossi.com\/?post_type=product&#038;p=18360"},"modified":"2023-03-03T12:47:51","modified_gmt":"2023-03-03T11:47:51","slug":"sandra-blueberry-bi-stretch-joustava-tikattu-takki-hupulla-tumman-sininen","status":"publish","type":"product","link":"https:\/\/believebytuularossi.com\/fi\/tuote\/sandra-blueberry-bi-stretch-joustava-tikattu-takki-hupulla-tumman-sininen\/","title":{"rendered":"Sandra Blueberry Bi-Stretch -joustava tikattu takki hupulla, mustikansininen"},"content":{"rendered":"","protected":false},"excerpt":{"rendered":"<div class=\"product-short-description\">\n<p style=\"font-weight: 400;\">Kevyt tikattu takki Sandra on ainutlaatuinen ja eritt\u00e4in mukava k\u00e4ytt\u00e4\u00e4 joustavan tikatun materiaalin ansiosta. Mustikansininen v\u00e4ri on ajaton ja tyylik\u00e4s.<\/p>\n<p style=\"font-weight: 400;\">Sandra Blueberry joustava tikattu takki on ainutlaatuinen ja ylellinen. Upea moderni materiaali on elegantti ja takkia on eritt\u00e4in mukava k\u00e4ytt\u00e4\u00e4. Takissa on kauniit hopeanv\u00e4riset vetoketjut. Joustavuutensa ansiosta kaikki naiset n\u00e4ytt\u00e4v\u00e4t tyylikk\u00e4\u00e4lt\u00e4 Sandra tikkitakissa.<\/p>\n<p style=\"font-weight: 400;\">Kevyt tikattu takki Sandra on saatavilla my\u00f6s <a href=\"https:\/\/believebytuularossi.com\/fi\/tuote\/sandra-light-pink-bi-stretch-joustava-tikattu-takki-hupulla-vaalea-pinkki\/\"><strong>vaaleanpunaisessa<\/strong><\/a> ja <a href=\"https:\/\/believebytuularossi.com\/fi\/tuote\/sandra-black-bi-stretch-joustava-tikattu-takki-hupulla-musta\/\"><strong>mustassa<\/strong><\/a>\u00a0v\u00e4riss\u00e4.<\/p>\n<\/div>\n","protected":false},"featured_media":18202,"template":"","meta":{"_acf_changed":false},"product_brand":[],"product_cat":[130,129],"product_tag":[227],"class_list":{"0":"post-18360","1":"product","2":"type-product","3":"status-publish","4":"has-post-thumbnail","6":"product_cat-syksytakit-talvitakit","7":"product_cat-takit-jakut-koot-34-54","8":"product_tag-bi-stretch-fi","9":"pa_ewd_uwcf_colors-tummansininen","10":"pa_ewd_uwcf_sizes-34-fi","11":"pa_ewd_uwcf_sizes-36-fi","12":"pa_ewd_uwcf_sizes-38-fi","13":"pa_ewd_uwcf_sizes-40-fi","14":"pa_ewd_uwcf_sizes-42-fi","15":"pa_ewd_uwcf_sizes-44-fi","16":"pa_ewd_uwcf_sizes-46-fi","17":"pa_ewd_uwcf_sizes-48-fi","18":"pa_ewd_uwcf_sizes-50-fi","19":"pa_ewd_uwcf_sizes-52-fi","20":"pa_ewd_uwcf_sizes-54-fi","21":"pa_size-34-fi","22":"pa_size-36-fi","23":"pa_size-38-fi","24":"pa_size-40-fi","25":"pa_size-42-fi","26":"pa_size-44-fi","27":"pa_size-46-fi","28":"pa_size-48-fi","29":"pa_size-50-fi","30":"pa_size-52-fi","31":"pa_size-54-fi","32":"product_color-navy-fi","33":"product_size-34-fi","34":"product_size-36-fi","35":"product_size-38-fi","36":"product_size-40-fi","37":"product_size-42-fi","38":"product_size-44-fi","39":"product_size-46-fi","40":"product_size-48-fi","41":"product_size-50-fi","42":"product_size-52-fi","43":"product_size-54-fi","45":"first","46":"instock","47":"taxable","48":"shipping-taxable","49":"purchasable","50":"product-type-variable"},"acf":[],"yoast_head":"<!-- This site is optimized with the Yoast SEO plugin v27.5 - https:\/\/yoast.com\/product\/yoast-seo-wordpress\/ -->\n<title>Kevyt tikattu takki Sandra tumman sinisen\u00e4 on upean elegantti<\/title>\n<meta name=\"description\" content=\"Kevyt tikattu takki Sandra on ainutlaatuinen ja eritt\u00e4in mukava k\u00e4ytt\u00e4\u00e4 joustavan tikatun materiaalin ansiosta. Mustikansininen v\u00e4ri on ajaton ja tyylik\u00e4s.\" \/>\n<meta name=\"robots\" content=\"index, follow, max-snippet:-1, max-image-preview:large, max-video-preview:-1\" \/>\n<link rel=\"canonical\" href=\"https:\/\/believebytuularossi.com\/fi\/tuote\/sandra-blueberry-bi-stretch-joustava-tikattu-takki-hupulla-tumman-sininen\/\" \/>\n<meta property=\"og:locale\" content=\"fi_FI\" \/>\n<meta property=\"og:type\" content=\"article\" \/>\n<meta property=\"og:title\" content=\"Kevyt tikattu takki Sandra mustikansinisess\u00e4 v\u00e4riss\u00e4 on upean elegantti\" \/>\n<meta property=\"og:description\" content=\"Kevyt tikattu takki Sandra on ainutlaatuinen ja eritt\u00e4in mukava k\u00e4ytt\u00e4\u00e4 joustavan tikatun materiaalin ansiosta. Mustikansininen v\u00e4ri on ajaton ja tyylik\u00e4s.\" \/>\n<meta property=\"og:url\" content=\"https:\/\/believebytuularossi.com\/fi\/tuote\/sandra-blueberry-bi-stretch-joustava-tikattu-takki-hupulla-tumman-sininen\/\" \/>\n<meta property=\"og:site_name\" content=\"BELIEVE by tuula rossi\" \/>\n<meta property=\"article:publisher\" content=\"https:\/\/www.facebook.com\/believebytuularossi\/_gu3udgu0BZPTzcnU\" \/>\n<meta property=\"article:modified_time\" content=\"2023-03-03T11:47:51+00:00\" \/>\n<meta property=\"og:image\" content=\"https:\/\/believebytuularossi.com\/wp-content\/uploads\/2023\/02\/PDV5449-scaled.jpg\" \/>\n\t<meta property=\"og:image:width\" content=\"1706\" \/>\n\t<meta property=\"og:image:height\" content=\"2560\" \/>\n\t<meta property=\"og:image:type\" content=\"image\/jpeg\" \/>\n<meta name=\"twitter:card\" content=\"summary_large_image\" \/>\n<meta name=\"twitter:title\" content=\"Kevyt tikattu takki Sandra mustikansinisess\u00e4 v\u00e4riss\u00e4 on upean elegantti\" \/>\n<meta name=\"twitter:description\" content=\"Kevyt tikattu takki Sandra on ainutlaatuinen ja eritt\u00e4in mukava k\u00e4ytt\u00e4\u00e4 joustavan tikatun materiaalin ansiosta. Mustikansininen v\u00e4ri on ajaton ja tyylik\u00e4s.\" \/>\n<meta name=\"twitter:image\" content=\"https:\/\/believebytuularossi.com\/wp-content\/uploads\/2023\/02\/PDV5449-scaled.jpg\" \/>\n<script type=\"application\/ld+json\" class=\"yoast-schema-graph\">{\"@context\":\"https:\\\/\\\/schema.org\",\"@graph\":[{\"@type\":\"WebPage\",\"@id\":\"https:\\\/\\\/believebytuularossi.com\\\/fi\\\/tuote\\\/sandra-blueberry-bi-stretch-joustava-tikattu-takki-hupulla-tumman-sininen\\\/\",\"url\":\"https:\\\/\\\/believebytuularossi.com\\\/fi\\\/tuote\\\/sandra-blueberry-bi-stretch-joustava-tikattu-takki-hupulla-tumman-sininen\\\/\",\"name\":\"Kevyt tikattu takki Sandra tumman sinisen\u00e4 on upean elegantti\",\"isPartOf\":{\"@id\":\"https:\\\/\\\/believebytuularossi.com\\\/fi\\\/#website\"},\"primaryImageOfPage\":{\"@id\":\"https:\\\/\\\/believebytuularossi.com\\\/fi\\\/tuote\\\/sandra-blueberry-bi-stretch-joustava-tikattu-takki-hupulla-tumman-sininen\\\/#primaryimage\"},\"image\":{\"@id\":\"https:\\\/\\\/believebytuularossi.com\\\/fi\\\/tuote\\\/sandra-blueberry-bi-stretch-joustava-tikattu-takki-hupulla-tumman-sininen\\\/#primaryimage\"},\"thumbnailUrl\":\"https:\\\/\\\/believebytuularossi.com\\\/wp-content\\\/uploads\\\/2023\\\/02\\\/PDV5468-scaled.jpg\",\"datePublished\":\"2023-03-03T10:55:19+00:00\",\"dateModified\":\"2023-03-03T11:47:51+00:00\",\"description\":\"Kevyt tikattu takki Sandra on ainutlaatuinen ja eritt\u00e4in mukava k\u00e4ytt\u00e4\u00e4 joustavan tikatun materiaalin ansiosta. Mustikansininen v\u00e4ri on ajaton ja tyylik\u00e4s.\",\"breadcrumb\":{\"@id\":\"https:\\\/\\\/believebytuularossi.com\\\/fi\\\/tuote\\\/sandra-blueberry-bi-stretch-joustava-tikattu-takki-hupulla-tumman-sininen\\\/#breadcrumb\"},\"inLanguage\":\"fi\",\"potentialAction\":[{\"@type\":\"ReadAction\",\"target\":[\"https:\\\/\\\/believebytuularossi.com\\\/fi\\\/tuote\\\/sandra-blueberry-bi-stretch-joustava-tikattu-takki-hupulla-tumman-sininen\\\/\"]}]},{\"@type\":\"ImageObject\",\"inLanguage\":\"fi\",\"@id\":\"https:\\\/\\\/believebytuularossi.com\\\/fi\\\/tuote\\\/sandra-blueberry-bi-stretch-joustava-tikattu-takki-hupulla-tumman-sininen\\\/#primaryimage\",\"url\":\"https:\\\/\\\/believebytuularossi.com\\\/wp-content\\\/uploads\\\/2023\\\/02\\\/PDV5468-scaled.jpg\",\"contentUrl\":\"https:\\\/\\\/believebytuularossi.com\\\/wp-content\\\/uploads\\\/2023\\\/02\\\/PDV5468-scaled.jpg\",\"width\":1707,\"height\":2560,\"caption\":\"Sandra light blueberry jacket\"},{\"@type\":\"BreadcrumbList\",\"@id\":\"https:\\\/\\\/believebytuularossi.com\\\/fi\\\/tuote\\\/sandra-blueberry-bi-stretch-joustava-tikattu-takki-hupulla-tumman-sininen\\\/#breadcrumb\",\"itemListElement\":[{\"@type\":\"ListItem\",\"position\":1,\"name\":\"Home\",\"item\":\"https:\\\/\\\/believebytuularossi.com\\\/fi\\\/\"},{\"@type\":\"ListItem\",\"position\":2,\"name\":\"Shop\",\"item\":\"https:\\\/\\\/believebytuularossi.com\\\/shop\\\/\"},{\"@type\":\"ListItem\",\"position\":3,\"name\":\"Sandra Blueberry Bi-Stretch -joustava tikattu takki hupulla, mustikansininen\"}]},{\"@type\":\"WebSite\",\"@id\":\"https:\\\/\\\/believebytuularossi.com\\\/fi\\\/#website\",\"url\":\"https:\\\/\\\/believebytuularossi.com\\\/fi\\\/\",\"name\":\"BELIEVE by tuula rossi\",\"description\":\"A unique, luxurious, original outerwear collection created by passion and love for today\u2019s fashionable woman and her desire for timeless style.          Perfect fit for the modern, feminine woman of any age.\",\"publisher\":{\"@id\":\"https:\\\/\\\/believebytuularossi.com\\\/fi\\\/#organization\"},\"potentialAction\":[{\"@type\":\"SearchAction\",\"target\":{\"@type\":\"EntryPoint\",\"urlTemplate\":\"https:\\\/\\\/believebytuularossi.com\\\/fi\\\/?s={search_term_string}\"},\"query-input\":{\"@type\":\"PropertyValueSpecification\",\"valueRequired\":true,\"valueName\":\"search_term_string\"}}],\"inLanguage\":\"fi\"},{\"@type\":\"Organization\",\"@id\":\"https:\\\/\\\/believebytuularossi.com\\\/fi\\\/#organization\",\"name\":\"BELIEVE by tuula rossi\",\"url\":\"https:\\\/\\\/believebytuularossi.com\\\/fi\\\/\",\"logo\":{\"@type\":\"ImageObject\",\"inLanguage\":\"fi\",\"@id\":\"https:\\\/\\\/believebytuularossi.com\\\/fi\\\/#\\\/schema\\\/logo\\\/image\\\/\",\"url\":\"https:\\\/\\\/believebytuularossi.com\\\/wp-content\\\/uploads\\\/2018\\\/08\\\/rossi-logo_new.png\",\"contentUrl\":\"https:\\\/\\\/believebytuularossi.com\\\/wp-content\\\/uploads\\\/2018\\\/08\\\/rossi-logo_new.png\",\"width\":300,\"height\":143,\"caption\":\"BELIEVE by tuula rossi\"},\"image\":{\"@id\":\"https:\\\/\\\/believebytuularossi.com\\\/fi\\\/#\\\/schema\\\/logo\\\/image\\\/\"},\"sameAs\":[\"https:\\\/\\\/www.facebook.com\\\/believebytuularossi\\\/_gu3udgu0BZPTzcnU\",\"https:\\\/\\\/www.instagram.com\\\/believebytuularossi\\\/\",\"https:\\\/\\\/www.pinterest.com\\\/believebytuularossi\\\/\"]}]}<\/script>\n<!-- \/ Yoast SEO plugin. -->","yoast_head_json":{"title":"Kevyt tikattu takki Sandra tumman sinisen\u00e4 on upean elegantti","description":"Kevyt tikattu takki Sandra on ainutlaatuinen ja eritt\u00e4in mukava k\u00e4ytt\u00e4\u00e4 joustavan tikatun materiaalin ansiosta. Mustikansininen v\u00e4ri on ajaton ja tyylik\u00e4s.","robots":{"index":"index","follow":"follow","max-snippet":"max-snippet:-1","max-image-preview":"max-image-preview:large","max-video-preview":"max-video-preview:-1"},"canonical":"https:\/\/believebytuularossi.com\/fi\/tuote\/sandra-blueberry-bi-stretch-joustava-tikattu-takki-hupulla-tumman-sininen\/","og_locale":"fi_FI","og_type":"article","og_title":"Kevyt tikattu takki Sandra mustikansinisess\u00e4 v\u00e4riss\u00e4 on upean elegantti","og_description":"Kevyt tikattu takki Sandra on ainutlaatuinen ja eritt\u00e4in mukava k\u00e4ytt\u00e4\u00e4 joustavan tikatun materiaalin ansiosta. Mustikansininen v\u00e4ri on ajaton ja tyylik\u00e4s.","og_url":"https:\/\/believebytuularossi.com\/fi\/tuote\/sandra-blueberry-bi-stretch-joustava-tikattu-takki-hupulla-tumman-sininen\/","og_site_name":"BELIEVE by tuula rossi","article_publisher":"https:\/\/www.facebook.com\/believebytuularossi\/_gu3udgu0BZPTzcnU","article_modified_time":"2023-03-03T11:47:51+00:00","og_image":[{"width":1706,"height":2560,"url":"https:\/\/believebytuularossi.com\/wp-content\/uploads\/2023\/02\/PDV5449-scaled.jpg","type":"image\/jpeg"}],"twitter_card":"summary_large_image","twitter_title":"Kevyt tikattu takki Sandra mustikansinisess\u00e4 v\u00e4riss\u00e4 on upean elegantti","twitter_description":"Kevyt tikattu takki Sandra on ainutlaatuinen ja eritt\u00e4in mukava k\u00e4ytt\u00e4\u00e4 joustavan tikatun materiaalin ansiosta. Mustikansininen v\u00e4ri on ajaton ja tyylik\u00e4s.","twitter_image":"https:\/\/believebytuularossi.com\/wp-content\/uploads\/2023\/02\/PDV5449-scaled.jpg","schema":{"@context":"https:\/\/schema.org","@graph":[{"@type":"WebPage","@id":"https:\/\/believebytuularossi.com\/fi\/tuote\/sandra-blueberry-bi-stretch-joustava-tikattu-takki-hupulla-tumman-sininen\/","url":"https:\/\/believebytuularossi.com\/fi\/tuote\/sandra-blueberry-bi-stretch-joustava-tikattu-takki-hupulla-tumman-sininen\/","name":"Kevyt tikattu takki Sandra tumman sinisen\u00e4 on upean elegantti","isPartOf":{"@id":"https:\/\/believebytuularossi.com\/fi\/#website"},"primaryImageOfPage":{"@id":"https:\/\/believebytuularossi.com\/fi\/tuote\/sandra-blueberry-bi-stretch-joustava-tikattu-takki-hupulla-tumman-sininen\/#primaryimage"},"image":{"@id":"https:\/\/believebytuularossi.com\/fi\/tuote\/sandra-blueberry-bi-stretch-joustava-tikattu-takki-hupulla-tumman-sininen\/#primaryimage"},"thumbnailUrl":"https:\/\/believebytuularossi.com\/wp-content\/uploads\/2023\/02\/PDV5468-scaled.jpg","datePublished":"2023-03-03T10:55:19+00:00","dateModified":"2023-03-03T11:47:51+00:00","description":"Kevyt tikattu takki Sandra on ainutlaatuinen ja eritt\u00e4in mukava k\u00e4ytt\u00e4\u00e4 joustavan tikatun materiaalin ansiosta. Mustikansininen v\u00e4ri on ajaton ja tyylik\u00e4s.","breadcrumb":{"@id":"https:\/\/believebytuularossi.com\/fi\/tuote\/sandra-blueberry-bi-stretch-joustava-tikattu-takki-hupulla-tumman-sininen\/#breadcrumb"},"inLanguage":"fi","potentialAction":[{"@type":"ReadAction","target":["https:\/\/believebytuularossi.com\/fi\/tuote\/sandra-blueberry-bi-stretch-joustava-tikattu-takki-hupulla-tumman-sininen\/"]}]},{"@type":"ImageObject","inLanguage":"fi","@id":"https:\/\/believebytuularossi.com\/fi\/tuote\/sandra-blueberry-bi-stretch-joustava-tikattu-takki-hupulla-tumman-sininen\/#primaryimage","url":"https:\/\/believebytuularossi.com\/wp-content\/uploads\/2023\/02\/PDV5468-scaled.jpg","contentUrl":"https:\/\/believebytuularossi.com\/wp-content\/uploads\/2023\/02\/PDV5468-scaled.jpg","width":1707,"height":2560,"caption":"Sandra light blueberry jacket"},{"@type":"BreadcrumbList","@id":"https:\/\/believebytuularossi.com\/fi\/tuote\/sandra-blueberry-bi-stretch-joustava-tikattu-takki-hupulla-tumman-sininen\/#breadcrumb","itemListElement":[{"@type":"ListItem","position":1,"name":"Home","item":"https:\/\/believebytuularossi.com\/fi\/"},{"@type":"ListItem","position":2,"name":"Shop","item":"https:\/\/believebytuularossi.com\/shop\/"},{"@type":"ListItem","position":3,"name":"Sandra Blueberry Bi-Stretch -joustava tikattu takki hupulla, mustikansininen"}]},{"@type":"WebSite","@id":"https:\/\/believebytuularossi.com\/fi\/#website","url":"https:\/\/believebytuularossi.com\/fi\/","name":"BELIEVE by tuula rossi","description":"A unique, luxurious, original outerwear collection created by passion and love for today\u2019s fashionable woman and her desire for timeless style.          Perfect fit for the modern, feminine woman of any age.","publisher":{"@id":"https:\/\/believebytuularossi.com\/fi\/#organization"},"potentialAction":[{"@type":"SearchAction","target":{"@type":"EntryPoint","urlTemplate":"https:\/\/believebytuularossi.com\/fi\/?s={search_term_string}"},"query-input":{"@type":"PropertyValueSpecification","valueRequired":true,"valueName":"search_term_string"}}],"inLanguage":"fi"},{"@type":"Organization","@id":"https:\/\/believebytuularossi.com\/fi\/#organization","name":"BELIEVE by tuula rossi","url":"https:\/\/believebytuularossi.com\/fi\/","logo":{"@type":"ImageObject","inLanguage":"fi","@id":"https:\/\/believebytuularossi.com\/fi\/#\/schema\/logo\/image\/","url":"https:\/\/believebytuularossi.com\/wp-content\/uploads\/2018\/08\/rossi-logo_new.png","contentUrl":"https:\/\/believebytuularossi.com\/wp-content\/uploads\/2018\/08\/rossi-logo_new.png","width":300,"height":143,"caption":"BELIEVE by tuula rossi"},"image":{"@id":"https:\/\/believebytuularossi.com\/fi\/#\/schema\/logo\/image\/"},"sameAs":["https:\/\/www.facebook.com\/believebytuularossi\/_gu3udgu0BZPTzcnU","https:\/\/www.instagram.com\/believebytuularossi\/","https:\/\/www.pinterest.com\/believebytuularossi\/"]}]}},"_links":{"self":[{"href":"https:\/\/believebytuularossi.com\/fi\/wp-json\/wp\/v2\/product\/18360","targetHints":{"allow":["GET"]}}],"collection":[{"href":"https:\/\/believebytuularossi.com\/fi\/wp-json\/wp\/v2\/product"}],"about":[{"href":"https:\/\/believebytuularossi.com\/fi\/wp-json\/wp\/v2\/types\/product"}],"wp:featuredmedia":[{"embeddable":true,"href":"https:\/\/believebytuularossi.com\/fi\/wp-json\/wp\/v2\/media\/18202"}],"wp:attachment":[{"href":"https:\/\/believebytuularossi.com\/fi\/wp-json\/wp\/v2\/media?parent=18360"}],"wp:term":[{"taxonomy":"product_brand","embeddable":true,"href":"https:\/\/believebytuularossi.com\/fi\/wp-json\/wp\/v2\/product_brand?post=18360"},{"taxonomy":"product_cat","embeddable":true,"href":"https:\/\/believebytuularossi.com\/fi\/wp-json\/wp\/v2\/product_cat?post=18360"},{"taxonomy":"product_tag","embeddable":true,"href":"https:\/\/believebytuularossi.com\/fi\/wp-json\/wp\/v2\/product_tag?post=18360"}],"curies":[{"name":"wp","href":"https:\/\/api.w.org\/{rel}","templated":true}]}}