{"id":18782,"date":"2023-09-15T05:56:54","date_gmt":"2023-09-15T03:56:50","guid":{"rendered":"https:\/\/believebytuularossi.com\/?post_type=product&#038;p=18782"},"modified":"2023-09-15T06:27:41","modified_gmt":"2023-09-15T04:27:41","slug":"frida-trench-tikattu-pitka-trenssitakki-hupulla-pinkki","status":"publish","type":"product","link":"https:\/\/believebytuularossi.com\/fi\/tuote\/frida-trench-tikattu-pitka-trenssitakki-hupulla-pinkki\/","title":{"rendered":"FRIDA Trench \u2013 tikattu pitk\u00e4 trenssitakki hupulla, pinkki"},"content":{"rendered":"<p>66<\/p>\n","protected":false},"excerpt":{"rendered":"<p style=\"font-weight: 400;\">Pinkki FRIDA TRENCH takki on todellinen katseenvangitsija. Se on eritt\u00e4in tyylik\u00e4s merimiestyylinen trenssitakki, jossa on huppu. FRIDA TRENCH on moderni ja supermuodikas pitk\u00e4 takki, jossa voi nauttia aikaisesta kev\u00e4\u00e4st\u00e4, syksyst\u00e4 tai talvesta. T\u00e4ss\u00e4 sporttisen tyylikk\u00e4\u00e4ss\u00e4 takissa on eritt\u00e4in kaunis naisellinen leikkaus ja se imartelee vartaloasi miss\u00e4 tahansa koossa. Pallotikattu materiaali on vett\u00e4 hylkiv\u00e4\u00e4 ja hengitt\u00e4v\u00e4\u00e4. FRIDA TRENCH on t\u00e4ydellinen valinta rentoon ja ajattomaan lookiin. Edess\u00e4 on hopeanv\u00e4riset napit. Sivusaumoissa on ylelliset, pitk\u00e4t vetoketjut, jotka avautuvat \u00a0halkioiksi. T\u00e4ydellisen leikkauksen ansiosta voit tuntea olosi mukavaksi ja n\u00e4ytt\u00e4\u00e4 hyv\u00e4lt\u00e4 kaikissa kooissa!<\/p>\n<p style=\"font-weight: 400;\">FRIDA TRENCH -takin hihan pituus on hieman tavallista pidempi. Joustavat hihansuut takaavat t\u00e4ydellisen pituuden kaikille. <span style=\"font-size: 14.4px;\">FRIDA trnssitakki on saatavilla my\u00f6s <\/span><a style=\"font-size: 14.4px;\" href=\"https:\/\/believebytuularossi.com\/fi\/tuote\/frida-trench-tikattu-pitka-trenssitakki-hupulla-kermanvalkoinen\/\">kermanvalkoisena<\/a><span style=\"font-size: 14.4px;\"> ja <a href=\"https:\/\/believebytuularossi.com\/fi\/tuote\/tikattu-pitka-trenssitakki-hupulla-musta\/\">mustana<\/a>.<\/span><\/p>\n","protected":false},"featured_media":18807,"template":"","meta":{"_acf_changed":false},"product_brand":[],"product_cat":[131,130],"product_tag":[],"class_list":{"0":"post-18782","1":"product","2":"type-product","3":"status-publish","4":"has-post-thumbnail","6":"product_cat-kevattakit-kesatakit-valisesonkitakit","7":"product_cat-syksytakit-talvitakit","8":"pa_ewd_uwcf_colors-pinkki","9":"pa_ewd_uwcf_sizes-36-fi","10":"pa_ewd_uwcf_sizes-38-fi","11":"pa_ewd_uwcf_sizes-40-fi","12":"pa_ewd_uwcf_sizes-42-fi","13":"pa_ewd_uwcf_sizes-44-fi","14":"pa_ewd_uwcf_sizes-46-fi","15":"pa_ewd_uwcf_sizes-48-fi","16":"pa_ewd_uwcf_sizes-50-fi","17":"pa_ewd_uwcf_sizes-52-fi","18":"pa_size-34-fi","19":"pa_size-36-fi","20":"pa_size-38-fi","21":"pa_size-40-fi","22":"pa_size-42-fi","23":"pa_size-44-fi","24":"pa_size-46-fi","25":"pa_size-48-fi","26":"pa_size-50-fi","27":"pa_size-52-fi","28":"pa_size-54-fi","29":"product_color-pink-fi","30":"product_size-36-fi","31":"product_size-38-fi","32":"product_size-40-fi","33":"product_size-42-fi","34":"product_size-44-fi","35":"product_size-46-fi","36":"product_size-48-fi","37":"product_size-50-fi","38":"product_size-52-fi","40":"first","41":"instock","42":"taxable","43":"shipping-taxable","44":"purchasable","45":"product-type-variable"},"acf":[],"yoast_head":"<!-- This site is optimized with the Yoast SEO plugin v27.4 - https:\/\/yoast.com\/product\/yoast-seo-wordpress\/ -->\n<title>FRIDA Trench \u2013 tikattu pitk\u00e4 trenssitakki hupulla, pinkki<\/title>\n<meta name=\"description\" content=\"Pinkki Frida Trench tikattu pitk\u00e4 takki on uusi hupullinen merimiestyylinen trenssitakki, jonka upeat pitk\u00e4t vetoketjut sivusaumoissa avautuvat halkioiksi.\" \/>\n<meta name=\"robots\" content=\"index, follow, max-snippet:-1, max-image-preview:large, max-video-preview:-1\" \/>\n<link rel=\"canonical\" href=\"https:\/\/believebytuularossi.com\/fi\/tuote\/frida-trench-tikattu-pitka-trenssitakki-hupulla-pinkki\/\" \/>\n<meta property=\"og:locale\" content=\"fi_FI\" \/>\n<meta property=\"og:type\" content=\"article\" \/>\n<meta property=\"og:title\" content=\"FRIDA Trench - tikattu pitk\u00e4 trenssitakki hupulla, pinkki\" \/>\n<meta property=\"og:description\" content=\"FRIDA Trench - tikattu musta pitk\u00e4 trenssitakki on uusi hupullinen merimiestyylinen trenssitakki, jonka upeat pitk\u00e4t vetoketjut sivusaumoissa avautuvat halkioiksi. Takki sopii syksyyn, talveen ja alkukev\u00e4\u00e4seen. T\u00e4m\u00e4 ylellinen, moderni pitk\u00e4 takki imartelee vartaloasi ja pinkki vari on loistava katseenvangitsija.\" \/>\n<meta property=\"og:url\" content=\"https:\/\/believebytuularossi.com\/fi\/tuote\/frida-trench-tikattu-pitka-trenssitakki-hupulla-pinkki\/\" \/>\n<meta property=\"og:site_name\" content=\"BELIEVE by tuula rossi\" \/>\n<meta property=\"article:publisher\" content=\"https:\/\/www.facebook.com\/believebytuularossi\/_gu3udgu0BZPTzcnU\" \/>\n<meta property=\"article:modified_time\" content=\"2023-09-15T04:27:41+00:00\" \/>\n<meta property=\"og:image\" content=\"https:\/\/believebytuularossi.com\/wp-content\/uploads\/2023\/09\/FRIDA-Trench-Pink-Quilted-Long-Coat-with-hood-right-side.jpg\" \/>\n\t<meta property=\"og:image:width\" content=\"768\" \/>\n\t<meta property=\"og:image:height\" content=\"1024\" \/>\n\t<meta property=\"og:image:type\" content=\"image\/jpeg\" \/>\n<meta name=\"twitter:card\" content=\"summary_large_image\" \/>\n<meta name=\"twitter:title\" content=\"FRIDA Trench - tikattu pitk\u00e4 trenssitakki hupulla, pinkki\" \/>\n<meta name=\"twitter:description\" content=\"FRIDA Trench - tikattu musta pitk\u00e4 trenssitakki on uusi hupullinen merimiestyylinen trenssitakki, jonka upeat pitk\u00e4t vetoketjut sivusaumoissa avautuvat halkioiksi. Takki sopii syksyyn, talveen ja alkukev\u00e4\u00e4seen. T\u00e4m\u00e4 ylellinen, moderni pitk\u00e4 takki imartelee vartaloasi ja pinkki vari on loistava katseenvangitsija.\" \/>\n<meta name=\"twitter:image\" content=\"https:\/\/believebytuularossi.com\/wp-content\/uploads\/2023\/09\/FRIDA-Trench-Pink-Quilted-Long-Coat-with-hood-right-side.jpg\" \/>\n<meta name=\"twitter:label1\" content=\"Arvioitu lukuaika\" \/>\n\t<meta name=\"twitter:data1\" content=\"1 minuutti\" \/>\n<script type=\"application\/ld+json\" class=\"yoast-schema-graph\">{\"@context\":\"https:\\\/\\\/schema.org\",\"@graph\":[{\"@type\":[\"WebPage\",\"ItemPage\"],\"@id\":\"https:\\\/\\\/believebytuularossi.com\\\/fi\\\/tuote\\\/frida-trench-tikattu-pitka-trenssitakki-hupulla-pinkki\\\/\",\"url\":\"https:\\\/\\\/believebytuularossi.com\\\/fi\\\/tuote\\\/frida-trench-tikattu-pitka-trenssitakki-hupulla-pinkki\\\/\",\"name\":\"FRIDA Trench \u2013 tikattu pitk\u00e4 trenssitakki hupulla, pinkki\",\"isPartOf\":{\"@id\":\"https:\\\/\\\/believebytuularossi.com\\\/fi\\\/#website\"},\"primaryImageOfPage\":{\"@id\":\"https:\\\/\\\/believebytuularossi.com\\\/fi\\\/tuote\\\/frida-trench-tikattu-pitka-trenssitakki-hupulla-pinkki\\\/#primaryimage\"},\"image\":{\"@id\":\"https:\\\/\\\/believebytuularossi.com\\\/fi\\\/tuote\\\/frida-trench-tikattu-pitka-trenssitakki-hupulla-pinkki\\\/#primaryimage\"},\"thumbnailUrl\":\"https:\\\/\\\/believebytuularossi.com\\\/wp-content\\\/uploads\\\/2023\\\/09\\\/FRIDA-Trench-Pink-Quilted-Long-Coat-with-hood-front.jpg\",\"datePublished\":\"2023-09-15T03:56:50+00:00\",\"dateModified\":\"2023-09-15T04:27:41+00:00\",\"description\":\"Pinkki Frida Trench tikattu pitk\u00e4 takki on uusi hupullinen merimiestyylinen trenssitakki, jonka upeat pitk\u00e4t vetoketjut sivusaumoissa avautuvat halkioiksi.\",\"breadcrumb\":{\"@id\":\"https:\\\/\\\/believebytuularossi.com\\\/fi\\\/tuote\\\/frida-trench-tikattu-pitka-trenssitakki-hupulla-pinkki\\\/#breadcrumb\"},\"inLanguage\":\"fi\",\"potentialAction\":[{\"@type\":\"ReadAction\",\"target\":[\"https:\\\/\\\/believebytuularossi.com\\\/fi\\\/tuote\\\/frida-trench-tikattu-pitka-trenssitakki-hupulla-pinkki\\\/\"]}]},{\"@type\":\"ImageObject\",\"inLanguage\":\"fi\",\"@id\":\"https:\\\/\\\/believebytuularossi.com\\\/fi\\\/tuote\\\/frida-trench-tikattu-pitka-trenssitakki-hupulla-pinkki\\\/#primaryimage\",\"url\":\"https:\\\/\\\/believebytuularossi.com\\\/wp-content\\\/uploads\\\/2023\\\/09\\\/FRIDA-Trench-Pink-Quilted-Long-Coat-with-hood-front.jpg\",\"contentUrl\":\"https:\\\/\\\/believebytuularossi.com\\\/wp-content\\\/uploads\\\/2023\\\/09\\\/FRIDA-Trench-Pink-Quilted-Long-Coat-with-hood-front.jpg\",\"width\":768,\"height\":1024},{\"@type\":\"BreadcrumbList\",\"@id\":\"https:\\\/\\\/believebytuularossi.com\\\/fi\\\/tuote\\\/frida-trench-tikattu-pitka-trenssitakki-hupulla-pinkki\\\/#breadcrumb\",\"itemListElement\":[{\"@type\":\"ListItem\",\"position\":1,\"name\":\"Home\",\"item\":\"https:\\\/\\\/believebytuularossi.com\\\/fi\\\/\"},{\"@type\":\"ListItem\",\"position\":2,\"name\":\"Shop\",\"item\":\"https:\\\/\\\/believebytuularossi.com\\\/shop\\\/\"},{\"@type\":\"ListItem\",\"position\":3,\"name\":\"FRIDA Trench \u2013 tikattu pitk\u00e4 trenssitakki hupulla, pinkki\"}]},{\"@type\":\"WebSite\",\"@id\":\"https:\\\/\\\/believebytuularossi.com\\\/fi\\\/#website\",\"url\":\"https:\\\/\\\/believebytuularossi.com\\\/fi\\\/\",\"name\":\"BELIEVE by tuula rossi\",\"description\":\"A unique, luxurious, original outerwear collection created by passion and love for today\u2019s fashionable woman and her desire for timeless style.          Perfect fit for the modern, feminine woman of any age.\",\"publisher\":{\"@id\":\"https:\\\/\\\/believebytuularossi.com\\\/fi\\\/#organization\"},\"potentialAction\":[{\"@type\":\"SearchAction\",\"target\":{\"@type\":\"EntryPoint\",\"urlTemplate\":\"https:\\\/\\\/believebytuularossi.com\\\/fi\\\/?s={search_term_string}\"},\"query-input\":{\"@type\":\"PropertyValueSpecification\",\"valueRequired\":true,\"valueName\":\"search_term_string\"}}],\"inLanguage\":\"fi\"},{\"@type\":\"Organization\",\"@id\":\"https:\\\/\\\/believebytuularossi.com\\\/fi\\\/#organization\",\"name\":\"BELIEVE by tuula rossi\",\"url\":\"https:\\\/\\\/believebytuularossi.com\\\/fi\\\/\",\"logo\":{\"@type\":\"ImageObject\",\"inLanguage\":\"fi\",\"@id\":\"https:\\\/\\\/believebytuularossi.com\\\/fi\\\/#\\\/schema\\\/logo\\\/image\\\/\",\"url\":\"https:\\\/\\\/believebytuularossi.com\\\/wp-content\\\/uploads\\\/2018\\\/08\\\/rossi-logo_new.png\",\"contentUrl\":\"https:\\\/\\\/believebytuularossi.com\\\/wp-content\\\/uploads\\\/2018\\\/08\\\/rossi-logo_new.png\",\"width\":300,\"height\":143,\"caption\":\"BELIEVE by tuula rossi\"},\"image\":{\"@id\":\"https:\\\/\\\/believebytuularossi.com\\\/fi\\\/#\\\/schema\\\/logo\\\/image\\\/\"},\"sameAs\":[\"https:\\\/\\\/www.facebook.com\\\/believebytuularossi\\\/_gu3udgu0BZPTzcnU\",\"https:\\\/\\\/www.instagram.com\\\/believebytuularossi\\\/\",\"https:\\\/\\\/www.pinterest.com\\\/believebytuularossi\\\/\"]}]}<\/script>\n<!-- \/ Yoast SEO plugin. -->","yoast_head_json":{"title":"FRIDA Trench \u2013 tikattu pitk\u00e4 trenssitakki hupulla, pinkki","description":"Pinkki Frida Trench tikattu pitk\u00e4 takki on uusi hupullinen merimiestyylinen trenssitakki, jonka upeat pitk\u00e4t vetoketjut sivusaumoissa avautuvat halkioiksi.","robots":{"index":"index","follow":"follow","max-snippet":"max-snippet:-1","max-image-preview":"max-image-preview:large","max-video-preview":"max-video-preview:-1"},"canonical":"https:\/\/believebytuularossi.com\/fi\/tuote\/frida-trench-tikattu-pitka-trenssitakki-hupulla-pinkki\/","og_locale":"fi_FI","og_type":"article","og_title":"FRIDA Trench - tikattu pitk\u00e4 trenssitakki hupulla, pinkki","og_description":"FRIDA Trench - tikattu musta pitk\u00e4 trenssitakki on uusi hupullinen merimiestyylinen trenssitakki, jonka upeat pitk\u00e4t vetoketjut sivusaumoissa avautuvat halkioiksi. Takki sopii syksyyn, talveen ja alkukev\u00e4\u00e4seen. T\u00e4m\u00e4 ylellinen, moderni pitk\u00e4 takki imartelee vartaloasi ja pinkki vari on loistava katseenvangitsija.","og_url":"https:\/\/believebytuularossi.com\/fi\/tuote\/frida-trench-tikattu-pitka-trenssitakki-hupulla-pinkki\/","og_site_name":"BELIEVE by tuula rossi","article_publisher":"https:\/\/www.facebook.com\/believebytuularossi\/_gu3udgu0BZPTzcnU","article_modified_time":"2023-09-15T04:27:41+00:00","og_image":[{"width":768,"height":1024,"url":"https:\/\/believebytuularossi.com\/wp-content\/uploads\/2023\/09\/FRIDA-Trench-Pink-Quilted-Long-Coat-with-hood-right-side.jpg","type":"image\/jpeg"}],"twitter_card":"summary_large_image","twitter_title":"FRIDA Trench - tikattu pitk\u00e4 trenssitakki hupulla, pinkki","twitter_description":"FRIDA Trench - tikattu musta pitk\u00e4 trenssitakki on uusi hupullinen merimiestyylinen trenssitakki, jonka upeat pitk\u00e4t vetoketjut sivusaumoissa avautuvat halkioiksi. Takki sopii syksyyn, talveen ja alkukev\u00e4\u00e4seen. T\u00e4m\u00e4 ylellinen, moderni pitk\u00e4 takki imartelee vartaloasi ja pinkki vari on loistava katseenvangitsija.","twitter_image":"https:\/\/believebytuularossi.com\/wp-content\/uploads\/2023\/09\/FRIDA-Trench-Pink-Quilted-Long-Coat-with-hood-right-side.jpg","twitter_misc":{"Arvioitu lukuaika":"1 minuutti"},"schema":{"@context":"https:\/\/schema.org","@graph":[{"@type":["WebPage","ItemPage"],"@id":"https:\/\/believebytuularossi.com\/fi\/tuote\/frida-trench-tikattu-pitka-trenssitakki-hupulla-pinkki\/","url":"https:\/\/believebytuularossi.com\/fi\/tuote\/frida-trench-tikattu-pitka-trenssitakki-hupulla-pinkki\/","name":"FRIDA Trench \u2013 tikattu pitk\u00e4 trenssitakki hupulla, pinkki","isPartOf":{"@id":"https:\/\/believebytuularossi.com\/fi\/#website"},"primaryImageOfPage":{"@id":"https:\/\/believebytuularossi.com\/fi\/tuote\/frida-trench-tikattu-pitka-trenssitakki-hupulla-pinkki\/#primaryimage"},"image":{"@id":"https:\/\/believebytuularossi.com\/fi\/tuote\/frida-trench-tikattu-pitka-trenssitakki-hupulla-pinkki\/#primaryimage"},"thumbnailUrl":"https:\/\/believebytuularossi.com\/wp-content\/uploads\/2023\/09\/FRIDA-Trench-Pink-Quilted-Long-Coat-with-hood-front.jpg","datePublished":"2023-09-15T03:56:50+00:00","dateModified":"2023-09-15T04:27:41+00:00","description":"Pinkki Frida Trench tikattu pitk\u00e4 takki on uusi hupullinen merimiestyylinen trenssitakki, jonka upeat pitk\u00e4t vetoketjut sivusaumoissa avautuvat halkioiksi.","breadcrumb":{"@id":"https:\/\/believebytuularossi.com\/fi\/tuote\/frida-trench-tikattu-pitka-trenssitakki-hupulla-pinkki\/#breadcrumb"},"inLanguage":"fi","potentialAction":[{"@type":"ReadAction","target":["https:\/\/believebytuularossi.com\/fi\/tuote\/frida-trench-tikattu-pitka-trenssitakki-hupulla-pinkki\/"]}]},{"@type":"ImageObject","inLanguage":"fi","@id":"https:\/\/believebytuularossi.com\/fi\/tuote\/frida-trench-tikattu-pitka-trenssitakki-hupulla-pinkki\/#primaryimage","url":"https:\/\/believebytuularossi.com\/wp-content\/uploads\/2023\/09\/FRIDA-Trench-Pink-Quilted-Long-Coat-with-hood-front.jpg","contentUrl":"https:\/\/believebytuularossi.com\/wp-content\/uploads\/2023\/09\/FRIDA-Trench-Pink-Quilted-Long-Coat-with-hood-front.jpg","width":768,"height":1024},{"@type":"BreadcrumbList","@id":"https:\/\/believebytuularossi.com\/fi\/tuote\/frida-trench-tikattu-pitka-trenssitakki-hupulla-pinkki\/#breadcrumb","itemListElement":[{"@type":"ListItem","position":1,"name":"Home","item":"https:\/\/believebytuularossi.com\/fi\/"},{"@type":"ListItem","position":2,"name":"Shop","item":"https:\/\/believebytuularossi.com\/shop\/"},{"@type":"ListItem","position":3,"name":"FRIDA Trench \u2013 tikattu pitk\u00e4 trenssitakki hupulla, pinkki"}]},{"@type":"WebSite","@id":"https:\/\/believebytuularossi.com\/fi\/#website","url":"https:\/\/believebytuularossi.com\/fi\/","name":"BELIEVE by tuula rossi","description":"A unique, luxurious, original outerwear collection created by passion and love for today\u2019s fashionable woman and her desire for timeless style.          Perfect fit for the modern, feminine woman of any age.","publisher":{"@id":"https:\/\/believebytuularossi.com\/fi\/#organization"},"potentialAction":[{"@type":"SearchAction","target":{"@type":"EntryPoint","urlTemplate":"https:\/\/believebytuularossi.com\/fi\/?s={search_term_string}"},"query-input":{"@type":"PropertyValueSpecification","valueRequired":true,"valueName":"search_term_string"}}],"inLanguage":"fi"},{"@type":"Organization","@id":"https:\/\/believebytuularossi.com\/fi\/#organization","name":"BELIEVE by tuula rossi","url":"https:\/\/believebytuularossi.com\/fi\/","logo":{"@type":"ImageObject","inLanguage":"fi","@id":"https:\/\/believebytuularossi.com\/fi\/#\/schema\/logo\/image\/","url":"https:\/\/believebytuularossi.com\/wp-content\/uploads\/2018\/08\/rossi-logo_new.png","contentUrl":"https:\/\/believebytuularossi.com\/wp-content\/uploads\/2018\/08\/rossi-logo_new.png","width":300,"height":143,"caption":"BELIEVE by tuula rossi"},"image":{"@id":"https:\/\/believebytuularossi.com\/fi\/#\/schema\/logo\/image\/"},"sameAs":["https:\/\/www.facebook.com\/believebytuularossi\/_gu3udgu0BZPTzcnU","https:\/\/www.instagram.com\/believebytuularossi\/","https:\/\/www.pinterest.com\/believebytuularossi\/"]}]}},"_links":{"self":[{"href":"https:\/\/believebytuularossi.com\/fi\/wp-json\/wp\/v2\/product\/18782","targetHints":{"allow":["GET"]}}],"collection":[{"href":"https:\/\/believebytuularossi.com\/fi\/wp-json\/wp\/v2\/product"}],"about":[{"href":"https:\/\/believebytuularossi.com\/fi\/wp-json\/wp\/v2\/types\/product"}],"wp:featuredmedia":[{"embeddable":true,"href":"https:\/\/believebytuularossi.com\/fi\/wp-json\/wp\/v2\/media\/18807"}],"wp:attachment":[{"href":"https:\/\/believebytuularossi.com\/fi\/wp-json\/wp\/v2\/media?parent=18782"}],"wp:term":[{"taxonomy":"product_brand","embeddable":true,"href":"https:\/\/believebytuularossi.com\/fi\/wp-json\/wp\/v2\/product_brand?post=18782"},{"taxonomy":"product_cat","embeddable":true,"href":"https:\/\/believebytuularossi.com\/fi\/wp-json\/wp\/v2\/product_cat?post=18782"},{"taxonomy":"product_tag","embeddable":true,"href":"https:\/\/believebytuularossi.com\/fi\/wp-json\/wp\/v2\/product_tag?post=18782"}],"curies":[{"name":"wp","href":"https:\/\/api.w.org\/{rel}","templated":true}]}}