{"id":18895,"date":"2023-09-20T10:40:35","date_gmt":"2023-09-20T08:40:30","guid":{"rendered":"https:\/\/believebytuularossi.com\/?post_type=product&#038;p=18895"},"modified":"2023-09-20T12:17:40","modified_gmt":"2023-09-20T10:17:40","slug":"melanie-tikattu-takki-korkealla-kauluksella-ja-irrotettavalla-hupulla-kultainen-pronssi","status":"publish","type":"product","link":"https:\/\/believebytuularossi.com\/fi\/tuote\/melanie-tikattu-takki-korkealla-kauluksella-ja-irrotettavalla-hupulla-kultainen-pronssi\/","title":{"rendered":"Melanie \u2013 tikattu takki korkealla kauluksella ja hupulla, kultainen pronssi"},"content":{"rendered":"<p>66<\/p>\n","protected":false},"excerpt":{"rendered":"<p style=\"font-weight: 400;\">MELANIE-takissa on katseenvangitsijana upea Kultainen Pronssi -v\u00e4ri ja h\u00e4mm\u00e4stytt\u00e4v\u00e4 naisellinen muoto saa sinut tuntemaan olosi fantastiseksi. T\u00e4m\u00e4 ylellinen takki imartelee vartaloasi kaikissa koossa ja se on suunniteltu istumaan t\u00e4ydellisesti jokaisen naisen p\u00e4\u00e4lle. Takki on valmistettu kauniista hoikentavasta Fields -tikkikankaasta. Inspiraatio kuosiin syntyi katseltaessa alas pelloille korkealta taivaalta. Materiaali on vett\u00e4 hylkiv\u00e4\u00e4 ja hengitt\u00e4v\u00e4\u00e4. Tyylik\u00e4s korkea kaulus ja leve\u00e4 helma ovat s\u00e4\u00e4dett\u00e4v\u00e4t joustavalla kiristysny\u00f6rill\u00e4. Kaunis 2-suuntainen vetoketju kiinnitt\u00e4\u00e4 takin sivussa. Hyvin istuva huppu on irrotettavissa painonapeilla. Taskut avautuvat 2-suuntaisilla vetoketjuilla.<\/p>\n<p style=\"font-weight: 400;\">T\u00e4m\u00e4 ylellinen ja ihanasti istuva MELANIE-takki n\u00e4ytt\u00e4\u00e4 upealta p\u00e4\u00e4ll\u00e4si! Katso videoesitys <a href=\"https:\/\/youtu.be\/60rNbvn-8qs\" target=\"_blank\" rel=\"noopener\">t\u00e4st\u00e4<\/a>.<\/p>\n<p style=\"font-weight: 400;\">MELANIE takin hihan pituus on hieman tavallista pidempi. Joustavat hihansuut takaavat t\u00e4ydellisen pituuden kaikille.<\/p>\n<p style=\"font-weight: 400;\"><span style=\"font-size: 14.4px;\">MELANIE tikkitakki on saatavilla my\u00f6s <a href=\"https:\/\/believebytuularossi.com\/fi\/tuote\/melanie-tikattu-takki-korkealla-kauluksella-ja-irrotettavalla-hupulla-musta\/\">mustana<\/a> ja <a href=\"https:\/\/believebytuularossi.com\/fi\/tuote\/melanie-tikattu-takki-korkealla-kauluksella-ja-hupulla-pastellin-vaaleanpunainen\/\">puuterin vaaleanpunaisena<\/a><\/span><span style=\"font-size: 14.4px;\">.\u00a0<\/span><\/p>\n","protected":false},"featured_media":18928,"template":"","meta":{"_acf_changed":false},"product_brand":[],"product_cat":[131,130],"product_tag":[],"class_list":{"0":"post-18895","1":"product","2":"type-product","3":"status-publish","4":"has-post-thumbnail","6":"product_cat-kevattakit-kesatakit-valisesonkitakit","7":"product_cat-syksytakit-talvitakit","8":"pa_ewd_uwcf_sizes-34-fi","9":"pa_size-34-fi","10":"pa_size-36-fi","11":"pa_size-38-fi","12":"pa_size-40-fi","13":"pa_size-42-fi","14":"pa_size-44-fi","15":"pa_size-46-fi","16":"pa_size-48-fi","17":"pa_size-50-fi","18":"pa_size-52-fi","19":"pa_size-54-fi","20":"product_color-brown","21":"product_size-34-fi","22":"product_size-36-fi","23":"product_size-38-fi","24":"product_size-40-fi","25":"product_size-42-fi","26":"product_size-44-fi","27":"product_size-46-fi","28":"product_size-48-fi","29":"product_size-50-fi","30":"product_size-52-fi","31":"product_size-54-fi","33":"first","34":"instock","35":"taxable","36":"shipping-taxable","37":"purchasable","38":"product-type-variable"},"acf":[],"yoast_head":"<!-- This site is optimized with the Yoast SEO plugin v27.5 - https:\/\/yoast.com\/product\/yoast-seo-wordpress\/ -->\n<title>Melanie \u2013 tikattu takki korkealla kauluksella, kultainen pronssi<\/title>\n<meta name=\"description\" content=\"Melanie \u2013 tikattu takki korkealla kauluksella ja irrotettavalla hupulla, kultainen pronssi: Takin naisellinen muoto imartelee jokaisen naisen vartaloa.\" \/>\n<meta name=\"robots\" content=\"index, follow, max-snippet:-1, max-image-preview:large, max-video-preview:-1\" \/>\n<link rel=\"canonical\" href=\"https:\/\/believebytuularossi.com\/fi\/tuote\/melanie-tikattu-takki-korkealla-kauluksella-ja-irrotettavalla-hupulla-kultainen-pronssi\/\" \/>\n<meta property=\"og:locale\" content=\"fi_FI\" \/>\n<meta property=\"og:type\" content=\"article\" \/>\n<meta property=\"og:title\" content=\"MELANIE \u2013 tikattu takki korkealla kauluksella ja hupulla, Kultainen Pronssi\" \/>\n<meta property=\"og:description\" content=\"Melanie tikattu takki on ylellinen. T\u00e4ss\u00e4 upeassa takissa on s\u00e4\u00e4dett\u00e4v\u00e4 korkea kaulus ja leve\u00e4 helma. Fields tikattu materiaali saa sinut n\u00e4ytt\u00e4m\u00e4\u00e4n hoikalta. Takin naisellinen muoto imartelee jokaisen naisen vartaloa. Kultaisen pronssin v\u00e4ri on takin katseenvangitsijana.\" \/>\n<meta property=\"og:url\" content=\"https:\/\/believebytuularossi.com\/fi\/tuote\/melanie-tikattu-takki-korkealla-kauluksella-ja-irrotettavalla-hupulla-kultainen-pronssi\/\" \/>\n<meta property=\"og:site_name\" content=\"BELIEVE by tuula rossi\" \/>\n<meta property=\"article:publisher\" content=\"https:\/\/www.facebook.com\/believebytuularossi\/_gu3udgu0BZPTzcnU\" \/>\n<meta property=\"article:modified_time\" content=\"2023-09-20T10:17:40+00:00\" \/>\n<meta property=\"og:image\" content=\"https:\/\/believebytuularossi.com\/wp-content\/uploads\/2023\/09\/PDV4632-scaled.jpg\" \/>\n\t<meta property=\"og:image:width\" content=\"1707\" \/>\n\t<meta property=\"og:image:height\" content=\"2560\" \/>\n\t<meta property=\"og:image:type\" content=\"image\/jpeg\" \/>\n<meta name=\"twitter:card\" content=\"summary_large_image\" \/>\n<meta name=\"twitter:title\" content=\"Melanie \u2013 tikattu takki korkealla kauluksella ja hupulla, Kultainen Pronssi\" \/>\n<meta name=\"twitter:description\" content=\"Melanie tikattu takki on ylellinen. T\u00e4ss\u00e4 upeassa takissa on s\u00e4\u00e4dett\u00e4v\u00e4 korkea kaulus ja leve\u00e4 helma. Fields tikattu materiaali saa sinut n\u00e4ytt\u00e4m\u00e4\u00e4n hoikalta. Takin naisellinen muoto imartelee jokaisen naisen vartaloa. Kultaisen pronssin v\u00e4ri on takin katseenvangitsijana.\" \/>\n<meta name=\"twitter:image\" content=\"https:\/\/believebytuularossi.com\/wp-content\/uploads\/2023\/09\/PDV4632-scaled.jpg\" \/>\n<meta name=\"twitter:label1\" content=\"Arvioitu lukuaika\" \/>\n\t<meta name=\"twitter:data1\" content=\"1 minuutti\" \/>\n<script type=\"application\/ld+json\" class=\"yoast-schema-graph\">{\"@context\":\"https:\\\/\\\/schema.org\",\"@graph\":[{\"@type\":[\"WebPage\",\"ItemPage\"],\"@id\":\"https:\\\/\\\/believebytuularossi.com\\\/fi\\\/tuote\\\/melanie-tikattu-takki-korkealla-kauluksella-ja-irrotettavalla-hupulla-kultainen-pronssi\\\/\",\"url\":\"https:\\\/\\\/believebytuularossi.com\\\/fi\\\/tuote\\\/melanie-tikattu-takki-korkealla-kauluksella-ja-irrotettavalla-hupulla-kultainen-pronssi\\\/\",\"name\":\"Melanie \u2013 tikattu takki korkealla kauluksella, kultainen pronssi\",\"isPartOf\":{\"@id\":\"https:\\\/\\\/believebytuularossi.com\\\/fi\\\/#website\"},\"primaryImageOfPage\":{\"@id\":\"https:\\\/\\\/believebytuularossi.com\\\/fi\\\/tuote\\\/melanie-tikattu-takki-korkealla-kauluksella-ja-irrotettavalla-hupulla-kultainen-pronssi\\\/#primaryimage\"},\"image\":{\"@id\":\"https:\\\/\\\/believebytuularossi.com\\\/fi\\\/tuote\\\/melanie-tikattu-takki-korkealla-kauluksella-ja-irrotettavalla-hupulla-kultainen-pronssi\\\/#primaryimage\"},\"thumbnailUrl\":\"https:\\\/\\\/believebytuularossi.com\\\/wp-content\\\/uploads\\\/2023\\\/09\\\/PDV4626-scaled.jpg\",\"datePublished\":\"2023-09-20T08:40:30+00:00\",\"dateModified\":\"2023-09-20T10:17:40+00:00\",\"description\":\"Melanie \u2013 tikattu takki korkealla kauluksella ja irrotettavalla hupulla, kultainen pronssi: Takin naisellinen muoto imartelee jokaisen naisen vartaloa.\",\"breadcrumb\":{\"@id\":\"https:\\\/\\\/believebytuularossi.com\\\/fi\\\/tuote\\\/melanie-tikattu-takki-korkealla-kauluksella-ja-irrotettavalla-hupulla-kultainen-pronssi\\\/#breadcrumb\"},\"inLanguage\":\"fi\",\"potentialAction\":[{\"@type\":\"ReadAction\",\"target\":[\"https:\\\/\\\/believebytuularossi.com\\\/fi\\\/tuote\\\/melanie-tikattu-takki-korkealla-kauluksella-ja-irrotettavalla-hupulla-kultainen-pronssi\\\/\"]}]},{\"@type\":\"ImageObject\",\"inLanguage\":\"fi\",\"@id\":\"https:\\\/\\\/believebytuularossi.com\\\/fi\\\/tuote\\\/melanie-tikattu-takki-korkealla-kauluksella-ja-irrotettavalla-hupulla-kultainen-pronssi\\\/#primaryimage\",\"url\":\"https:\\\/\\\/believebytuularossi.com\\\/wp-content\\\/uploads\\\/2023\\\/09\\\/PDV4626-scaled.jpg\",\"contentUrl\":\"https:\\\/\\\/believebytuularossi.com\\\/wp-content\\\/uploads\\\/2023\\\/09\\\/PDV4626-scaled.jpg\",\"width\":1707,\"height\":2560,\"caption\":\"MELANIE, Golden Bronze Fields Quilted Coat with High Collar and Detachable Hood detached hood on zipper open\"},{\"@type\":\"BreadcrumbList\",\"@id\":\"https:\\\/\\\/believebytuularossi.com\\\/fi\\\/tuote\\\/melanie-tikattu-takki-korkealla-kauluksella-ja-irrotettavalla-hupulla-kultainen-pronssi\\\/#breadcrumb\",\"itemListElement\":[{\"@type\":\"ListItem\",\"position\":1,\"name\":\"Home\",\"item\":\"https:\\\/\\\/believebytuularossi.com\\\/fi\\\/\"},{\"@type\":\"ListItem\",\"position\":2,\"name\":\"Shop\",\"item\":\"https:\\\/\\\/believebytuularossi.com\\\/shop\\\/\"},{\"@type\":\"ListItem\",\"position\":3,\"name\":\"Melanie \u2013 tikattu takki korkealla kauluksella ja hupulla, kultainen pronssi\"}]},{\"@type\":\"WebSite\",\"@id\":\"https:\\\/\\\/believebytuularossi.com\\\/fi\\\/#website\",\"url\":\"https:\\\/\\\/believebytuularossi.com\\\/fi\\\/\",\"name\":\"BELIEVE by tuula rossi\",\"description\":\"A unique, luxurious, original outerwear collection created by passion and love for today\u2019s fashionable woman and her desire for timeless style.          Perfect fit for the modern, feminine woman of any age.\",\"publisher\":{\"@id\":\"https:\\\/\\\/believebytuularossi.com\\\/fi\\\/#organization\"},\"potentialAction\":[{\"@type\":\"SearchAction\",\"target\":{\"@type\":\"EntryPoint\",\"urlTemplate\":\"https:\\\/\\\/believebytuularossi.com\\\/fi\\\/?s={search_term_string}\"},\"query-input\":{\"@type\":\"PropertyValueSpecification\",\"valueRequired\":true,\"valueName\":\"search_term_string\"}}],\"inLanguage\":\"fi\"},{\"@type\":\"Organization\",\"@id\":\"https:\\\/\\\/believebytuularossi.com\\\/fi\\\/#organization\",\"name\":\"BELIEVE by tuula rossi\",\"url\":\"https:\\\/\\\/believebytuularossi.com\\\/fi\\\/\",\"logo\":{\"@type\":\"ImageObject\",\"inLanguage\":\"fi\",\"@id\":\"https:\\\/\\\/believebytuularossi.com\\\/fi\\\/#\\\/schema\\\/logo\\\/image\\\/\",\"url\":\"https:\\\/\\\/believebytuularossi.com\\\/wp-content\\\/uploads\\\/2018\\\/08\\\/rossi-logo_new.png\",\"contentUrl\":\"https:\\\/\\\/believebytuularossi.com\\\/wp-content\\\/uploads\\\/2018\\\/08\\\/rossi-logo_new.png\",\"width\":300,\"height\":143,\"caption\":\"BELIEVE by tuula rossi\"},\"image\":{\"@id\":\"https:\\\/\\\/believebytuularossi.com\\\/fi\\\/#\\\/schema\\\/logo\\\/image\\\/\"},\"sameAs\":[\"https:\\\/\\\/www.facebook.com\\\/believebytuularossi\\\/_gu3udgu0BZPTzcnU\",\"https:\\\/\\\/www.instagram.com\\\/believebytuularossi\\\/\",\"https:\\\/\\\/www.pinterest.com\\\/believebytuularossi\\\/\"]}]}<\/script>\n<!-- \/ Yoast SEO plugin. -->","yoast_head_json":{"title":"Melanie \u2013 tikattu takki korkealla kauluksella, kultainen pronssi","description":"Melanie \u2013 tikattu takki korkealla kauluksella ja irrotettavalla hupulla, kultainen pronssi: Takin naisellinen muoto imartelee jokaisen naisen vartaloa.","robots":{"index":"index","follow":"follow","max-snippet":"max-snippet:-1","max-image-preview":"max-image-preview:large","max-video-preview":"max-video-preview:-1"},"canonical":"https:\/\/believebytuularossi.com\/fi\/tuote\/melanie-tikattu-takki-korkealla-kauluksella-ja-irrotettavalla-hupulla-kultainen-pronssi\/","og_locale":"fi_FI","og_type":"article","og_title":"MELANIE \u2013 tikattu takki korkealla kauluksella ja hupulla, Kultainen Pronssi","og_description":"Melanie tikattu takki on ylellinen. T\u00e4ss\u00e4 upeassa takissa on s\u00e4\u00e4dett\u00e4v\u00e4 korkea kaulus ja leve\u00e4 helma. Fields tikattu materiaali saa sinut n\u00e4ytt\u00e4m\u00e4\u00e4n hoikalta. Takin naisellinen muoto imartelee jokaisen naisen vartaloa. Kultaisen pronssin v\u00e4ri on takin katseenvangitsijana.","og_url":"https:\/\/believebytuularossi.com\/fi\/tuote\/melanie-tikattu-takki-korkealla-kauluksella-ja-irrotettavalla-hupulla-kultainen-pronssi\/","og_site_name":"BELIEVE by tuula rossi","article_publisher":"https:\/\/www.facebook.com\/believebytuularossi\/_gu3udgu0BZPTzcnU","article_modified_time":"2023-09-20T10:17:40+00:00","og_image":[{"width":1707,"height":2560,"url":"https:\/\/believebytuularossi.com\/wp-content\/uploads\/2023\/09\/PDV4632-scaled.jpg","type":"image\/jpeg"}],"twitter_card":"summary_large_image","twitter_title":"Melanie \u2013 tikattu takki korkealla kauluksella ja hupulla, Kultainen Pronssi","twitter_description":"Melanie tikattu takki on ylellinen. T\u00e4ss\u00e4 upeassa takissa on s\u00e4\u00e4dett\u00e4v\u00e4 korkea kaulus ja leve\u00e4 helma. Fields tikattu materiaali saa sinut n\u00e4ytt\u00e4m\u00e4\u00e4n hoikalta. Takin naisellinen muoto imartelee jokaisen naisen vartaloa. Kultaisen pronssin v\u00e4ri on takin katseenvangitsijana.","twitter_image":"https:\/\/believebytuularossi.com\/wp-content\/uploads\/2023\/09\/PDV4632-scaled.jpg","twitter_misc":{"Arvioitu lukuaika":"1 minuutti"},"schema":{"@context":"https:\/\/schema.org","@graph":[{"@type":["WebPage","ItemPage"],"@id":"https:\/\/believebytuularossi.com\/fi\/tuote\/melanie-tikattu-takki-korkealla-kauluksella-ja-irrotettavalla-hupulla-kultainen-pronssi\/","url":"https:\/\/believebytuularossi.com\/fi\/tuote\/melanie-tikattu-takki-korkealla-kauluksella-ja-irrotettavalla-hupulla-kultainen-pronssi\/","name":"Melanie \u2013 tikattu takki korkealla kauluksella, kultainen pronssi","isPartOf":{"@id":"https:\/\/believebytuularossi.com\/fi\/#website"},"primaryImageOfPage":{"@id":"https:\/\/believebytuularossi.com\/fi\/tuote\/melanie-tikattu-takki-korkealla-kauluksella-ja-irrotettavalla-hupulla-kultainen-pronssi\/#primaryimage"},"image":{"@id":"https:\/\/believebytuularossi.com\/fi\/tuote\/melanie-tikattu-takki-korkealla-kauluksella-ja-irrotettavalla-hupulla-kultainen-pronssi\/#primaryimage"},"thumbnailUrl":"https:\/\/believebytuularossi.com\/wp-content\/uploads\/2023\/09\/PDV4626-scaled.jpg","datePublished":"2023-09-20T08:40:30+00:00","dateModified":"2023-09-20T10:17:40+00:00","description":"Melanie \u2013 tikattu takki korkealla kauluksella ja irrotettavalla hupulla, kultainen pronssi: Takin naisellinen muoto imartelee jokaisen naisen vartaloa.","breadcrumb":{"@id":"https:\/\/believebytuularossi.com\/fi\/tuote\/melanie-tikattu-takki-korkealla-kauluksella-ja-irrotettavalla-hupulla-kultainen-pronssi\/#breadcrumb"},"inLanguage":"fi","potentialAction":[{"@type":"ReadAction","target":["https:\/\/believebytuularossi.com\/fi\/tuote\/melanie-tikattu-takki-korkealla-kauluksella-ja-irrotettavalla-hupulla-kultainen-pronssi\/"]}]},{"@type":"ImageObject","inLanguage":"fi","@id":"https:\/\/believebytuularossi.com\/fi\/tuote\/melanie-tikattu-takki-korkealla-kauluksella-ja-irrotettavalla-hupulla-kultainen-pronssi\/#primaryimage","url":"https:\/\/believebytuularossi.com\/wp-content\/uploads\/2023\/09\/PDV4626-scaled.jpg","contentUrl":"https:\/\/believebytuularossi.com\/wp-content\/uploads\/2023\/09\/PDV4626-scaled.jpg","width":1707,"height":2560,"caption":"MELANIE, Golden Bronze Fields Quilted Coat with High Collar and Detachable Hood detached hood on zipper open"},{"@type":"BreadcrumbList","@id":"https:\/\/believebytuularossi.com\/fi\/tuote\/melanie-tikattu-takki-korkealla-kauluksella-ja-irrotettavalla-hupulla-kultainen-pronssi\/#breadcrumb","itemListElement":[{"@type":"ListItem","position":1,"name":"Home","item":"https:\/\/believebytuularossi.com\/fi\/"},{"@type":"ListItem","position":2,"name":"Shop","item":"https:\/\/believebytuularossi.com\/shop\/"},{"@type":"ListItem","position":3,"name":"Melanie \u2013 tikattu takki korkealla kauluksella ja hupulla, kultainen pronssi"}]},{"@type":"WebSite","@id":"https:\/\/believebytuularossi.com\/fi\/#website","url":"https:\/\/believebytuularossi.com\/fi\/","name":"BELIEVE by tuula rossi","description":"A unique, luxurious, original outerwear collection created by passion and love for today\u2019s fashionable woman and her desire for timeless style.          Perfect fit for the modern, feminine woman of any age.","publisher":{"@id":"https:\/\/believebytuularossi.com\/fi\/#organization"},"potentialAction":[{"@type":"SearchAction","target":{"@type":"EntryPoint","urlTemplate":"https:\/\/believebytuularossi.com\/fi\/?s={search_term_string}"},"query-input":{"@type":"PropertyValueSpecification","valueRequired":true,"valueName":"search_term_string"}}],"inLanguage":"fi"},{"@type":"Organization","@id":"https:\/\/believebytuularossi.com\/fi\/#organization","name":"BELIEVE by tuula rossi","url":"https:\/\/believebytuularossi.com\/fi\/","logo":{"@type":"ImageObject","inLanguage":"fi","@id":"https:\/\/believebytuularossi.com\/fi\/#\/schema\/logo\/image\/","url":"https:\/\/believebytuularossi.com\/wp-content\/uploads\/2018\/08\/rossi-logo_new.png","contentUrl":"https:\/\/believebytuularossi.com\/wp-content\/uploads\/2018\/08\/rossi-logo_new.png","width":300,"height":143,"caption":"BELIEVE by tuula rossi"},"image":{"@id":"https:\/\/believebytuularossi.com\/fi\/#\/schema\/logo\/image\/"},"sameAs":["https:\/\/www.facebook.com\/believebytuularossi\/_gu3udgu0BZPTzcnU","https:\/\/www.instagram.com\/believebytuularossi\/","https:\/\/www.pinterest.com\/believebytuularossi\/"]}]}},"_links":{"self":[{"href":"https:\/\/believebytuularossi.com\/fi\/wp-json\/wp\/v2\/product\/18895","targetHints":{"allow":["GET"]}}],"collection":[{"href":"https:\/\/believebytuularossi.com\/fi\/wp-json\/wp\/v2\/product"}],"about":[{"href":"https:\/\/believebytuularossi.com\/fi\/wp-json\/wp\/v2\/types\/product"}],"wp:featuredmedia":[{"embeddable":true,"href":"https:\/\/believebytuularossi.com\/fi\/wp-json\/wp\/v2\/media\/18928"}],"wp:attachment":[{"href":"https:\/\/believebytuularossi.com\/fi\/wp-json\/wp\/v2\/media?parent=18895"}],"wp:term":[{"taxonomy":"product_brand","embeddable":true,"href":"https:\/\/believebytuularossi.com\/fi\/wp-json\/wp\/v2\/product_brand?post=18895"},{"taxonomy":"product_cat","embeddable":true,"href":"https:\/\/believebytuularossi.com\/fi\/wp-json\/wp\/v2\/product_cat?post=18895"},{"taxonomy":"product_tag","embeddable":true,"href":"https:\/\/believebytuularossi.com\/fi\/wp-json\/wp\/v2\/product_tag?post=18895"}],"curies":[{"name":"wp","href":"https:\/\/api.w.org\/{rel}","templated":true}]}}