{"id":19067,"date":"2023-09-22T12:27:10","date_gmt":"2023-09-22T10:27:16","guid":{"rendered":"https:\/\/believebytuularossi.com\/?post_type=product&#038;p=19067"},"modified":"2023-09-22T13:09:54","modified_gmt":"2023-09-22T11:09:54","slug":"wilma-rose-garden-tikattu-takki-shaalikauluksella-ja-irrotettavalla-hupulla-musta","status":"publish","type":"product","link":"https:\/\/believebytuularossi.com\/fi\/tuote\/wilma-rose-garden-tikattu-takki-shaalikauluksella-ja-irrotettavalla-hupulla-musta\/","title":{"rendered":"Wilma &#8211; Rose Garden tikattu takki shaalikauluksella ja irrotettavalla hupulla, musta"},"content":{"rendered":"<p>66<\/p>\n","protected":false},"excerpt":{"rendered":"<p style=\"font-weight: 400;\">Wilma musta tikattu takki on tyylik\u00e4s. Ruusutarha on inspiraationa t\u00e4lle ylelliselle tikatulle materiaalille. Kaunis, naisellinen takin muoto on upea ja saa sinut tuntemaan olosi kuningattareksi. H\u00e4mm\u00e4stytt\u00e4v\u00e4ss\u00e4 materiaalissa on vett\u00e4 hylkiv\u00e4 viimeistely ja se hengitt\u00e4\u00e4. Keltainen vuori hihoissa tuo iloisen valon, auringon ja energian tunteen. Upea iso huivikaulus ja irrotettava huppu suojaavat sinua tuulelta. Kaulus ja eritt\u00e4in naisellinen, leve\u00e4 helma ovat s\u00e4\u00e4dett\u00e4viss\u00e4 joustavalla kiristysny\u00f6rill\u00e4. Kaunis 2-suuntainen vetoketju ja piilotetut painonapit kiinnitt\u00e4v\u00e4t takin. Taskut avautuvat 2-suuntaisilla vetoketjuilla.<\/p>\n<p style=\"font-weight: 400;\">Upea WILMA-takki imartelee vartaloasi kaikissa koossa ja se on suunniteltu istumaan t\u00e4ydellisesti jokaisen naisen p\u00e4\u00e4lle.<\/p>\n<p style=\"font-weight: 400;\">T\u00e4m\u00e4 ihana, katseenvangitsija ja kauniisti istuva WILMA-takki n\u00e4ytt\u00e4\u00e4 upealta p\u00e4\u00e4ll\u00e4si! Katso videoesitys <a href=\"https:\/\/youtube.com\/shorts\/FJ-DQxQMILE\" target=\"_blank\" rel=\"noopener\">t\u00e4st\u00e4<\/a>.<\/p>\n<p style=\"font-weight: 400;\">WILMA tikattu takin hihan pituus on hieman tavallista pidempi. Joustavat hihansuut takaavat t\u00e4ydellisen pituuden kaikille.<\/p>\n<p style=\"font-weight: 400;\"><span style=\"font-size: 14.4px;\">WILMA tikkitakki on my\u00f6s saatavilla <\/span><a href=\"https:\/\/believebytuularossi.com\/fi\/tuote\/wilma-rose-garden-tikattu-takki-shaalikauluksella-ja-irrotettavalla-hupulla-kermanvalkoinen\/\"><span style=\"font-size: 14.4px;\">kermanvalkoisena<\/span><\/a><span style=\"font-size: 14.4px;\">.<\/span><\/p>\n","protected":false},"featured_media":19084,"template":"","meta":{"_acf_changed":false},"product_brand":[],"product_cat":[131,130],"product_tag":[311],"class_list":{"0":"post-19067","1":"product","2":"type-product","3":"status-publish","4":"has-post-thumbnail","6":"product_cat-kevattakit-kesatakit-valisesonkitakit","7":"product_cat-syksytakit-talvitakit","8":"product_tag-rose-garden-fi","9":"pa_ewd_uwcf_colors-musta","10":"pa_ewd_uwcf_sizes-34-fi","11":"pa_ewd_uwcf_sizes-36-fi","12":"pa_ewd_uwcf_sizes-38-fi","13":"pa_ewd_uwcf_sizes-40-fi","14":"pa_ewd_uwcf_sizes-42-fi","15":"pa_ewd_uwcf_sizes-44-fi","16":"pa_ewd_uwcf_sizes-46-fi","17":"pa_ewd_uwcf_sizes-48-fi","18":"pa_ewd_uwcf_sizes-50-fi","19":"pa_ewd_uwcf_sizes-52-fi","20":"pa_ewd_uwcf_sizes-54-fi","21":"pa_size-34-fi","22":"pa_size-36-fi","23":"pa_size-38-fi","24":"pa_size-40-fi","25":"pa_size-42-fi","26":"pa_size-44-fi","27":"pa_size-46-fi","28":"pa_size-48-fi","29":"pa_size-50-fi","30":"pa_size-52-fi","31":"pa_size-54-fi","32":"product_color-black-fi","33":"product_size-34-fi","34":"product_size-36-fi","35":"product_size-38-fi","36":"product_size-40-fi","37":"product_size-42-fi","38":"product_size-44-fi","39":"product_size-46-fi","40":"product_size-48-fi","41":"product_size-50-fi","42":"product_size-52-fi","43":"product_size-54-fi","45":"first","46":"instock","47":"taxable","48":"shipping-taxable","49":"purchasable","50":"product-type-variable"},"acf":[],"yoast_head":"<!-- This site is optimized with the Yoast SEO plugin v27.5 - https:\/\/yoast.com\/product\/yoast-seo-wordpress\/ -->\n<title>Wilma - Rose Garden tikattu takki shaalikauluksella, musta<\/title>\n<meta name=\"description\" content=\"Wilma musta ruusutarha -kuosiin tikattu takki on tyylik\u00e4s ja siin\u00e4 on naisellinen helma. T\u00e4m\u00e4 takki saa naisen tuntemaan itsens\u00e4 kuningattareksi.\" \/>\n<meta name=\"robots\" content=\"index, follow, max-snippet:-1, max-image-preview:large, max-video-preview:-1\" \/>\n<link rel=\"canonical\" href=\"https:\/\/believebytuularossi.com\/fi\/tuote\/wilma-rose-garden-tikattu-takki-shaalikauluksella-ja-irrotettavalla-hupulla-musta\/\" \/>\n<meta property=\"og:locale\" content=\"fi_FI\" \/>\n<meta property=\"og:type\" content=\"article\" \/>\n<meta property=\"og:title\" content=\"Wilma - Rose Garden tikattu takki shaalikauluksella ja irrotettavalla hupulla, musta\" \/>\n<meta property=\"og:description\" content=\"Wilma musta tikattu takki on tyylik\u00e4s ja siin\u00e4 on naisellinen helma. Ruusutarha tikattu materiaali on upea. H\u00e4mm\u00e4stytt\u00e4v\u00e4 takin muoto imartelee jokaisen naisen vartaloa. Tyylik\u00e4s huivikaulus ja leve\u00e4 helma ovat upeita. T\u00e4m\u00e4 takki saa naisen tuntemaan itsens\u00e4 kuningattareksi.\" \/>\n<meta property=\"og:url\" content=\"https:\/\/believebytuularossi.com\/fi\/tuote\/wilma-rose-garden-tikattu-takki-shaalikauluksella-ja-irrotettavalla-hupulla-musta\/\" \/>\n<meta property=\"og:site_name\" content=\"BELIEVE by tuula rossi\" \/>\n<meta property=\"article:publisher\" content=\"https:\/\/www.facebook.com\/believebytuularossi\/_gu3udgu0BZPTzcnU\" \/>\n<meta property=\"article:modified_time\" content=\"2023-09-22T11:09:54+00:00\" \/>\n<meta property=\"og:image\" content=\"https:\/\/believebytuularossi.com\/wp-content\/uploads\/2023\/09\/fe5641d4-df79-464e-a2e2-c9ef55c43a1b.jpg\" \/>\n\t<meta property=\"og:image:width\" content=\"576\" \/>\n\t<meta property=\"og:image:height\" content=\"1024\" \/>\n\t<meta property=\"og:image:type\" content=\"image\/jpeg\" \/>\n<meta name=\"twitter:card\" content=\"summary_large_image\" \/>\n<meta name=\"twitter:title\" content=\"Wilma - Rose Garden tikattu takki shaalikauluksella ja irrotettavalla hupulla, musta\" \/>\n<meta name=\"twitter:description\" content=\"Wilma tikattu takki on tyylik\u00e4s ja siin\u00e4 on naisellinen helma. Ruusutarha tikattu materiaali on upea. H\u00e4mm\u00e4stytt\u00e4v\u00e4 takin muoto imartelee jokaisen naisen vartaloa. Tyylik\u00e4s huivikaulus ja leve\u00e4 helma ovat upeita. T\u00e4m\u00e4 takki saa naisen tuntemaan itsens\u00e4 kuningattareksi.\" \/>\n<meta name=\"twitter:image\" content=\"https:\/\/believebytuularossi.com\/wp-content\/uploads\/2023\/09\/fe5641d4-df79-464e-a2e2-c9ef55c43a1b.jpg\" \/>\n<meta name=\"twitter:label1\" content=\"Arvioitu lukuaika\" \/>\n\t<meta name=\"twitter:data1\" content=\"1 minuutti\" \/>\n<script type=\"application\/ld+json\" class=\"yoast-schema-graph\">{\"@context\":\"https:\\\/\\\/schema.org\",\"@graph\":[{\"@type\":[\"WebPage\",\"ItemPage\"],\"@id\":\"https:\\\/\\\/believebytuularossi.com\\\/fi\\\/tuote\\\/wilma-rose-garden-tikattu-takki-shaalikauluksella-ja-irrotettavalla-hupulla-musta\\\/\",\"url\":\"https:\\\/\\\/believebytuularossi.com\\\/fi\\\/tuote\\\/wilma-rose-garden-tikattu-takki-shaalikauluksella-ja-irrotettavalla-hupulla-musta\\\/\",\"name\":\"Wilma - Rose Garden tikattu takki shaalikauluksella, musta\",\"isPartOf\":{\"@id\":\"https:\\\/\\\/believebytuularossi.com\\\/fi\\\/#website\"},\"primaryImageOfPage\":{\"@id\":\"https:\\\/\\\/believebytuularossi.com\\\/fi\\\/tuote\\\/wilma-rose-garden-tikattu-takki-shaalikauluksella-ja-irrotettavalla-hupulla-musta\\\/#primaryimage\"},\"image\":{\"@id\":\"https:\\\/\\\/believebytuularossi.com\\\/fi\\\/tuote\\\/wilma-rose-garden-tikattu-takki-shaalikauluksella-ja-irrotettavalla-hupulla-musta\\\/#primaryimage\"},\"thumbnailUrl\":\"https:\\\/\\\/believebytuularossi.com\\\/wp-content\\\/uploads\\\/2023\\\/09\\\/fe5641d4-df79-464e-a2e2-c9ef55c43a1b.jpg\",\"datePublished\":\"2023-09-22T10:27:16+00:00\",\"dateModified\":\"2023-09-22T11:09:54+00:00\",\"description\":\"Wilma musta ruusutarha -kuosiin tikattu takki on tyylik\u00e4s ja siin\u00e4 on naisellinen helma. T\u00e4m\u00e4 takki saa naisen tuntemaan itsens\u00e4 kuningattareksi.\",\"breadcrumb\":{\"@id\":\"https:\\\/\\\/believebytuularossi.com\\\/fi\\\/tuote\\\/wilma-rose-garden-tikattu-takki-shaalikauluksella-ja-irrotettavalla-hupulla-musta\\\/#breadcrumb\"},\"inLanguage\":\"fi\",\"potentialAction\":[{\"@type\":\"ReadAction\",\"target\":[\"https:\\\/\\\/believebytuularossi.com\\\/fi\\\/tuote\\\/wilma-rose-garden-tikattu-takki-shaalikauluksella-ja-irrotettavalla-hupulla-musta\\\/\"]}]},{\"@type\":\"ImageObject\",\"inLanguage\":\"fi\",\"@id\":\"https:\\\/\\\/believebytuularossi.com\\\/fi\\\/tuote\\\/wilma-rose-garden-tikattu-takki-shaalikauluksella-ja-irrotettavalla-hupulla-musta\\\/#primaryimage\",\"url\":\"https:\\\/\\\/believebytuularossi.com\\\/wp-content\\\/uploads\\\/2023\\\/09\\\/fe5641d4-df79-464e-a2e2-c9ef55c43a1b.jpg\",\"contentUrl\":\"https:\\\/\\\/believebytuularossi.com\\\/wp-content\\\/uploads\\\/2023\\\/09\\\/fe5641d4-df79-464e-a2e2-c9ef55c43a1b.jpg\",\"width\":576,\"height\":1024,\"caption\":\"WILMA Black Rose Garden Quilted Coat with shawl collar and detachable hood front open\"},{\"@type\":\"BreadcrumbList\",\"@id\":\"https:\\\/\\\/believebytuularossi.com\\\/fi\\\/tuote\\\/wilma-rose-garden-tikattu-takki-shaalikauluksella-ja-irrotettavalla-hupulla-musta\\\/#breadcrumb\",\"itemListElement\":[{\"@type\":\"ListItem\",\"position\":1,\"name\":\"Home\",\"item\":\"https:\\\/\\\/believebytuularossi.com\\\/fi\\\/\"},{\"@type\":\"ListItem\",\"position\":2,\"name\":\"Shop\",\"item\":\"https:\\\/\\\/believebytuularossi.com\\\/shop\\\/\"},{\"@type\":\"ListItem\",\"position\":3,\"name\":\"Wilma &#8211; Rose Garden tikattu takki shaalikauluksella ja irrotettavalla hupulla, musta\"}]},{\"@type\":\"WebSite\",\"@id\":\"https:\\\/\\\/believebytuularossi.com\\\/fi\\\/#website\",\"url\":\"https:\\\/\\\/believebytuularossi.com\\\/fi\\\/\",\"name\":\"BELIEVE by tuula rossi\",\"description\":\"A unique, luxurious, original outerwear collection created by passion and love for today\u2019s fashionable woman and her desire for timeless style.          Perfect fit for the modern, feminine woman of any age.\",\"publisher\":{\"@id\":\"https:\\\/\\\/believebytuularossi.com\\\/fi\\\/#organization\"},\"potentialAction\":[{\"@type\":\"SearchAction\",\"target\":{\"@type\":\"EntryPoint\",\"urlTemplate\":\"https:\\\/\\\/believebytuularossi.com\\\/fi\\\/?s={search_term_string}\"},\"query-input\":{\"@type\":\"PropertyValueSpecification\",\"valueRequired\":true,\"valueName\":\"search_term_string\"}}],\"inLanguage\":\"fi\"},{\"@type\":\"Organization\",\"@id\":\"https:\\\/\\\/believebytuularossi.com\\\/fi\\\/#organization\",\"name\":\"BELIEVE by tuula rossi\",\"url\":\"https:\\\/\\\/believebytuularossi.com\\\/fi\\\/\",\"logo\":{\"@type\":\"ImageObject\",\"inLanguage\":\"fi\",\"@id\":\"https:\\\/\\\/believebytuularossi.com\\\/fi\\\/#\\\/schema\\\/logo\\\/image\\\/\",\"url\":\"https:\\\/\\\/believebytuularossi.com\\\/wp-content\\\/uploads\\\/2018\\\/08\\\/rossi-logo_new.png\",\"contentUrl\":\"https:\\\/\\\/believebytuularossi.com\\\/wp-content\\\/uploads\\\/2018\\\/08\\\/rossi-logo_new.png\",\"width\":300,\"height\":143,\"caption\":\"BELIEVE by tuula rossi\"},\"image\":{\"@id\":\"https:\\\/\\\/believebytuularossi.com\\\/fi\\\/#\\\/schema\\\/logo\\\/image\\\/\"},\"sameAs\":[\"https:\\\/\\\/www.facebook.com\\\/believebytuularossi\\\/_gu3udgu0BZPTzcnU\",\"https:\\\/\\\/www.instagram.com\\\/believebytuularossi\\\/\",\"https:\\\/\\\/www.pinterest.com\\\/believebytuularossi\\\/\"]}]}<\/script>\n<!-- \/ Yoast SEO plugin. -->","yoast_head_json":{"title":"Wilma - Rose Garden tikattu takki shaalikauluksella, musta","description":"Wilma musta ruusutarha -kuosiin tikattu takki on tyylik\u00e4s ja siin\u00e4 on naisellinen helma. T\u00e4m\u00e4 takki saa naisen tuntemaan itsens\u00e4 kuningattareksi.","robots":{"index":"index","follow":"follow","max-snippet":"max-snippet:-1","max-image-preview":"max-image-preview:large","max-video-preview":"max-video-preview:-1"},"canonical":"https:\/\/believebytuularossi.com\/fi\/tuote\/wilma-rose-garden-tikattu-takki-shaalikauluksella-ja-irrotettavalla-hupulla-musta\/","og_locale":"fi_FI","og_type":"article","og_title":"Wilma - Rose Garden tikattu takki shaalikauluksella ja irrotettavalla hupulla, musta","og_description":"Wilma musta tikattu takki on tyylik\u00e4s ja siin\u00e4 on naisellinen helma. Ruusutarha tikattu materiaali on upea. H\u00e4mm\u00e4stytt\u00e4v\u00e4 takin muoto imartelee jokaisen naisen vartaloa. Tyylik\u00e4s huivikaulus ja leve\u00e4 helma ovat upeita. T\u00e4m\u00e4 takki saa naisen tuntemaan itsens\u00e4 kuningattareksi.","og_url":"https:\/\/believebytuularossi.com\/fi\/tuote\/wilma-rose-garden-tikattu-takki-shaalikauluksella-ja-irrotettavalla-hupulla-musta\/","og_site_name":"BELIEVE by tuula rossi","article_publisher":"https:\/\/www.facebook.com\/believebytuularossi\/_gu3udgu0BZPTzcnU","article_modified_time":"2023-09-22T11:09:54+00:00","og_image":[{"width":576,"height":1024,"url":"https:\/\/believebytuularossi.com\/wp-content\/uploads\/2023\/09\/fe5641d4-df79-464e-a2e2-c9ef55c43a1b.jpg","type":"image\/jpeg"}],"twitter_card":"summary_large_image","twitter_title":"Wilma - Rose Garden tikattu takki shaalikauluksella ja irrotettavalla hupulla, musta","twitter_description":"Wilma tikattu takki on tyylik\u00e4s ja siin\u00e4 on naisellinen helma. Ruusutarha tikattu materiaali on upea. H\u00e4mm\u00e4stytt\u00e4v\u00e4 takin muoto imartelee jokaisen naisen vartaloa. Tyylik\u00e4s huivikaulus ja leve\u00e4 helma ovat upeita. T\u00e4m\u00e4 takki saa naisen tuntemaan itsens\u00e4 kuningattareksi.","twitter_image":"https:\/\/believebytuularossi.com\/wp-content\/uploads\/2023\/09\/fe5641d4-df79-464e-a2e2-c9ef55c43a1b.jpg","twitter_misc":{"Arvioitu lukuaika":"1 minuutti"},"schema":{"@context":"https:\/\/schema.org","@graph":[{"@type":["WebPage","ItemPage"],"@id":"https:\/\/believebytuularossi.com\/fi\/tuote\/wilma-rose-garden-tikattu-takki-shaalikauluksella-ja-irrotettavalla-hupulla-musta\/","url":"https:\/\/believebytuularossi.com\/fi\/tuote\/wilma-rose-garden-tikattu-takki-shaalikauluksella-ja-irrotettavalla-hupulla-musta\/","name":"Wilma - Rose Garden tikattu takki shaalikauluksella, musta","isPartOf":{"@id":"https:\/\/believebytuularossi.com\/fi\/#website"},"primaryImageOfPage":{"@id":"https:\/\/believebytuularossi.com\/fi\/tuote\/wilma-rose-garden-tikattu-takki-shaalikauluksella-ja-irrotettavalla-hupulla-musta\/#primaryimage"},"image":{"@id":"https:\/\/believebytuularossi.com\/fi\/tuote\/wilma-rose-garden-tikattu-takki-shaalikauluksella-ja-irrotettavalla-hupulla-musta\/#primaryimage"},"thumbnailUrl":"https:\/\/believebytuularossi.com\/wp-content\/uploads\/2023\/09\/fe5641d4-df79-464e-a2e2-c9ef55c43a1b.jpg","datePublished":"2023-09-22T10:27:16+00:00","dateModified":"2023-09-22T11:09:54+00:00","description":"Wilma musta ruusutarha -kuosiin tikattu takki on tyylik\u00e4s ja siin\u00e4 on naisellinen helma. T\u00e4m\u00e4 takki saa naisen tuntemaan itsens\u00e4 kuningattareksi.","breadcrumb":{"@id":"https:\/\/believebytuularossi.com\/fi\/tuote\/wilma-rose-garden-tikattu-takki-shaalikauluksella-ja-irrotettavalla-hupulla-musta\/#breadcrumb"},"inLanguage":"fi","potentialAction":[{"@type":"ReadAction","target":["https:\/\/believebytuularossi.com\/fi\/tuote\/wilma-rose-garden-tikattu-takki-shaalikauluksella-ja-irrotettavalla-hupulla-musta\/"]}]},{"@type":"ImageObject","inLanguage":"fi","@id":"https:\/\/believebytuularossi.com\/fi\/tuote\/wilma-rose-garden-tikattu-takki-shaalikauluksella-ja-irrotettavalla-hupulla-musta\/#primaryimage","url":"https:\/\/believebytuularossi.com\/wp-content\/uploads\/2023\/09\/fe5641d4-df79-464e-a2e2-c9ef55c43a1b.jpg","contentUrl":"https:\/\/believebytuularossi.com\/wp-content\/uploads\/2023\/09\/fe5641d4-df79-464e-a2e2-c9ef55c43a1b.jpg","width":576,"height":1024,"caption":"WILMA Black Rose Garden Quilted Coat with shawl collar and detachable hood front open"},{"@type":"BreadcrumbList","@id":"https:\/\/believebytuularossi.com\/fi\/tuote\/wilma-rose-garden-tikattu-takki-shaalikauluksella-ja-irrotettavalla-hupulla-musta\/#breadcrumb","itemListElement":[{"@type":"ListItem","position":1,"name":"Home","item":"https:\/\/believebytuularossi.com\/fi\/"},{"@type":"ListItem","position":2,"name":"Shop","item":"https:\/\/believebytuularossi.com\/shop\/"},{"@type":"ListItem","position":3,"name":"Wilma &#8211; Rose Garden tikattu takki shaalikauluksella ja irrotettavalla hupulla, musta"}]},{"@type":"WebSite","@id":"https:\/\/believebytuularossi.com\/fi\/#website","url":"https:\/\/believebytuularossi.com\/fi\/","name":"BELIEVE by tuula rossi","description":"A unique, luxurious, original outerwear collection created by passion and love for today\u2019s fashionable woman and her desire for timeless style.          Perfect fit for the modern, feminine woman of any age.","publisher":{"@id":"https:\/\/believebytuularossi.com\/fi\/#organization"},"potentialAction":[{"@type":"SearchAction","target":{"@type":"EntryPoint","urlTemplate":"https:\/\/believebytuularossi.com\/fi\/?s={search_term_string}"},"query-input":{"@type":"PropertyValueSpecification","valueRequired":true,"valueName":"search_term_string"}}],"inLanguage":"fi"},{"@type":"Organization","@id":"https:\/\/believebytuularossi.com\/fi\/#organization","name":"BELIEVE by tuula rossi","url":"https:\/\/believebytuularossi.com\/fi\/","logo":{"@type":"ImageObject","inLanguage":"fi","@id":"https:\/\/believebytuularossi.com\/fi\/#\/schema\/logo\/image\/","url":"https:\/\/believebytuularossi.com\/wp-content\/uploads\/2018\/08\/rossi-logo_new.png","contentUrl":"https:\/\/believebytuularossi.com\/wp-content\/uploads\/2018\/08\/rossi-logo_new.png","width":300,"height":143,"caption":"BELIEVE by tuula rossi"},"image":{"@id":"https:\/\/believebytuularossi.com\/fi\/#\/schema\/logo\/image\/"},"sameAs":["https:\/\/www.facebook.com\/believebytuularossi\/_gu3udgu0BZPTzcnU","https:\/\/www.instagram.com\/believebytuularossi\/","https:\/\/www.pinterest.com\/believebytuularossi\/"]}]}},"_links":{"self":[{"href":"https:\/\/believebytuularossi.com\/fi\/wp-json\/wp\/v2\/product\/19067","targetHints":{"allow":["GET"]}}],"collection":[{"href":"https:\/\/believebytuularossi.com\/fi\/wp-json\/wp\/v2\/product"}],"about":[{"href":"https:\/\/believebytuularossi.com\/fi\/wp-json\/wp\/v2\/types\/product"}],"wp:featuredmedia":[{"embeddable":true,"href":"https:\/\/believebytuularossi.com\/fi\/wp-json\/wp\/v2\/media\/19084"}],"wp:attachment":[{"href":"https:\/\/believebytuularossi.com\/fi\/wp-json\/wp\/v2\/media?parent=19067"}],"wp:term":[{"taxonomy":"product_brand","embeddable":true,"href":"https:\/\/believebytuularossi.com\/fi\/wp-json\/wp\/v2\/product_brand?post=19067"},{"taxonomy":"product_cat","embeddable":true,"href":"https:\/\/believebytuularossi.com\/fi\/wp-json\/wp\/v2\/product_cat?post=19067"},{"taxonomy":"product_tag","embeddable":true,"href":"https:\/\/believebytuularossi.com\/fi\/wp-json\/wp\/v2\/product_tag?post=19067"}],"curies":[{"name":"wp","href":"https:\/\/api.w.org\/{rel}","templated":true}]}}