{"id":19233,"date":"2023-10-27T15:18:09","date_gmt":"2023-10-27T13:18:13","guid":{"rendered":"https:\/\/believebytuularossi.com\/?post_type=product&#038;p=19233"},"modified":"2023-10-28T09:11:11","modified_gmt":"2023-10-28T07:11:11","slug":"matilda-tikattu-pitka-takki-ekoturkiksella-ja-irrotettavalla-hupulla-kermanvalkoinen","status":"publish","type":"product","link":"https:\/\/believebytuularossi.com\/fi\/tuote\/matilda-tikattu-pitka-takki-ekoturkiksella-ja-irrotettavalla-hupulla-kermanvalkoinen\/","title":{"rendered":"Matilda -tikattu pitk\u00e4 takki ekoturkiksella ja irrotettavalla hupulla, kermanvalkoinen"},"content":{"rendered":"","protected":false},"excerpt":{"rendered":"<div class=\"product-short-description\">\n<p>Kohota tyylisi huippuunsa upean MATILDA Cream White Pitk\u00e4n Tikkitakin avulla. Sen naisellinen muoto on suunniteltu saamaan sinut tuntemaan itsesi kuninkaalliseksi, ja t\u00e4ss\u00e4 ei ole kyse vain muodista, vaan my\u00f6s itsevarmuudesta. T\u00e4m\u00e4 ylellinen, kermanvalkoinen pitk\u00e4 tikkitakki on r\u00e4\u00e4t\u00e4l\u00f6ity imartelemaan vartaloasi kaikissa kooissa. Se on valmistettu poikkeuksellisesta mustasta Fields Quilt -materiaalista, joka pit\u00e4\u00e4 sinut l\u00e4mpim\u00e4n\u00e4 ja tarjoaa my\u00f6s hoikentavan vaikutuksen. Materiaali on varustettu vett\u00e4hylkiv\u00e4ll\u00e4 viimeistelyll\u00e4 lis\u00e4suojaa ja hengitt\u00e4vyytt\u00e4 varten.<\/p>\n<p>Pehme\u00e4, unenomainen ekoturkis koristaa etuosaa, kaulusta, huppua ja hihansuita, pit\u00e4en sinut mukavana ja tyylikk\u00e4\u00e4n\u00e4 koko p\u00e4iv\u00e4n. Jopa taskuissa on kaksisuuntaiset vetoketjut, tuoden ripauksen luksusta ja pehme\u00e4\u00e4 turkista sis\u00e4puolelle.<\/p>\n<p>MATILDA-takissa on my\u00f6s tyylik\u00e4s korkea kaulus ja s\u00e4\u00e4dett\u00e4v\u00e4 leve\u00e4 helma joustavalla kiristysny\u00f6rill\u00e4. Kaunis kaksisuuntainen vetoketju kiinnitt\u00e4\u00e4 takin sivulta. T\u00e4m\u00e4 takki ei ole pelkk\u00e4 vaatekappale, se on lausunto naisellisuudesta!<\/p>\n<p>Koe kuninkaallisen muodin ydin MATILDA Cream White Pitk\u00e4ss\u00e4 Tikkitakissa. Suunniteltu sinulle, sopii kuningattaralle. MATILDA -tikkitakki on saatavilla my\u00f6s <a href=\"https:\/\/believebytuularossi.com\/fi\/tuote\/matilda-black-tikattu-pitka-takki-ekoturkiksella-musta\/\">mustassa<\/a> sek\u00e4 <a href=\"https:\/\/believebytuularossi.com\/fi\/tuote\/matilda-powder-rose-tikattu-pitka-takki-ekoturkiksella-ja-irrotettavalla-hupulla-vaaleanpunainen\/\">Powder Rose<\/a> -v\u00e4reiss\u00e4.<\/p>\n<p>MATILDA-tikkitakin hihojen pituus on hieman pidempi kuin tavallisesti. K\u00e4\u00e4nnett\u00e4v\u00e4t hihansuut takaavat t\u00e4ydellisen pituuden jokaiselle.<\/p>\n<\/div>\n","protected":false},"featured_media":19218,"template":"","meta":{"_acf_changed":false},"product_brand":[],"product_cat":[130],"product_tag":[],"class_list":{"0":"post-19233","1":"product","2":"type-product","3":"status-publish","4":"has-post-thumbnail","6":"product_cat-syksytakit-talvitakit","7":"pa_ewd_uwcf_colors-white-fi","8":"pa_ewd_uwcf_sizes-34-fi","9":"pa_ewd_uwcf_sizes-36-fi","10":"pa_ewd_uwcf_sizes-38-fi","11":"pa_ewd_uwcf_sizes-40-fi","12":"pa_ewd_uwcf_sizes-42-fi","13":"pa_ewd_uwcf_sizes-44-fi","14":"pa_ewd_uwcf_sizes-46-fi","15":"pa_ewd_uwcf_sizes-48-fi","16":"pa_ewd_uwcf_sizes-50-fi","17":"pa_ewd_uwcf_sizes-52-fi","18":"pa_ewd_uwcf_sizes-54-fi","19":"pa_size-34-fi","20":"pa_size-36-fi","21":"pa_size-38-fi","22":"pa_size-40-fi","23":"pa_size-42-fi","24":"pa_size-44-fi","25":"pa_size-46-fi","26":"pa_size-48-fi","27":"pa_size-50-fi","28":"pa_size-52-fi","29":"pa_size-54-fi","30":"product_color-white-fi","31":"product_size-34-fi","32":"product_size-36-fi","33":"product_size-38-fi","34":"product_size-40-fi","35":"product_size-42-fi","36":"product_size-44-fi","37":"product_size-46-fi","38":"product_size-48-fi","39":"product_size-50-fi","40":"product_size-52-fi","41":"product_size-54-fi","43":"first","44":"instock","45":"taxable","46":"shipping-taxable","47":"purchasable","48":"product-type-variable"},"acf":[],"yoast_head":"<!-- This site is optimized with the Yoast SEO plugin v27.4 - https:\/\/yoast.com\/product\/yoast-seo-wordpress\/ -->\n<title>Matilda -tikattu pitk\u00e4 takki ekoturkiksella ja irrotettavalla hupulla, kermanvalkoinen &#8211; BELIEVE by tuula rossi<\/title>\n<meta name=\"description\" content=\"Matilda tikattu takki on upea kermanvalkoisessa v\u00e4riss\u00e4. T\u00e4m\u00e4 ylellinen pitk\u00e4 tikkitakki on r\u00e4\u00e4t\u00e4l\u00f6ity imartelemaan naisten vartaloa kaikissa kooissa.\" \/>\n<meta name=\"robots\" content=\"index, follow, max-snippet:-1, max-image-preview:large, max-video-preview:-1\" \/>\n<link rel=\"canonical\" href=\"https:\/\/believebytuularossi.com\/fi\/tuote\/matilda-tikattu-pitka-takki-ekoturkiksella-ja-irrotettavalla-hupulla-kermanvalkoinen\/\" \/>\n<meta property=\"og:locale\" content=\"fi_FI\" \/>\n<meta property=\"og:type\" content=\"article\" \/>\n<meta property=\"og:title\" content=\"Kohota tyylisi huippuunsa upean MATILDA Cream White Pitk\u00e4n Tikkitakin avulla\" \/>\n<meta property=\"og:description\" content=\"Koe kuninkaallisen muodin ydin MATILDA Cream White Pitk\u00e4ss\u00e4 Tikkitakissa. Suunniteltu sinulle, sopii kuningattaralle.\" \/>\n<meta property=\"og:url\" content=\"https:\/\/believebytuularossi.com\/fi\/tuote\/matilda-tikattu-pitka-takki-ekoturkiksella-ja-irrotettavalla-hupulla-kermanvalkoinen\/\" \/>\n<meta property=\"og:site_name\" content=\"BELIEVE by tuula rossi\" \/>\n<meta property=\"article:publisher\" content=\"https:\/\/www.facebook.com\/believebytuularossi\/_gu3udgu0BZPTzcnU\" \/>\n<meta property=\"article:modified_time\" content=\"2023-10-28T07:11:11+00:00\" \/>\n<meta property=\"og:image\" content=\"https:\/\/believebytuularossi.com\/wp-content\/uploads\/2023\/10\/Matilda-Cream-long-quilted-coat-scaled.jpg\" \/>\n\t<meta property=\"og:image:width\" content=\"1704\" \/>\n\t<meta property=\"og:image:height\" content=\"2560\" \/>\n\t<meta property=\"og:image:type\" content=\"image\/jpeg\" \/>\n<meta name=\"twitter:card\" content=\"summary_large_image\" \/>\n<meta name=\"twitter:title\" content=\"Kohota tyylisi huippuunsa upean MATILDA Cream White Pitk\u00e4n Tikkitakin avulla\" \/>\n<meta name=\"twitter:description\" content=\"Koe kuninkaallisen muodin ydin MATILDA Cream White Pitk\u00e4ss\u00e4 Tikkitakissa. Suunniteltu sinulle, sopii kuningattaralle.\" \/>\n<meta name=\"twitter:image\" content=\"https:\/\/believebytuularossi.com\/wp-content\/uploads\/2023\/10\/Matilda-Cream-long-quilted-coat-scaled.jpg\" \/>\n<script type=\"application\/ld+json\" class=\"yoast-schema-graph\">{\"@context\":\"https:\\\/\\\/schema.org\",\"@graph\":[{\"@type\":[\"WebPage\",\"ItemPage\"],\"@id\":\"https:\\\/\\\/believebytuularossi.com\\\/fi\\\/tuote\\\/matilda-tikattu-pitka-takki-ekoturkiksella-ja-irrotettavalla-hupulla-kermanvalkoinen\\\/\",\"url\":\"https:\\\/\\\/believebytuularossi.com\\\/fi\\\/tuote\\\/matilda-tikattu-pitka-takki-ekoturkiksella-ja-irrotettavalla-hupulla-kermanvalkoinen\\\/\",\"name\":\"Matilda -tikattu pitk\u00e4 takki ekoturkiksella ja irrotettavalla hupulla, kermanvalkoinen &#8211; BELIEVE by tuula rossi\",\"isPartOf\":{\"@id\":\"https:\\\/\\\/believebytuularossi.com\\\/fi\\\/#website\"},\"primaryImageOfPage\":{\"@id\":\"https:\\\/\\\/believebytuularossi.com\\\/fi\\\/tuote\\\/matilda-tikattu-pitka-takki-ekoturkiksella-ja-irrotettavalla-hupulla-kermanvalkoinen\\\/#primaryimage\"},\"image\":{\"@id\":\"https:\\\/\\\/believebytuularossi.com\\\/fi\\\/tuote\\\/matilda-tikattu-pitka-takki-ekoturkiksella-ja-irrotettavalla-hupulla-kermanvalkoinen\\\/#primaryimage\"},\"thumbnailUrl\":\"https:\\\/\\\/believebytuularossi.com\\\/wp-content\\\/uploads\\\/2023\\\/10\\\/Matilda-Cream-long-quilted-coat-front-scaled.jpg\",\"datePublished\":\"2023-10-27T13:18:13+00:00\",\"dateModified\":\"2023-10-28T07:11:11+00:00\",\"description\":\"Matilda tikattu takki on upea kermanvalkoisessa v\u00e4riss\u00e4. T\u00e4m\u00e4 ylellinen pitk\u00e4 tikkitakki on r\u00e4\u00e4t\u00e4l\u00f6ity imartelemaan naisten vartaloa kaikissa kooissa.\",\"breadcrumb\":{\"@id\":\"https:\\\/\\\/believebytuularossi.com\\\/fi\\\/tuote\\\/matilda-tikattu-pitka-takki-ekoturkiksella-ja-irrotettavalla-hupulla-kermanvalkoinen\\\/#breadcrumb\"},\"inLanguage\":\"fi\",\"potentialAction\":[{\"@type\":\"ReadAction\",\"target\":[\"https:\\\/\\\/believebytuularossi.com\\\/fi\\\/tuote\\\/matilda-tikattu-pitka-takki-ekoturkiksella-ja-irrotettavalla-hupulla-kermanvalkoinen\\\/\"]}]},{\"@type\":\"ImageObject\",\"inLanguage\":\"fi\",\"@id\":\"https:\\\/\\\/believebytuularossi.com\\\/fi\\\/tuote\\\/matilda-tikattu-pitka-takki-ekoturkiksella-ja-irrotettavalla-hupulla-kermanvalkoinen\\\/#primaryimage\",\"url\":\"https:\\\/\\\/believebytuularossi.com\\\/wp-content\\\/uploads\\\/2023\\\/10\\\/Matilda-Cream-long-quilted-coat-front-scaled.jpg\",\"contentUrl\":\"https:\\\/\\\/believebytuularossi.com\\\/wp-content\\\/uploads\\\/2023\\\/10\\\/Matilda-Cream-long-quilted-coat-front-scaled.jpg\",\"width\":1704,\"height\":2560,\"caption\":\"Matilda Cream long quilted coat\"},{\"@type\":\"BreadcrumbList\",\"@id\":\"https:\\\/\\\/believebytuularossi.com\\\/fi\\\/tuote\\\/matilda-tikattu-pitka-takki-ekoturkiksella-ja-irrotettavalla-hupulla-kermanvalkoinen\\\/#breadcrumb\",\"itemListElement\":[{\"@type\":\"ListItem\",\"position\":1,\"name\":\"Home\",\"item\":\"https:\\\/\\\/believebytuularossi.com\\\/fi\\\/\"},{\"@type\":\"ListItem\",\"position\":2,\"name\":\"Shop\",\"item\":\"https:\\\/\\\/believebytuularossi.com\\\/shop\\\/\"},{\"@type\":\"ListItem\",\"position\":3,\"name\":\"Matilda -tikattu pitk\u00e4 takki ekoturkiksella ja irrotettavalla hupulla, kermanvalkoinen\"}]},{\"@type\":\"WebSite\",\"@id\":\"https:\\\/\\\/believebytuularossi.com\\\/fi\\\/#website\",\"url\":\"https:\\\/\\\/believebytuularossi.com\\\/fi\\\/\",\"name\":\"BELIEVE by tuula rossi\",\"description\":\"A unique, luxurious, original outerwear collection created by passion and love for today\u2019s fashionable woman and her desire for timeless style.          Perfect fit for the modern, feminine woman of any age.\",\"publisher\":{\"@id\":\"https:\\\/\\\/believebytuularossi.com\\\/fi\\\/#organization\"},\"potentialAction\":[{\"@type\":\"SearchAction\",\"target\":{\"@type\":\"EntryPoint\",\"urlTemplate\":\"https:\\\/\\\/believebytuularossi.com\\\/fi\\\/?s={search_term_string}\"},\"query-input\":{\"@type\":\"PropertyValueSpecification\",\"valueRequired\":true,\"valueName\":\"search_term_string\"}}],\"inLanguage\":\"fi\"},{\"@type\":\"Organization\",\"@id\":\"https:\\\/\\\/believebytuularossi.com\\\/fi\\\/#organization\",\"name\":\"BELIEVE by tuula rossi\",\"url\":\"https:\\\/\\\/believebytuularossi.com\\\/fi\\\/\",\"logo\":{\"@type\":\"ImageObject\",\"inLanguage\":\"fi\",\"@id\":\"https:\\\/\\\/believebytuularossi.com\\\/fi\\\/#\\\/schema\\\/logo\\\/image\\\/\",\"url\":\"https:\\\/\\\/believebytuularossi.com\\\/wp-content\\\/uploads\\\/2018\\\/08\\\/rossi-logo_new.png\",\"contentUrl\":\"https:\\\/\\\/believebytuularossi.com\\\/wp-content\\\/uploads\\\/2018\\\/08\\\/rossi-logo_new.png\",\"width\":300,\"height\":143,\"caption\":\"BELIEVE by tuula rossi\"},\"image\":{\"@id\":\"https:\\\/\\\/believebytuularossi.com\\\/fi\\\/#\\\/schema\\\/logo\\\/image\\\/\"},\"sameAs\":[\"https:\\\/\\\/www.facebook.com\\\/believebytuularossi\\\/_gu3udgu0BZPTzcnU\",\"https:\\\/\\\/www.instagram.com\\\/believebytuularossi\\\/\",\"https:\\\/\\\/www.pinterest.com\\\/believebytuularossi\\\/\"]}]}<\/script>\n<!-- \/ Yoast SEO plugin. -->","yoast_head_json":{"title":"Matilda -tikattu pitk\u00e4 takki ekoturkiksella ja irrotettavalla hupulla, kermanvalkoinen &#8211; BELIEVE by tuula rossi","description":"Matilda tikattu takki on upea kermanvalkoisessa v\u00e4riss\u00e4. T\u00e4m\u00e4 ylellinen pitk\u00e4 tikkitakki on r\u00e4\u00e4t\u00e4l\u00f6ity imartelemaan naisten vartaloa kaikissa kooissa.","robots":{"index":"index","follow":"follow","max-snippet":"max-snippet:-1","max-image-preview":"max-image-preview:large","max-video-preview":"max-video-preview:-1"},"canonical":"https:\/\/believebytuularossi.com\/fi\/tuote\/matilda-tikattu-pitka-takki-ekoturkiksella-ja-irrotettavalla-hupulla-kermanvalkoinen\/","og_locale":"fi_FI","og_type":"article","og_title":"Kohota tyylisi huippuunsa upean MATILDA Cream White Pitk\u00e4n Tikkitakin avulla","og_description":"Koe kuninkaallisen muodin ydin MATILDA Cream White Pitk\u00e4ss\u00e4 Tikkitakissa. Suunniteltu sinulle, sopii kuningattaralle.","og_url":"https:\/\/believebytuularossi.com\/fi\/tuote\/matilda-tikattu-pitka-takki-ekoturkiksella-ja-irrotettavalla-hupulla-kermanvalkoinen\/","og_site_name":"BELIEVE by tuula rossi","article_publisher":"https:\/\/www.facebook.com\/believebytuularossi\/_gu3udgu0BZPTzcnU","article_modified_time":"2023-10-28T07:11:11+00:00","og_image":[{"width":1704,"height":2560,"url":"https:\/\/believebytuularossi.com\/wp-content\/uploads\/2023\/10\/Matilda-Cream-long-quilted-coat-scaled.jpg","type":"image\/jpeg"}],"twitter_card":"summary_large_image","twitter_title":"Kohota tyylisi huippuunsa upean MATILDA Cream White Pitk\u00e4n Tikkitakin avulla","twitter_description":"Koe kuninkaallisen muodin ydin MATILDA Cream White Pitk\u00e4ss\u00e4 Tikkitakissa. Suunniteltu sinulle, sopii kuningattaralle.","twitter_image":"https:\/\/believebytuularossi.com\/wp-content\/uploads\/2023\/10\/Matilda-Cream-long-quilted-coat-scaled.jpg","schema":{"@context":"https:\/\/schema.org","@graph":[{"@type":["WebPage","ItemPage"],"@id":"https:\/\/believebytuularossi.com\/fi\/tuote\/matilda-tikattu-pitka-takki-ekoturkiksella-ja-irrotettavalla-hupulla-kermanvalkoinen\/","url":"https:\/\/believebytuularossi.com\/fi\/tuote\/matilda-tikattu-pitka-takki-ekoturkiksella-ja-irrotettavalla-hupulla-kermanvalkoinen\/","name":"Matilda -tikattu pitk\u00e4 takki ekoturkiksella ja irrotettavalla hupulla, kermanvalkoinen &#8211; BELIEVE by tuula rossi","isPartOf":{"@id":"https:\/\/believebytuularossi.com\/fi\/#website"},"primaryImageOfPage":{"@id":"https:\/\/believebytuularossi.com\/fi\/tuote\/matilda-tikattu-pitka-takki-ekoturkiksella-ja-irrotettavalla-hupulla-kermanvalkoinen\/#primaryimage"},"image":{"@id":"https:\/\/believebytuularossi.com\/fi\/tuote\/matilda-tikattu-pitka-takki-ekoturkiksella-ja-irrotettavalla-hupulla-kermanvalkoinen\/#primaryimage"},"thumbnailUrl":"https:\/\/believebytuularossi.com\/wp-content\/uploads\/2023\/10\/Matilda-Cream-long-quilted-coat-front-scaled.jpg","datePublished":"2023-10-27T13:18:13+00:00","dateModified":"2023-10-28T07:11:11+00:00","description":"Matilda tikattu takki on upea kermanvalkoisessa v\u00e4riss\u00e4. T\u00e4m\u00e4 ylellinen pitk\u00e4 tikkitakki on r\u00e4\u00e4t\u00e4l\u00f6ity imartelemaan naisten vartaloa kaikissa kooissa.","breadcrumb":{"@id":"https:\/\/believebytuularossi.com\/fi\/tuote\/matilda-tikattu-pitka-takki-ekoturkiksella-ja-irrotettavalla-hupulla-kermanvalkoinen\/#breadcrumb"},"inLanguage":"fi","potentialAction":[{"@type":"ReadAction","target":["https:\/\/believebytuularossi.com\/fi\/tuote\/matilda-tikattu-pitka-takki-ekoturkiksella-ja-irrotettavalla-hupulla-kermanvalkoinen\/"]}]},{"@type":"ImageObject","inLanguage":"fi","@id":"https:\/\/believebytuularossi.com\/fi\/tuote\/matilda-tikattu-pitka-takki-ekoturkiksella-ja-irrotettavalla-hupulla-kermanvalkoinen\/#primaryimage","url":"https:\/\/believebytuularossi.com\/wp-content\/uploads\/2023\/10\/Matilda-Cream-long-quilted-coat-front-scaled.jpg","contentUrl":"https:\/\/believebytuularossi.com\/wp-content\/uploads\/2023\/10\/Matilda-Cream-long-quilted-coat-front-scaled.jpg","width":1704,"height":2560,"caption":"Matilda Cream long quilted coat"},{"@type":"BreadcrumbList","@id":"https:\/\/believebytuularossi.com\/fi\/tuote\/matilda-tikattu-pitka-takki-ekoturkiksella-ja-irrotettavalla-hupulla-kermanvalkoinen\/#breadcrumb","itemListElement":[{"@type":"ListItem","position":1,"name":"Home","item":"https:\/\/believebytuularossi.com\/fi\/"},{"@type":"ListItem","position":2,"name":"Shop","item":"https:\/\/believebytuularossi.com\/shop\/"},{"@type":"ListItem","position":3,"name":"Matilda -tikattu pitk\u00e4 takki ekoturkiksella ja irrotettavalla hupulla, kermanvalkoinen"}]},{"@type":"WebSite","@id":"https:\/\/believebytuularossi.com\/fi\/#website","url":"https:\/\/believebytuularossi.com\/fi\/","name":"BELIEVE by tuula rossi","description":"A unique, luxurious, original outerwear collection created by passion and love for today\u2019s fashionable woman and her desire for timeless style.          Perfect fit for the modern, feminine woman of any age.","publisher":{"@id":"https:\/\/believebytuularossi.com\/fi\/#organization"},"potentialAction":[{"@type":"SearchAction","target":{"@type":"EntryPoint","urlTemplate":"https:\/\/believebytuularossi.com\/fi\/?s={search_term_string}"},"query-input":{"@type":"PropertyValueSpecification","valueRequired":true,"valueName":"search_term_string"}}],"inLanguage":"fi"},{"@type":"Organization","@id":"https:\/\/believebytuularossi.com\/fi\/#organization","name":"BELIEVE by tuula rossi","url":"https:\/\/believebytuularossi.com\/fi\/","logo":{"@type":"ImageObject","inLanguage":"fi","@id":"https:\/\/believebytuularossi.com\/fi\/#\/schema\/logo\/image\/","url":"https:\/\/believebytuularossi.com\/wp-content\/uploads\/2018\/08\/rossi-logo_new.png","contentUrl":"https:\/\/believebytuularossi.com\/wp-content\/uploads\/2018\/08\/rossi-logo_new.png","width":300,"height":143,"caption":"BELIEVE by tuula rossi"},"image":{"@id":"https:\/\/believebytuularossi.com\/fi\/#\/schema\/logo\/image\/"},"sameAs":["https:\/\/www.facebook.com\/believebytuularossi\/_gu3udgu0BZPTzcnU","https:\/\/www.instagram.com\/believebytuularossi\/","https:\/\/www.pinterest.com\/believebytuularossi\/"]}]}},"_links":{"self":[{"href":"https:\/\/believebytuularossi.com\/fi\/wp-json\/wp\/v2\/product\/19233","targetHints":{"allow":["GET"]}}],"collection":[{"href":"https:\/\/believebytuularossi.com\/fi\/wp-json\/wp\/v2\/product"}],"about":[{"href":"https:\/\/believebytuularossi.com\/fi\/wp-json\/wp\/v2\/types\/product"}],"wp:featuredmedia":[{"embeddable":true,"href":"https:\/\/believebytuularossi.com\/fi\/wp-json\/wp\/v2\/media\/19218"}],"wp:attachment":[{"href":"https:\/\/believebytuularossi.com\/fi\/wp-json\/wp\/v2\/media?parent=19233"}],"wp:term":[{"taxonomy":"product_brand","embeddable":true,"href":"https:\/\/believebytuularossi.com\/fi\/wp-json\/wp\/v2\/product_brand?post=19233"},{"taxonomy":"product_cat","embeddable":true,"href":"https:\/\/believebytuularossi.com\/fi\/wp-json\/wp\/v2\/product_cat?post=19233"},{"taxonomy":"product_tag","embeddable":true,"href":"https:\/\/believebytuularossi.com\/fi\/wp-json\/wp\/v2\/product_tag?post=19233"}],"curies":[{"name":"wp","href":"https:\/\/api.w.org\/{rel}","templated":true}]}}