{"id":19336,"date":"2023-11-06T14:52:55","date_gmt":"2023-11-06T13:52:59","guid":{"rendered":"https:\/\/believebytuularossi.com\/?post_type=product&#038;p=19336"},"modified":"2026-01-17T07:56:44","modified_gmt":"2026-01-17T06:56:44","slug":"alexa-naisten-kashmirvillakangastakki-musta","status":"publish","type":"product","link":"https:\/\/believebytuularossi.com\/fi\/tuote\/alexa-naisten-kashmirvillakangastakki-musta\/","title":{"rendered":"Alexa -naisten kashmirvillakangastakki, musta"},"content":{"rendered":"","protected":false},"excerpt":{"rendered":"<p>Kohota tyyli\u00e4si vaivattoman elegantilla Alexa -kashmirvillakangastakilla. T\u00e4m\u00e4 moderni ja tyylik\u00e4s klassikko on valmistettu laadukkaasta kashmirvillakankaasta, varmistaen sek\u00e4 l\u00e4mm\u00f6n ett\u00e4 mukavuuden.<\/p>\n<p>T\u00e4m\u00e4 ylellinen villakangastakki on monipuolinen kaksiosainen vaatekappale, joka tarjoaa sinulle mahdollisuuden valita urheilullisen ilmeen tikatulla hupulla tai tyylikk\u00e4\u00e4n ja modernin ulkon\u00e4\u00f6n ilman sit\u00e4. Hyvin istuva miniraitakuviollinen tikattu huppu on irrotettavissa vetoketjulla, mahdollistaen tyylisi mukauttamisen mihin tahansa tilaisuuteen. Takissa on rento ja ajaton ilme, ja se on valmistettu huippulaatuisista materiaaleista. Siin\u00e4 on kaksinkertainen kiinnitys, jossa kaunis ja laadukas kaksisuuntainen vetoketju.<\/p>\n<p>Alexa -takki on suunniteltu tarjoamaan mukavan ja imartelevan istuvuuden kaikenkokoisille naisille. Alexa -kashmirtakki on saatavilla my\u00f6s <a href=\"https:\/\/believebytuularossi.com\/fi\/tuote\/alexa-naisten-kashmirvillakangastakki-teraksenharmaa\/\">ter\u00e4ksenharmaana<\/a> ja<a href=\"https:\/\/believebytuularossi.com\/fi\/tuote\/alexa-naisten-kashmirvillakangastakki-vaaleanharmaa\/\"> vaaleanharmaana<\/a>.<\/p>\n<p>T\u00e4m\u00e4 takki sopii erityisen hyvin pidemmille naisille, sill\u00e4 hihan pituus on helposti s\u00e4\u00e4dett\u00e4viss\u00e4 k\u00e4\u00e4nt\u00f6hihoilla, varmistaen t\u00e4ydellisen istuvuuden jokaiselle. Valitse ajaton ja eleganssi Alexa -takki!<\/p>\n","protected":false},"featured_media":19320,"template":"","meta":{"_acf_changed":false},"product_brand":[],"product_cat":[130,129],"product_tag":[261,224,365,394,364,408,367,374,269],"class_list":{"0":"post-19336","1":"product","2":"type-product","3":"status-publish","4":"has-post-thumbnail","6":"product_cat-syksytakit-talvitakit","7":"product_cat-takit-jakut-koot-34-54","8":"product_tag-fall","9":"product_tag-huppu","10":"product_tag-kevat-fi","11":"product_tag-musta-fi","12":"product_tag-syksy-fi","13":"product_tag-syksy-fi-2","14":"product_tag-takki-fi-2","15":"product_tag-talvi-fi","16":"product_tag-winter","17":"pa_ewd_uwcf_colors-black","18":"pa_ewd_uwcf_colors-musta","19":"pa_ewd_uwcf_sizes-34-fi","20":"pa_ewd_uwcf_sizes-206","21":"pa_ewd_uwcf_sizes-181","22":"pa_ewd_uwcf_sizes-183","23":"pa_ewd_uwcf_sizes-185","24":"pa_ewd_uwcf_sizes-187","25":"pa_ewd_uwcf_sizes-189","26":"pa_ewd_uwcf_sizes-191","27":"pa_ewd_uwcf_sizes-193","28":"pa_ewd_uwcf_sizes-200","29":"pa_ewd_uwcf_sizes-202","30":"pa_ewd_uwcf_sizes-204","31":"pa_size-34-fi","32":"pa_size-36-fi","33":"pa_size-38-fi","34":"pa_size-40-fi","35":"pa_size-42-fi","36":"pa_size-44-fi","37":"pa_size-46-fi","38":"pa_size-48-fi","39":"pa_size-50-fi","40":"pa_size-52-fi","41":"pa_size-54-fi","42":"product_color-black-fi","43":"product_size-34-fi","44":"product_size-36-fi","45":"product_size-38-fi","46":"product_size-40-fi","47":"product_size-42-fi","48":"product_size-44-fi","49":"product_size-46-fi","50":"product_size-48-fi","51":"product_size-50-fi","52":"product_size-52-fi","53":"product_size-54-fi","55":"first","56":"instock","57":"featured","58":"taxable","59":"shipping-taxable","60":"purchasable","61":"product-type-variable"},"acf":[],"yoast_head":"<!-- This site is optimized with the Yoast SEO plugin v27.5 - https:\/\/yoast.com\/product\/yoast-seo-wordpress\/ -->\n<title>Alexa -naisten kashmirvillakangastakki, musta &#8211; BELIEVE by tuula rossi<\/title>\n<meta name=\"description\" content=\"Alexa -musta naisten kashmirvillatakki irrottavalla tikatulla hupulla on ylellinen vaatekappale, joka sopii kaikenkokoisille naisille.\" \/>\n<meta name=\"robots\" content=\"index, follow, max-snippet:-1, max-image-preview:large, max-video-preview:-1\" \/>\n<link rel=\"canonical\" href=\"https:\/\/believebytuularossi.com\/fi\/tuote\/alexa-naisten-kashmirvillakangastakki-musta\/\" \/>\n<meta property=\"og:locale\" content=\"fi_FI\" \/>\n<meta property=\"og:type\" content=\"article\" \/>\n<meta property=\"og:title\" content=\"Alexa -naisten kashmirvillakangastakki, musta\" \/>\n<meta property=\"og:description\" content=\"T\u00e4ll\u00e4 h\u00e4mm\u00e4stytt\u00e4v\u00e4n elegantilla kashmirvillakangastakilla saat modernia city chic -tyyli\u00e4. T\u00e4m\u00e4 ajaton korkealaatuinen vaatekappale palvelee sinua monta vuotta antaen sinulle l\u00e4mp\u00f6\u00e4 ja mukavuutta! Valitse paras - valitse kashmirvilla Alexa takki!\" \/>\n<meta property=\"og:url\" content=\"https:\/\/believebytuularossi.com\/fi\/tuote\/alexa-naisten-kashmirvillakangastakki-musta\/\" \/>\n<meta property=\"og:site_name\" content=\"BELIEVE by tuula rossi\" \/>\n<meta property=\"article:publisher\" content=\"https:\/\/www.facebook.com\/believebytuularossi\/_gu3udgu0BZPTzcnU\" \/>\n<meta property=\"article:modified_time\" content=\"2026-01-17T06:56:44+00:00\" \/>\n<meta property=\"og:image\" content=\"https:\/\/believebytuularossi.com\/wp-content\/uploads\/2023\/11\/9AB0A4A2-D1B3-4E96-A05D-67B69B6524B8.jpeg\" \/>\n\t<meta property=\"og:image:width\" content=\"632\" \/>\n\t<meta property=\"og:image:height\" content=\"950\" \/>\n\t<meta property=\"og:image:type\" content=\"image\/jpeg\" \/>\n<meta name=\"twitter:card\" content=\"summary_large_image\" \/>\n<meta name=\"twitter:title\" content=\"Alexa -naisten kashmirvillakangastakki, musta\" \/>\n<meta name=\"twitter:description\" content=\"T\u00e4ll\u00e4 h\u00e4mm\u00e4stytt\u00e4v\u00e4n elegantilla kashmirvillakangastakilla saat modernia city chic -tyyli\u00e4. T\u00e4m\u00e4 ajaton korkealaatuinen vaatekappale palvelee sinua monta vuotta antaen sinulle l\u00e4mp\u00f6\u00e4 ja mukavuutta! Valitse paras - valitse kashmirvilla Alexa takki!\" \/>\n<meta name=\"twitter:image\" content=\"https:\/\/believebytuularossi.com\/wp-content\/uploads\/2023\/11\/9AB0A4A2-D1B3-4E96-A05D-67B69B6524B8.jpeg\" \/>\n<meta name=\"twitter:label1\" content=\"Arvioitu lukuaika\" \/>\n\t<meta name=\"twitter:data1\" content=\"1 minuutti\" \/>\n<script type=\"application\/ld+json\" class=\"yoast-schema-graph\">{\"@context\":\"https:\\\/\\\/schema.org\",\"@graph\":[{\"@type\":[\"WebPage\",\"ItemPage\"],\"@id\":\"https:\\\/\\\/believebytuularossi.com\\\/fi\\\/tuote\\\/alexa-naisten-kashmirvillakangastakki-musta\\\/\",\"url\":\"https:\\\/\\\/believebytuularossi.com\\\/fi\\\/tuote\\\/alexa-naisten-kashmirvillakangastakki-musta\\\/\",\"name\":\"Alexa -naisten kashmirvillakangastakki, musta &#8211; BELIEVE by tuula rossi\",\"isPartOf\":{\"@id\":\"https:\\\/\\\/believebytuularossi.com\\\/fi\\\/#website\"},\"primaryImageOfPage\":{\"@id\":\"https:\\\/\\\/believebytuularossi.com\\\/fi\\\/tuote\\\/alexa-naisten-kashmirvillakangastakki-musta\\\/#primaryimage\"},\"image\":{\"@id\":\"https:\\\/\\\/believebytuularossi.com\\\/fi\\\/tuote\\\/alexa-naisten-kashmirvillakangastakki-musta\\\/#primaryimage\"},\"thumbnailUrl\":\"https:\\\/\\\/believebytuularossi.com\\\/wp-content\\\/uploads\\\/2023\\\/11\\\/9AB0A4A2-D1B3-4E96-A05D-67B69B6524B8.jpeg\",\"datePublished\":\"2023-11-06T13:52:59+00:00\",\"dateModified\":\"2026-01-17T06:56:44+00:00\",\"description\":\"Alexa -musta naisten kashmirvillatakki irrottavalla tikatulla hupulla on ylellinen vaatekappale, joka sopii kaikenkokoisille naisille.\",\"breadcrumb\":{\"@id\":\"https:\\\/\\\/believebytuularossi.com\\\/fi\\\/tuote\\\/alexa-naisten-kashmirvillakangastakki-musta\\\/#breadcrumb\"},\"inLanguage\":\"fi\",\"potentialAction\":[{\"@type\":\"ReadAction\",\"target\":[\"https:\\\/\\\/believebytuularossi.com\\\/fi\\\/tuote\\\/alexa-naisten-kashmirvillakangastakki-musta\\\/\"]}]},{\"@type\":\"ImageObject\",\"inLanguage\":\"fi\",\"@id\":\"https:\\\/\\\/believebytuularossi.com\\\/fi\\\/tuote\\\/alexa-naisten-kashmirvillakangastakki-musta\\\/#primaryimage\",\"url\":\"https:\\\/\\\/believebytuularossi.com\\\/wp-content\\\/uploads\\\/2023\\\/11\\\/9AB0A4A2-D1B3-4E96-A05D-67B69B6524B8.jpeg\",\"contentUrl\":\"https:\\\/\\\/believebytuularossi.com\\\/wp-content\\\/uploads\\\/2023\\\/11\\\/9AB0A4A2-D1B3-4E96-A05D-67B69B6524B8.jpeg\",\"width\":632,\"height\":950,\"caption\":\"Alexa Black cashmere wool coat side\"},{\"@type\":\"BreadcrumbList\",\"@id\":\"https:\\\/\\\/believebytuularossi.com\\\/fi\\\/tuote\\\/alexa-naisten-kashmirvillakangastakki-musta\\\/#breadcrumb\",\"itemListElement\":[{\"@type\":\"ListItem\",\"position\":1,\"name\":\"Home\",\"item\":\"https:\\\/\\\/believebytuularossi.com\\\/fi\\\/\"},{\"@type\":\"ListItem\",\"position\":2,\"name\":\"Shop\",\"item\":\"https:\\\/\\\/believebytuularossi.com\\\/shop\\\/\"},{\"@type\":\"ListItem\",\"position\":3,\"name\":\"Alexa -naisten kashmirvillakangastakki, musta\"}]},{\"@type\":\"WebSite\",\"@id\":\"https:\\\/\\\/believebytuularossi.com\\\/fi\\\/#website\",\"url\":\"https:\\\/\\\/believebytuularossi.com\\\/fi\\\/\",\"name\":\"BELIEVE by tuula rossi\",\"description\":\"A unique, luxurious, original outerwear collection created by passion and love for today\u2019s fashionable woman and her desire for timeless style.          Perfect fit for the modern, feminine woman of any age.\",\"publisher\":{\"@id\":\"https:\\\/\\\/believebytuularossi.com\\\/fi\\\/#organization\"},\"potentialAction\":[{\"@type\":\"SearchAction\",\"target\":{\"@type\":\"EntryPoint\",\"urlTemplate\":\"https:\\\/\\\/believebytuularossi.com\\\/fi\\\/?s={search_term_string}\"},\"query-input\":{\"@type\":\"PropertyValueSpecification\",\"valueRequired\":true,\"valueName\":\"search_term_string\"}}],\"inLanguage\":\"fi\"},{\"@type\":\"Organization\",\"@id\":\"https:\\\/\\\/believebytuularossi.com\\\/fi\\\/#organization\",\"name\":\"BELIEVE by tuula rossi\",\"url\":\"https:\\\/\\\/believebytuularossi.com\\\/fi\\\/\",\"logo\":{\"@type\":\"ImageObject\",\"inLanguage\":\"fi\",\"@id\":\"https:\\\/\\\/believebytuularossi.com\\\/fi\\\/#\\\/schema\\\/logo\\\/image\\\/\",\"url\":\"https:\\\/\\\/believebytuularossi.com\\\/wp-content\\\/uploads\\\/2018\\\/08\\\/rossi-logo_new.png\",\"contentUrl\":\"https:\\\/\\\/believebytuularossi.com\\\/wp-content\\\/uploads\\\/2018\\\/08\\\/rossi-logo_new.png\",\"width\":300,\"height\":143,\"caption\":\"BELIEVE by tuula rossi\"},\"image\":{\"@id\":\"https:\\\/\\\/believebytuularossi.com\\\/fi\\\/#\\\/schema\\\/logo\\\/image\\\/\"},\"sameAs\":[\"https:\\\/\\\/www.facebook.com\\\/believebytuularossi\\\/_gu3udgu0BZPTzcnU\",\"https:\\\/\\\/www.instagram.com\\\/believebytuularossi\\\/\",\"https:\\\/\\\/www.pinterest.com\\\/believebytuularossi\\\/\"]}]}<\/script>\n<!-- \/ Yoast SEO plugin. -->","yoast_head_json":{"title":"Alexa -naisten kashmirvillakangastakki, musta &#8211; BELIEVE by tuula rossi","description":"Alexa -musta naisten kashmirvillatakki irrottavalla tikatulla hupulla on ylellinen vaatekappale, joka sopii kaikenkokoisille naisille.","robots":{"index":"index","follow":"follow","max-snippet":"max-snippet:-1","max-image-preview":"max-image-preview:large","max-video-preview":"max-video-preview:-1"},"canonical":"https:\/\/believebytuularossi.com\/fi\/tuote\/alexa-naisten-kashmirvillakangastakki-musta\/","og_locale":"fi_FI","og_type":"article","og_title":"Alexa -naisten kashmirvillakangastakki, musta","og_description":"T\u00e4ll\u00e4 h\u00e4mm\u00e4stytt\u00e4v\u00e4n elegantilla kashmirvillakangastakilla saat modernia city chic -tyyli\u00e4. T\u00e4m\u00e4 ajaton korkealaatuinen vaatekappale palvelee sinua monta vuotta antaen sinulle l\u00e4mp\u00f6\u00e4 ja mukavuutta! Valitse paras - valitse kashmirvilla Alexa takki!","og_url":"https:\/\/believebytuularossi.com\/fi\/tuote\/alexa-naisten-kashmirvillakangastakki-musta\/","og_site_name":"BELIEVE by tuula rossi","article_publisher":"https:\/\/www.facebook.com\/believebytuularossi\/_gu3udgu0BZPTzcnU","article_modified_time":"2026-01-17T06:56:44+00:00","og_image":[{"width":632,"height":950,"url":"https:\/\/believebytuularossi.com\/wp-content\/uploads\/2023\/11\/9AB0A4A2-D1B3-4E96-A05D-67B69B6524B8.jpeg","type":"image\/jpeg"}],"twitter_card":"summary_large_image","twitter_title":"Alexa -naisten kashmirvillakangastakki, musta","twitter_description":"T\u00e4ll\u00e4 h\u00e4mm\u00e4stytt\u00e4v\u00e4n elegantilla kashmirvillakangastakilla saat modernia city chic -tyyli\u00e4. T\u00e4m\u00e4 ajaton korkealaatuinen vaatekappale palvelee sinua monta vuotta antaen sinulle l\u00e4mp\u00f6\u00e4 ja mukavuutta! Valitse paras - valitse kashmirvilla Alexa takki!","twitter_image":"https:\/\/believebytuularossi.com\/wp-content\/uploads\/2023\/11\/9AB0A4A2-D1B3-4E96-A05D-67B69B6524B8.jpeg","twitter_misc":{"Arvioitu lukuaika":"1 minuutti"},"schema":{"@context":"https:\/\/schema.org","@graph":[{"@type":["WebPage","ItemPage"],"@id":"https:\/\/believebytuularossi.com\/fi\/tuote\/alexa-naisten-kashmirvillakangastakki-musta\/","url":"https:\/\/believebytuularossi.com\/fi\/tuote\/alexa-naisten-kashmirvillakangastakki-musta\/","name":"Alexa -naisten kashmirvillakangastakki, musta &#8211; BELIEVE by tuula rossi","isPartOf":{"@id":"https:\/\/believebytuularossi.com\/fi\/#website"},"primaryImageOfPage":{"@id":"https:\/\/believebytuularossi.com\/fi\/tuote\/alexa-naisten-kashmirvillakangastakki-musta\/#primaryimage"},"image":{"@id":"https:\/\/believebytuularossi.com\/fi\/tuote\/alexa-naisten-kashmirvillakangastakki-musta\/#primaryimage"},"thumbnailUrl":"https:\/\/believebytuularossi.com\/wp-content\/uploads\/2023\/11\/9AB0A4A2-D1B3-4E96-A05D-67B69B6524B8.jpeg","datePublished":"2023-11-06T13:52:59+00:00","dateModified":"2026-01-17T06:56:44+00:00","description":"Alexa -musta naisten kashmirvillatakki irrottavalla tikatulla hupulla on ylellinen vaatekappale, joka sopii kaikenkokoisille naisille.","breadcrumb":{"@id":"https:\/\/believebytuularossi.com\/fi\/tuote\/alexa-naisten-kashmirvillakangastakki-musta\/#breadcrumb"},"inLanguage":"fi","potentialAction":[{"@type":"ReadAction","target":["https:\/\/believebytuularossi.com\/fi\/tuote\/alexa-naisten-kashmirvillakangastakki-musta\/"]}]},{"@type":"ImageObject","inLanguage":"fi","@id":"https:\/\/believebytuularossi.com\/fi\/tuote\/alexa-naisten-kashmirvillakangastakki-musta\/#primaryimage","url":"https:\/\/believebytuularossi.com\/wp-content\/uploads\/2023\/11\/9AB0A4A2-D1B3-4E96-A05D-67B69B6524B8.jpeg","contentUrl":"https:\/\/believebytuularossi.com\/wp-content\/uploads\/2023\/11\/9AB0A4A2-D1B3-4E96-A05D-67B69B6524B8.jpeg","width":632,"height":950,"caption":"Alexa Black cashmere wool coat side"},{"@type":"BreadcrumbList","@id":"https:\/\/believebytuularossi.com\/fi\/tuote\/alexa-naisten-kashmirvillakangastakki-musta\/#breadcrumb","itemListElement":[{"@type":"ListItem","position":1,"name":"Home","item":"https:\/\/believebytuularossi.com\/fi\/"},{"@type":"ListItem","position":2,"name":"Shop","item":"https:\/\/believebytuularossi.com\/shop\/"},{"@type":"ListItem","position":3,"name":"Alexa -naisten kashmirvillakangastakki, musta"}]},{"@type":"WebSite","@id":"https:\/\/believebytuularossi.com\/fi\/#website","url":"https:\/\/believebytuularossi.com\/fi\/","name":"BELIEVE by tuula rossi","description":"A unique, luxurious, original outerwear collection created by passion and love for today\u2019s fashionable woman and her desire for timeless style.          Perfect fit for the modern, feminine woman of any age.","publisher":{"@id":"https:\/\/believebytuularossi.com\/fi\/#organization"},"potentialAction":[{"@type":"SearchAction","target":{"@type":"EntryPoint","urlTemplate":"https:\/\/believebytuularossi.com\/fi\/?s={search_term_string}"},"query-input":{"@type":"PropertyValueSpecification","valueRequired":true,"valueName":"search_term_string"}}],"inLanguage":"fi"},{"@type":"Organization","@id":"https:\/\/believebytuularossi.com\/fi\/#organization","name":"BELIEVE by tuula rossi","url":"https:\/\/believebytuularossi.com\/fi\/","logo":{"@type":"ImageObject","inLanguage":"fi","@id":"https:\/\/believebytuularossi.com\/fi\/#\/schema\/logo\/image\/","url":"https:\/\/believebytuularossi.com\/wp-content\/uploads\/2018\/08\/rossi-logo_new.png","contentUrl":"https:\/\/believebytuularossi.com\/wp-content\/uploads\/2018\/08\/rossi-logo_new.png","width":300,"height":143,"caption":"BELIEVE by tuula rossi"},"image":{"@id":"https:\/\/believebytuularossi.com\/fi\/#\/schema\/logo\/image\/"},"sameAs":["https:\/\/www.facebook.com\/believebytuularossi\/_gu3udgu0BZPTzcnU","https:\/\/www.instagram.com\/believebytuularossi\/","https:\/\/www.pinterest.com\/believebytuularossi\/"]}]}},"_links":{"self":[{"href":"https:\/\/believebytuularossi.com\/fi\/wp-json\/wp\/v2\/product\/19336","targetHints":{"allow":["GET"]}}],"collection":[{"href":"https:\/\/believebytuularossi.com\/fi\/wp-json\/wp\/v2\/product"}],"about":[{"href":"https:\/\/believebytuularossi.com\/fi\/wp-json\/wp\/v2\/types\/product"}],"wp:featuredmedia":[{"embeddable":true,"href":"https:\/\/believebytuularossi.com\/fi\/wp-json\/wp\/v2\/media\/19320"}],"wp:attachment":[{"href":"https:\/\/believebytuularossi.com\/fi\/wp-json\/wp\/v2\/media?parent=19336"}],"wp:term":[{"taxonomy":"product_brand","embeddable":true,"href":"https:\/\/believebytuularossi.com\/fi\/wp-json\/wp\/v2\/product_brand?post=19336"},{"taxonomy":"product_cat","embeddable":true,"href":"https:\/\/believebytuularossi.com\/fi\/wp-json\/wp\/v2\/product_cat?post=19336"},{"taxonomy":"product_tag","embeddable":true,"href":"https:\/\/believebytuularossi.com\/fi\/wp-json\/wp\/v2\/product_tag?post=19336"}],"curies":[{"name":"wp","href":"https:\/\/api.w.org\/{rel}","templated":true}]}}