{"id":20190,"date":"2025-02-05T15:37:27","date_gmt":"2025-02-05T14:37:27","guid":{"rendered":"https:\/\/believebytuularossi.com\/?post_type=product&#038;p=20190"},"modified":"2026-01-30T11:22:16","modified_gmt":"2026-01-30T10:22:16","slug":"vanessa-cream-white-kevyt-tikattu-takki-vetoketjuhalkioilla-sivuissa-kermanvalkoinen","status":"publish","type":"product","link":"https:\/\/believebytuularossi.com\/fi\/tuote\/vanessa-cream-white-kevyt-tikattu-takki-vetoketjuhalkioilla-sivuissa-kermanvalkoinen\/","title":{"rendered":"Vanessa Cream White \u2013 kevyt tikattu takki vetoketjuhalkioilla sivuissa, kermanvalkoinen"},"content":{"rendered":"","protected":false},"excerpt":{"rendered":"<p>Tutustu t\u00e4h\u00e4n eritt\u00e4in kevyeeseen ja mahtavaan Vanessa -takiin! Vanessa on eritt\u00e4in tyylik\u00e4s ja hienostunut kermanvalkoisessa v\u00e4riss\u00e4. T\u00e4m\u00e4 upea pohkeeseen ulottuva tikkitakki tuo ylellisyytt\u00e4 arkiel\u00e4m\u00e4\u00e4si. Hieno, laadukas tikattu materiaali n\u00e4ytt\u00e4\u00e4 upealta ja on eritt\u00e4in mukava p\u00e4\u00e4ll\u00e4. Tyylikk\u00e4\u00e4t vetoketjut sivusaumoissa avautuvat pitkiin halkioihin luovat modernin lookin. Hyvin istuva huppu on irrotettava tyylikk\u00e4\u00e4ll\u00e4 kaksisuuntaisella vetoketjulla. T\u00e4m\u00e4 pitk\u00e4 tikkitakki sopii erinomaisesti kev\u00e4\u00e4seen ja syksyyn. Naisellinen Vanessa -takki on suunniteltu istumaan t\u00e4ydellisesti kaiken kokoisten naisten p\u00e4\u00e4ll\u00e4.<\/p>\n<p>Vanessa n\u00e4ytt\u00e4\u00e4 hyv\u00e4lt\u00e4 ja saa sinut tuntemaan olosi hemmotelluksi sen sis\u00e4ll\u00e4! Se on aito mielihyv\u00e4takkisi!<\/p>\n","protected":false},"featured_media":20208,"template":"","meta":{"_acf_changed":false},"product_brand":[],"product_cat":[131],"product_tag":[352,224,256,225,350,351],"class_list":{"0":"post-20190","1":"product","2":"type-product","3":"status-publish","4":"has-post-thumbnail","6":"product_cat-kevattakit-kesatakit-valisesonkitakit","7":"product_tag-cream-white","8":"product_tag-huppu","9":"product_tag-kermanvalkoinen","10":"product_tag-kevyt","11":"product_tag-sivuhalkiot","12":"product_tag-vanessa","13":"pa_ewd_uwcf_colors-cream-white","14":"pa_ewd_uwcf_colors-white","15":"pa_ewd_uwcf_colors-white-fi","16":"pa_ewd_uwcf_sizes-36-fi","17":"pa_ewd_uwcf_sizes-181","18":"pa_ewd_uwcf_sizes-183","19":"pa_ewd_uwcf_sizes-38-fi","20":"pa_ewd_uwcf_sizes-40-fi","21":"pa_ewd_uwcf_sizes-185","22":"pa_ewd_uwcf_sizes-187","23":"pa_ewd_uwcf_sizes-42-fi","24":"pa_ewd_uwcf_sizes-189","25":"pa_ewd_uwcf_sizes-44-fi","26":"pa_ewd_uwcf_sizes-191","27":"pa_ewd_uwcf_sizes-46-fi","28":"pa_ewd_uwcf_sizes-48-fi","29":"pa_ewd_uwcf_sizes-193","30":"pa_ewd_uwcf_sizes-200","31":"pa_ewd_uwcf_sizes-50-fi","32":"pa_ewd_uwcf_sizes-52-fi","33":"pa_ewd_uwcf_sizes-202","34":"pa_size-34-fi","35":"pa_size-36-fi","36":"pa_size-38-fi","37":"pa_size-40-fi","38":"pa_size-42-fi","39":"pa_size-44-fi","40":"pa_size-46-fi","41":"pa_size-48-fi","42":"pa_size-50-fi","43":"pa_size-52-fi","44":"pa_size-54-fi","45":"product_color-cream-white","46":"product_color-white-fi","47":"product_size-180","48":"product_size-36-fi","49":"product_size-182","50":"product_size-38-fi","51":"product_size-40-fi","52":"product_size-184","53":"product_size-42-fi","54":"product_size-186","55":"product_size-188","56":"product_size-44-fi","57":"product_size-46-fi","58":"product_size-190","59":"product_size-192","60":"product_size-48-fi","61":"product_size-50-fi","62":"product_size-199","63":"product_size-201","64":"product_size-52-fi","66":"first","67":"instock","68":"featured","69":"taxable","70":"shipping-taxable","71":"purchasable","72":"product-type-variable"},"acf":[],"yoast_head":"<!-- This site is optimized with the Yoast SEO plugin v27.5 - https:\/\/yoast.com\/product\/yoast-seo-wordpress\/ -->\n<title>Vanessa Cream White -kermanvalkoinen tikattu takki sivuhalkioilla<\/title>\n<meta name=\"description\" content=\"Vanessa Cream White on kevyt tikattu mielihyv\u00e4takki. Takki on mukava p\u00e4\u00e4ll\u00e4, se n\u00e4ytt\u00e4\u00e4 tyylikk\u00e4\u00e4lt\u00e4 ja ylelliselt\u00e4 jokaisen naisen p\u00e4\u00e4ll\u00e4.\" \/>\n<meta name=\"robots\" content=\"index, follow, max-snippet:-1, max-image-preview:large, max-video-preview:-1\" \/>\n<link rel=\"canonical\" href=\"https:\/\/believebytuularossi.com\/fi\/tuote\/vanessa-cream-white-kevyt-tikattu-takki-vetoketjuhalkioilla-sivuissa-kermanvalkoinen\/\" \/>\n<meta property=\"og:locale\" content=\"fi_FI\" \/>\n<meta property=\"og:type\" content=\"article\" \/>\n<meta property=\"og:title\" content=\"Vanessa cream white kevyt tikattu takki vetoketjuhalkioilla sivuissa, kermanvalkoinen\" \/>\n<meta property=\"og:description\" content=\"Kermanvalkoinen Vanessa on kevyt tikattu mielihyv\u00e4takki. Se n\u00e4ytt\u00e4\u00e4 tyylikk\u00e4\u00e4lt\u00e4 ja ylelliselt\u00e4 jokaisen naisen p\u00e4\u00e4ll\u00e4. Takki on mukava p\u00e4\u00e4ll\u00e4 ja siin\u00e4 on upeat, ylelliset vetoketjut. H\u00e4mm\u00e4stytt\u00e4v\u00e4 tikattu materiaali on joustaa hieman. Pitk\u00e4 tikkitakki on korkealaatuinen, hienostunut ja ajaton.\" \/>\n<meta property=\"og:url\" content=\"https:\/\/believebytuularossi.com\/fi\/tuote\/vanessa-cream-white-kevyt-tikattu-takki-vetoketjuhalkioilla-sivuissa-kermanvalkoinen\/\" \/>\n<meta property=\"og:site_name\" content=\"BELIEVE by tuula rossi\" \/>\n<meta property=\"article:publisher\" content=\"https:\/\/www.facebook.com\/believebytuularossi\/_gu3udgu0BZPTzcnU\" \/>\n<meta property=\"article:modified_time\" content=\"2026-01-30T10:22:16+00:00\" \/>\n<meta property=\"og:image\" content=\"https:\/\/believebytuularossi.com\/wp-content\/uploads\/2025\/02\/PDV0883_web.jpg\" \/>\n\t<meta property=\"og:image:width\" content=\"632\" \/>\n\t<meta property=\"og:image:height\" content=\"950\" \/>\n\t<meta property=\"og:image:type\" content=\"image\/jpeg\" \/>\n<meta name=\"twitter:card\" content=\"summary_large_image\" \/>\n<meta name=\"twitter:title\" content=\"Vanessa cream white kevyt tikattu takki vetoketjuhalkioilla sivuissa, kermanvalkoinen\" \/>\n<meta name=\"twitter:description\" content=\"Kermanvalkoinen Vanessa on kevyt tikattu mielihyv\u00e4takki. Se n\u00e4ytt\u00e4\u00e4 tyylikk\u00e4\u00e4lt\u00e4 ja ylelliselt\u00e4 jokaisen naisen p\u00e4\u00e4ll\u00e4. Takki on mukava p\u00e4\u00e4ll\u00e4 ja siin\u00e4 on upeat, ylelliset vetoketjut. H\u00e4mm\u00e4stytt\u00e4v\u00e4 tikattu materiaali on joustaa hieman. Pitk\u00e4 tikkitakki on korkealaatuinen, hienostunut ja ajaton.\" \/>\n<meta name=\"twitter:image\" content=\"https:\/\/believebytuularossi.com\/wp-content\/uploads\/2025\/02\/PDV0883_web.jpg\" \/>\n<meta name=\"twitter:label1\" content=\"Arvioitu lukuaika\" \/>\n\t<meta name=\"twitter:data1\" content=\"1 minuutti\" \/>\n<script type=\"application\/ld+json\" class=\"yoast-schema-graph\">{\"@context\":\"https:\\\/\\\/schema.org\",\"@graph\":[{\"@type\":\"WebPage\",\"@id\":\"https:\\\/\\\/believebytuularossi.com\\\/fi\\\/tuote\\\/vanessa-cream-white-kevyt-tikattu-takki-vetoketjuhalkioilla-sivuissa-kermanvalkoinen\\\/\",\"url\":\"https:\\\/\\\/believebytuularossi.com\\\/fi\\\/tuote\\\/vanessa-cream-white-kevyt-tikattu-takki-vetoketjuhalkioilla-sivuissa-kermanvalkoinen\\\/\",\"name\":\"Vanessa Cream White -kermanvalkoinen tikattu takki sivuhalkioilla\",\"isPartOf\":{\"@id\":\"https:\\\/\\\/believebytuularossi.com\\\/fi\\\/#website\"},\"primaryImageOfPage\":{\"@id\":\"https:\\\/\\\/believebytuularossi.com\\\/fi\\\/tuote\\\/vanessa-cream-white-kevyt-tikattu-takki-vetoketjuhalkioilla-sivuissa-kermanvalkoinen\\\/#primaryimage\"},\"image\":{\"@id\":\"https:\\\/\\\/believebytuularossi.com\\\/fi\\\/tuote\\\/vanessa-cream-white-kevyt-tikattu-takki-vetoketjuhalkioilla-sivuissa-kermanvalkoinen\\\/#primaryimage\"},\"thumbnailUrl\":\"https:\\\/\\\/believebytuularossi.com\\\/wp-content\\\/uploads\\\/2025\\\/02\\\/PDV0885_web.jpg\",\"datePublished\":\"2025-02-05T14:37:27+00:00\",\"dateModified\":\"2026-01-30T10:22:16+00:00\",\"description\":\"Vanessa Cream White on kevyt tikattu mielihyv\u00e4takki. Takki on mukava p\u00e4\u00e4ll\u00e4, se n\u00e4ytt\u00e4\u00e4 tyylikk\u00e4\u00e4lt\u00e4 ja ylelliselt\u00e4 jokaisen naisen p\u00e4\u00e4ll\u00e4.\",\"breadcrumb\":{\"@id\":\"https:\\\/\\\/believebytuularossi.com\\\/fi\\\/tuote\\\/vanessa-cream-white-kevyt-tikattu-takki-vetoketjuhalkioilla-sivuissa-kermanvalkoinen\\\/#breadcrumb\"},\"inLanguage\":\"fi\",\"potentialAction\":[{\"@type\":\"ReadAction\",\"target\":[\"https:\\\/\\\/believebytuularossi.com\\\/fi\\\/tuote\\\/vanessa-cream-white-kevyt-tikattu-takki-vetoketjuhalkioilla-sivuissa-kermanvalkoinen\\\/\"]}]},{\"@type\":\"ImageObject\",\"inLanguage\":\"fi\",\"@id\":\"https:\\\/\\\/believebytuularossi.com\\\/fi\\\/tuote\\\/vanessa-cream-white-kevyt-tikattu-takki-vetoketjuhalkioilla-sivuissa-kermanvalkoinen\\\/#primaryimage\",\"url\":\"https:\\\/\\\/believebytuularossi.com\\\/wp-content\\\/uploads\\\/2025\\\/02\\\/PDV0885_web.jpg\",\"contentUrl\":\"https:\\\/\\\/believebytuularossi.com\\\/wp-content\\\/uploads\\\/2025\\\/02\\\/PDV0885_web.jpg\",\"width\":632,\"height\":950,\"caption\":\"Vanessa Cream White Coat\"},{\"@type\":\"BreadcrumbList\",\"@id\":\"https:\\\/\\\/believebytuularossi.com\\\/fi\\\/tuote\\\/vanessa-cream-white-kevyt-tikattu-takki-vetoketjuhalkioilla-sivuissa-kermanvalkoinen\\\/#breadcrumb\",\"itemListElement\":[{\"@type\":\"ListItem\",\"position\":1,\"name\":\"Home\",\"item\":\"https:\\\/\\\/believebytuularossi.com\\\/fi\\\/\"},{\"@type\":\"ListItem\",\"position\":2,\"name\":\"Shop\",\"item\":\"https:\\\/\\\/believebytuularossi.com\\\/shop\\\/\"},{\"@type\":\"ListItem\",\"position\":3,\"name\":\"Vanessa Cream White \u2013 kevyt tikattu takki vetoketjuhalkioilla sivuissa, kermanvalkoinen\"}]},{\"@type\":\"WebSite\",\"@id\":\"https:\\\/\\\/believebytuularossi.com\\\/fi\\\/#website\",\"url\":\"https:\\\/\\\/believebytuularossi.com\\\/fi\\\/\",\"name\":\"BELIEVE by tuula rossi\",\"description\":\"A unique, luxurious, original outerwear collection created by passion and love for today\u2019s fashionable woman and her desire for timeless style.          Perfect fit for the modern, feminine woman of any age.\",\"publisher\":{\"@id\":\"https:\\\/\\\/believebytuularossi.com\\\/fi\\\/#organization\"},\"potentialAction\":[{\"@type\":\"SearchAction\",\"target\":{\"@type\":\"EntryPoint\",\"urlTemplate\":\"https:\\\/\\\/believebytuularossi.com\\\/fi\\\/?s={search_term_string}\"},\"query-input\":{\"@type\":\"PropertyValueSpecification\",\"valueRequired\":true,\"valueName\":\"search_term_string\"}}],\"inLanguage\":\"fi\"},{\"@type\":\"Organization\",\"@id\":\"https:\\\/\\\/believebytuularossi.com\\\/fi\\\/#organization\",\"name\":\"BELIEVE by tuula rossi\",\"url\":\"https:\\\/\\\/believebytuularossi.com\\\/fi\\\/\",\"logo\":{\"@type\":\"ImageObject\",\"inLanguage\":\"fi\",\"@id\":\"https:\\\/\\\/believebytuularossi.com\\\/fi\\\/#\\\/schema\\\/logo\\\/image\\\/\",\"url\":\"https:\\\/\\\/believebytuularossi.com\\\/wp-content\\\/uploads\\\/2018\\\/08\\\/rossi-logo_new.png\",\"contentUrl\":\"https:\\\/\\\/believebytuularossi.com\\\/wp-content\\\/uploads\\\/2018\\\/08\\\/rossi-logo_new.png\",\"width\":300,\"height\":143,\"caption\":\"BELIEVE by tuula rossi\"},\"image\":{\"@id\":\"https:\\\/\\\/believebytuularossi.com\\\/fi\\\/#\\\/schema\\\/logo\\\/image\\\/\"},\"sameAs\":[\"https:\\\/\\\/www.facebook.com\\\/believebytuularossi\\\/_gu3udgu0BZPTzcnU\",\"https:\\\/\\\/www.instagram.com\\\/believebytuularossi\\\/\",\"https:\\\/\\\/www.pinterest.com\\\/believebytuularossi\\\/\"]}]}<\/script>\n<!-- \/ Yoast SEO plugin. -->","yoast_head_json":{"title":"Vanessa Cream White -kermanvalkoinen tikattu takki sivuhalkioilla","description":"Vanessa Cream White on kevyt tikattu mielihyv\u00e4takki. Takki on mukava p\u00e4\u00e4ll\u00e4, se n\u00e4ytt\u00e4\u00e4 tyylikk\u00e4\u00e4lt\u00e4 ja ylelliselt\u00e4 jokaisen naisen p\u00e4\u00e4ll\u00e4.","robots":{"index":"index","follow":"follow","max-snippet":"max-snippet:-1","max-image-preview":"max-image-preview:large","max-video-preview":"max-video-preview:-1"},"canonical":"https:\/\/believebytuularossi.com\/fi\/tuote\/vanessa-cream-white-kevyt-tikattu-takki-vetoketjuhalkioilla-sivuissa-kermanvalkoinen\/","og_locale":"fi_FI","og_type":"article","og_title":"Vanessa cream white kevyt tikattu takki vetoketjuhalkioilla sivuissa, kermanvalkoinen","og_description":"Kermanvalkoinen Vanessa on kevyt tikattu mielihyv\u00e4takki. Se n\u00e4ytt\u00e4\u00e4 tyylikk\u00e4\u00e4lt\u00e4 ja ylelliselt\u00e4 jokaisen naisen p\u00e4\u00e4ll\u00e4. Takki on mukava p\u00e4\u00e4ll\u00e4 ja siin\u00e4 on upeat, ylelliset vetoketjut. H\u00e4mm\u00e4stytt\u00e4v\u00e4 tikattu materiaali on joustaa hieman. Pitk\u00e4 tikkitakki on korkealaatuinen, hienostunut ja ajaton.","og_url":"https:\/\/believebytuularossi.com\/fi\/tuote\/vanessa-cream-white-kevyt-tikattu-takki-vetoketjuhalkioilla-sivuissa-kermanvalkoinen\/","og_site_name":"BELIEVE by tuula rossi","article_publisher":"https:\/\/www.facebook.com\/believebytuularossi\/_gu3udgu0BZPTzcnU","article_modified_time":"2026-01-30T10:22:16+00:00","og_image":[{"width":632,"height":950,"url":"https:\/\/believebytuularossi.com\/wp-content\/uploads\/2025\/02\/PDV0883_web.jpg","type":"image\/jpeg"}],"twitter_card":"summary_large_image","twitter_title":"Vanessa cream white kevyt tikattu takki vetoketjuhalkioilla sivuissa, kermanvalkoinen","twitter_description":"Kermanvalkoinen Vanessa on kevyt tikattu mielihyv\u00e4takki. Se n\u00e4ytt\u00e4\u00e4 tyylikk\u00e4\u00e4lt\u00e4 ja ylelliselt\u00e4 jokaisen naisen p\u00e4\u00e4ll\u00e4. Takki on mukava p\u00e4\u00e4ll\u00e4 ja siin\u00e4 on upeat, ylelliset vetoketjut. H\u00e4mm\u00e4stytt\u00e4v\u00e4 tikattu materiaali on joustaa hieman. Pitk\u00e4 tikkitakki on korkealaatuinen, hienostunut ja ajaton.","twitter_image":"https:\/\/believebytuularossi.com\/wp-content\/uploads\/2025\/02\/PDV0883_web.jpg","twitter_misc":{"Arvioitu lukuaika":"1 minuutti"},"schema":{"@context":"https:\/\/schema.org","@graph":[{"@type":"WebPage","@id":"https:\/\/believebytuularossi.com\/fi\/tuote\/vanessa-cream-white-kevyt-tikattu-takki-vetoketjuhalkioilla-sivuissa-kermanvalkoinen\/","url":"https:\/\/believebytuularossi.com\/fi\/tuote\/vanessa-cream-white-kevyt-tikattu-takki-vetoketjuhalkioilla-sivuissa-kermanvalkoinen\/","name":"Vanessa Cream White -kermanvalkoinen tikattu takki sivuhalkioilla","isPartOf":{"@id":"https:\/\/believebytuularossi.com\/fi\/#website"},"primaryImageOfPage":{"@id":"https:\/\/believebytuularossi.com\/fi\/tuote\/vanessa-cream-white-kevyt-tikattu-takki-vetoketjuhalkioilla-sivuissa-kermanvalkoinen\/#primaryimage"},"image":{"@id":"https:\/\/believebytuularossi.com\/fi\/tuote\/vanessa-cream-white-kevyt-tikattu-takki-vetoketjuhalkioilla-sivuissa-kermanvalkoinen\/#primaryimage"},"thumbnailUrl":"https:\/\/believebytuularossi.com\/wp-content\/uploads\/2025\/02\/PDV0885_web.jpg","datePublished":"2025-02-05T14:37:27+00:00","dateModified":"2026-01-30T10:22:16+00:00","description":"Vanessa Cream White on kevyt tikattu mielihyv\u00e4takki. Takki on mukava p\u00e4\u00e4ll\u00e4, se n\u00e4ytt\u00e4\u00e4 tyylikk\u00e4\u00e4lt\u00e4 ja ylelliselt\u00e4 jokaisen naisen p\u00e4\u00e4ll\u00e4.","breadcrumb":{"@id":"https:\/\/believebytuularossi.com\/fi\/tuote\/vanessa-cream-white-kevyt-tikattu-takki-vetoketjuhalkioilla-sivuissa-kermanvalkoinen\/#breadcrumb"},"inLanguage":"fi","potentialAction":[{"@type":"ReadAction","target":["https:\/\/believebytuularossi.com\/fi\/tuote\/vanessa-cream-white-kevyt-tikattu-takki-vetoketjuhalkioilla-sivuissa-kermanvalkoinen\/"]}]},{"@type":"ImageObject","inLanguage":"fi","@id":"https:\/\/believebytuularossi.com\/fi\/tuote\/vanessa-cream-white-kevyt-tikattu-takki-vetoketjuhalkioilla-sivuissa-kermanvalkoinen\/#primaryimage","url":"https:\/\/believebytuularossi.com\/wp-content\/uploads\/2025\/02\/PDV0885_web.jpg","contentUrl":"https:\/\/believebytuularossi.com\/wp-content\/uploads\/2025\/02\/PDV0885_web.jpg","width":632,"height":950,"caption":"Vanessa Cream White Coat"},{"@type":"BreadcrumbList","@id":"https:\/\/believebytuularossi.com\/fi\/tuote\/vanessa-cream-white-kevyt-tikattu-takki-vetoketjuhalkioilla-sivuissa-kermanvalkoinen\/#breadcrumb","itemListElement":[{"@type":"ListItem","position":1,"name":"Home","item":"https:\/\/believebytuularossi.com\/fi\/"},{"@type":"ListItem","position":2,"name":"Shop","item":"https:\/\/believebytuularossi.com\/shop\/"},{"@type":"ListItem","position":3,"name":"Vanessa Cream White \u2013 kevyt tikattu takki vetoketjuhalkioilla sivuissa, kermanvalkoinen"}]},{"@type":"WebSite","@id":"https:\/\/believebytuularossi.com\/fi\/#website","url":"https:\/\/believebytuularossi.com\/fi\/","name":"BELIEVE by tuula rossi","description":"A unique, luxurious, original outerwear collection created by passion and love for today\u2019s fashionable woman and her desire for timeless style.          Perfect fit for the modern, feminine woman of any age.","publisher":{"@id":"https:\/\/believebytuularossi.com\/fi\/#organization"},"potentialAction":[{"@type":"SearchAction","target":{"@type":"EntryPoint","urlTemplate":"https:\/\/believebytuularossi.com\/fi\/?s={search_term_string}"},"query-input":{"@type":"PropertyValueSpecification","valueRequired":true,"valueName":"search_term_string"}}],"inLanguage":"fi"},{"@type":"Organization","@id":"https:\/\/believebytuularossi.com\/fi\/#organization","name":"BELIEVE by tuula rossi","url":"https:\/\/believebytuularossi.com\/fi\/","logo":{"@type":"ImageObject","inLanguage":"fi","@id":"https:\/\/believebytuularossi.com\/fi\/#\/schema\/logo\/image\/","url":"https:\/\/believebytuularossi.com\/wp-content\/uploads\/2018\/08\/rossi-logo_new.png","contentUrl":"https:\/\/believebytuularossi.com\/wp-content\/uploads\/2018\/08\/rossi-logo_new.png","width":300,"height":143,"caption":"BELIEVE by tuula rossi"},"image":{"@id":"https:\/\/believebytuularossi.com\/fi\/#\/schema\/logo\/image\/"},"sameAs":["https:\/\/www.facebook.com\/believebytuularossi\/_gu3udgu0BZPTzcnU","https:\/\/www.instagram.com\/believebytuularossi\/","https:\/\/www.pinterest.com\/believebytuularossi\/"]}]}},"_links":{"self":[{"href":"https:\/\/believebytuularossi.com\/fi\/wp-json\/wp\/v2\/product\/20190","targetHints":{"allow":["GET"]}}],"collection":[{"href":"https:\/\/believebytuularossi.com\/fi\/wp-json\/wp\/v2\/product"}],"about":[{"href":"https:\/\/believebytuularossi.com\/fi\/wp-json\/wp\/v2\/types\/product"}],"wp:featuredmedia":[{"embeddable":true,"href":"https:\/\/believebytuularossi.com\/fi\/wp-json\/wp\/v2\/media\/20208"}],"wp:attachment":[{"href":"https:\/\/believebytuularossi.com\/fi\/wp-json\/wp\/v2\/media?parent=20190"}],"wp:term":[{"taxonomy":"product_brand","embeddable":true,"href":"https:\/\/believebytuularossi.com\/fi\/wp-json\/wp\/v2\/product_brand?post=20190"},{"taxonomy":"product_cat","embeddable":true,"href":"https:\/\/believebytuularossi.com\/fi\/wp-json\/wp\/v2\/product_cat?post=20190"},{"taxonomy":"product_tag","embeddable":true,"href":"https:\/\/believebytuularossi.com\/fi\/wp-json\/wp\/v2\/product_tag?post=20190"}],"curies":[{"name":"wp","href":"https:\/\/api.w.org\/{rel}","templated":true}]}}