{"id":20267,"date":"2025-02-26T09:27:59","date_gmt":"2025-02-26T08:27:59","guid":{"rendered":"https:\/\/believebytuularossi.com\/product\/natalie-kermanvalkoinen-kevyt-tikattu-takki\/"},"modified":"2025-06-25T21:20:11","modified_gmt":"2025-06-25T19:20:11","slug":"natalie-kermanvalkoinen-kevyt-tikattu-takki","status":"publish","type":"product","link":"https:\/\/believebytuularossi.com\/fi\/tuote\/natalie-kermanvalkoinen-kevyt-tikattu-takki\/","title":{"rendered":"Natalie kermanvalkoinen kevyt tikattu takki"},"content":{"rendered":"","protected":false},"excerpt":{"rendered":"<p>Natalie -takki on t\u00e4ydellinen valinta kev\u00e4t-, semi-sesonki- tai leutoon syysasuun! Cream White-kermanvalkoinen v\u00e4ri on hieno. T\u00e4m\u00e4 upea takki on eritt\u00e4in mukava k\u00e4ytt\u00e4\u00e4 p\u00e4ivitt\u00e4in. T\u00e4m\u00e4 tikkitakki on todella ajaton \u2013 se on valmistettu korkealaatuisesta, kest\u00e4v\u00e4st\u00e4 ja kevyest\u00e4 materiaalista. T\u00e4ss\u00e4 ihanassa takissa on yhdistetty kaksi erilaista tikattua materiaalia, jotka t\u00e4ydent\u00e4v\u00e4t toisiaan luoden hienostuneen linjan ja t\u00e4ydellisen istuvuuden, jotka vangitsevat ohikulkijoiden ihastuneet katseet. Takin korkea kaulus ja helma ovat s\u00e4\u00e4dett\u00e4viss\u00e4 joustavalla kiristysny\u00f6rill\u00e4. Natalie -takissa on ylelliset kaksisuuntaiset vetoketjut edess\u00e4, sivussa ja taskuissa.<\/p>\n<p>Hihan pituus on hieman tavallista pidempi. Joustavat hihansuut takaavat t\u00e4ydellisen pituuden kaiken pituisille naisille.<\/p>\n<p>Naisellinen Natalie -tikkitakki on suunniteltu istumaan t\u00e4ydellisesti jokaiselle naiselle koosta riippumatta.<\/p>\n<p>P\u00e4ivit\u00e4 oma takkimallistosi modernilla ja upealla Natalie -takilla!<\/p>\n<p>Saatat my\u00f6s pit\u00e4\u00e4 Natalie- takeista v\u00e4reiss\u00e4 <a href=\"https:\/\/believebytuularossi.com\/fi\/tuote\/natalie-powder-rose-kevyt-tikattu-takki\/\">Powder Rose<\/a> ja <a href=\"https:\/\/believebytuularossi.com\/fi\/tuote\/natalie-oyster-grey-kevyt-tikattu-takki-osterinharmaa\/\">Oyster Grey<\/a>!<\/p>\n","protected":false},"featured_media":20253,"template":"","meta":{"_acf_changed":false},"product_brand":[],"product_cat":[131],"product_tag":[260,256,365,225,369,364,363,368,370,302],"class_list":{"0":"post-20267","1":"product","2":"type-product","3":"status-publish","4":"has-post-thumbnail","6":"product_cat-kevattakit-kesatakit-valisesonkitakit","7":"product_tag-coat","8":"product_tag-kermanvalkoinen","9":"product_tag-kevat-fi","10":"product_tag-kevyt","11":"product_tag-kevyt-takki","12":"product_tag-syksy-fi","13":"product_tag-takki-fi","14":"product_tag-tikut","15":"product_tag-valisesonki","16":"product_tag-valkoinen","17":"pa_ewd_uwcf_colors-cream-white","18":"pa_ewd_uwcf_colors-white","19":"pa_ewd_uwcf_sizes-181","20":"pa_ewd_uwcf_sizes-183","21":"pa_ewd_uwcf_sizes-185","22":"pa_ewd_uwcf_sizes-187","23":"pa_ewd_uwcf_sizes-189","24":"pa_ewd_uwcf_sizes-191","25":"pa_ewd_uwcf_sizes-193","26":"pa_ewd_uwcf_sizes-200","27":"pa_size-34-fi","28":"pa_size-36-fi","29":"pa_size-38-fi","30":"pa_size-40-fi","31":"pa_size-42-fi","32":"pa_size-44-fi","33":"pa_size-46-fi","34":"pa_size-48-fi","35":"pa_size-50-fi","36":"pa_size-52-fi","37":"pa_size-54-fi","38":"product_color-cream-white","39":"product_color-white-fi","40":"product_color-white","41":"product_size-180","42":"product_size-182","43":"product_size-184","44":"product_size-186","45":"product_size-188","46":"product_size-190","47":"product_size-192","48":"product_size-50-fi","50":"first","51":"instock","52":"featured","53":"taxable","54":"shipping-taxable","55":"purchasable","56":"product-type-variable"},"acf":[],"yoast_head":"<!-- This site is optimized with the Yoast SEO plugin v27.5 - https:\/\/yoast.com\/product\/yoast-seo-wordpress\/ -->\n<title>Natalie kermanvalkoinen kevyt tikattu takki &#8211; BELIEVE by tuula rossi<\/title>\n<meta name=\"description\" content=\"Takin korkea kaulus ja helma ovat s\u00e4\u00e4dett\u00e4viss\u00e4 joustavalla kiristysny\u00f6rill\u00e4. Natalie -takissa on ylelliset kaksisuuntaiset vetoketjut edess\u00e4, sivussa ja taskuissa.\" \/>\n<meta name=\"robots\" content=\"index, follow, max-snippet:-1, max-image-preview:large, max-video-preview:-1\" \/>\n<link rel=\"canonical\" href=\"https:\/\/believebytuularossi.com\/fi\/tuote\/natalie-kermanvalkoinen-kevyt-tikattu-takki\/\" \/>\n<meta property=\"og:locale\" content=\"fi_FI\" \/>\n<meta property=\"og:type\" content=\"article\" \/>\n<meta property=\"og:title\" content=\"Natalie kermanvalkoinen kevyt tikattu takki\" \/>\n<meta property=\"og:description\" content=\"Natalie -takki on t\u00e4ydellinen valinta kev\u00e4t-, semi-sesonki- tai leutoon syysasuun! Cream White-kermanvalkoinen v\u00e4ri on hieno. T\u00e4m\u00e4 upea takki on eritt\u00e4in mukava k\u00e4ytt\u00e4\u00e4 p\u00e4ivitt\u00e4in. T\u00e4m\u00e4 tikkitakki on todella ajaton \u2013 se on valmistettu korkealaatuisesta, kest\u00e4v\u00e4st\u00e4 ja kevyest\u00e4 materiaalista. T\u00e4ss\u00e4 ihanassa takissa on yhdistetty kaksi erilaista tikattua materiaalia, jotka t\u00e4ydent\u00e4v\u00e4t toisiaan luoden hienostuneen linjan ja t\u00e4ydellisen istuvuuden, jotka vangitsevat ohikulkijoiden ihastuneet katseet.\" \/>\n<meta property=\"og:url\" content=\"https:\/\/believebytuularossi.com\/fi\/tuote\/natalie-kermanvalkoinen-kevyt-tikattu-takki\/\" \/>\n<meta property=\"og:site_name\" content=\"BELIEVE by tuula rossi\" \/>\n<meta property=\"article:publisher\" content=\"https:\/\/www.facebook.com\/believebytuularossi\/_gu3udgu0BZPTzcnU\" \/>\n<meta property=\"article:modified_time\" content=\"2025-06-25T19:20:11+00:00\" \/>\n<meta property=\"og:image\" content=\"https:\/\/believebytuularossi.com\/wp-content\/uploads\/2025\/02\/PDV0897_web-300x300.jpg\" \/>\n<meta name=\"twitter:card\" content=\"summary_large_image\" \/>\n<meta name=\"twitter:title\" content=\"Natalie kermanvalkoinen kevyt tikattu takki\" \/>\n<meta name=\"twitter:description\" content=\"Natalie -takki on t\u00e4ydellinen valinta kev\u00e4t-, semi-sesonki- tai leutoon syysasuun! Cream White-kermanvalkoinen v\u00e4ri on hieno. T\u00e4m\u00e4 upea takki on eritt\u00e4in mukava k\u00e4ytt\u00e4\u00e4 p\u00e4ivitt\u00e4in. T\u00e4m\u00e4 tikkitakki on todella ajaton \u2013 se on valmistettu korkealaatuisesta, kest\u00e4v\u00e4st\u00e4 ja kevyest\u00e4 materiaalista. T\u00e4ss\u00e4 ihanassa takissa on yhdistetty kaksi erilaista tikattua materiaalia, jotka t\u00e4ydent\u00e4v\u00e4t toisiaan luoden hienostuneen linjan ja t\u00e4ydellisen istuvuuden, jotka vangitsevat ohikulkijoiden ihastuneet katseet.\" \/>\n<meta name=\"twitter:image\" content=\"https:\/\/believebytuularossi.com\/wp-content\/uploads\/2025\/02\/PDV0897_web-599x900.jpg\" \/>\n<meta name=\"twitter:label1\" content=\"Arvioitu lukuaika\" \/>\n\t<meta name=\"twitter:data1\" content=\"1 minuutti\" \/>\n<script type=\"application\/ld+json\" class=\"yoast-schema-graph\">{\"@context\":\"https:\\\/\\\/schema.org\",\"@graph\":[{\"@type\":\"WebPage\",\"@id\":\"https:\\\/\\\/believebytuularossi.com\\\/fi\\\/tuote\\\/natalie-kermanvalkoinen-kevyt-tikattu-takki\\\/\",\"url\":\"https:\\\/\\\/believebytuularossi.com\\\/fi\\\/tuote\\\/natalie-kermanvalkoinen-kevyt-tikattu-takki\\\/\",\"name\":\"Natalie kermanvalkoinen kevyt tikattu takki &#8211; BELIEVE by tuula rossi\",\"isPartOf\":{\"@id\":\"https:\\\/\\\/believebytuularossi.com\\\/fi\\\/#website\"},\"primaryImageOfPage\":{\"@id\":\"https:\\\/\\\/believebytuularossi.com\\\/fi\\\/tuote\\\/natalie-kermanvalkoinen-kevyt-tikattu-takki\\\/#primaryimage\"},\"image\":{\"@id\":\"https:\\\/\\\/believebytuularossi.com\\\/fi\\\/tuote\\\/natalie-kermanvalkoinen-kevyt-tikattu-takki\\\/#primaryimage\"},\"thumbnailUrl\":\"https:\\\/\\\/believebytuularossi.com\\\/wp-content\\\/uploads\\\/2025\\\/02\\\/PDV0897_web.jpg\",\"datePublished\":\"2025-02-26T08:27:59+00:00\",\"dateModified\":\"2025-06-25T19:20:11+00:00\",\"description\":\"Takin korkea kaulus ja helma ovat s\u00e4\u00e4dett\u00e4viss\u00e4 joustavalla kiristysny\u00f6rill\u00e4. Natalie -takissa on ylelliset kaksisuuntaiset vetoketjut edess\u00e4, sivussa ja taskuissa.\",\"breadcrumb\":{\"@id\":\"https:\\\/\\\/believebytuularossi.com\\\/fi\\\/tuote\\\/natalie-kermanvalkoinen-kevyt-tikattu-takki\\\/#breadcrumb\"},\"inLanguage\":\"fi\",\"potentialAction\":[{\"@type\":\"ReadAction\",\"target\":[\"https:\\\/\\\/believebytuularossi.com\\\/fi\\\/tuote\\\/natalie-kermanvalkoinen-kevyt-tikattu-takki\\\/\"]}]},{\"@type\":\"ImageObject\",\"inLanguage\":\"fi\",\"@id\":\"https:\\\/\\\/believebytuularossi.com\\\/fi\\\/tuote\\\/natalie-kermanvalkoinen-kevyt-tikattu-takki\\\/#primaryimage\",\"url\":\"https:\\\/\\\/believebytuularossi.com\\\/wp-content\\\/uploads\\\/2025\\\/02\\\/PDV0897_web.jpg\",\"contentUrl\":\"https:\\\/\\\/believebytuularossi.com\\\/wp-content\\\/uploads\\\/2025\\\/02\\\/PDV0897_web.jpg\",\"width\":632,\"height\":950,\"caption\":\"Natalie Cream White\"},{\"@type\":\"BreadcrumbList\",\"@id\":\"https:\\\/\\\/believebytuularossi.com\\\/fi\\\/tuote\\\/natalie-kermanvalkoinen-kevyt-tikattu-takki\\\/#breadcrumb\",\"itemListElement\":[{\"@type\":\"ListItem\",\"position\":1,\"name\":\"Home\",\"item\":\"https:\\\/\\\/believebytuularossi.com\\\/fi\\\/\"},{\"@type\":\"ListItem\",\"position\":2,\"name\":\"Shop\",\"item\":\"https:\\\/\\\/believebytuularossi.com\\\/shop\\\/\"},{\"@type\":\"ListItem\",\"position\":3,\"name\":\"Natalie kermanvalkoinen kevyt tikattu takki\"}]},{\"@type\":\"WebSite\",\"@id\":\"https:\\\/\\\/believebytuularossi.com\\\/fi\\\/#website\",\"url\":\"https:\\\/\\\/believebytuularossi.com\\\/fi\\\/\",\"name\":\"BELIEVE by tuula rossi\",\"description\":\"A unique, luxurious, original outerwear collection created by passion and love for today\u2019s fashionable woman and her desire for timeless style.          Perfect fit for the modern, feminine woman of any age.\",\"publisher\":{\"@id\":\"https:\\\/\\\/believebytuularossi.com\\\/fi\\\/#organization\"},\"potentialAction\":[{\"@type\":\"SearchAction\",\"target\":{\"@type\":\"EntryPoint\",\"urlTemplate\":\"https:\\\/\\\/believebytuularossi.com\\\/fi\\\/?s={search_term_string}\"},\"query-input\":{\"@type\":\"PropertyValueSpecification\",\"valueRequired\":true,\"valueName\":\"search_term_string\"}}],\"inLanguage\":\"fi\"},{\"@type\":\"Organization\",\"@id\":\"https:\\\/\\\/believebytuularossi.com\\\/fi\\\/#organization\",\"name\":\"BELIEVE by tuula rossi\",\"url\":\"https:\\\/\\\/believebytuularossi.com\\\/fi\\\/\",\"logo\":{\"@type\":\"ImageObject\",\"inLanguage\":\"fi\",\"@id\":\"https:\\\/\\\/believebytuularossi.com\\\/fi\\\/#\\\/schema\\\/logo\\\/image\\\/\",\"url\":\"https:\\\/\\\/believebytuularossi.com\\\/wp-content\\\/uploads\\\/2018\\\/08\\\/rossi-logo_new.png\",\"contentUrl\":\"https:\\\/\\\/believebytuularossi.com\\\/wp-content\\\/uploads\\\/2018\\\/08\\\/rossi-logo_new.png\",\"width\":300,\"height\":143,\"caption\":\"BELIEVE by tuula rossi\"},\"image\":{\"@id\":\"https:\\\/\\\/believebytuularossi.com\\\/fi\\\/#\\\/schema\\\/logo\\\/image\\\/\"},\"sameAs\":[\"https:\\\/\\\/www.facebook.com\\\/believebytuularossi\\\/_gu3udgu0BZPTzcnU\",\"https:\\\/\\\/www.instagram.com\\\/believebytuularossi\\\/\",\"https:\\\/\\\/www.pinterest.com\\\/believebytuularossi\\\/\"]}]}<\/script>\n<!-- \/ Yoast SEO plugin. -->","yoast_head_json":{"title":"Natalie kermanvalkoinen kevyt tikattu takki &#8211; BELIEVE by tuula rossi","description":"Takin korkea kaulus ja helma ovat s\u00e4\u00e4dett\u00e4viss\u00e4 joustavalla kiristysny\u00f6rill\u00e4. Natalie -takissa on ylelliset kaksisuuntaiset vetoketjut edess\u00e4, sivussa ja taskuissa.","robots":{"index":"index","follow":"follow","max-snippet":"max-snippet:-1","max-image-preview":"max-image-preview:large","max-video-preview":"max-video-preview:-1"},"canonical":"https:\/\/believebytuularossi.com\/fi\/tuote\/natalie-kermanvalkoinen-kevyt-tikattu-takki\/","og_locale":"fi_FI","og_type":"article","og_title":"Natalie kermanvalkoinen kevyt tikattu takki","og_description":"Natalie -takki on t\u00e4ydellinen valinta kev\u00e4t-, semi-sesonki- tai leutoon syysasuun! Cream White-kermanvalkoinen v\u00e4ri on hieno. T\u00e4m\u00e4 upea takki on eritt\u00e4in mukava k\u00e4ytt\u00e4\u00e4 p\u00e4ivitt\u00e4in. T\u00e4m\u00e4 tikkitakki on todella ajaton \u2013 se on valmistettu korkealaatuisesta, kest\u00e4v\u00e4st\u00e4 ja kevyest\u00e4 materiaalista. T\u00e4ss\u00e4 ihanassa takissa on yhdistetty kaksi erilaista tikattua materiaalia, jotka t\u00e4ydent\u00e4v\u00e4t toisiaan luoden hienostuneen linjan ja t\u00e4ydellisen istuvuuden, jotka vangitsevat ohikulkijoiden ihastuneet katseet.","og_url":"https:\/\/believebytuularossi.com\/fi\/tuote\/natalie-kermanvalkoinen-kevyt-tikattu-takki\/","og_site_name":"BELIEVE by tuula rossi","article_publisher":"https:\/\/www.facebook.com\/believebytuularossi\/_gu3udgu0BZPTzcnU","article_modified_time":"2025-06-25T19:20:11+00:00","og_image":[{"url":"https:\/\/believebytuularossi.com\/wp-content\/uploads\/2025\/02\/PDV0897_web-300x300.jpg","type":"","width":"","height":""}],"twitter_card":"summary_large_image","twitter_title":"Natalie kermanvalkoinen kevyt tikattu takki","twitter_description":"Natalie -takki on t\u00e4ydellinen valinta kev\u00e4t-, semi-sesonki- tai leutoon syysasuun! Cream White-kermanvalkoinen v\u00e4ri on hieno. T\u00e4m\u00e4 upea takki on eritt\u00e4in mukava k\u00e4ytt\u00e4\u00e4 p\u00e4ivitt\u00e4in. T\u00e4m\u00e4 tikkitakki on todella ajaton \u2013 se on valmistettu korkealaatuisesta, kest\u00e4v\u00e4st\u00e4 ja kevyest\u00e4 materiaalista. T\u00e4ss\u00e4 ihanassa takissa on yhdistetty kaksi erilaista tikattua materiaalia, jotka t\u00e4ydent\u00e4v\u00e4t toisiaan luoden hienostuneen linjan ja t\u00e4ydellisen istuvuuden, jotka vangitsevat ohikulkijoiden ihastuneet katseet.","twitter_image":"https:\/\/believebytuularossi.com\/wp-content\/uploads\/2025\/02\/PDV0897_web-599x900.jpg","twitter_misc":{"Arvioitu lukuaika":"1 minuutti"},"schema":{"@context":"https:\/\/schema.org","@graph":[{"@type":"WebPage","@id":"https:\/\/believebytuularossi.com\/fi\/tuote\/natalie-kermanvalkoinen-kevyt-tikattu-takki\/","url":"https:\/\/believebytuularossi.com\/fi\/tuote\/natalie-kermanvalkoinen-kevyt-tikattu-takki\/","name":"Natalie kermanvalkoinen kevyt tikattu takki &#8211; BELIEVE by tuula rossi","isPartOf":{"@id":"https:\/\/believebytuularossi.com\/fi\/#website"},"primaryImageOfPage":{"@id":"https:\/\/believebytuularossi.com\/fi\/tuote\/natalie-kermanvalkoinen-kevyt-tikattu-takki\/#primaryimage"},"image":{"@id":"https:\/\/believebytuularossi.com\/fi\/tuote\/natalie-kermanvalkoinen-kevyt-tikattu-takki\/#primaryimage"},"thumbnailUrl":"https:\/\/believebytuularossi.com\/wp-content\/uploads\/2025\/02\/PDV0897_web.jpg","datePublished":"2025-02-26T08:27:59+00:00","dateModified":"2025-06-25T19:20:11+00:00","description":"Takin korkea kaulus ja helma ovat s\u00e4\u00e4dett\u00e4viss\u00e4 joustavalla kiristysny\u00f6rill\u00e4. Natalie -takissa on ylelliset kaksisuuntaiset vetoketjut edess\u00e4, sivussa ja taskuissa.","breadcrumb":{"@id":"https:\/\/believebytuularossi.com\/fi\/tuote\/natalie-kermanvalkoinen-kevyt-tikattu-takki\/#breadcrumb"},"inLanguage":"fi","potentialAction":[{"@type":"ReadAction","target":["https:\/\/believebytuularossi.com\/fi\/tuote\/natalie-kermanvalkoinen-kevyt-tikattu-takki\/"]}]},{"@type":"ImageObject","inLanguage":"fi","@id":"https:\/\/believebytuularossi.com\/fi\/tuote\/natalie-kermanvalkoinen-kevyt-tikattu-takki\/#primaryimage","url":"https:\/\/believebytuularossi.com\/wp-content\/uploads\/2025\/02\/PDV0897_web.jpg","contentUrl":"https:\/\/believebytuularossi.com\/wp-content\/uploads\/2025\/02\/PDV0897_web.jpg","width":632,"height":950,"caption":"Natalie Cream White"},{"@type":"BreadcrumbList","@id":"https:\/\/believebytuularossi.com\/fi\/tuote\/natalie-kermanvalkoinen-kevyt-tikattu-takki\/#breadcrumb","itemListElement":[{"@type":"ListItem","position":1,"name":"Home","item":"https:\/\/believebytuularossi.com\/fi\/"},{"@type":"ListItem","position":2,"name":"Shop","item":"https:\/\/believebytuularossi.com\/shop\/"},{"@type":"ListItem","position":3,"name":"Natalie kermanvalkoinen kevyt tikattu takki"}]},{"@type":"WebSite","@id":"https:\/\/believebytuularossi.com\/fi\/#website","url":"https:\/\/believebytuularossi.com\/fi\/","name":"BELIEVE by tuula rossi","description":"A unique, luxurious, original outerwear collection created by passion and love for today\u2019s fashionable woman and her desire for timeless style.          Perfect fit for the modern, feminine woman of any age.","publisher":{"@id":"https:\/\/believebytuularossi.com\/fi\/#organization"},"potentialAction":[{"@type":"SearchAction","target":{"@type":"EntryPoint","urlTemplate":"https:\/\/believebytuularossi.com\/fi\/?s={search_term_string}"},"query-input":{"@type":"PropertyValueSpecification","valueRequired":true,"valueName":"search_term_string"}}],"inLanguage":"fi"},{"@type":"Organization","@id":"https:\/\/believebytuularossi.com\/fi\/#organization","name":"BELIEVE by tuula rossi","url":"https:\/\/believebytuularossi.com\/fi\/","logo":{"@type":"ImageObject","inLanguage":"fi","@id":"https:\/\/believebytuularossi.com\/fi\/#\/schema\/logo\/image\/","url":"https:\/\/believebytuularossi.com\/wp-content\/uploads\/2018\/08\/rossi-logo_new.png","contentUrl":"https:\/\/believebytuularossi.com\/wp-content\/uploads\/2018\/08\/rossi-logo_new.png","width":300,"height":143,"caption":"BELIEVE by tuula rossi"},"image":{"@id":"https:\/\/believebytuularossi.com\/fi\/#\/schema\/logo\/image\/"},"sameAs":["https:\/\/www.facebook.com\/believebytuularossi\/_gu3udgu0BZPTzcnU","https:\/\/www.instagram.com\/believebytuularossi\/","https:\/\/www.pinterest.com\/believebytuularossi\/"]}]}},"_links":{"self":[{"href":"https:\/\/believebytuularossi.com\/fi\/wp-json\/wp\/v2\/product\/20267","targetHints":{"allow":["GET"]}}],"collection":[{"href":"https:\/\/believebytuularossi.com\/fi\/wp-json\/wp\/v2\/product"}],"about":[{"href":"https:\/\/believebytuularossi.com\/fi\/wp-json\/wp\/v2\/types\/product"}],"wp:featuredmedia":[{"embeddable":true,"href":"https:\/\/believebytuularossi.com\/fi\/wp-json\/wp\/v2\/media\/20253"}],"wp:attachment":[{"href":"https:\/\/believebytuularossi.com\/fi\/wp-json\/wp\/v2\/media?parent=20267"}],"wp:term":[{"taxonomy":"product_brand","embeddable":true,"href":"https:\/\/believebytuularossi.com\/fi\/wp-json\/wp\/v2\/product_brand?post=20267"},{"taxonomy":"product_cat","embeddable":true,"href":"https:\/\/believebytuularossi.com\/fi\/wp-json\/wp\/v2\/product_cat?post=20267"},{"taxonomy":"product_tag","embeddable":true,"href":"https:\/\/believebytuularossi.com\/fi\/wp-json\/wp\/v2\/product_tag?post=20267"}],"curies":[{"name":"wp","href":"https:\/\/api.w.org\/{rel}","templated":true}]}}