{"id":20392,"date":"2025-06-02T22:23:19","date_gmt":"2025-06-02T20:23:19","guid":{"rendered":"https:\/\/believebytuularossi.com\/product\/queen-tikattu-kokopitka-takki-shaalikauluksella-ja-irrotettavalla-hupulla-keltainen\/"},"modified":"2025-06-25T21:20:23","modified_gmt":"2025-06-25T19:20:23","slug":"queen-tikattu-kokopitka-takki-shaalikauluksella-ja-irrotettavalla-hupulla-keltainen","status":"publish","type":"product","link":"https:\/\/believebytuularossi.com\/fi\/tuote\/queen-tikattu-kokopitka-takki-shaalikauluksella-ja-irrotettavalla-hupulla-keltainen\/","title":{"rendered":"QUEEN -tikattu kokopitk\u00e4 takki shaalikauluksella ja irrotettavalla hupulla, keltainen"},"content":{"rendered":"","protected":false},"excerpt":{"rendered":"<p>QUEEN on n\u00e4ytt\u00e4v\u00e4 takki, joka k\u00e4\u00e4nt\u00e4\u00e4 katseet! T\u00e4m\u00e4 upea takki p\u00e4\u00e4ll\u00e4 tunnet olosi kuninkaalliseksi! Energinen keltainen v\u00e4ri ja naisellinen leikkaus saavat sinut tuntemaan itsesi todelliseksi kuningattareksi. T\u00e4m\u00e4 tyylik\u00e4s, ylellinen takki on valmistettu upeasta \u201ctikut\u201d -tikkikuosilla tikatusta materiaalista. Materiaalissa on vett\u00e4hylkiv\u00e4 viimeistely ja se on hengitt\u00e4v\u00e4\u00e4. Upea iso shaalikaulus ja irrotettava huppu suojaavat tuulelta. Kaulus ja naisellinen helma ovat s\u00e4\u00e4dett\u00e4viss\u00e4 joustavalla kiristysny\u00f6rill\u00e4. Kaunis kaksisuuntainen vetoketju ja piilotetut nepparit sulkevat takin. Taskut avautuvat kaksisuuntaisilla vetoketjuilla.<\/p>\n<p>Upea QUEEN-takki imartelee vartaloasi kaikissa kokoluokissa ja on suunniteltu istumaan t\u00e4ydellisesti jokaisen naisen ylle. T\u00e4m\u00e4 ihastuttava, huomiota her\u00e4tt\u00e4v\u00e4 ja kauniisti istuva QUEEN-takki saa sinut loistamaan!<\/p>\n<p>QUEEN-tikatun takin hihan pituus on hieman tavallista pidempi. Joustavat hihansuut varmistavat t\u00e4ydellisen pituuden kaikille.<br \/>\nSaatat my\u00f6s pit\u00e4\u00e4 Queen takista pinkiss\u00e4 v\u00e4riss\u00e4.<\/p>\n","protected":false},"featured_media":20346,"template":"","meta":{"_acf_changed":false},"product_brand":[],"product_cat":[130],"product_tag":[380,365,225,378,375,377,303,300,364,363,282,368],"class_list":{"0":"post-20392","1":"product","2":"type-product","3":"status-publish","4":"has-post-thumbnail","6":"product_cat-syksytakit-talvitakit","7":"product_tag-keltainen","8":"product_tag-kevat-fi","9":"product_tag-kevyt","10":"product_tag-kokopitka","11":"product_tag-pitka-fi","12":"product_tag-queen-fi","13":"product_tag-shaalikaulus","14":"product_tag-shawl-collar","15":"product_tag-syksy-fi","16":"product_tag-takki-fi","17":"product_tag-talvi","18":"product_tag-tikut","19":"pa_ewd_uwcf_colors-yellow","20":"pa_ewd_uwcf_sizes-206","21":"pa_ewd_uwcf_sizes-181","22":"pa_ewd_uwcf_sizes-183","23":"pa_ewd_uwcf_sizes-185","24":"pa_ewd_uwcf_sizes-187","25":"pa_ewd_uwcf_sizes-189","26":"pa_ewd_uwcf_sizes-191","27":"pa_ewd_uwcf_sizes-193","28":"pa_ewd_uwcf_sizes-200","29":"pa_ewd_uwcf_sizes-202","30":"pa_ewd_uwcf_sizes-204","31":"pa_size-34-fi","32":"pa_size-36-fi","33":"pa_size-38-fi","34":"pa_size-40-fi","35":"pa_size-42-fi","36":"pa_size-44-fi","37":"pa_size-46-fi","38":"pa_size-48-fi","39":"pa_size-50-fi","40":"pa_size-52-fi","41":"pa_size-54-fi","42":"product_color-yellow-fi","43":"product_size-205","44":"product_size-180","45":"product_size-182","46":"product_size-184","47":"product_size-42-fi","48":"product_size-188","49":"product_size-190","50":"product_size-192","51":"product_size-199","52":"product_size-201","53":"product_size-203","55":"first","56":"instock","57":"featured","58":"taxable","59":"shipping-taxable","60":"purchasable","61":"product-type-variable"},"acf":[],"yoast_head":"<!-- This site is optimized with the Yoast SEO plugin v27.6 - https:\/\/yoast.com\/product\/yoast-seo-wordpress\/ -->\n<title>QUEEN tikattu kokopitk\u00e4 takki shaalikauluksella ja irrotettavalla hupulla, keltainen<\/title>\n<meta name=\"description\" content=\"Queen -tikkitakki on huomiota her\u00e4tt\u00e4v\u00e4 ja elegantti energisess\u00e4 keltaisessa v\u00e4riss\u00e4. Siin\u00e4 on kaunis istuvuus, joka imartelee jokaisen naisen vartaloa. Upea tikattu materiaali on tyylik\u00e4s.\" \/>\n<meta name=\"robots\" content=\"index, follow, max-snippet:-1, max-image-preview:large, max-video-preview:-1\" \/>\n<link rel=\"canonical\" href=\"https:\/\/believebytuularossi.com\/fi\/tuote\/queen-tikattu-kokopitka-takki-shaalikauluksella-ja-irrotettavalla-hupulla-keltainen\/\" \/>\n<meta property=\"og:locale\" content=\"fi_FI\" \/>\n<meta property=\"og:type\" content=\"article\" \/>\n<meta property=\"og:title\" content=\"QUEEN tikattu kokopitk\u00e4 takki shaalikauluksella ja irrotettavalla hupulla, keltainen\" \/>\n<meta property=\"og:description\" content=\"Queen-tikkitakki on huomiota her\u00e4tt\u00e4v\u00e4 ja elegantti energisess\u00e4 keltaisessa v\u00e4riss\u00e4. Siin\u00e4 on kaunis istuvuus, joka imartelee jokaisen naisen vartaloa. Upea tikattu materiaali on tyylik\u00e4s. Tyylik\u00e4s shaalikaulus ja naisellinen helma tekev\u00e4t takista upean. T\u00e4m\u00e4 ylellinen takki on t\u00e4ydellinen valinta, kun haluat tuntea olosi kuningattareksi.\" \/>\n<meta property=\"og:url\" content=\"https:\/\/believebytuularossi.com\/fi\/tuote\/queen-tikattu-kokopitka-takki-shaalikauluksella-ja-irrotettavalla-hupulla-keltainen\/\" \/>\n<meta property=\"og:site_name\" content=\"BELIEVE by tuula rossi\" \/>\n<meta property=\"article:publisher\" content=\"https:\/\/www.facebook.com\/believebytuularossi\/_gu3udgu0BZPTzcnU\" \/>\n<meta property=\"article:modified_time\" content=\"2025-06-25T19:20:23+00:00\" \/>\n<meta property=\"og:image\" content=\"https:\/\/believebytuularossi.com\/wp-content\/uploads\/2025\/05\/PDV0907_web-300x300.jpg\" \/>\n<meta name=\"twitter:card\" content=\"summary_large_image\" \/>\n<meta name=\"twitter:title\" content=\"QUEEN tikattu kokopitk\u00e4 takki shaalikauluksella ja irrotettavalla hupulla, keltainen\" \/>\n<meta name=\"twitter:description\" content=\"Queen-tikkitakki on huomiota her\u00e4tt\u00e4v\u00e4 ja elegantti energisess\u00e4 keltaisessa v\u00e4riss\u00e4. Siin\u00e4 on kaunis istuvuus, joka imartelee jokaisen naisen vartaloa. Upea tikattu materiaali on tyylik\u00e4s. Tyylik\u00e4s shaalikaulus ja naisellinen helma tekev\u00e4t takista upean. T\u00e4m\u00e4 ylellinen takki on t\u00e4ydellinen valinta, kun haluat tuntea olosi kuningattareksi.\" \/>\n<meta name=\"twitter:image\" content=\"https:\/\/believebytuularossi.com\/wp-content\/uploads\/2025\/05\/PDV0907_web-599x900.jpg\" \/>\n<meta name=\"twitter:label1\" content=\"Arvioitu lukuaika\" \/>\n\t<meta name=\"twitter:data1\" content=\"1 minuutti\" \/>\n<script type=\"application\/ld+json\" class=\"yoast-schema-graph\">{\"@context\":\"https:\\\/\\\/schema.org\",\"@graph\":[{\"@type\":\"WebPage\",\"@id\":\"https:\\\/\\\/believebytuularossi.com\\\/fi\\\/tuote\\\/queen-tikattu-kokopitka-takki-shaalikauluksella-ja-irrotettavalla-hupulla-keltainen\\\/\",\"url\":\"https:\\\/\\\/believebytuularossi.com\\\/fi\\\/tuote\\\/queen-tikattu-kokopitka-takki-shaalikauluksella-ja-irrotettavalla-hupulla-keltainen\\\/\",\"name\":\"QUEEN tikattu kokopitk\u00e4 takki shaalikauluksella ja irrotettavalla hupulla, keltainen\",\"isPartOf\":{\"@id\":\"https:\\\/\\\/believebytuularossi.com\\\/fi\\\/#website\"},\"primaryImageOfPage\":{\"@id\":\"https:\\\/\\\/believebytuularossi.com\\\/fi\\\/tuote\\\/queen-tikattu-kokopitka-takki-shaalikauluksella-ja-irrotettavalla-hupulla-keltainen\\\/#primaryimage\"},\"image\":{\"@id\":\"https:\\\/\\\/believebytuularossi.com\\\/fi\\\/tuote\\\/queen-tikattu-kokopitka-takki-shaalikauluksella-ja-irrotettavalla-hupulla-keltainen\\\/#primaryimage\"},\"thumbnailUrl\":\"https:\\\/\\\/believebytuularossi.com\\\/wp-content\\\/uploads\\\/2025\\\/05\\\/PDV0907_web.jpg\",\"datePublished\":\"2025-06-02T20:23:19+00:00\",\"dateModified\":\"2025-06-25T19:20:23+00:00\",\"description\":\"Queen -tikkitakki on huomiota her\u00e4tt\u00e4v\u00e4 ja elegantti energisess\u00e4 keltaisessa v\u00e4riss\u00e4. Siin\u00e4 on kaunis istuvuus, joka imartelee jokaisen naisen vartaloa. Upea tikattu materiaali on tyylik\u00e4s.\",\"breadcrumb\":{\"@id\":\"https:\\\/\\\/believebytuularossi.com\\\/fi\\\/tuote\\\/queen-tikattu-kokopitka-takki-shaalikauluksella-ja-irrotettavalla-hupulla-keltainen\\\/#breadcrumb\"},\"inLanguage\":\"fi\",\"potentialAction\":[{\"@type\":\"ReadAction\",\"target\":[\"https:\\\/\\\/believebytuularossi.com\\\/fi\\\/tuote\\\/queen-tikattu-kokopitka-takki-shaalikauluksella-ja-irrotettavalla-hupulla-keltainen\\\/\"]}]},{\"@type\":\"ImageObject\",\"inLanguage\":\"fi\",\"@id\":\"https:\\\/\\\/believebytuularossi.com\\\/fi\\\/tuote\\\/queen-tikattu-kokopitka-takki-shaalikauluksella-ja-irrotettavalla-hupulla-keltainen\\\/#primaryimage\",\"url\":\"https:\\\/\\\/believebytuularossi.com\\\/wp-content\\\/uploads\\\/2025\\\/05\\\/PDV0907_web.jpg\",\"contentUrl\":\"https:\\\/\\\/believebytuularossi.com\\\/wp-content\\\/uploads\\\/2025\\\/05\\\/PDV0907_web.jpg\",\"width\":632,\"height\":950,\"caption\":\"Queen Yellow Quilted Coat\"},{\"@type\":\"BreadcrumbList\",\"@id\":\"https:\\\/\\\/believebytuularossi.com\\\/fi\\\/tuote\\\/queen-tikattu-kokopitka-takki-shaalikauluksella-ja-irrotettavalla-hupulla-keltainen\\\/#breadcrumb\",\"itemListElement\":[{\"@type\":\"ListItem\",\"position\":1,\"name\":\"Home\",\"item\":\"https:\\\/\\\/believebytuularossi.com\\\/fi\\\/\"},{\"@type\":\"ListItem\",\"position\":2,\"name\":\"Shop\",\"item\":\"https:\\\/\\\/believebytuularossi.com\\\/shop\\\/\"},{\"@type\":\"ListItem\",\"position\":3,\"name\":\"QUEEN -tikattu kokopitk\u00e4 takki shaalikauluksella ja irrotettavalla hupulla, keltainen\"}]},{\"@type\":\"WebSite\",\"@id\":\"https:\\\/\\\/believebytuularossi.com\\\/fi\\\/#website\",\"url\":\"https:\\\/\\\/believebytuularossi.com\\\/fi\\\/\",\"name\":\"BELIEVE by tuula rossi\",\"description\":\"A unique, luxurious, original outerwear collection created by passion and love for today\u2019s fashionable woman and her desire for timeless style.          Perfect fit for the modern, feminine woman of any age.\",\"publisher\":{\"@id\":\"https:\\\/\\\/believebytuularossi.com\\\/fi\\\/#organization\"},\"potentialAction\":[{\"@type\":\"SearchAction\",\"target\":{\"@type\":\"EntryPoint\",\"urlTemplate\":\"https:\\\/\\\/believebytuularossi.com\\\/fi\\\/?s={search_term_string}\"},\"query-input\":{\"@type\":\"PropertyValueSpecification\",\"valueRequired\":true,\"valueName\":\"search_term_string\"}}],\"inLanguage\":\"fi\"},{\"@type\":\"Organization\",\"@id\":\"https:\\\/\\\/believebytuularossi.com\\\/fi\\\/#organization\",\"name\":\"BELIEVE by tuula rossi\",\"url\":\"https:\\\/\\\/believebytuularossi.com\\\/fi\\\/\",\"logo\":{\"@type\":\"ImageObject\",\"inLanguage\":\"fi\",\"@id\":\"https:\\\/\\\/believebytuularossi.com\\\/fi\\\/#\\\/schema\\\/logo\\\/image\\\/\",\"url\":\"https:\\\/\\\/believebytuularossi.com\\\/wp-content\\\/uploads\\\/2018\\\/08\\\/rossi-logo_new.png\",\"contentUrl\":\"https:\\\/\\\/believebytuularossi.com\\\/wp-content\\\/uploads\\\/2018\\\/08\\\/rossi-logo_new.png\",\"width\":300,\"height\":143,\"caption\":\"BELIEVE by tuula rossi\"},\"image\":{\"@id\":\"https:\\\/\\\/believebytuularossi.com\\\/fi\\\/#\\\/schema\\\/logo\\\/image\\\/\"},\"sameAs\":[\"https:\\\/\\\/www.facebook.com\\\/believebytuularossi\\\/_gu3udgu0BZPTzcnU\",\"https:\\\/\\\/www.instagram.com\\\/believebytuularossi\\\/\",\"https:\\\/\\\/www.pinterest.com\\\/believebytuularossi\\\/\"]}]}<\/script>\n<!-- \/ Yoast SEO plugin. -->","yoast_head_json":{"title":"QUEEN tikattu kokopitk\u00e4 takki shaalikauluksella ja irrotettavalla hupulla, keltainen","description":"Queen -tikkitakki on huomiota her\u00e4tt\u00e4v\u00e4 ja elegantti energisess\u00e4 keltaisessa v\u00e4riss\u00e4. Siin\u00e4 on kaunis istuvuus, joka imartelee jokaisen naisen vartaloa. Upea tikattu materiaali on tyylik\u00e4s.","robots":{"index":"index","follow":"follow","max-snippet":"max-snippet:-1","max-image-preview":"max-image-preview:large","max-video-preview":"max-video-preview:-1"},"canonical":"https:\/\/believebytuularossi.com\/fi\/tuote\/queen-tikattu-kokopitka-takki-shaalikauluksella-ja-irrotettavalla-hupulla-keltainen\/","og_locale":"fi_FI","og_type":"article","og_title":"QUEEN tikattu kokopitk\u00e4 takki shaalikauluksella ja irrotettavalla hupulla, keltainen","og_description":"Queen-tikkitakki on huomiota her\u00e4tt\u00e4v\u00e4 ja elegantti energisess\u00e4 keltaisessa v\u00e4riss\u00e4. Siin\u00e4 on kaunis istuvuus, joka imartelee jokaisen naisen vartaloa. Upea tikattu materiaali on tyylik\u00e4s. Tyylik\u00e4s shaalikaulus ja naisellinen helma tekev\u00e4t takista upean. T\u00e4m\u00e4 ylellinen takki on t\u00e4ydellinen valinta, kun haluat tuntea olosi kuningattareksi.","og_url":"https:\/\/believebytuularossi.com\/fi\/tuote\/queen-tikattu-kokopitka-takki-shaalikauluksella-ja-irrotettavalla-hupulla-keltainen\/","og_site_name":"BELIEVE by tuula rossi","article_publisher":"https:\/\/www.facebook.com\/believebytuularossi\/_gu3udgu0BZPTzcnU","article_modified_time":"2025-06-25T19:20:23+00:00","og_image":[{"url":"https:\/\/believebytuularossi.com\/wp-content\/uploads\/2025\/05\/PDV0907_web-300x300.jpg","type":"","width":"","height":""}],"twitter_card":"summary_large_image","twitter_title":"QUEEN tikattu kokopitk\u00e4 takki shaalikauluksella ja irrotettavalla hupulla, keltainen","twitter_description":"Queen-tikkitakki on huomiota her\u00e4tt\u00e4v\u00e4 ja elegantti energisess\u00e4 keltaisessa v\u00e4riss\u00e4. Siin\u00e4 on kaunis istuvuus, joka imartelee jokaisen naisen vartaloa. Upea tikattu materiaali on tyylik\u00e4s. Tyylik\u00e4s shaalikaulus ja naisellinen helma tekev\u00e4t takista upean. T\u00e4m\u00e4 ylellinen takki on t\u00e4ydellinen valinta, kun haluat tuntea olosi kuningattareksi.","twitter_image":"https:\/\/believebytuularossi.com\/wp-content\/uploads\/2025\/05\/PDV0907_web-599x900.jpg","twitter_misc":{"Arvioitu lukuaika":"1 minuutti"},"schema":{"@context":"https:\/\/schema.org","@graph":[{"@type":"WebPage","@id":"https:\/\/believebytuularossi.com\/fi\/tuote\/queen-tikattu-kokopitka-takki-shaalikauluksella-ja-irrotettavalla-hupulla-keltainen\/","url":"https:\/\/believebytuularossi.com\/fi\/tuote\/queen-tikattu-kokopitka-takki-shaalikauluksella-ja-irrotettavalla-hupulla-keltainen\/","name":"QUEEN tikattu kokopitk\u00e4 takki shaalikauluksella ja irrotettavalla hupulla, keltainen","isPartOf":{"@id":"https:\/\/believebytuularossi.com\/fi\/#website"},"primaryImageOfPage":{"@id":"https:\/\/believebytuularossi.com\/fi\/tuote\/queen-tikattu-kokopitka-takki-shaalikauluksella-ja-irrotettavalla-hupulla-keltainen\/#primaryimage"},"image":{"@id":"https:\/\/believebytuularossi.com\/fi\/tuote\/queen-tikattu-kokopitka-takki-shaalikauluksella-ja-irrotettavalla-hupulla-keltainen\/#primaryimage"},"thumbnailUrl":"https:\/\/believebytuularossi.com\/wp-content\/uploads\/2025\/05\/PDV0907_web.jpg","datePublished":"2025-06-02T20:23:19+00:00","dateModified":"2025-06-25T19:20:23+00:00","description":"Queen -tikkitakki on huomiota her\u00e4tt\u00e4v\u00e4 ja elegantti energisess\u00e4 keltaisessa v\u00e4riss\u00e4. Siin\u00e4 on kaunis istuvuus, joka imartelee jokaisen naisen vartaloa. Upea tikattu materiaali on tyylik\u00e4s.","breadcrumb":{"@id":"https:\/\/believebytuularossi.com\/fi\/tuote\/queen-tikattu-kokopitka-takki-shaalikauluksella-ja-irrotettavalla-hupulla-keltainen\/#breadcrumb"},"inLanguage":"fi","potentialAction":[{"@type":"ReadAction","target":["https:\/\/believebytuularossi.com\/fi\/tuote\/queen-tikattu-kokopitka-takki-shaalikauluksella-ja-irrotettavalla-hupulla-keltainen\/"]}]},{"@type":"ImageObject","inLanguage":"fi","@id":"https:\/\/believebytuularossi.com\/fi\/tuote\/queen-tikattu-kokopitka-takki-shaalikauluksella-ja-irrotettavalla-hupulla-keltainen\/#primaryimage","url":"https:\/\/believebytuularossi.com\/wp-content\/uploads\/2025\/05\/PDV0907_web.jpg","contentUrl":"https:\/\/believebytuularossi.com\/wp-content\/uploads\/2025\/05\/PDV0907_web.jpg","width":632,"height":950,"caption":"Queen Yellow Quilted Coat"},{"@type":"BreadcrumbList","@id":"https:\/\/believebytuularossi.com\/fi\/tuote\/queen-tikattu-kokopitka-takki-shaalikauluksella-ja-irrotettavalla-hupulla-keltainen\/#breadcrumb","itemListElement":[{"@type":"ListItem","position":1,"name":"Home","item":"https:\/\/believebytuularossi.com\/fi\/"},{"@type":"ListItem","position":2,"name":"Shop","item":"https:\/\/believebytuularossi.com\/shop\/"},{"@type":"ListItem","position":3,"name":"QUEEN -tikattu kokopitk\u00e4 takki shaalikauluksella ja irrotettavalla hupulla, keltainen"}]},{"@type":"WebSite","@id":"https:\/\/believebytuularossi.com\/fi\/#website","url":"https:\/\/believebytuularossi.com\/fi\/","name":"BELIEVE by tuula rossi","description":"A unique, luxurious, original outerwear collection created by passion and love for today\u2019s fashionable woman and her desire for timeless style.          Perfect fit for the modern, feminine woman of any age.","publisher":{"@id":"https:\/\/believebytuularossi.com\/fi\/#organization"},"potentialAction":[{"@type":"SearchAction","target":{"@type":"EntryPoint","urlTemplate":"https:\/\/believebytuularossi.com\/fi\/?s={search_term_string}"},"query-input":{"@type":"PropertyValueSpecification","valueRequired":true,"valueName":"search_term_string"}}],"inLanguage":"fi"},{"@type":"Organization","@id":"https:\/\/believebytuularossi.com\/fi\/#organization","name":"BELIEVE by tuula rossi","url":"https:\/\/believebytuularossi.com\/fi\/","logo":{"@type":"ImageObject","inLanguage":"fi","@id":"https:\/\/believebytuularossi.com\/fi\/#\/schema\/logo\/image\/","url":"https:\/\/believebytuularossi.com\/wp-content\/uploads\/2018\/08\/rossi-logo_new.png","contentUrl":"https:\/\/believebytuularossi.com\/wp-content\/uploads\/2018\/08\/rossi-logo_new.png","width":300,"height":143,"caption":"BELIEVE by tuula rossi"},"image":{"@id":"https:\/\/believebytuularossi.com\/fi\/#\/schema\/logo\/image\/"},"sameAs":["https:\/\/www.facebook.com\/believebytuularossi\/_gu3udgu0BZPTzcnU","https:\/\/www.instagram.com\/believebytuularossi\/","https:\/\/www.pinterest.com\/believebytuularossi\/"]}]}},"_links":{"self":[{"href":"https:\/\/believebytuularossi.com\/fi\/wp-json\/wp\/v2\/product\/20392","targetHints":{"allow":["GET"]}}],"collection":[{"href":"https:\/\/believebytuularossi.com\/fi\/wp-json\/wp\/v2\/product"}],"about":[{"href":"https:\/\/believebytuularossi.com\/fi\/wp-json\/wp\/v2\/types\/product"}],"wp:featuredmedia":[{"embeddable":true,"href":"https:\/\/believebytuularossi.com\/fi\/wp-json\/wp\/v2\/media\/20346"}],"wp:attachment":[{"href":"https:\/\/believebytuularossi.com\/fi\/wp-json\/wp\/v2\/media?parent=20392"}],"wp:term":[{"taxonomy":"product_brand","embeddable":true,"href":"https:\/\/believebytuularossi.com\/fi\/wp-json\/wp\/v2\/product_brand?post=20392"},{"taxonomy":"product_cat","embeddable":true,"href":"https:\/\/believebytuularossi.com\/fi\/wp-json\/wp\/v2\/product_cat?post=20392"},{"taxonomy":"product_tag","embeddable":true,"href":"https:\/\/believebytuularossi.com\/fi\/wp-json\/wp\/v2\/product_tag?post=20392"}],"curies":[{"name":"wp","href":"https:\/\/api.w.org\/{rel}","templated":true}]}}