{"id":20464,"date":"2025-06-09T20:57:42","date_gmt":"2025-06-09T18:57:42","guid":{"rendered":"https:\/\/believebytuularossi.com\/product\/crystal-kermanvalkoinen-bi-stretch-joustavalla-tikkikuosilla-tikattu-pidennetty-takki-eko-turkiksella-vuoritetulla-hupulla\/"},"modified":"2025-06-25T21:20:48","modified_gmt":"2025-06-25T19:20:48","slug":"crystal-kermanvalkoinen-bi-stretch-joustavalla-tikkikuosilla-tikattu-pidennetty-takki-eko-turkiksella-vuoritetulla-hupulla","status":"publish","type":"product","link":"https:\/\/believebytuularossi.com\/fi\/tuote\/crystal-kermanvalkoinen-bi-stretch-joustavalla-tikkikuosilla-tikattu-pidennetty-takki-eko-turkiksella-vuoritetulla-hupulla\/","title":{"rendered":"Crystal kermanvalkoinen bi-stretch -joustavalla tikkikuosilla tikattu pidennetty takki eko-turkiksella vuoritetulla hupulla"},"content":{"rendered":"","protected":false},"excerpt":{"rendered":"<p>Pukeutuessasi ylelliseen pitk\u00e4\u00e4n CRYSTAL-takkiin kermanvalkoisessa s\u00e4vyss\u00e4 n\u00e4yt\u00e4t kertakaikkisen upealta! T\u00e4ss\u00e4 hienostuneessa takissa tunnet arjen ylellisyyden jokaisella askeleellasi. T\u00e4m\u00e4 poikkeuksellisen pehme\u00e4 ja miellytt\u00e4v\u00e4 feelgood-takki on valmistettu ainutlaatuisesta bi-stretch-tikkimateriaalista, joka mukautuu t\u00e4ydellisesti jokaisen naisen vartaloon \u2013 kaikissa kokoluokissa.<\/p>\n<p>CRYSTAL-takki on \u00e4\u00e4rimm\u00e4isen kevyt ja mukava p\u00e4\u00e4ll\u00e4 \u2013 se tuntuu kuin unelmalta. Hupun reunaa voi s\u00e4\u00e4t\u00e4\u00e4 kiristysny\u00f6rill\u00e4, ja unelmanpehme\u00e4, p\u00f6rr\u00f6inen eko-turkis hupun ja taskujen sis\u00e4ll\u00e4 tuo l\u00e4mp\u00f6\u00e4 ja eleganssia. Upea tikkimateriaali antaa takille aivan uudenlaisen ilmeen, ja kermanvalkoinen v\u00e4ri tekee siit\u00e4 n\u00e4ytt\u00e4v\u00e4n ja tyylikk\u00e4\u00e4n.<\/p>\n<p>CRYSTAL-kermanvalkoinen takki on ajaton ja hurmaava, ja se on suunniteltu n\u00e4ytt\u00e4m\u00e4\u00e4n hyv\u00e4lt\u00e4 jokaisen naisen yll\u00e4 \u2013 kiitos ylellisen laadukkaan bi-stretch-materiaalin ja t\u00e4ydellisen leikkauksen. T\u00e4ss\u00e4 takissa erotut edukseen!<\/p>\n<p>Saatat my\u00f6s pit\u00e4\u00e4 CRYSTAL-takista hopeanharmaana tai mustana.<\/p>\n","protected":false},"featured_media":20436,"template":"","meta":{"_acf_changed":false},"product_brand":[],"product_cat":[130],"product_tag":[227,383,224,265,223,256,386,384,375,281,282,382,385,302],"class_list":{"0":"post-20464","1":"product","2":"type-product","3":"status-publish","4":"has-post-thumbnail","6":"product_cat-syksytakit-talvitakit","7":"product_tag-bi-stretch-fi","8":"product_tag-eco-turkis","9":"product_tag-huppu","10":"product_tag-hupullinen","11":"product_tag-joustava","12":"product_tag-kermanvalkoinen","13":"product_tag-lammin","14":"product_tag-pidennetty","15":"product_tag-pitka-fi","16":"product_tag-polvenpituinen","17":"product_tag-talvi","18":"product_tag-talvitakki","19":"product_tag-vaalea","20":"product_tag-valkoinen","21":"pa_ewd_uwcf_colors-white","22":"pa_ewd_uwcf_sizes-206","23":"pa_ewd_uwcf_sizes-181","24":"pa_ewd_uwcf_sizes-183","25":"pa_ewd_uwcf_sizes-185","26":"pa_ewd_uwcf_sizes-187","27":"pa_ewd_uwcf_sizes-189","28":"pa_ewd_uwcf_sizes-191","29":"pa_ewd_uwcf_sizes-193","30":"pa_ewd_uwcf_sizes-200","31":"pa_ewd_uwcf_sizes-202","32":"pa_ewd_uwcf_sizes-204","33":"pa_size-34-fi","34":"pa_size-36-fi","35":"pa_size-38-fi","36":"pa_size-40-fi","37":"pa_size-42-fi","38":"pa_size-44-fi","39":"pa_size-46-fi","40":"pa_size-48-fi","41":"pa_size-50-fi","42":"pa_size-52-fi","43":"pa_size-54-fi","44":"product_color-white","45":"product_size-205","46":"product_size-180","47":"product_size-182","48":"product_size-184","49":"product_size-186","50":"product_size-188","51":"product_size-190","52":"product_size-192","53":"product_size-199","54":"product_size-201","55":"product_size-203","57":"first","58":"instock","59":"featured","60":"taxable","61":"shipping-taxable","62":"purchasable","63":"product-type-variable"},"acf":[],"yoast_head":"<!-- This site is optimized with the Yoast SEO plugin v27.6 - https:\/\/yoast.com\/product\/yoast-seo-wordpress\/ -->\n<title>Crystal kermanvalkoinen bi-stretch pidempi takki eco-turkishupulla<\/title>\n<meta name=\"description\" content=\"CRYSTAL ylellinen pidempi kermanvalkoinen takki on ajaton ja hurmaava, ja se on suunniteltu n\u00e4ytt\u00e4m\u00e4\u00e4n hyv\u00e4lt\u00e4 jokaisen naisen yll\u00e4.\" \/>\n<meta name=\"robots\" content=\"index, follow, max-snippet:-1, max-image-preview:large, max-video-preview:-1\" \/>\n<link rel=\"canonical\" href=\"https:\/\/believebytuularossi.com\/fi\/tuote\/crystal-kermanvalkoinen-bi-stretch-joustavalla-tikkikuosilla-tikattu-pidennetty-takki-eko-turkiksella-vuoritetulla-hupulla\/\" \/>\n<meta property=\"og:locale\" content=\"fi_FI\" \/>\n<meta property=\"og:type\" content=\"article\" \/>\n<meta property=\"og:title\" content=\"Crystal kermanvalkoinen bi-stretch -joustavalla tikkikuosilla tikattu pidennetty takki eko-turkiksella vuoritetulla hupulla\" \/>\n<meta property=\"og:description\" content=\"Ylellinen pitk\u00e4 CRYSTAL-takki kermanvalkoisena on kevyt, pehme\u00e4 ja tyylik\u00e4s valinta arkeen ja juhlaan. Ainutlaatuinen bi-stretch-tikkimateriaali, s\u00e4\u00e4dett\u00e4v\u00e4 huppu ja unelmanpehme\u00e4 eko-turkis tekev\u00e4t t\u00e4st\u00e4 takista t\u00e4ydellisen.\" \/>\n<meta property=\"og:url\" content=\"https:\/\/believebytuularossi.com\/fi\/tuote\/crystal-kermanvalkoinen-bi-stretch-joustavalla-tikkikuosilla-tikattu-pidennetty-takki-eko-turkiksella-vuoritetulla-hupulla\/\" \/>\n<meta property=\"og:site_name\" content=\"BELIEVE by tuula rossi\" \/>\n<meta property=\"article:publisher\" content=\"https:\/\/www.facebook.com\/believebytuularossi\/_gu3udgu0BZPTzcnU\" \/>\n<meta property=\"article:modified_time\" content=\"2025-06-25T19:20:48+00:00\" \/>\n<meta property=\"og:image\" content=\"https:\/\/believebytuularossi.com\/wp-content\/uploads\/2025\/06\/PDV1098_web-300x300.jpg\" \/>\n<meta name=\"twitter:card\" content=\"summary_large_image\" \/>\n<meta name=\"twitter:title\" content=\"Crystal kermanvalkoinen bi-stretch -joustavalla tikkikuosilla tikattu pidennetty takki eko-turkiksella vuoritetulla hupulla\" \/>\n<meta name=\"twitter:description\" content=\"Ylellinen pitk\u00e4 CRYSTAL-takki kermanvalkoisena on kevyt, pehme\u00e4 ja tyylik\u00e4s valinta arkeen ja juhlaan. Ainutlaatuinen bi-stretch-tikkimateriaali, s\u00e4\u00e4dett\u00e4v\u00e4 huppu ja unelmanpehme\u00e4 eko-turkis tekev\u00e4t t\u00e4st\u00e4 takista t\u00e4ydellisen.\" \/>\n<meta name=\"twitter:image\" content=\"https:\/\/believebytuularossi.com\/wp-content\/uploads\/2025\/06\/PDV1098_web-599x900.jpg\" \/>\n<meta name=\"twitter:label1\" content=\"Arvioitu lukuaika\" \/>\n\t<meta name=\"twitter:data1\" content=\"1 minuutti\" \/>\n<script type=\"application\/ld+json\" class=\"yoast-schema-graph\">{\"@context\":\"https:\\\/\\\/schema.org\",\"@graph\":[{\"@type\":\"WebPage\",\"@id\":\"https:\\\/\\\/believebytuularossi.com\\\/fi\\\/tuote\\\/crystal-kermanvalkoinen-bi-stretch-joustavalla-tikkikuosilla-tikattu-pidennetty-takki-eko-turkiksella-vuoritetulla-hupulla\\\/\",\"url\":\"https:\\\/\\\/believebytuularossi.com\\\/fi\\\/tuote\\\/crystal-kermanvalkoinen-bi-stretch-joustavalla-tikkikuosilla-tikattu-pidennetty-takki-eko-turkiksella-vuoritetulla-hupulla\\\/\",\"name\":\"Crystal kermanvalkoinen bi-stretch pidempi takki eco-turkishupulla\",\"isPartOf\":{\"@id\":\"https:\\\/\\\/believebytuularossi.com\\\/fi\\\/#website\"},\"primaryImageOfPage\":{\"@id\":\"https:\\\/\\\/believebytuularossi.com\\\/fi\\\/tuote\\\/crystal-kermanvalkoinen-bi-stretch-joustavalla-tikkikuosilla-tikattu-pidennetty-takki-eko-turkiksella-vuoritetulla-hupulla\\\/#primaryimage\"},\"image\":{\"@id\":\"https:\\\/\\\/believebytuularossi.com\\\/fi\\\/tuote\\\/crystal-kermanvalkoinen-bi-stretch-joustavalla-tikkikuosilla-tikattu-pidennetty-takki-eko-turkiksella-vuoritetulla-hupulla\\\/#primaryimage\"},\"thumbnailUrl\":\"https:\\\/\\\/believebytuularossi.com\\\/wp-content\\\/uploads\\\/2025\\\/06\\\/PDV1116_web.jpg\",\"datePublished\":\"2025-06-09T18:57:42+00:00\",\"dateModified\":\"2025-06-25T19:20:48+00:00\",\"description\":\"CRYSTAL ylellinen pidempi kermanvalkoinen takki on ajaton ja hurmaava, ja se on suunniteltu n\u00e4ytt\u00e4m\u00e4\u00e4n hyv\u00e4lt\u00e4 jokaisen naisen yll\u00e4.\",\"breadcrumb\":{\"@id\":\"https:\\\/\\\/believebytuularossi.com\\\/fi\\\/tuote\\\/crystal-kermanvalkoinen-bi-stretch-joustavalla-tikkikuosilla-tikattu-pidennetty-takki-eko-turkiksella-vuoritetulla-hupulla\\\/#breadcrumb\"},\"inLanguage\":\"fi\",\"potentialAction\":[{\"@type\":\"ReadAction\",\"target\":[\"https:\\\/\\\/believebytuularossi.com\\\/fi\\\/tuote\\\/crystal-kermanvalkoinen-bi-stretch-joustavalla-tikkikuosilla-tikattu-pidennetty-takki-eko-turkiksella-vuoritetulla-hupulla\\\/\"]}]},{\"@type\":\"ImageObject\",\"inLanguage\":\"fi\",\"@id\":\"https:\\\/\\\/believebytuularossi.com\\\/fi\\\/tuote\\\/crystal-kermanvalkoinen-bi-stretch-joustavalla-tikkikuosilla-tikattu-pidennetty-takki-eko-turkiksella-vuoritetulla-hupulla\\\/#primaryimage\",\"url\":\"https:\\\/\\\/believebytuularossi.com\\\/wp-content\\\/uploads\\\/2025\\\/06\\\/PDV1116_web.jpg\",\"contentUrl\":\"https:\\\/\\\/believebytuularossi.com\\\/wp-content\\\/uploads\\\/2025\\\/06\\\/PDV1116_web.jpg\",\"width\":632,\"height\":950,\"caption\":\"Crystal Cream White Coat\"},{\"@type\":\"BreadcrumbList\",\"@id\":\"https:\\\/\\\/believebytuularossi.com\\\/fi\\\/tuote\\\/crystal-kermanvalkoinen-bi-stretch-joustavalla-tikkikuosilla-tikattu-pidennetty-takki-eko-turkiksella-vuoritetulla-hupulla\\\/#breadcrumb\",\"itemListElement\":[{\"@type\":\"ListItem\",\"position\":1,\"name\":\"Home\",\"item\":\"https:\\\/\\\/believebytuularossi.com\\\/fi\\\/\"},{\"@type\":\"ListItem\",\"position\":2,\"name\":\"Shop\",\"item\":\"https:\\\/\\\/believebytuularossi.com\\\/shop\\\/\"},{\"@type\":\"ListItem\",\"position\":3,\"name\":\"Crystal kermanvalkoinen bi-stretch -joustavalla tikkikuosilla tikattu pidennetty takki eko-turkiksella vuoritetulla hupulla\"}]},{\"@type\":\"WebSite\",\"@id\":\"https:\\\/\\\/believebytuularossi.com\\\/fi\\\/#website\",\"url\":\"https:\\\/\\\/believebytuularossi.com\\\/fi\\\/\",\"name\":\"BELIEVE by tuula rossi\",\"description\":\"A unique, luxurious, original outerwear collection created by passion and love for today\u2019s fashionable woman and her desire for timeless style.          Perfect fit for the modern, feminine woman of any age.\",\"publisher\":{\"@id\":\"https:\\\/\\\/believebytuularossi.com\\\/fi\\\/#organization\"},\"potentialAction\":[{\"@type\":\"SearchAction\",\"target\":{\"@type\":\"EntryPoint\",\"urlTemplate\":\"https:\\\/\\\/believebytuularossi.com\\\/fi\\\/?s={search_term_string}\"},\"query-input\":{\"@type\":\"PropertyValueSpecification\",\"valueRequired\":true,\"valueName\":\"search_term_string\"}}],\"inLanguage\":\"fi\"},{\"@type\":\"Organization\",\"@id\":\"https:\\\/\\\/believebytuularossi.com\\\/fi\\\/#organization\",\"name\":\"BELIEVE by tuula rossi\",\"url\":\"https:\\\/\\\/believebytuularossi.com\\\/fi\\\/\",\"logo\":{\"@type\":\"ImageObject\",\"inLanguage\":\"fi\",\"@id\":\"https:\\\/\\\/believebytuularossi.com\\\/fi\\\/#\\\/schema\\\/logo\\\/image\\\/\",\"url\":\"https:\\\/\\\/believebytuularossi.com\\\/wp-content\\\/uploads\\\/2018\\\/08\\\/rossi-logo_new.png\",\"contentUrl\":\"https:\\\/\\\/believebytuularossi.com\\\/wp-content\\\/uploads\\\/2018\\\/08\\\/rossi-logo_new.png\",\"width\":300,\"height\":143,\"caption\":\"BELIEVE by tuula rossi\"},\"image\":{\"@id\":\"https:\\\/\\\/believebytuularossi.com\\\/fi\\\/#\\\/schema\\\/logo\\\/image\\\/\"},\"sameAs\":[\"https:\\\/\\\/www.facebook.com\\\/believebytuularossi\\\/_gu3udgu0BZPTzcnU\",\"https:\\\/\\\/www.instagram.com\\\/believebytuularossi\\\/\",\"https:\\\/\\\/www.pinterest.com\\\/believebytuularossi\\\/\"]}]}<\/script>\n<!-- \/ Yoast SEO plugin. -->","yoast_head_json":{"title":"Crystal kermanvalkoinen bi-stretch pidempi takki eco-turkishupulla","description":"CRYSTAL ylellinen pidempi kermanvalkoinen takki on ajaton ja hurmaava, ja se on suunniteltu n\u00e4ytt\u00e4m\u00e4\u00e4n hyv\u00e4lt\u00e4 jokaisen naisen yll\u00e4.","robots":{"index":"index","follow":"follow","max-snippet":"max-snippet:-1","max-image-preview":"max-image-preview:large","max-video-preview":"max-video-preview:-1"},"canonical":"https:\/\/believebytuularossi.com\/fi\/tuote\/crystal-kermanvalkoinen-bi-stretch-joustavalla-tikkikuosilla-tikattu-pidennetty-takki-eko-turkiksella-vuoritetulla-hupulla\/","og_locale":"fi_FI","og_type":"article","og_title":"Crystal kermanvalkoinen bi-stretch -joustavalla tikkikuosilla tikattu pidennetty takki eko-turkiksella vuoritetulla hupulla","og_description":"Ylellinen pitk\u00e4 CRYSTAL-takki kermanvalkoisena on kevyt, pehme\u00e4 ja tyylik\u00e4s valinta arkeen ja juhlaan. Ainutlaatuinen bi-stretch-tikkimateriaali, s\u00e4\u00e4dett\u00e4v\u00e4 huppu ja unelmanpehme\u00e4 eko-turkis tekev\u00e4t t\u00e4st\u00e4 takista t\u00e4ydellisen.","og_url":"https:\/\/believebytuularossi.com\/fi\/tuote\/crystal-kermanvalkoinen-bi-stretch-joustavalla-tikkikuosilla-tikattu-pidennetty-takki-eko-turkiksella-vuoritetulla-hupulla\/","og_site_name":"BELIEVE by tuula rossi","article_publisher":"https:\/\/www.facebook.com\/believebytuularossi\/_gu3udgu0BZPTzcnU","article_modified_time":"2025-06-25T19:20:48+00:00","og_image":[{"url":"https:\/\/believebytuularossi.com\/wp-content\/uploads\/2025\/06\/PDV1098_web-300x300.jpg","type":"","width":"","height":""}],"twitter_card":"summary_large_image","twitter_title":"Crystal kermanvalkoinen bi-stretch -joustavalla tikkikuosilla tikattu pidennetty takki eko-turkiksella vuoritetulla hupulla","twitter_description":"Ylellinen pitk\u00e4 CRYSTAL-takki kermanvalkoisena on kevyt, pehme\u00e4 ja tyylik\u00e4s valinta arkeen ja juhlaan. Ainutlaatuinen bi-stretch-tikkimateriaali, s\u00e4\u00e4dett\u00e4v\u00e4 huppu ja unelmanpehme\u00e4 eko-turkis tekev\u00e4t t\u00e4st\u00e4 takista t\u00e4ydellisen.","twitter_image":"https:\/\/believebytuularossi.com\/wp-content\/uploads\/2025\/06\/PDV1098_web-599x900.jpg","twitter_misc":{"Arvioitu lukuaika":"1 minuutti"},"schema":{"@context":"https:\/\/schema.org","@graph":[{"@type":"WebPage","@id":"https:\/\/believebytuularossi.com\/fi\/tuote\/crystal-kermanvalkoinen-bi-stretch-joustavalla-tikkikuosilla-tikattu-pidennetty-takki-eko-turkiksella-vuoritetulla-hupulla\/","url":"https:\/\/believebytuularossi.com\/fi\/tuote\/crystal-kermanvalkoinen-bi-stretch-joustavalla-tikkikuosilla-tikattu-pidennetty-takki-eko-turkiksella-vuoritetulla-hupulla\/","name":"Crystal kermanvalkoinen bi-stretch pidempi takki eco-turkishupulla","isPartOf":{"@id":"https:\/\/believebytuularossi.com\/fi\/#website"},"primaryImageOfPage":{"@id":"https:\/\/believebytuularossi.com\/fi\/tuote\/crystal-kermanvalkoinen-bi-stretch-joustavalla-tikkikuosilla-tikattu-pidennetty-takki-eko-turkiksella-vuoritetulla-hupulla\/#primaryimage"},"image":{"@id":"https:\/\/believebytuularossi.com\/fi\/tuote\/crystal-kermanvalkoinen-bi-stretch-joustavalla-tikkikuosilla-tikattu-pidennetty-takki-eko-turkiksella-vuoritetulla-hupulla\/#primaryimage"},"thumbnailUrl":"https:\/\/believebytuularossi.com\/wp-content\/uploads\/2025\/06\/PDV1116_web.jpg","datePublished":"2025-06-09T18:57:42+00:00","dateModified":"2025-06-25T19:20:48+00:00","description":"CRYSTAL ylellinen pidempi kermanvalkoinen takki on ajaton ja hurmaava, ja se on suunniteltu n\u00e4ytt\u00e4m\u00e4\u00e4n hyv\u00e4lt\u00e4 jokaisen naisen yll\u00e4.","breadcrumb":{"@id":"https:\/\/believebytuularossi.com\/fi\/tuote\/crystal-kermanvalkoinen-bi-stretch-joustavalla-tikkikuosilla-tikattu-pidennetty-takki-eko-turkiksella-vuoritetulla-hupulla\/#breadcrumb"},"inLanguage":"fi","potentialAction":[{"@type":"ReadAction","target":["https:\/\/believebytuularossi.com\/fi\/tuote\/crystal-kermanvalkoinen-bi-stretch-joustavalla-tikkikuosilla-tikattu-pidennetty-takki-eko-turkiksella-vuoritetulla-hupulla\/"]}]},{"@type":"ImageObject","inLanguage":"fi","@id":"https:\/\/believebytuularossi.com\/fi\/tuote\/crystal-kermanvalkoinen-bi-stretch-joustavalla-tikkikuosilla-tikattu-pidennetty-takki-eko-turkiksella-vuoritetulla-hupulla\/#primaryimage","url":"https:\/\/believebytuularossi.com\/wp-content\/uploads\/2025\/06\/PDV1116_web.jpg","contentUrl":"https:\/\/believebytuularossi.com\/wp-content\/uploads\/2025\/06\/PDV1116_web.jpg","width":632,"height":950,"caption":"Crystal Cream White Coat"},{"@type":"BreadcrumbList","@id":"https:\/\/believebytuularossi.com\/fi\/tuote\/crystal-kermanvalkoinen-bi-stretch-joustavalla-tikkikuosilla-tikattu-pidennetty-takki-eko-turkiksella-vuoritetulla-hupulla\/#breadcrumb","itemListElement":[{"@type":"ListItem","position":1,"name":"Home","item":"https:\/\/believebytuularossi.com\/fi\/"},{"@type":"ListItem","position":2,"name":"Shop","item":"https:\/\/believebytuularossi.com\/shop\/"},{"@type":"ListItem","position":3,"name":"Crystal kermanvalkoinen bi-stretch -joustavalla tikkikuosilla tikattu pidennetty takki eko-turkiksella vuoritetulla hupulla"}]},{"@type":"WebSite","@id":"https:\/\/believebytuularossi.com\/fi\/#website","url":"https:\/\/believebytuularossi.com\/fi\/","name":"BELIEVE by tuula rossi","description":"A unique, luxurious, original outerwear collection created by passion and love for today\u2019s fashionable woman and her desire for timeless style.          Perfect fit for the modern, feminine woman of any age.","publisher":{"@id":"https:\/\/believebytuularossi.com\/fi\/#organization"},"potentialAction":[{"@type":"SearchAction","target":{"@type":"EntryPoint","urlTemplate":"https:\/\/believebytuularossi.com\/fi\/?s={search_term_string}"},"query-input":{"@type":"PropertyValueSpecification","valueRequired":true,"valueName":"search_term_string"}}],"inLanguage":"fi"},{"@type":"Organization","@id":"https:\/\/believebytuularossi.com\/fi\/#organization","name":"BELIEVE by tuula rossi","url":"https:\/\/believebytuularossi.com\/fi\/","logo":{"@type":"ImageObject","inLanguage":"fi","@id":"https:\/\/believebytuularossi.com\/fi\/#\/schema\/logo\/image\/","url":"https:\/\/believebytuularossi.com\/wp-content\/uploads\/2018\/08\/rossi-logo_new.png","contentUrl":"https:\/\/believebytuularossi.com\/wp-content\/uploads\/2018\/08\/rossi-logo_new.png","width":300,"height":143,"caption":"BELIEVE by tuula rossi"},"image":{"@id":"https:\/\/believebytuularossi.com\/fi\/#\/schema\/logo\/image\/"},"sameAs":["https:\/\/www.facebook.com\/believebytuularossi\/_gu3udgu0BZPTzcnU","https:\/\/www.instagram.com\/believebytuularossi\/","https:\/\/www.pinterest.com\/believebytuularossi\/"]}]}},"_links":{"self":[{"href":"https:\/\/believebytuularossi.com\/fi\/wp-json\/wp\/v2\/product\/20464","targetHints":{"allow":["GET"]}}],"collection":[{"href":"https:\/\/believebytuularossi.com\/fi\/wp-json\/wp\/v2\/product"}],"about":[{"href":"https:\/\/believebytuularossi.com\/fi\/wp-json\/wp\/v2\/types\/product"}],"wp:featuredmedia":[{"embeddable":true,"href":"https:\/\/believebytuularossi.com\/fi\/wp-json\/wp\/v2\/media\/20436"}],"wp:attachment":[{"href":"https:\/\/believebytuularossi.com\/fi\/wp-json\/wp\/v2\/media?parent=20464"}],"wp:term":[{"taxonomy":"product_brand","embeddable":true,"href":"https:\/\/believebytuularossi.com\/fi\/wp-json\/wp\/v2\/product_brand?post=20464"},{"taxonomy":"product_cat","embeddable":true,"href":"https:\/\/believebytuularossi.com\/fi\/wp-json\/wp\/v2\/product_cat?post=20464"},{"taxonomy":"product_tag","embeddable":true,"href":"https:\/\/believebytuularossi.com\/fi\/wp-json\/wp\/v2\/product_tag?post=20464"}],"curies":[{"name":"wp","href":"https:\/\/api.w.org\/{rel}","templated":true}]}}