{"id":20544,"date":"2025-06-27T10:22:36","date_gmt":"2025-06-27T08:22:36","guid":{"rendered":"https:\/\/believebytuularossi.com\/product\/crystal-bi-stretch-joustavalla-tikkikuosilla-tikattu-pidennetty-takki-eko-turkiksella-vuoritetulla-hupulla-musta\/"},"modified":"2025-06-27T10:45:10","modified_gmt":"2025-06-27T08:45:10","slug":"crystal-bi-stretch-joustavalla-tikkikuosilla-tikattu-pidennetty-takki-eko-turkiksella-vuoritetulla-hupulla-musta","status":"publish","type":"product","link":"https:\/\/believebytuularossi.com\/fi\/tuote\/crystal-bi-stretch-joustavalla-tikkikuosilla-tikattu-pidennetty-takki-eko-turkiksella-vuoritetulla-hupulla-musta\/","title":{"rendered":"Crystal bi-stretch -joustavalla tikkikuosilla tikattu pidennetty takki eko-turkiksella vuoritetulla hupulla, musta"},"content":{"rendered":"","protected":false},"excerpt":{"rendered":"<p>Pukeutuessasi ylelliseen pitk\u00e4\u00e4n CRYSTAL-takkiin mustassa v\u00e4riss\u00e4 n\u00e4yt\u00e4t upealta! T\u00e4ss\u00e4 hienostuneessa takissa tunnet arjen ylellisyyden jokaisella askeleellasi. T\u00e4m\u00e4 poikkeuksellisen pehme\u00e4 ja miellytt\u00e4v\u00e4 mielihyv\u00e4takki on valmistettu ainutlaatuisesta bi-stretch-tikkimateriaalista, joka mukautuu t\u00e4ydellisesti jokaisen naisen vartaloon \u2013 kaikissa kokoluokissa.<br \/>\nCRYSTAL-takki on \u00e4\u00e4rimm\u00e4isen kevyt ja mukava p\u00e4\u00e4ll\u00e4 \u2013 se tuntuu kuin unelmalta. Hupun reunaa voi s\u00e4\u00e4t\u00e4\u00e4 kiristysny\u00f6rill\u00e4, ja unelmanpehme\u00e4, p\u00f6rr\u00f6inen eko-turkis hupun ja taskujen sis\u00e4ll\u00e4 tuo l\u00e4mp\u00f6\u00e4 ja eleganssia. Upea tikkimateriaali antaa takille aivan uudenlaisen ilmeen, ja musta v\u00e4ri tekee siit\u00e4 tyylikk\u00e4\u00e4n.<br \/>\nCRYSTAL -musta takki on ajaton ja hurmaava, ja se on suunniteltu n\u00e4ytt\u00e4m\u00e4\u00e4n hyv\u00e4lt\u00e4 jokaisen naisen yll\u00e4 \u2013 kiitos ylellisen laadukkaan bi-stretch-materiaalin ja t\u00e4ydellisen leikkauksen. T\u00e4ss\u00e4 takissa erotut edukseen!<br \/>\nSaatat my\u00f6s pit\u00e4\u00e4 CRYSTAL-takista kermanvalkoisena tai hopeanharmaana.<\/p>\n","protected":false},"featured_media":20424,"template":"","meta":{"_acf_changed":false},"product_brand":[],"product_cat":[130],"product_tag":[227,393,390,224,394,281,364,282],"class_list":{"0":"post-20544","1":"product","2":"type-product","3":"status-publish","4":"has-post-thumbnail","6":"product_cat-syksytakit-talvitakit","7":"product_tag-bi-stretch-fi","8":"product_tag-crystal-fi","9":"product_tag-ekoturkis","10":"product_tag-huppu","11":"product_tag-musta-fi","12":"product_tag-polvenpituinen","13":"product_tag-syksy-fi","14":"product_tag-talvi","15":"pa_ewd_uwcf_colors-black","16":"pa_ewd_uwcf_colors-musta","17":"pa_ewd_uwcf_sizes-206","18":"pa_ewd_uwcf_sizes-34-fi","19":"pa_ewd_uwcf_sizes-181","20":"pa_ewd_uwcf_sizes-36-fi","21":"pa_ewd_uwcf_sizes-183","22":"pa_ewd_uwcf_sizes-38-fi","23":"pa_ewd_uwcf_sizes-40-fi","24":"pa_ewd_uwcf_sizes-185","25":"pa_ewd_uwcf_sizes-42-fi","26":"pa_ewd_uwcf_sizes-187","27":"pa_ewd_uwcf_sizes-44-fi","28":"pa_ewd_uwcf_sizes-189","29":"pa_ewd_uwcf_sizes-191","30":"pa_ewd_uwcf_sizes-46-fi","31":"pa_ewd_uwcf_sizes-193","32":"pa_ewd_uwcf_sizes-48-fi","33":"pa_ewd_uwcf_sizes-200","34":"pa_ewd_uwcf_sizes-50-fi","35":"pa_ewd_uwcf_sizes-52-fi","36":"pa_ewd_uwcf_sizes-202","37":"pa_ewd_uwcf_sizes-54-fi","38":"pa_ewd_uwcf_sizes-204","39":"pa_size-34-fi","40":"pa_size-36-fi","41":"pa_size-38-fi","42":"pa_size-40-fi","43":"pa_size-42-fi","44":"pa_size-44-fi","45":"pa_size-46-fi","46":"pa_size-48-fi","47":"pa_size-50-fi","48":"pa_size-52-fi","49":"pa_size-54-fi","50":"product_color-black-fi","51":"product_size-205","52":"product_size-180","53":"product_size-182","54":"product_size-184","55":"product_size-186","56":"product_size-188","57":"product_size-190","58":"product_size-192","59":"product_size-199","60":"product_size-201","61":"product_size-54-fi","63":"first","64":"instock","65":"featured","66":"taxable","67":"shipping-taxable","68":"purchasable","69":"product-type-variable"},"acf":[],"yoast_head":"<!-- This site is optimized with the Yoast SEO plugin v27.6 - https:\/\/yoast.com\/product\/yoast-seo-wordpress\/ -->\n<title>Crystal musta joustava pidennetty tikkitakki<\/title>\n<meta name=\"description\" content=\"Crystal musta bi-stretch tikkitakki eco-turkiksella on ylellinen ja n\u00e4ytt\u00e4\u00e4 elegantilta jokaisella naisella. Takki on mukava p\u00e4\u00e4ll\u00e4.\" \/>\n<meta name=\"robots\" content=\"index, follow, max-snippet:-1, max-image-preview:large, max-video-preview:-1\" \/>\n<link rel=\"canonical\" href=\"https:\/\/believebytuularossi.com\/fi\/tuote\/crystal-bi-stretch-joustavalla-tikkikuosilla-tikattu-pidennetty-takki-eko-turkiksella-vuoritetulla-hupulla-musta\/\" \/>\n<meta property=\"og:locale\" content=\"fi_FI\" \/>\n<meta property=\"og:type\" content=\"article\" \/>\n<meta property=\"og:title\" content=\"CRYSTAL musta bi-stretch tikkitakki eco-turkiksella vuoritetulla hupulla\" \/>\n<meta property=\"og:description\" content=\"Crystal musta bi-stretch tikkitakki eco-turkiksella on ylellinen ja n\u00e4ytt\u00e4\u00e4 elegantilta jokaisella naisella. Takki on mukava p\u00e4\u00e4ll\u00e4.\" \/>\n<meta property=\"og:url\" content=\"https:\/\/believebytuularossi.com\/fi\/tuote\/crystal-bi-stretch-joustavalla-tikkikuosilla-tikattu-pidennetty-takki-eko-turkiksella-vuoritetulla-hupulla-musta\/\" \/>\n<meta property=\"og:site_name\" content=\"BELIEVE by tuula rossi\" \/>\n<meta property=\"article:publisher\" content=\"https:\/\/www.facebook.com\/believebytuularossi\/_gu3udgu0BZPTzcnU\" \/>\n<meta property=\"article:modified_time\" content=\"2025-06-27T08:45:10+00:00\" \/>\n<meta property=\"og:image\" content=\"https:\/\/believebytuularossi.com\/wp-content\/uploads\/2025\/06\/PDV0491_web-300x300.jpg\" \/>\n<meta name=\"twitter:card\" content=\"summary_large_image\" \/>\n<meta name=\"twitter:title\" content=\"CRYSTAL musta bi-stretch tikkitakki eco-turkiksella vuoritetulla hupulla\" \/>\n<meta name=\"twitter:description\" content=\"Crystal musta bi-stretch tikkitakki eco-turkiksella on ylellinen ja n\u00e4ytt\u00e4\u00e4 elegantilta jokaisella naisella. Takki on mukava p\u00e4\u00e4ll\u00e4.\" \/>\n<meta name=\"twitter:image\" content=\"https:\/\/believebytuularossi.com\/wp-content\/uploads\/2025\/06\/PDV0491_web-599x900.jpg\" \/>\n<meta name=\"twitter:label1\" content=\"Arvioitu lukuaika\" \/>\n\t<meta name=\"twitter:data1\" content=\"1 minuutti\" \/>\n<script type=\"application\/ld+json\" class=\"yoast-schema-graph\">{\"@context\":\"https:\\\/\\\/schema.org\",\"@graph\":[{\"@type\":\"WebPage\",\"@id\":\"https:\\\/\\\/believebytuularossi.com\\\/fi\\\/tuote\\\/crystal-bi-stretch-joustavalla-tikkikuosilla-tikattu-pidennetty-takki-eko-turkiksella-vuoritetulla-hupulla-musta\\\/\",\"url\":\"https:\\\/\\\/believebytuularossi.com\\\/fi\\\/tuote\\\/crystal-bi-stretch-joustavalla-tikkikuosilla-tikattu-pidennetty-takki-eko-turkiksella-vuoritetulla-hupulla-musta\\\/\",\"name\":\"Crystal musta joustava pidennetty tikkitakki\",\"isPartOf\":{\"@id\":\"https:\\\/\\\/believebytuularossi.com\\\/fi\\\/#website\"},\"primaryImageOfPage\":{\"@id\":\"https:\\\/\\\/believebytuularossi.com\\\/fi\\\/tuote\\\/crystal-bi-stretch-joustavalla-tikkikuosilla-tikattu-pidennetty-takki-eko-turkiksella-vuoritetulla-hupulla-musta\\\/#primaryimage\"},\"image\":{\"@id\":\"https:\\\/\\\/believebytuularossi.com\\\/fi\\\/tuote\\\/crystal-bi-stretch-joustavalla-tikkikuosilla-tikattu-pidennetty-takki-eko-turkiksella-vuoritetulla-hupulla-musta\\\/#primaryimage\"},\"thumbnailUrl\":\"https:\\\/\\\/believebytuularossi.com\\\/wp-content\\\/uploads\\\/2025\\\/06\\\/PDV0476_web.jpg\",\"datePublished\":\"2025-06-27T08:22:36+00:00\",\"dateModified\":\"2025-06-27T08:45:10+00:00\",\"description\":\"Crystal musta bi-stretch tikkitakki eco-turkiksella on ylellinen ja n\u00e4ytt\u00e4\u00e4 elegantilta jokaisella naisella. Takki on mukava p\u00e4\u00e4ll\u00e4.\",\"breadcrumb\":{\"@id\":\"https:\\\/\\\/believebytuularossi.com\\\/fi\\\/tuote\\\/crystal-bi-stretch-joustavalla-tikkikuosilla-tikattu-pidennetty-takki-eko-turkiksella-vuoritetulla-hupulla-musta\\\/#breadcrumb\"},\"inLanguage\":\"fi\",\"potentialAction\":[{\"@type\":\"ReadAction\",\"target\":[\"https:\\\/\\\/believebytuularossi.com\\\/fi\\\/tuote\\\/crystal-bi-stretch-joustavalla-tikkikuosilla-tikattu-pidennetty-takki-eko-turkiksella-vuoritetulla-hupulla-musta\\\/\"]}]},{\"@type\":\"ImageObject\",\"inLanguage\":\"fi\",\"@id\":\"https:\\\/\\\/believebytuularossi.com\\\/fi\\\/tuote\\\/crystal-bi-stretch-joustavalla-tikkikuosilla-tikattu-pidennetty-takki-eko-turkiksella-vuoritetulla-hupulla-musta\\\/#primaryimage\",\"url\":\"https:\\\/\\\/believebytuularossi.com\\\/wp-content\\\/uploads\\\/2025\\\/06\\\/PDV0476_web.jpg\",\"contentUrl\":\"https:\\\/\\\/believebytuularossi.com\\\/wp-content\\\/uploads\\\/2025\\\/06\\\/PDV0476_web.jpg\",\"width\":632,\"height\":950,\"caption\":\"Crystal Black Coat\"},{\"@type\":\"BreadcrumbList\",\"@id\":\"https:\\\/\\\/believebytuularossi.com\\\/fi\\\/tuote\\\/crystal-bi-stretch-joustavalla-tikkikuosilla-tikattu-pidennetty-takki-eko-turkiksella-vuoritetulla-hupulla-musta\\\/#breadcrumb\",\"itemListElement\":[{\"@type\":\"ListItem\",\"position\":1,\"name\":\"Home\",\"item\":\"https:\\\/\\\/believebytuularossi.com\\\/fi\\\/\"},{\"@type\":\"ListItem\",\"position\":2,\"name\":\"Shop\",\"item\":\"https:\\\/\\\/believebytuularossi.com\\\/shop\\\/\"},{\"@type\":\"ListItem\",\"position\":3,\"name\":\"Crystal bi-stretch -joustavalla tikkikuosilla tikattu pidennetty takki eko-turkiksella vuoritetulla hupulla, musta\"}]},{\"@type\":\"WebSite\",\"@id\":\"https:\\\/\\\/believebytuularossi.com\\\/fi\\\/#website\",\"url\":\"https:\\\/\\\/believebytuularossi.com\\\/fi\\\/\",\"name\":\"BELIEVE by tuula rossi\",\"description\":\"A unique, luxurious, original outerwear collection created by passion and love for today\u2019s fashionable woman and her desire for timeless style.          Perfect fit for the modern, feminine woman of any age.\",\"publisher\":{\"@id\":\"https:\\\/\\\/believebytuularossi.com\\\/fi\\\/#organization\"},\"potentialAction\":[{\"@type\":\"SearchAction\",\"target\":{\"@type\":\"EntryPoint\",\"urlTemplate\":\"https:\\\/\\\/believebytuularossi.com\\\/fi\\\/?s={search_term_string}\"},\"query-input\":{\"@type\":\"PropertyValueSpecification\",\"valueRequired\":true,\"valueName\":\"search_term_string\"}}],\"inLanguage\":\"fi\"},{\"@type\":\"Organization\",\"@id\":\"https:\\\/\\\/believebytuularossi.com\\\/fi\\\/#organization\",\"name\":\"BELIEVE by tuula rossi\",\"url\":\"https:\\\/\\\/believebytuularossi.com\\\/fi\\\/\",\"logo\":{\"@type\":\"ImageObject\",\"inLanguage\":\"fi\",\"@id\":\"https:\\\/\\\/believebytuularossi.com\\\/fi\\\/#\\\/schema\\\/logo\\\/image\\\/\",\"url\":\"https:\\\/\\\/believebytuularossi.com\\\/wp-content\\\/uploads\\\/2018\\\/08\\\/rossi-logo_new.png\",\"contentUrl\":\"https:\\\/\\\/believebytuularossi.com\\\/wp-content\\\/uploads\\\/2018\\\/08\\\/rossi-logo_new.png\",\"width\":300,\"height\":143,\"caption\":\"BELIEVE by tuula rossi\"},\"image\":{\"@id\":\"https:\\\/\\\/believebytuularossi.com\\\/fi\\\/#\\\/schema\\\/logo\\\/image\\\/\"},\"sameAs\":[\"https:\\\/\\\/www.facebook.com\\\/believebytuularossi\\\/_gu3udgu0BZPTzcnU\",\"https:\\\/\\\/www.instagram.com\\\/believebytuularossi\\\/\",\"https:\\\/\\\/www.pinterest.com\\\/believebytuularossi\\\/\"]}]}<\/script>\n<!-- \/ Yoast SEO plugin. -->","yoast_head_json":{"title":"Crystal musta joustava pidennetty tikkitakki","description":"Crystal musta bi-stretch tikkitakki eco-turkiksella on ylellinen ja n\u00e4ytt\u00e4\u00e4 elegantilta jokaisella naisella. Takki on mukava p\u00e4\u00e4ll\u00e4.","robots":{"index":"index","follow":"follow","max-snippet":"max-snippet:-1","max-image-preview":"max-image-preview:large","max-video-preview":"max-video-preview:-1"},"canonical":"https:\/\/believebytuularossi.com\/fi\/tuote\/crystal-bi-stretch-joustavalla-tikkikuosilla-tikattu-pidennetty-takki-eko-turkiksella-vuoritetulla-hupulla-musta\/","og_locale":"fi_FI","og_type":"article","og_title":"CRYSTAL musta bi-stretch tikkitakki eco-turkiksella vuoritetulla hupulla","og_description":"Crystal musta bi-stretch tikkitakki eco-turkiksella on ylellinen ja n\u00e4ytt\u00e4\u00e4 elegantilta jokaisella naisella. Takki on mukava p\u00e4\u00e4ll\u00e4.","og_url":"https:\/\/believebytuularossi.com\/fi\/tuote\/crystal-bi-stretch-joustavalla-tikkikuosilla-tikattu-pidennetty-takki-eko-turkiksella-vuoritetulla-hupulla-musta\/","og_site_name":"BELIEVE by tuula rossi","article_publisher":"https:\/\/www.facebook.com\/believebytuularossi\/_gu3udgu0BZPTzcnU","article_modified_time":"2025-06-27T08:45:10+00:00","og_image":[{"url":"https:\/\/believebytuularossi.com\/wp-content\/uploads\/2025\/06\/PDV0491_web-300x300.jpg","type":"","width":"","height":""}],"twitter_card":"summary_large_image","twitter_title":"CRYSTAL musta bi-stretch tikkitakki eco-turkiksella vuoritetulla hupulla","twitter_description":"Crystal musta bi-stretch tikkitakki eco-turkiksella on ylellinen ja n\u00e4ytt\u00e4\u00e4 elegantilta jokaisella naisella. Takki on mukava p\u00e4\u00e4ll\u00e4.","twitter_image":"https:\/\/believebytuularossi.com\/wp-content\/uploads\/2025\/06\/PDV0491_web-599x900.jpg","twitter_misc":{"Arvioitu lukuaika":"1 minuutti"},"schema":{"@context":"https:\/\/schema.org","@graph":[{"@type":"WebPage","@id":"https:\/\/believebytuularossi.com\/fi\/tuote\/crystal-bi-stretch-joustavalla-tikkikuosilla-tikattu-pidennetty-takki-eko-turkiksella-vuoritetulla-hupulla-musta\/","url":"https:\/\/believebytuularossi.com\/fi\/tuote\/crystal-bi-stretch-joustavalla-tikkikuosilla-tikattu-pidennetty-takki-eko-turkiksella-vuoritetulla-hupulla-musta\/","name":"Crystal musta joustava pidennetty tikkitakki","isPartOf":{"@id":"https:\/\/believebytuularossi.com\/fi\/#website"},"primaryImageOfPage":{"@id":"https:\/\/believebytuularossi.com\/fi\/tuote\/crystal-bi-stretch-joustavalla-tikkikuosilla-tikattu-pidennetty-takki-eko-turkiksella-vuoritetulla-hupulla-musta\/#primaryimage"},"image":{"@id":"https:\/\/believebytuularossi.com\/fi\/tuote\/crystal-bi-stretch-joustavalla-tikkikuosilla-tikattu-pidennetty-takki-eko-turkiksella-vuoritetulla-hupulla-musta\/#primaryimage"},"thumbnailUrl":"https:\/\/believebytuularossi.com\/wp-content\/uploads\/2025\/06\/PDV0476_web.jpg","datePublished":"2025-06-27T08:22:36+00:00","dateModified":"2025-06-27T08:45:10+00:00","description":"Crystal musta bi-stretch tikkitakki eco-turkiksella on ylellinen ja n\u00e4ytt\u00e4\u00e4 elegantilta jokaisella naisella. Takki on mukava p\u00e4\u00e4ll\u00e4.","breadcrumb":{"@id":"https:\/\/believebytuularossi.com\/fi\/tuote\/crystal-bi-stretch-joustavalla-tikkikuosilla-tikattu-pidennetty-takki-eko-turkiksella-vuoritetulla-hupulla-musta\/#breadcrumb"},"inLanguage":"fi","potentialAction":[{"@type":"ReadAction","target":["https:\/\/believebytuularossi.com\/fi\/tuote\/crystal-bi-stretch-joustavalla-tikkikuosilla-tikattu-pidennetty-takki-eko-turkiksella-vuoritetulla-hupulla-musta\/"]}]},{"@type":"ImageObject","inLanguage":"fi","@id":"https:\/\/believebytuularossi.com\/fi\/tuote\/crystal-bi-stretch-joustavalla-tikkikuosilla-tikattu-pidennetty-takki-eko-turkiksella-vuoritetulla-hupulla-musta\/#primaryimage","url":"https:\/\/believebytuularossi.com\/wp-content\/uploads\/2025\/06\/PDV0476_web.jpg","contentUrl":"https:\/\/believebytuularossi.com\/wp-content\/uploads\/2025\/06\/PDV0476_web.jpg","width":632,"height":950,"caption":"Crystal Black Coat"},{"@type":"BreadcrumbList","@id":"https:\/\/believebytuularossi.com\/fi\/tuote\/crystal-bi-stretch-joustavalla-tikkikuosilla-tikattu-pidennetty-takki-eko-turkiksella-vuoritetulla-hupulla-musta\/#breadcrumb","itemListElement":[{"@type":"ListItem","position":1,"name":"Home","item":"https:\/\/believebytuularossi.com\/fi\/"},{"@type":"ListItem","position":2,"name":"Shop","item":"https:\/\/believebytuularossi.com\/shop\/"},{"@type":"ListItem","position":3,"name":"Crystal bi-stretch -joustavalla tikkikuosilla tikattu pidennetty takki eko-turkiksella vuoritetulla hupulla, musta"}]},{"@type":"WebSite","@id":"https:\/\/believebytuularossi.com\/fi\/#website","url":"https:\/\/believebytuularossi.com\/fi\/","name":"BELIEVE by tuula rossi","description":"A unique, luxurious, original outerwear collection created by passion and love for today\u2019s fashionable woman and her desire for timeless style.          Perfect fit for the modern, feminine woman of any age.","publisher":{"@id":"https:\/\/believebytuularossi.com\/fi\/#organization"},"potentialAction":[{"@type":"SearchAction","target":{"@type":"EntryPoint","urlTemplate":"https:\/\/believebytuularossi.com\/fi\/?s={search_term_string}"},"query-input":{"@type":"PropertyValueSpecification","valueRequired":true,"valueName":"search_term_string"}}],"inLanguage":"fi"},{"@type":"Organization","@id":"https:\/\/believebytuularossi.com\/fi\/#organization","name":"BELIEVE by tuula rossi","url":"https:\/\/believebytuularossi.com\/fi\/","logo":{"@type":"ImageObject","inLanguage":"fi","@id":"https:\/\/believebytuularossi.com\/fi\/#\/schema\/logo\/image\/","url":"https:\/\/believebytuularossi.com\/wp-content\/uploads\/2018\/08\/rossi-logo_new.png","contentUrl":"https:\/\/believebytuularossi.com\/wp-content\/uploads\/2018\/08\/rossi-logo_new.png","width":300,"height":143,"caption":"BELIEVE by tuula rossi"},"image":{"@id":"https:\/\/believebytuularossi.com\/fi\/#\/schema\/logo\/image\/"},"sameAs":["https:\/\/www.facebook.com\/believebytuularossi\/_gu3udgu0BZPTzcnU","https:\/\/www.instagram.com\/believebytuularossi\/","https:\/\/www.pinterest.com\/believebytuularossi\/"]}]}},"_links":{"self":[{"href":"https:\/\/believebytuularossi.com\/fi\/wp-json\/wp\/v2\/product\/20544","targetHints":{"allow":["GET"]}}],"collection":[{"href":"https:\/\/believebytuularossi.com\/fi\/wp-json\/wp\/v2\/product"}],"about":[{"href":"https:\/\/believebytuularossi.com\/fi\/wp-json\/wp\/v2\/types\/product"}],"wp:featuredmedia":[{"embeddable":true,"href":"https:\/\/believebytuularossi.com\/fi\/wp-json\/wp\/v2\/media\/20424"}],"wp:attachment":[{"href":"https:\/\/believebytuularossi.com\/fi\/wp-json\/wp\/v2\/media?parent=20544"}],"wp:term":[{"taxonomy":"product_brand","embeddable":true,"href":"https:\/\/believebytuularossi.com\/fi\/wp-json\/wp\/v2\/product_brand?post=20544"},{"taxonomy":"product_cat","embeddable":true,"href":"https:\/\/believebytuularossi.com\/fi\/wp-json\/wp\/v2\/product_cat?post=20544"},{"taxonomy":"product_tag","embeddable":true,"href":"https:\/\/believebytuularossi.com\/fi\/wp-json\/wp\/v2\/product_tag?post=20544"}],"curies":[{"name":"wp","href":"https:\/\/api.w.org\/{rel}","templated":true}]}}