{"id":20637,"date":"2025-07-08T14:47:59","date_gmt":"2025-07-08T12:47:59","guid":{"rendered":"https:\/\/believebytuularossi.com\/product\/cristina-bright-red-lammin-joustava-tikattu-takki-turkisreunuksella\/"},"modified":"2025-07-21T22:07:26","modified_gmt":"2025-07-21T20:07:26","slug":"cristina-bright-red-lammin-joustava-tikattu-takki-turkisreunuksella","status":"publish","type":"product","link":"https:\/\/believebytuularossi.com\/fi\/tuote\/cristina-bright-red-lammin-joustava-tikattu-takki-turkisreunuksella\/","title":{"rendered":"Cristina Bright Red &#8211; l\u00e4mmin joustava tikattu takki turkisreunuksella"},"content":{"rendered":"","protected":false},"excerpt":{"rendered":"<p>Cristina -takki on aivan upea ja tyylik\u00e4s Bright Red -v\u00e4riss\u00e4. T\u00e4m\u00e4 moderni takki on t\u00e4ydellinen valinta kaikille, jotka haluavat nauttia ylellisyydest\u00e4 jokainen p\u00e4iv\u00e4. Ihana ylellinen tikattu materiaali on joustava ja mukavan l\u00e4mmin p\u00e4\u00e4ll\u00e4. Tilava huppu, jonka sis\u00e4ll\u00e4 on ekoturkista, pit\u00e4\u00e4 sinut l\u00e4mpim\u00e4n\u00e4 kylmin\u00e4 p\u00e4ivin\u00e4! Taskuissa on my\u00f6s ekoturkista, ja tuntuu uskomattoman ihanalta, kun kosketat unelmanpehme\u00e4\u00e4 turkkia taskujen sis\u00e4ll\u00e4. Laadukkaat hopeanv\u00e4riset jumbovetoketjut korostavat t\u00e4m\u00e4n takkimallin ainutlaatuisuutta. Tyylik\u00e4s ja eleganssi Cristina -takki on suunniteltu istumaan t\u00e4ydellisesti ja korostamaan naisellisuutta kaikissa koossa!<br \/>\nCristina -joustava tikkitakki sopii t\u00e4ydellisesti my\u00f6s pitemm\u00e4lle naiselle, sill\u00e4 hihan pituus on hieman tavallista pidempi.<\/p>\n","protected":false},"featured_media":20616,"template":"","meta":{"_acf_changed":false},"product_brand":[],"product_cat":[130,129],"product_tag":[403,390,224,405,404,406,386,402,364,363,282,374,401,307,400],"class_list":{"0":"post-20637","1":"product","2":"type-product","3":"status-publish","4":"has-post-thumbnail","6":"product_cat-syksytakit-talvitakit","7":"product_cat-takit-jakut-koot-34-54","8":"product_tag-cristina-fi","9":"product_tag-ekoturkis","10":"product_tag-huppu","11":"product_tag-joustava-fi","12":"product_tag-kirkas","13":"product_tag-lammin-fi","14":"product_tag-lammin","15":"product_tag-punainen","16":"product_tag-syksy-fi","17":"product_tag-takki-fi","18":"product_tag-talvi","19":"product_tag-talvi-fi","20":"product_tag-tikattu-fi","21":"product_tag-tikattu","22":"product_tag-warm","23":"pa_ewd_uwcf_colors-punainen","24":"pa_ewd_uwcf_colors-red","25":"pa_ewd_uwcf_sizes-206","26":"pa_ewd_uwcf_sizes-34-fi","27":"pa_ewd_uwcf_sizes-181","28":"pa_ewd_uwcf_sizes-36-fi","29":"pa_ewd_uwcf_sizes-183","30":"pa_ewd_uwcf_sizes-38-fi","31":"pa_ewd_uwcf_sizes-40-fi","32":"pa_ewd_uwcf_sizes-185","33":"pa_ewd_uwcf_sizes-42-fi","34":"pa_ewd_uwcf_sizes-187","35":"pa_ewd_uwcf_sizes-189","36":"pa_ewd_uwcf_sizes-44-fi","37":"pa_ewd_uwcf_sizes-191","38":"pa_ewd_uwcf_sizes-46-fi","39":"pa_ewd_uwcf_sizes-193","40":"pa_ewd_uwcf_sizes-48-fi","41":"pa_ewd_uwcf_sizes-200","42":"pa_ewd_uwcf_sizes-50-fi","43":"pa_ewd_uwcf_sizes-52-fi","44":"pa_ewd_uwcf_sizes-202","45":"pa_ewd_uwcf_sizes-54-fi","46":"pa_ewd_uwcf_sizes-204","47":"pa_size-34-fi","48":"pa_size-36-fi","49":"pa_size-38-fi","50":"pa_size-40-fi","51":"pa_size-42-fi","52":"pa_size-44-fi","53":"pa_size-46-fi","54":"pa_size-48-fi","55":"pa_size-50-fi","56":"pa_size-52-fi","57":"pa_size-54-fi","58":"product_color-red-fi","59":"product_size-205","60":"product_size-180","61":"product_size-182","62":"product_size-184","63":"product_size-186","64":"product_size-188","65":"product_size-190","66":"product_size-48-fi","67":"product_size-199","68":"product_size-201","69":"product_size-203","71":"first","72":"instock","73":"featured","74":"taxable","75":"shipping-taxable","76":"purchasable","77":"product-type-variable"},"acf":[],"yoast_head":"<!-- This site is optimized with the Yoast SEO plugin v27.6 - https:\/\/yoast.com\/product\/yoast-seo-wordpress\/ -->\n<title>Cristina -takki on aivan upea ja tyylik\u00e4s Bright Red -v\u00e4riss\u00e4.<\/title>\n<meta name=\"description\" content=\"L\u00e4mmin kirkkaanpunainen Cristina- takki, joustava ja hengitt\u00e4v\u00e4 ekoturkiksella on mukava naisten luksustakki talvis\u00e4\u00e4h\u00e4n.\" \/>\n<meta name=\"robots\" content=\"index, follow, max-snippet:-1, max-image-preview:large, max-video-preview:-1\" \/>\n<link rel=\"canonical\" href=\"https:\/\/believebytuularossi.com\/fi\/tuote\/cristina-bright-red-lammin-joustava-tikattu-takki-turkisreunuksella\/\" \/>\n<meta property=\"og:locale\" content=\"fi_FI\" \/>\n<meta property=\"og:type\" content=\"article\" \/>\n<meta property=\"og:title\" content=\"L\u00e4mmin Cristina Bright Red on mukava ja n\u00e4ytt\u00e4\u00e4 elegantilta p\u00e4\u00e4ll\u00e4.\" \/>\n<meta property=\"og:description\" content=\"L\u00e4mmin kirkkaanpunainen Cristina- takki, joustava ja hengitt\u00e4v\u00e4 ekoturkiksella on mukava naisten luksustakki talvis\u00e4\u00e4h\u00e4n.\" \/>\n<meta property=\"og:url\" content=\"https:\/\/believebytuularossi.com\/fi\/tuote\/cristina-bright-red-lammin-joustava-tikattu-takki-turkisreunuksella\/\" \/>\n<meta property=\"og:site_name\" content=\"BELIEVE by tuula rossi\" \/>\n<meta property=\"article:publisher\" content=\"https:\/\/www.facebook.com\/believebytuularossi\/_gu3udgu0BZPTzcnU\" \/>\n<meta property=\"article:modified_time\" content=\"2025-07-21T20:07:26+00:00\" \/>\n<meta property=\"og:image\" content=\"https:\/\/believebytuularossi.com\/wp-content\/uploads\/2025\/07\/PDV0276_web-300x300.jpg\" \/>\n<meta name=\"twitter:card\" content=\"summary_large_image\" \/>\n<meta name=\"twitter:title\" content=\"L\u00e4mmin Cristina Bright Red on mukava ja n\u00e4ytt\u00e4\u00e4 elegantilta p\u00e4\u00e4ll\u00e4.\" \/>\n<meta name=\"twitter:description\" content=\"L\u00e4mmin kirkkaanpunainen Cristina- takki, joustava ja hengitt\u00e4v\u00e4 ekoturkiksella on mukava naisten luksustakki talvis\u00e4\u00e4h\u00e4n.\" \/>\n<meta name=\"twitter:image\" content=\"https:\/\/believebytuularossi.com\/wp-content\/uploads\/2025\/07\/PDV0276_web-599x900.jpg\" \/>\n<meta name=\"twitter:label1\" content=\"Arvioitu lukuaika\" \/>\n\t<meta name=\"twitter:data1\" content=\"1 minuutti\" \/>\n<script type=\"application\/ld+json\" class=\"yoast-schema-graph\">{\"@context\":\"https:\\\/\\\/schema.org\",\"@graph\":[{\"@type\":\"WebPage\",\"@id\":\"https:\\\/\\\/believebytuularossi.com\\\/fi\\\/tuote\\\/cristina-bright-red-lammin-joustava-tikattu-takki-turkisreunuksella\\\/\",\"url\":\"https:\\\/\\\/believebytuularossi.com\\\/fi\\\/tuote\\\/cristina-bright-red-lammin-joustava-tikattu-takki-turkisreunuksella\\\/\",\"name\":\"Cristina -takki on aivan upea ja tyylik\u00e4s Bright Red -v\u00e4riss\u00e4.\",\"isPartOf\":{\"@id\":\"https:\\\/\\\/believebytuularossi.com\\\/fi\\\/#website\"},\"primaryImageOfPage\":{\"@id\":\"https:\\\/\\\/believebytuularossi.com\\\/fi\\\/tuote\\\/cristina-bright-red-lammin-joustava-tikattu-takki-turkisreunuksella\\\/#primaryimage\"},\"image\":{\"@id\":\"https:\\\/\\\/believebytuularossi.com\\\/fi\\\/tuote\\\/cristina-bright-red-lammin-joustava-tikattu-takki-turkisreunuksella\\\/#primaryimage\"},\"thumbnailUrl\":\"https:\\\/\\\/believebytuularossi.com\\\/wp-content\\\/uploads\\\/2025\\\/07\\\/PDV0276_web.jpg\",\"datePublished\":\"2025-07-08T12:47:59+00:00\",\"dateModified\":\"2025-07-21T20:07:26+00:00\",\"description\":\"L\u00e4mmin kirkkaanpunainen Cristina- takki, joustava ja hengitt\u00e4v\u00e4 ekoturkiksella on mukava naisten luksustakki talvis\u00e4\u00e4h\u00e4n.\",\"breadcrumb\":{\"@id\":\"https:\\\/\\\/believebytuularossi.com\\\/fi\\\/tuote\\\/cristina-bright-red-lammin-joustava-tikattu-takki-turkisreunuksella\\\/#breadcrumb\"},\"inLanguage\":\"fi\",\"potentialAction\":[{\"@type\":\"ReadAction\",\"target\":[\"https:\\\/\\\/believebytuularossi.com\\\/fi\\\/tuote\\\/cristina-bright-red-lammin-joustava-tikattu-takki-turkisreunuksella\\\/\"]}]},{\"@type\":\"ImageObject\",\"inLanguage\":\"fi\",\"@id\":\"https:\\\/\\\/believebytuularossi.com\\\/fi\\\/tuote\\\/cristina-bright-red-lammin-joustava-tikattu-takki-turkisreunuksella\\\/#primaryimage\",\"url\":\"https:\\\/\\\/believebytuularossi.com\\\/wp-content\\\/uploads\\\/2025\\\/07\\\/PDV0276_web.jpg\",\"contentUrl\":\"https:\\\/\\\/believebytuularossi.com\\\/wp-content\\\/uploads\\\/2025\\\/07\\\/PDV0276_web.jpg\",\"width\":632,\"height\":950,\"caption\":\"Cristina Bright Red\"},{\"@type\":\"BreadcrumbList\",\"@id\":\"https:\\\/\\\/believebytuularossi.com\\\/fi\\\/tuote\\\/cristina-bright-red-lammin-joustava-tikattu-takki-turkisreunuksella\\\/#breadcrumb\",\"itemListElement\":[{\"@type\":\"ListItem\",\"position\":1,\"name\":\"Home\",\"item\":\"https:\\\/\\\/believebytuularossi.com\\\/fi\\\/\"},{\"@type\":\"ListItem\",\"position\":2,\"name\":\"Shop\",\"item\":\"https:\\\/\\\/believebytuularossi.com\\\/shop\\\/\"},{\"@type\":\"ListItem\",\"position\":3,\"name\":\"Cristina Bright Red &#8211; l\u00e4mmin joustava tikattu takki turkisreunuksella\"}]},{\"@type\":\"WebSite\",\"@id\":\"https:\\\/\\\/believebytuularossi.com\\\/fi\\\/#website\",\"url\":\"https:\\\/\\\/believebytuularossi.com\\\/fi\\\/\",\"name\":\"BELIEVE by tuula rossi\",\"description\":\"A unique, luxurious, original outerwear collection created by passion and love for today\u2019s fashionable woman and her desire for timeless style.          Perfect fit for the modern, feminine woman of any age.\",\"publisher\":{\"@id\":\"https:\\\/\\\/believebytuularossi.com\\\/fi\\\/#organization\"},\"potentialAction\":[{\"@type\":\"SearchAction\",\"target\":{\"@type\":\"EntryPoint\",\"urlTemplate\":\"https:\\\/\\\/believebytuularossi.com\\\/fi\\\/?s={search_term_string}\"},\"query-input\":{\"@type\":\"PropertyValueSpecification\",\"valueRequired\":true,\"valueName\":\"search_term_string\"}}],\"inLanguage\":\"fi\"},{\"@type\":\"Organization\",\"@id\":\"https:\\\/\\\/believebytuularossi.com\\\/fi\\\/#organization\",\"name\":\"BELIEVE by tuula rossi\",\"url\":\"https:\\\/\\\/believebytuularossi.com\\\/fi\\\/\",\"logo\":{\"@type\":\"ImageObject\",\"inLanguage\":\"fi\",\"@id\":\"https:\\\/\\\/believebytuularossi.com\\\/fi\\\/#\\\/schema\\\/logo\\\/image\\\/\",\"url\":\"https:\\\/\\\/believebytuularossi.com\\\/wp-content\\\/uploads\\\/2018\\\/08\\\/rossi-logo_new.png\",\"contentUrl\":\"https:\\\/\\\/believebytuularossi.com\\\/wp-content\\\/uploads\\\/2018\\\/08\\\/rossi-logo_new.png\",\"width\":300,\"height\":143,\"caption\":\"BELIEVE by tuula rossi\"},\"image\":{\"@id\":\"https:\\\/\\\/believebytuularossi.com\\\/fi\\\/#\\\/schema\\\/logo\\\/image\\\/\"},\"sameAs\":[\"https:\\\/\\\/www.facebook.com\\\/believebytuularossi\\\/_gu3udgu0BZPTzcnU\",\"https:\\\/\\\/www.instagram.com\\\/believebytuularossi\\\/\",\"https:\\\/\\\/www.pinterest.com\\\/believebytuularossi\\\/\"]}]}<\/script>\n<!-- \/ Yoast SEO plugin. -->","yoast_head_json":{"title":"Cristina -takki on aivan upea ja tyylik\u00e4s Bright Red -v\u00e4riss\u00e4.","description":"L\u00e4mmin kirkkaanpunainen Cristina- takki, joustava ja hengitt\u00e4v\u00e4 ekoturkiksella on mukava naisten luksustakki talvis\u00e4\u00e4h\u00e4n.","robots":{"index":"index","follow":"follow","max-snippet":"max-snippet:-1","max-image-preview":"max-image-preview:large","max-video-preview":"max-video-preview:-1"},"canonical":"https:\/\/believebytuularossi.com\/fi\/tuote\/cristina-bright-red-lammin-joustava-tikattu-takki-turkisreunuksella\/","og_locale":"fi_FI","og_type":"article","og_title":"L\u00e4mmin Cristina Bright Red on mukava ja n\u00e4ytt\u00e4\u00e4 elegantilta p\u00e4\u00e4ll\u00e4.","og_description":"L\u00e4mmin kirkkaanpunainen Cristina- takki, joustava ja hengitt\u00e4v\u00e4 ekoturkiksella on mukava naisten luksustakki talvis\u00e4\u00e4h\u00e4n.","og_url":"https:\/\/believebytuularossi.com\/fi\/tuote\/cristina-bright-red-lammin-joustava-tikattu-takki-turkisreunuksella\/","og_site_name":"BELIEVE by tuula rossi","article_publisher":"https:\/\/www.facebook.com\/believebytuularossi\/_gu3udgu0BZPTzcnU","article_modified_time":"2025-07-21T20:07:26+00:00","og_image":[{"url":"https:\/\/believebytuularossi.com\/wp-content\/uploads\/2025\/07\/PDV0276_web-300x300.jpg","type":"","width":"","height":""}],"twitter_card":"summary_large_image","twitter_title":"L\u00e4mmin Cristina Bright Red on mukava ja n\u00e4ytt\u00e4\u00e4 elegantilta p\u00e4\u00e4ll\u00e4.","twitter_description":"L\u00e4mmin kirkkaanpunainen Cristina- takki, joustava ja hengitt\u00e4v\u00e4 ekoturkiksella on mukava naisten luksustakki talvis\u00e4\u00e4h\u00e4n.","twitter_image":"https:\/\/believebytuularossi.com\/wp-content\/uploads\/2025\/07\/PDV0276_web-599x900.jpg","twitter_misc":{"Arvioitu lukuaika":"1 minuutti"},"schema":{"@context":"https:\/\/schema.org","@graph":[{"@type":"WebPage","@id":"https:\/\/believebytuularossi.com\/fi\/tuote\/cristina-bright-red-lammin-joustava-tikattu-takki-turkisreunuksella\/","url":"https:\/\/believebytuularossi.com\/fi\/tuote\/cristina-bright-red-lammin-joustava-tikattu-takki-turkisreunuksella\/","name":"Cristina -takki on aivan upea ja tyylik\u00e4s Bright Red -v\u00e4riss\u00e4.","isPartOf":{"@id":"https:\/\/believebytuularossi.com\/fi\/#website"},"primaryImageOfPage":{"@id":"https:\/\/believebytuularossi.com\/fi\/tuote\/cristina-bright-red-lammin-joustava-tikattu-takki-turkisreunuksella\/#primaryimage"},"image":{"@id":"https:\/\/believebytuularossi.com\/fi\/tuote\/cristina-bright-red-lammin-joustava-tikattu-takki-turkisreunuksella\/#primaryimage"},"thumbnailUrl":"https:\/\/believebytuularossi.com\/wp-content\/uploads\/2025\/07\/PDV0276_web.jpg","datePublished":"2025-07-08T12:47:59+00:00","dateModified":"2025-07-21T20:07:26+00:00","description":"L\u00e4mmin kirkkaanpunainen Cristina- takki, joustava ja hengitt\u00e4v\u00e4 ekoturkiksella on mukava naisten luksustakki talvis\u00e4\u00e4h\u00e4n.","breadcrumb":{"@id":"https:\/\/believebytuularossi.com\/fi\/tuote\/cristina-bright-red-lammin-joustava-tikattu-takki-turkisreunuksella\/#breadcrumb"},"inLanguage":"fi","potentialAction":[{"@type":"ReadAction","target":["https:\/\/believebytuularossi.com\/fi\/tuote\/cristina-bright-red-lammin-joustava-tikattu-takki-turkisreunuksella\/"]}]},{"@type":"ImageObject","inLanguage":"fi","@id":"https:\/\/believebytuularossi.com\/fi\/tuote\/cristina-bright-red-lammin-joustava-tikattu-takki-turkisreunuksella\/#primaryimage","url":"https:\/\/believebytuularossi.com\/wp-content\/uploads\/2025\/07\/PDV0276_web.jpg","contentUrl":"https:\/\/believebytuularossi.com\/wp-content\/uploads\/2025\/07\/PDV0276_web.jpg","width":632,"height":950,"caption":"Cristina Bright Red"},{"@type":"BreadcrumbList","@id":"https:\/\/believebytuularossi.com\/fi\/tuote\/cristina-bright-red-lammin-joustava-tikattu-takki-turkisreunuksella\/#breadcrumb","itemListElement":[{"@type":"ListItem","position":1,"name":"Home","item":"https:\/\/believebytuularossi.com\/fi\/"},{"@type":"ListItem","position":2,"name":"Shop","item":"https:\/\/believebytuularossi.com\/shop\/"},{"@type":"ListItem","position":3,"name":"Cristina Bright Red &#8211; l\u00e4mmin joustava tikattu takki turkisreunuksella"}]},{"@type":"WebSite","@id":"https:\/\/believebytuularossi.com\/fi\/#website","url":"https:\/\/believebytuularossi.com\/fi\/","name":"BELIEVE by tuula rossi","description":"A unique, luxurious, original outerwear collection created by passion and love for today\u2019s fashionable woman and her desire for timeless style.          Perfect fit for the modern, feminine woman of any age.","publisher":{"@id":"https:\/\/believebytuularossi.com\/fi\/#organization"},"potentialAction":[{"@type":"SearchAction","target":{"@type":"EntryPoint","urlTemplate":"https:\/\/believebytuularossi.com\/fi\/?s={search_term_string}"},"query-input":{"@type":"PropertyValueSpecification","valueRequired":true,"valueName":"search_term_string"}}],"inLanguage":"fi"},{"@type":"Organization","@id":"https:\/\/believebytuularossi.com\/fi\/#organization","name":"BELIEVE by tuula rossi","url":"https:\/\/believebytuularossi.com\/fi\/","logo":{"@type":"ImageObject","inLanguage":"fi","@id":"https:\/\/believebytuularossi.com\/fi\/#\/schema\/logo\/image\/","url":"https:\/\/believebytuularossi.com\/wp-content\/uploads\/2018\/08\/rossi-logo_new.png","contentUrl":"https:\/\/believebytuularossi.com\/wp-content\/uploads\/2018\/08\/rossi-logo_new.png","width":300,"height":143,"caption":"BELIEVE by tuula rossi"},"image":{"@id":"https:\/\/believebytuularossi.com\/fi\/#\/schema\/logo\/image\/"},"sameAs":["https:\/\/www.facebook.com\/believebytuularossi\/_gu3udgu0BZPTzcnU","https:\/\/www.instagram.com\/believebytuularossi\/","https:\/\/www.pinterest.com\/believebytuularossi\/"]}]}},"_links":{"self":[{"href":"https:\/\/believebytuularossi.com\/fi\/wp-json\/wp\/v2\/product\/20637","targetHints":{"allow":["GET"]}}],"collection":[{"href":"https:\/\/believebytuularossi.com\/fi\/wp-json\/wp\/v2\/product"}],"about":[{"href":"https:\/\/believebytuularossi.com\/fi\/wp-json\/wp\/v2\/types\/product"}],"wp:featuredmedia":[{"embeddable":true,"href":"https:\/\/believebytuularossi.com\/fi\/wp-json\/wp\/v2\/media\/20616"}],"wp:attachment":[{"href":"https:\/\/believebytuularossi.com\/fi\/wp-json\/wp\/v2\/media?parent=20637"}],"wp:term":[{"taxonomy":"product_brand","embeddable":true,"href":"https:\/\/believebytuularossi.com\/fi\/wp-json\/wp\/v2\/product_brand?post=20637"},{"taxonomy":"product_cat","embeddable":true,"href":"https:\/\/believebytuularossi.com\/fi\/wp-json\/wp\/v2\/product_cat?post=20637"},{"taxonomy":"product_tag","embeddable":true,"href":"https:\/\/believebytuularossi.com\/fi\/wp-json\/wp\/v2\/product_tag?post=20637"}],"curies":[{"name":"wp","href":"https:\/\/api.w.org\/{rel}","templated":true}]}}