{"id":20684,"date":"2025-07-21T22:06:55","date_gmt":"2025-07-21T20:06:55","guid":{"rendered":"https:\/\/believebytuularossi.com\/product\/stella-bi-stretch-joustava-tikattu-takki-hupulla-puuterin-vaaleanpunainen\/"},"modified":"2025-07-21T22:25:59","modified_gmt":"2025-07-21T20:25:59","slug":"stella-joustava-tikattu-takki-hupulla-puuterin-vaaleanpunainen","status":"publish","type":"product","link":"https:\/\/believebytuularossi.com\/fi\/tuote\/stella-joustava-tikattu-takki-hupulla-puuterin-vaaleanpunainen\/","title":{"rendered":"Stella Bi-Stretch -joustava tikattu takki hupulla, puuterin vaaleanpunainen"},"content":{"rendered":"","protected":false},"excerpt":{"rendered":"<p>Ylellinen STELLA-takki Powder Rose -v\u00e4riss\u00e4 saa sinut n\u00e4ytt\u00e4m\u00e4\u00e4n yksinkertaisesti upealta! Puuterin vaaleanpunainen on hienostunut s\u00e4vy, ja STELLA-takin ansiosta voit tuoda ripauksen ylellisyytt\u00e4 arkeesi. T\u00e4m\u00e4 poikkeuksellisen pehme\u00e4 mielihyv\u00e4takki on valmistettu ainutlaatuisesta bi-stretch-tikkimateriaalista, joka mukautuu t\u00e4ydellisesti jokaisen naisen vartaloon \u2013 kaikissa kokoluokissa.<\/p>\n<p>STELLA-takki tuntuu p\u00e4\u00e4ll\u00e4 uskomattoman kevyelt\u00e4 ja miellytt\u00e4v\u00e4lt\u00e4 \u2013 kuin unelmalta. Hupun reunaa voi s\u00e4\u00e4t\u00e4\u00e4 k\u00e4tev\u00e4ll\u00e4 kiristysny\u00f6rill\u00e4. Unelmanpehme\u00e4, p\u00f6rr\u00f6inen tekoturkis hupun ja taskujen sis\u00e4ll\u00e4 tuo takkiin l\u00e4mp\u00f6\u00e4 ja eleganssia. T\u00e4m\u00e4 upea tikkimateriaali antaa takille t\u00e4ysin uudenlaisen ilmeen, ja s\u00e4vy Love Red tekee siit\u00e4 n\u00e4ytt\u00e4v\u00e4n ja tyylikk\u00e4\u00e4n.<\/p>\n<p>Ajaton ja hurmaava STELLA-takki on suunniteltu n\u00e4ytt\u00e4m\u00e4\u00e4n hyv\u00e4lt\u00e4 jokaisen naisen yll\u00e4 \u2013 kiitos ylellisen laadukkaan bi-stretch-materiaalin ja t\u00e4ydellisen leikkauksen. T\u00e4ss\u00e4 takissa erotut edukseen!<\/p>\n<p>Saatat rakastua my\u00f6s Stellaan <a href=\"https:\/\/believebytuularossi.com\/fi\/tuote\/stella-black-bi-stretch\/\">mustassa<\/a>, <a href=\"https:\/\/believebytuularossi.com\/fi\/tuote\/stella-love-red-bi-stretch-joustava-tikattu-takki-hupulla\/\">punaisessa<\/a> ja <a href=\"https:\/\/believebytuularossi.com\/fi\/tuote\/stella-cream-bi-stretch-joustava-tikattu-takki-hupulla\/\">kerman valkoisessa<\/a> v\u00e4reiss\u00e4.<\/p>\n","protected":false},"featured_media":20675,"template":"","meta":{"_acf_changed":false},"product_brand":[],"product_cat":[130],"product_tag":[227,390,224,386,262,281,411,409,364,363,282,298],"class_list":{"0":"post-20684","1":"product","2":"type-product","3":"status-publish","4":"has-post-thumbnail","6":"product_cat-syksytakit-talvitakit","7":"product_tag-bi-stretch-fi","8":"product_tag-ekoturkis","9":"product_tag-huppu","10":"product_tag-lammin","11":"product_tag-pinkki","12":"product_tag-polvenpituinen","13":"product_tag-polvien-ylapuolelle","14":"product_tag-puuterin-vaaleanpunainen","15":"product_tag-syksy-fi","16":"product_tag-takki-fi","17":"product_tag-talvi","18":"product_tag-vaaleanpunainen","19":"pa_ewd_uwcf_colors-pale-pink","20":"pa_ewd_uwcf_sizes-206","21":"pa_ewd_uwcf_sizes-181","22":"pa_ewd_uwcf_sizes-183","23":"pa_ewd_uwcf_sizes-185","24":"pa_ewd_uwcf_sizes-187","25":"pa_ewd_uwcf_sizes-189","26":"pa_ewd_uwcf_sizes-191","27":"pa_ewd_uwcf_sizes-193","28":"pa_ewd_uwcf_sizes-200","29":"pa_ewd_uwcf_sizes-202","30":"pa_ewd_uwcf_sizes-204","31":"product_color-rose","32":"product_size-205","33":"product_size-180","34":"product_size-182","35":"product_size-184","36":"product_size-186","37":"product_size-188","38":"product_size-190","39":"product_size-192","40":"product_size-199","41":"product_size-201","42":"product_size-203","44":"first","45":"instock","46":"featured","47":"taxable","48":"shipping-taxable","49":"purchasable","50":"product-type-variable"},"acf":[],"yoast_head":"<!-- This site is optimized with the Yoast SEO plugin v27.6 - https:\/\/yoast.com\/product\/yoast-seo-wordpress\/ -->\n<title>Stella -joustava tikattu takki hupulla, puuterin vaaleanpunainen<\/title>\n<meta name=\"description\" content=\"Stella puuterin vaaleanpunainen -joustava tikkitakki turkiksella on upea ja n\u00e4ytt\u00e4\u00e4 elegantilta jokaisen naisen yll\u00e4. Takki on eritt\u00e4in miellytt\u00e4v\u00e4 p\u00e4\u00e4ll\u00e4.\" \/>\n<meta name=\"robots\" content=\"index, follow, max-snippet:-1, max-image-preview:large, max-video-preview:-1\" \/>\n<link rel=\"canonical\" href=\"https:\/\/believebytuularossi.com\/fi\/tuote\/stella-joustava-tikattu-takki-hupulla-puuterin-vaaleanpunainen\/\" \/>\n<meta property=\"og:locale\" content=\"fi_FI\" \/>\n<meta property=\"og:type\" content=\"article\" \/>\n<meta property=\"og:title\" content=\"Stella Bi-Stretch -joustava tikattu takki hupulla, puuterin vaaleanpunainen\" \/>\n<meta property=\"og:description\" content=\"Stella Powder Rose -bi-stretch-tikkitakki turkiksella on upea ja n\u00e4ytt\u00e4\u00e4 elegantilta jokaisen naisen yll\u00e4. Takki on eritt\u00e4in miellytt\u00e4v\u00e4 p\u00e4\u00e4ll\u00e4. T\u00e4ss\u00e4 mukavassa takissa on unelmanpehme\u00e4 turkis hupun ja taskujen sis\u00e4ll\u00e4. Takki on ihastuttava ja valmistettu korkealaatuisesta materiaalista.\" \/>\n<meta property=\"og:url\" content=\"https:\/\/believebytuularossi.com\/fi\/tuote\/stella-joustava-tikattu-takki-hupulla-puuterin-vaaleanpunainen\/\" \/>\n<meta property=\"og:site_name\" content=\"BELIEVE by tuula rossi\" \/>\n<meta property=\"article:publisher\" content=\"https:\/\/www.facebook.com\/believebytuularossi\/_gu3udgu0BZPTzcnU\" \/>\n<meta property=\"article:modified_time\" content=\"2025-07-21T20:25:59+00:00\" \/>\n<meta property=\"og:image\" content=\"https:\/\/believebytuularossi.com\/wp-content\/uploads\/2025\/07\/Stella-side-300x300.jpg\" \/>\n<meta name=\"twitter:card\" content=\"summary_large_image\" \/>\n<meta name=\"twitter:title\" content=\"Stella Bi-Stretch -joustava tikattu takki hupulla, puuterin vaaleanpunainen\" \/>\n<meta name=\"twitter:description\" content=\"Stella Powder Rose -bi-stretch-tikkitakki turkiksella on upea ja n\u00e4ytt\u00e4\u00e4 elegantilta jokaisen naisen yll\u00e4. Takki on eritt\u00e4in miellytt\u00e4v\u00e4 p\u00e4\u00e4ll\u00e4. T\u00e4ss\u00e4 mukavassa takissa on unelmanpehme\u00e4 turkis hupun ja taskujen sis\u00e4ll\u00e4. Takki on ihastuttava ja valmistettu korkealaatuisesta materiaalista.\" \/>\n<meta name=\"twitter:image\" content=\"https:\/\/believebytuularossi.com\/wp-content\/uploads\/2025\/07\/Stella-side-599x900.jpg\" \/>\n<meta name=\"twitter:label1\" content=\"Arvioitu lukuaika\" \/>\n\t<meta name=\"twitter:data1\" content=\"1 minuutti\" \/>\n<script type=\"application\/ld+json\" class=\"yoast-schema-graph\">{\"@context\":\"https:\\\/\\\/schema.org\",\"@graph\":[{\"@type\":\"WebPage\",\"@id\":\"https:\\\/\\\/believebytuularossi.com\\\/fi\\\/tuote\\\/stella-joustava-tikattu-takki-hupulla-puuterin-vaaleanpunainen\\\/\",\"url\":\"https:\\\/\\\/believebytuularossi.com\\\/fi\\\/tuote\\\/stella-joustava-tikattu-takki-hupulla-puuterin-vaaleanpunainen\\\/\",\"name\":\"Stella -joustava tikattu takki hupulla, puuterin vaaleanpunainen\",\"isPartOf\":{\"@id\":\"https:\\\/\\\/believebytuularossi.com\\\/fi\\\/#website\"},\"primaryImageOfPage\":{\"@id\":\"https:\\\/\\\/believebytuularossi.com\\\/fi\\\/tuote\\\/stella-joustava-tikattu-takki-hupulla-puuterin-vaaleanpunainen\\\/#primaryimage\"},\"image\":{\"@id\":\"https:\\\/\\\/believebytuularossi.com\\\/fi\\\/tuote\\\/stella-joustava-tikattu-takki-hupulla-puuterin-vaaleanpunainen\\\/#primaryimage\"},\"thumbnailUrl\":\"https:\\\/\\\/believebytuularossi.com\\\/wp-content\\\/uploads\\\/2025\\\/07\\\/Stella.jpg\",\"datePublished\":\"2025-07-21T20:06:55+00:00\",\"dateModified\":\"2025-07-21T20:25:59+00:00\",\"description\":\"Stella puuterin vaaleanpunainen -joustava tikkitakki turkiksella on upea ja n\u00e4ytt\u00e4\u00e4 elegantilta jokaisen naisen yll\u00e4. Takki on eritt\u00e4in miellytt\u00e4v\u00e4 p\u00e4\u00e4ll\u00e4.\",\"breadcrumb\":{\"@id\":\"https:\\\/\\\/believebytuularossi.com\\\/fi\\\/tuote\\\/stella-joustava-tikattu-takki-hupulla-puuterin-vaaleanpunainen\\\/#breadcrumb\"},\"inLanguage\":\"fi\",\"potentialAction\":[{\"@type\":\"ReadAction\",\"target\":[\"https:\\\/\\\/believebytuularossi.com\\\/fi\\\/tuote\\\/stella-joustava-tikattu-takki-hupulla-puuterin-vaaleanpunainen\\\/\"]}]},{\"@type\":\"ImageObject\",\"inLanguage\":\"fi\",\"@id\":\"https:\\\/\\\/believebytuularossi.com\\\/fi\\\/tuote\\\/stella-joustava-tikattu-takki-hupulla-puuterin-vaaleanpunainen\\\/#primaryimage\",\"url\":\"https:\\\/\\\/believebytuularossi.com\\\/wp-content\\\/uploads\\\/2025\\\/07\\\/Stella.jpg\",\"contentUrl\":\"https:\\\/\\\/believebytuularossi.com\\\/wp-content\\\/uploads\\\/2025\\\/07\\\/Stella.jpg\",\"width\":632,\"height\":950},{\"@type\":\"BreadcrumbList\",\"@id\":\"https:\\\/\\\/believebytuularossi.com\\\/fi\\\/tuote\\\/stella-joustava-tikattu-takki-hupulla-puuterin-vaaleanpunainen\\\/#breadcrumb\",\"itemListElement\":[{\"@type\":\"ListItem\",\"position\":1,\"name\":\"Home\",\"item\":\"https:\\\/\\\/believebytuularossi.com\\\/fi\\\/\"},{\"@type\":\"ListItem\",\"position\":2,\"name\":\"Shop\",\"item\":\"https:\\\/\\\/believebytuularossi.com\\\/shop\\\/\"},{\"@type\":\"ListItem\",\"position\":3,\"name\":\"Stella Bi-Stretch -joustava tikattu takki hupulla, puuterin vaaleanpunainen\"}]},{\"@type\":\"WebSite\",\"@id\":\"https:\\\/\\\/believebytuularossi.com\\\/fi\\\/#website\",\"url\":\"https:\\\/\\\/believebytuularossi.com\\\/fi\\\/\",\"name\":\"BELIEVE by tuula rossi\",\"description\":\"A unique, luxurious, original outerwear collection created by passion and love for today\u2019s fashionable woman and her desire for timeless style.          Perfect fit for the modern, feminine woman of any age.\",\"publisher\":{\"@id\":\"https:\\\/\\\/believebytuularossi.com\\\/fi\\\/#organization\"},\"potentialAction\":[{\"@type\":\"SearchAction\",\"target\":{\"@type\":\"EntryPoint\",\"urlTemplate\":\"https:\\\/\\\/believebytuularossi.com\\\/fi\\\/?s={search_term_string}\"},\"query-input\":{\"@type\":\"PropertyValueSpecification\",\"valueRequired\":true,\"valueName\":\"search_term_string\"}}],\"inLanguage\":\"fi\"},{\"@type\":\"Organization\",\"@id\":\"https:\\\/\\\/believebytuularossi.com\\\/fi\\\/#organization\",\"name\":\"BELIEVE by tuula rossi\",\"url\":\"https:\\\/\\\/believebytuularossi.com\\\/fi\\\/\",\"logo\":{\"@type\":\"ImageObject\",\"inLanguage\":\"fi\",\"@id\":\"https:\\\/\\\/believebytuularossi.com\\\/fi\\\/#\\\/schema\\\/logo\\\/image\\\/\",\"url\":\"https:\\\/\\\/believebytuularossi.com\\\/wp-content\\\/uploads\\\/2018\\\/08\\\/rossi-logo_new.png\",\"contentUrl\":\"https:\\\/\\\/believebytuularossi.com\\\/wp-content\\\/uploads\\\/2018\\\/08\\\/rossi-logo_new.png\",\"width\":300,\"height\":143,\"caption\":\"BELIEVE by tuula rossi\"},\"image\":{\"@id\":\"https:\\\/\\\/believebytuularossi.com\\\/fi\\\/#\\\/schema\\\/logo\\\/image\\\/\"},\"sameAs\":[\"https:\\\/\\\/www.facebook.com\\\/believebytuularossi\\\/_gu3udgu0BZPTzcnU\",\"https:\\\/\\\/www.instagram.com\\\/believebytuularossi\\\/\",\"https:\\\/\\\/www.pinterest.com\\\/believebytuularossi\\\/\"]}]}<\/script>\n<!-- \/ Yoast SEO plugin. -->","yoast_head_json":{"title":"Stella -joustava tikattu takki hupulla, puuterin vaaleanpunainen","description":"Stella puuterin vaaleanpunainen -joustava tikkitakki turkiksella on upea ja n\u00e4ytt\u00e4\u00e4 elegantilta jokaisen naisen yll\u00e4. Takki on eritt\u00e4in miellytt\u00e4v\u00e4 p\u00e4\u00e4ll\u00e4.","robots":{"index":"index","follow":"follow","max-snippet":"max-snippet:-1","max-image-preview":"max-image-preview:large","max-video-preview":"max-video-preview:-1"},"canonical":"https:\/\/believebytuularossi.com\/fi\/tuote\/stella-joustava-tikattu-takki-hupulla-puuterin-vaaleanpunainen\/","og_locale":"fi_FI","og_type":"article","og_title":"Stella Bi-Stretch -joustava tikattu takki hupulla, puuterin vaaleanpunainen","og_description":"Stella Powder Rose -bi-stretch-tikkitakki turkiksella on upea ja n\u00e4ytt\u00e4\u00e4 elegantilta jokaisen naisen yll\u00e4. Takki on eritt\u00e4in miellytt\u00e4v\u00e4 p\u00e4\u00e4ll\u00e4. T\u00e4ss\u00e4 mukavassa takissa on unelmanpehme\u00e4 turkis hupun ja taskujen sis\u00e4ll\u00e4. Takki on ihastuttava ja valmistettu korkealaatuisesta materiaalista.","og_url":"https:\/\/believebytuularossi.com\/fi\/tuote\/stella-joustava-tikattu-takki-hupulla-puuterin-vaaleanpunainen\/","og_site_name":"BELIEVE by tuula rossi","article_publisher":"https:\/\/www.facebook.com\/believebytuularossi\/_gu3udgu0BZPTzcnU","article_modified_time":"2025-07-21T20:25:59+00:00","og_image":[{"url":"https:\/\/believebytuularossi.com\/wp-content\/uploads\/2025\/07\/Stella-side-300x300.jpg","type":"","width":"","height":""}],"twitter_card":"summary_large_image","twitter_title":"Stella Bi-Stretch -joustava tikattu takki hupulla, puuterin vaaleanpunainen","twitter_description":"Stella Powder Rose -bi-stretch-tikkitakki turkiksella on upea ja n\u00e4ytt\u00e4\u00e4 elegantilta jokaisen naisen yll\u00e4. Takki on eritt\u00e4in miellytt\u00e4v\u00e4 p\u00e4\u00e4ll\u00e4. T\u00e4ss\u00e4 mukavassa takissa on unelmanpehme\u00e4 turkis hupun ja taskujen sis\u00e4ll\u00e4. Takki on ihastuttava ja valmistettu korkealaatuisesta materiaalista.","twitter_image":"https:\/\/believebytuularossi.com\/wp-content\/uploads\/2025\/07\/Stella-side-599x900.jpg","twitter_misc":{"Arvioitu lukuaika":"1 minuutti"},"schema":{"@context":"https:\/\/schema.org","@graph":[{"@type":"WebPage","@id":"https:\/\/believebytuularossi.com\/fi\/tuote\/stella-joustava-tikattu-takki-hupulla-puuterin-vaaleanpunainen\/","url":"https:\/\/believebytuularossi.com\/fi\/tuote\/stella-joustava-tikattu-takki-hupulla-puuterin-vaaleanpunainen\/","name":"Stella -joustava tikattu takki hupulla, puuterin vaaleanpunainen","isPartOf":{"@id":"https:\/\/believebytuularossi.com\/fi\/#website"},"primaryImageOfPage":{"@id":"https:\/\/believebytuularossi.com\/fi\/tuote\/stella-joustava-tikattu-takki-hupulla-puuterin-vaaleanpunainen\/#primaryimage"},"image":{"@id":"https:\/\/believebytuularossi.com\/fi\/tuote\/stella-joustava-tikattu-takki-hupulla-puuterin-vaaleanpunainen\/#primaryimage"},"thumbnailUrl":"https:\/\/believebytuularossi.com\/wp-content\/uploads\/2025\/07\/Stella.jpg","datePublished":"2025-07-21T20:06:55+00:00","dateModified":"2025-07-21T20:25:59+00:00","description":"Stella puuterin vaaleanpunainen -joustava tikkitakki turkiksella on upea ja n\u00e4ytt\u00e4\u00e4 elegantilta jokaisen naisen yll\u00e4. Takki on eritt\u00e4in miellytt\u00e4v\u00e4 p\u00e4\u00e4ll\u00e4.","breadcrumb":{"@id":"https:\/\/believebytuularossi.com\/fi\/tuote\/stella-joustava-tikattu-takki-hupulla-puuterin-vaaleanpunainen\/#breadcrumb"},"inLanguage":"fi","potentialAction":[{"@type":"ReadAction","target":["https:\/\/believebytuularossi.com\/fi\/tuote\/stella-joustava-tikattu-takki-hupulla-puuterin-vaaleanpunainen\/"]}]},{"@type":"ImageObject","inLanguage":"fi","@id":"https:\/\/believebytuularossi.com\/fi\/tuote\/stella-joustava-tikattu-takki-hupulla-puuterin-vaaleanpunainen\/#primaryimage","url":"https:\/\/believebytuularossi.com\/wp-content\/uploads\/2025\/07\/Stella.jpg","contentUrl":"https:\/\/believebytuularossi.com\/wp-content\/uploads\/2025\/07\/Stella.jpg","width":632,"height":950},{"@type":"BreadcrumbList","@id":"https:\/\/believebytuularossi.com\/fi\/tuote\/stella-joustava-tikattu-takki-hupulla-puuterin-vaaleanpunainen\/#breadcrumb","itemListElement":[{"@type":"ListItem","position":1,"name":"Home","item":"https:\/\/believebytuularossi.com\/fi\/"},{"@type":"ListItem","position":2,"name":"Shop","item":"https:\/\/believebytuularossi.com\/shop\/"},{"@type":"ListItem","position":3,"name":"Stella Bi-Stretch -joustava tikattu takki hupulla, puuterin vaaleanpunainen"}]},{"@type":"WebSite","@id":"https:\/\/believebytuularossi.com\/fi\/#website","url":"https:\/\/believebytuularossi.com\/fi\/","name":"BELIEVE by tuula rossi","description":"A unique, luxurious, original outerwear collection created by passion and love for today\u2019s fashionable woman and her desire for timeless style.          Perfect fit for the modern, feminine woman of any age.","publisher":{"@id":"https:\/\/believebytuularossi.com\/fi\/#organization"},"potentialAction":[{"@type":"SearchAction","target":{"@type":"EntryPoint","urlTemplate":"https:\/\/believebytuularossi.com\/fi\/?s={search_term_string}"},"query-input":{"@type":"PropertyValueSpecification","valueRequired":true,"valueName":"search_term_string"}}],"inLanguage":"fi"},{"@type":"Organization","@id":"https:\/\/believebytuularossi.com\/fi\/#organization","name":"BELIEVE by tuula rossi","url":"https:\/\/believebytuularossi.com\/fi\/","logo":{"@type":"ImageObject","inLanguage":"fi","@id":"https:\/\/believebytuularossi.com\/fi\/#\/schema\/logo\/image\/","url":"https:\/\/believebytuularossi.com\/wp-content\/uploads\/2018\/08\/rossi-logo_new.png","contentUrl":"https:\/\/believebytuularossi.com\/wp-content\/uploads\/2018\/08\/rossi-logo_new.png","width":300,"height":143,"caption":"BELIEVE by tuula rossi"},"image":{"@id":"https:\/\/believebytuularossi.com\/fi\/#\/schema\/logo\/image\/"},"sameAs":["https:\/\/www.facebook.com\/believebytuularossi\/_gu3udgu0BZPTzcnU","https:\/\/www.instagram.com\/believebytuularossi\/","https:\/\/www.pinterest.com\/believebytuularossi\/"]}]}},"_links":{"self":[{"href":"https:\/\/believebytuularossi.com\/fi\/wp-json\/wp\/v2\/product\/20684","targetHints":{"allow":["GET"]}}],"collection":[{"href":"https:\/\/believebytuularossi.com\/fi\/wp-json\/wp\/v2\/product"}],"about":[{"href":"https:\/\/believebytuularossi.com\/fi\/wp-json\/wp\/v2\/types\/product"}],"wp:featuredmedia":[{"embeddable":true,"href":"https:\/\/believebytuularossi.com\/fi\/wp-json\/wp\/v2\/media\/20675"}],"wp:attachment":[{"href":"https:\/\/believebytuularossi.com\/fi\/wp-json\/wp\/v2\/media?parent=20684"}],"wp:term":[{"taxonomy":"product_brand","embeddable":true,"href":"https:\/\/believebytuularossi.com\/fi\/wp-json\/wp\/v2\/product_brand?post=20684"},{"taxonomy":"product_cat","embeddable":true,"href":"https:\/\/believebytuularossi.com\/fi\/wp-json\/wp\/v2\/product_cat?post=20684"},{"taxonomy":"product_tag","embeddable":true,"href":"https:\/\/believebytuularossi.com\/fi\/wp-json\/wp\/v2\/product_tag?post=20684"}],"curies":[{"name":"wp","href":"https:\/\/api.w.org\/{rel}","templated":true}]}}