{"id":20906,"date":"2026-02-16T16:55:27","date_gmt":"2026-02-16T15:55:27","guid":{"rendered":"https:\/\/believebytuularossi.com\/?post_type=product&#038;p=20906"},"modified":"2026-02-16T17:55:51","modified_gmt":"2026-02-16T16:55:51","slug":"sofia-bright-red-kevyt-tikattu-takki","status":"publish","type":"product","link":"https:\/\/believebytuularossi.com\/fi\/tuote\/sofia-bright-red-kevyt-tikattu-takki\/","title":{"rendered":"Sofia Bright Red -kevyt tikattu takki huivikauluksella, kirkkaanpunainen"},"content":{"rendered":"<p>Sofia Bright Red -takki on t\u00e4ydellinen valinta, jos unelmoit naisellisesta hyvin istuvasta takista. T\u00e4ss\u00e4 punaisessa takissa on upea iso huivikaulus s\u00e4\u00e4dett\u00e4v\u00e4ll\u00e4 joustavalla kiristysny\u00f6rill\u00e4. \u00c4l\u00e4k\u00e4 unohda kaunista kevytt\u00e4 Baby Stripe -tikattua takkimateriaalia, joka saa sinut n\u00e4ytt\u00e4m\u00e4\u00e4n hienostuneelta ja upealta. Ajaton Sofia -tikkitakki on suunniteltu istumaan t\u00e4ydellisesti kaiken kokoisten naisten p\u00e4\u00e4ll\u00e4. T\u00e4ss\u00e4 tyylikk\u00e4\u00e4ss\u00e4 takissa on ylelliset kaksisuuntaiset vetoketjut taskuissa ja piilopainonappikiinnitys edess\u00e4. Sofia on kaunis ja toimiva takki kev\u00e4\u00e4seen, demi-sesonkiin ja syksyyn.<\/p>\n<p>Hihan pituus on hieman tavallista pidempi. Joustavat hihansuut takaavat t\u00e4ydellisen pituuden kaiken pituisille naisille. Hihoissa on kirkas keltainen vuori, joka on yksi BELIEVE by tuula rossi malliston erityispiirteist\u00e4. Me uskomme, ett\u00e4 keltainen viiva logossamme ja tuotteidemme yksityiskohdissa kuten my\u00f6s raikkaat takkiemme v\u00e4rit tuovat valoa ja positiivista energiaa el\u00e4m\u00e4\u00e4si.<\/p>\n<p>Huippulaadukkaiden materiaalien ja ainutlaatuisen tyylin ansiosta n\u00e4yt\u00e4t tyylikk\u00e4\u00e4lt\u00e4 ja modernilta Sofia -takissa!<\/p>\n<p>Sofia- takki saatavilla my\u00f6s <a href=\"https:\/\/believebytuularossi.com\/fi\/tuote\/sofia-black-kevyt-tikattu-takki-huivikauluksella-musta\/\">mustana<\/a> sek\u00e4 keltaisena.<\/p>\n","protected":false},"excerpt":{"rendered":"<p>Sofia Bright Red -takki on t\u00e4ydellinen valinta, jos unelmoit naisellisesta hyvin istuvasta takista. T\u00e4ss\u00e4 punaisessa takissa on upea iso huivikaulus s\u00e4\u00e4dett\u00e4v\u00e4ll\u00e4 joustavalla kiristysny\u00f6rill\u00e4. \u00c4l\u00e4k\u00e4 unohda kaunista kevytt\u00e4 Baby Stripe -tikattua takkimateriaalia, joka saa sinut n\u00e4ytt\u00e4m\u00e4\u00e4n hienostuneelta ja upealta. Ajaton Sofia -tikkitakki on suunniteltu istumaan t\u00e4ydellisesti kaiken kokoisten naisten p\u00e4\u00e4ll\u00e4. T\u00e4ss\u00e4 tyylikk\u00e4\u00e4ss\u00e4 takissa on ylelliset kaksisuuntaiset vetoketjut taskuissa ja piilopainonappikiinnitys edess\u00e4. Sofia on kaunis ja toimiva takki kev\u00e4\u00e4seen, demi-sesonkiin ja syksyyn.<\/p>\n","protected":false},"featured_media":20918,"template":"","meta":{"_acf_changed":false},"product_brand":[],"product_cat":[131],"product_tag":[414,365,413,402,364,363,306],"class_list":{"0":"post-20906","1":"product","2":"type-product","3":"status-publish","4":"has-post-thumbnail","6":"product_cat-kevattakit-kesatakit-valisesonkitakit","7":"product_tag-huivikaulus","8":"product_tag-kevat-fi","9":"product_tag-kirkkaanpunainen","10":"product_tag-punainen","11":"product_tag-syksy-fi","12":"product_tag-takki-fi","13":"product_tag-tikkitakki","14":"pa_ewd_uwcf_colors-red","15":"pa_ewd_uwcf_sizes-206","16":"pa_ewd_uwcf_sizes-181","17":"pa_ewd_uwcf_sizes-183","18":"pa_ewd_uwcf_sizes-185","19":"pa_ewd_uwcf_sizes-187","20":"pa_ewd_uwcf_sizes-189","21":"pa_ewd_uwcf_sizes-191","22":"pa_ewd_uwcf_sizes-193","23":"pa_ewd_uwcf_sizes-200","24":"pa_size-34-fi","25":"pa_size-36-fi","26":"pa_size-38-fi","27":"pa_size-40-fi","28":"pa_size-42-fi","29":"pa_size-44-fi","30":"pa_size-46-fi","31":"pa_size-48-fi","32":"pa_size-50-fi","33":"pa_size-52-fi","34":"pa_size-54-fi","35":"product_color-red","36":"product_color-red-fi","37":"product_size-34-fi","38":"product_size-205","39":"product_size-180","40":"product_size-36-fi","41":"product_size-182","42":"product_size-38-fi","43":"product_size-40-fi","44":"product_size-184","45":"product_size-42-fi","46":"product_size-186","47":"product_size-188","48":"product_size-44-fi","49":"product_size-190","50":"product_size-46-fi","51":"product_size-192","52":"product_size-48-fi","53":"product_size-50-fi","54":"product_size-199","56":"first","57":"instock","58":"taxable","59":"shipping-taxable","60":"purchasable","61":"product-type-variable"},"acf":[],"yoast_head":"<!-- This site is optimized with the Yoast SEO plugin v27.3 - https:\/\/yoast.com\/product\/yoast-seo-wordpress\/ -->\n<title>Sofia Bright Red -kevyt tikattu takki huivikauluksella, kirkkaanpunainen &#8211; BELIEVE by tuula rossi<\/title>\n<meta name=\"description\" content=\"Sofia Bright Red kevyt tikattu takki huivikauluksella sopii erinomaisesti kev\u00e4t-, syksy-, ja semisesonkiin\" \/>\n<meta name=\"robots\" content=\"index, follow, max-snippet:-1, max-image-preview:large, max-video-preview:-1\" \/>\n<link rel=\"canonical\" href=\"https:\/\/believebytuularossi.com\/fi\/tuote\/sofia-bright-red-kevyt-tikattu-takki\/\" \/>\n<meta property=\"og:locale\" content=\"fi_FI\" \/>\n<meta property=\"og:type\" content=\"article\" \/>\n<meta property=\"og:title\" content=\"Sofia Bright Red -kevyt tikattu takki huivikauluksella, kirkkaanpunainen &#8211; BELIEVE by tuula rossi\" \/>\n<meta property=\"og:description\" content=\"Sofia Bright Red kevyt tikattu takki huivikauluksella sopii erinomaisesti kev\u00e4t-, syksy-, ja semisesonkiin\" \/>\n<meta property=\"og:url\" content=\"https:\/\/believebytuularossi.com\/fi\/tuote\/sofia-bright-red-kevyt-tikattu-takki\/\" \/>\n<meta property=\"og:site_name\" content=\"BELIEVE by tuula rossi\" \/>\n<meta property=\"article:publisher\" content=\"https:\/\/www.facebook.com\/believebytuularossi\/_gu3udgu0BZPTzcnU\" \/>\n<meta property=\"article:modified_time\" content=\"2026-02-16T16:55:51+00:00\" \/>\n<meta property=\"og:image\" content=\"https:\/\/believebytuularossi.com\/wp-content\/uploads\/2026\/02\/PDV1035_web.jpg\" \/>\n\t<meta property=\"og:image:width\" content=\"632\" \/>\n\t<meta property=\"og:image:height\" content=\"950\" \/>\n\t<meta property=\"og:image:type\" content=\"image\/jpeg\" \/>\n<meta name=\"twitter:card\" content=\"summary_large_image\" \/>\n<meta name=\"twitter:label1\" content=\"Arvioitu lukuaika\" \/>\n\t<meta name=\"twitter:data1\" content=\"1 minuutti\" \/>\n<script type=\"application\/ld+json\" class=\"yoast-schema-graph\">{\"@context\":\"https:\\\/\\\/schema.org\",\"@graph\":[{\"@type\":\"WebPage\",\"@id\":\"https:\\\/\\\/believebytuularossi.com\\\/fi\\\/tuote\\\/sofia-bright-red-kevyt-tikattu-takki\\\/\",\"url\":\"https:\\\/\\\/believebytuularossi.com\\\/fi\\\/tuote\\\/sofia-bright-red-kevyt-tikattu-takki\\\/\",\"name\":\"Sofia Bright Red -kevyt tikattu takki huivikauluksella, kirkkaanpunainen &#8211; BELIEVE by tuula rossi\",\"isPartOf\":{\"@id\":\"https:\\\/\\\/believebytuularossi.com\\\/fi\\\/#website\"},\"primaryImageOfPage\":{\"@id\":\"https:\\\/\\\/believebytuularossi.com\\\/fi\\\/tuote\\\/sofia-bright-red-kevyt-tikattu-takki\\\/#primaryimage\"},\"image\":{\"@id\":\"https:\\\/\\\/believebytuularossi.com\\\/fi\\\/tuote\\\/sofia-bright-red-kevyt-tikattu-takki\\\/#primaryimage\"},\"thumbnailUrl\":\"https:\\\/\\\/believebytuularossi.com\\\/wp-content\\\/uploads\\\/2026\\\/02\\\/PDV1035_web.jpg\",\"datePublished\":\"2026-02-16T15:55:27+00:00\",\"dateModified\":\"2026-02-16T16:55:51+00:00\",\"description\":\"Sofia Bright Red kevyt tikattu takki huivikauluksella sopii erinomaisesti kev\u00e4t-, syksy-, ja semisesonkiin\",\"breadcrumb\":{\"@id\":\"https:\\\/\\\/believebytuularossi.com\\\/fi\\\/tuote\\\/sofia-bright-red-kevyt-tikattu-takki\\\/#breadcrumb\"},\"inLanguage\":\"fi\",\"potentialAction\":[{\"@type\":\"ReadAction\",\"target\":[\"https:\\\/\\\/believebytuularossi.com\\\/fi\\\/tuote\\\/sofia-bright-red-kevyt-tikattu-takki\\\/\"]}]},{\"@type\":\"ImageObject\",\"inLanguage\":\"fi\",\"@id\":\"https:\\\/\\\/believebytuularossi.com\\\/fi\\\/tuote\\\/sofia-bright-red-kevyt-tikattu-takki\\\/#primaryimage\",\"url\":\"https:\\\/\\\/believebytuularossi.com\\\/wp-content\\\/uploads\\\/2026\\\/02\\\/PDV1035_web.jpg\",\"contentUrl\":\"https:\\\/\\\/believebytuularossi.com\\\/wp-content\\\/uploads\\\/2026\\\/02\\\/PDV1035_web.jpg\",\"width\":632,\"height\":950},{\"@type\":\"BreadcrumbList\",\"@id\":\"https:\\\/\\\/believebytuularossi.com\\\/fi\\\/tuote\\\/sofia-bright-red-kevyt-tikattu-takki\\\/#breadcrumb\",\"itemListElement\":[{\"@type\":\"ListItem\",\"position\":1,\"name\":\"Home\",\"item\":\"https:\\\/\\\/believebytuularossi.com\\\/fi\\\/\"},{\"@type\":\"ListItem\",\"position\":2,\"name\":\"Shop\",\"item\":\"https:\\\/\\\/believebytuularossi.com\\\/shop\\\/\"},{\"@type\":\"ListItem\",\"position\":3,\"name\":\"Sofia Bright Red -kevyt tikattu takki huivikauluksella, kirkkaanpunainen\"}]},{\"@type\":\"WebSite\",\"@id\":\"https:\\\/\\\/believebytuularossi.com\\\/fi\\\/#website\",\"url\":\"https:\\\/\\\/believebytuularossi.com\\\/fi\\\/\",\"name\":\"BELIEVE by tuula rossi\",\"description\":\"A unique, luxurious, original outerwear collection created by passion and love for today\u2019s fashionable woman and her desire for timeless style.          Perfect fit for the modern, feminine woman of any age.\",\"publisher\":{\"@id\":\"https:\\\/\\\/believebytuularossi.com\\\/fi\\\/#organization\"},\"potentialAction\":[{\"@type\":\"SearchAction\",\"target\":{\"@type\":\"EntryPoint\",\"urlTemplate\":\"https:\\\/\\\/believebytuularossi.com\\\/fi\\\/?s={search_term_string}\"},\"query-input\":{\"@type\":\"PropertyValueSpecification\",\"valueRequired\":true,\"valueName\":\"search_term_string\"}}],\"inLanguage\":\"fi\"},{\"@type\":\"Organization\",\"@id\":\"https:\\\/\\\/believebytuularossi.com\\\/fi\\\/#organization\",\"name\":\"BELIEVE by tuula rossi\",\"url\":\"https:\\\/\\\/believebytuularossi.com\\\/fi\\\/\",\"logo\":{\"@type\":\"ImageObject\",\"inLanguage\":\"fi\",\"@id\":\"https:\\\/\\\/believebytuularossi.com\\\/fi\\\/#\\\/schema\\\/logo\\\/image\\\/\",\"url\":\"https:\\\/\\\/believebytuularossi.com\\\/wp-content\\\/uploads\\\/2018\\\/08\\\/rossi-logo_new.png\",\"contentUrl\":\"https:\\\/\\\/believebytuularossi.com\\\/wp-content\\\/uploads\\\/2018\\\/08\\\/rossi-logo_new.png\",\"width\":300,\"height\":143,\"caption\":\"BELIEVE by tuula rossi\"},\"image\":{\"@id\":\"https:\\\/\\\/believebytuularossi.com\\\/fi\\\/#\\\/schema\\\/logo\\\/image\\\/\"},\"sameAs\":[\"https:\\\/\\\/www.facebook.com\\\/believebytuularossi\\\/_gu3udgu0BZPTzcnU\",\"https:\\\/\\\/www.instagram.com\\\/believebytuularossi\\\/\",\"https:\\\/\\\/www.pinterest.com\\\/believebytuularossi\\\/\"]}]}<\/script>\n<!-- \/ Yoast SEO plugin. -->","yoast_head_json":{"title":"Sofia Bright Red -kevyt tikattu takki huivikauluksella, kirkkaanpunainen &#8211; BELIEVE by tuula rossi","description":"Sofia Bright Red kevyt tikattu takki huivikauluksella sopii erinomaisesti kev\u00e4t-, syksy-, ja semisesonkiin","robots":{"index":"index","follow":"follow","max-snippet":"max-snippet:-1","max-image-preview":"max-image-preview:large","max-video-preview":"max-video-preview:-1"},"canonical":"https:\/\/believebytuularossi.com\/fi\/tuote\/sofia-bright-red-kevyt-tikattu-takki\/","og_locale":"fi_FI","og_type":"article","og_title":"Sofia Bright Red -kevyt tikattu takki huivikauluksella, kirkkaanpunainen &#8211; BELIEVE by tuula rossi","og_description":"Sofia Bright Red kevyt tikattu takki huivikauluksella sopii erinomaisesti kev\u00e4t-, syksy-, ja semisesonkiin","og_url":"https:\/\/believebytuularossi.com\/fi\/tuote\/sofia-bright-red-kevyt-tikattu-takki\/","og_site_name":"BELIEVE by tuula rossi","article_publisher":"https:\/\/www.facebook.com\/believebytuularossi\/_gu3udgu0BZPTzcnU","article_modified_time":"2026-02-16T16:55:51+00:00","og_image":[{"width":632,"height":950,"url":"https:\/\/believebytuularossi.com\/wp-content\/uploads\/2026\/02\/PDV1035_web.jpg","type":"image\/jpeg"}],"twitter_card":"summary_large_image","twitter_misc":{"Arvioitu lukuaika":"1 minuutti"},"schema":{"@context":"https:\/\/schema.org","@graph":[{"@type":"WebPage","@id":"https:\/\/believebytuularossi.com\/fi\/tuote\/sofia-bright-red-kevyt-tikattu-takki\/","url":"https:\/\/believebytuularossi.com\/fi\/tuote\/sofia-bright-red-kevyt-tikattu-takki\/","name":"Sofia Bright Red -kevyt tikattu takki huivikauluksella, kirkkaanpunainen &#8211; BELIEVE by tuula rossi","isPartOf":{"@id":"https:\/\/believebytuularossi.com\/fi\/#website"},"primaryImageOfPage":{"@id":"https:\/\/believebytuularossi.com\/fi\/tuote\/sofia-bright-red-kevyt-tikattu-takki\/#primaryimage"},"image":{"@id":"https:\/\/believebytuularossi.com\/fi\/tuote\/sofia-bright-red-kevyt-tikattu-takki\/#primaryimage"},"thumbnailUrl":"https:\/\/believebytuularossi.com\/wp-content\/uploads\/2026\/02\/PDV1035_web.jpg","datePublished":"2026-02-16T15:55:27+00:00","dateModified":"2026-02-16T16:55:51+00:00","description":"Sofia Bright Red kevyt tikattu takki huivikauluksella sopii erinomaisesti kev\u00e4t-, syksy-, ja semisesonkiin","breadcrumb":{"@id":"https:\/\/believebytuularossi.com\/fi\/tuote\/sofia-bright-red-kevyt-tikattu-takki\/#breadcrumb"},"inLanguage":"fi","potentialAction":[{"@type":"ReadAction","target":["https:\/\/believebytuularossi.com\/fi\/tuote\/sofia-bright-red-kevyt-tikattu-takki\/"]}]},{"@type":"ImageObject","inLanguage":"fi","@id":"https:\/\/believebytuularossi.com\/fi\/tuote\/sofia-bright-red-kevyt-tikattu-takki\/#primaryimage","url":"https:\/\/believebytuularossi.com\/wp-content\/uploads\/2026\/02\/PDV1035_web.jpg","contentUrl":"https:\/\/believebytuularossi.com\/wp-content\/uploads\/2026\/02\/PDV1035_web.jpg","width":632,"height":950},{"@type":"BreadcrumbList","@id":"https:\/\/believebytuularossi.com\/fi\/tuote\/sofia-bright-red-kevyt-tikattu-takki\/#breadcrumb","itemListElement":[{"@type":"ListItem","position":1,"name":"Home","item":"https:\/\/believebytuularossi.com\/fi\/"},{"@type":"ListItem","position":2,"name":"Shop","item":"https:\/\/believebytuularossi.com\/shop\/"},{"@type":"ListItem","position":3,"name":"Sofia Bright Red -kevyt tikattu takki huivikauluksella, kirkkaanpunainen"}]},{"@type":"WebSite","@id":"https:\/\/believebytuularossi.com\/fi\/#website","url":"https:\/\/believebytuularossi.com\/fi\/","name":"BELIEVE by tuula rossi","description":"A unique, luxurious, original outerwear collection created by passion and love for today\u2019s fashionable woman and her desire for timeless style.          Perfect fit for the modern, feminine woman of any age.","publisher":{"@id":"https:\/\/believebytuularossi.com\/fi\/#organization"},"potentialAction":[{"@type":"SearchAction","target":{"@type":"EntryPoint","urlTemplate":"https:\/\/believebytuularossi.com\/fi\/?s={search_term_string}"},"query-input":{"@type":"PropertyValueSpecification","valueRequired":true,"valueName":"search_term_string"}}],"inLanguage":"fi"},{"@type":"Organization","@id":"https:\/\/believebytuularossi.com\/fi\/#organization","name":"BELIEVE by tuula rossi","url":"https:\/\/believebytuularossi.com\/fi\/","logo":{"@type":"ImageObject","inLanguage":"fi","@id":"https:\/\/believebytuularossi.com\/fi\/#\/schema\/logo\/image\/","url":"https:\/\/believebytuularossi.com\/wp-content\/uploads\/2018\/08\/rossi-logo_new.png","contentUrl":"https:\/\/believebytuularossi.com\/wp-content\/uploads\/2018\/08\/rossi-logo_new.png","width":300,"height":143,"caption":"BELIEVE by tuula rossi"},"image":{"@id":"https:\/\/believebytuularossi.com\/fi\/#\/schema\/logo\/image\/"},"sameAs":["https:\/\/www.facebook.com\/believebytuularossi\/_gu3udgu0BZPTzcnU","https:\/\/www.instagram.com\/believebytuularossi\/","https:\/\/www.pinterest.com\/believebytuularossi\/"]}]}},"_links":{"self":[{"href":"https:\/\/believebytuularossi.com\/fi\/wp-json\/wp\/v2\/product\/20906","targetHints":{"allow":["GET"]}}],"collection":[{"href":"https:\/\/believebytuularossi.com\/fi\/wp-json\/wp\/v2\/product"}],"about":[{"href":"https:\/\/believebytuularossi.com\/fi\/wp-json\/wp\/v2\/types\/product"}],"wp:featuredmedia":[{"embeddable":true,"href":"https:\/\/believebytuularossi.com\/fi\/wp-json\/wp\/v2\/media\/20918"}],"wp:attachment":[{"href":"https:\/\/believebytuularossi.com\/fi\/wp-json\/wp\/v2\/media?parent=20906"}],"wp:term":[{"taxonomy":"product_brand","embeddable":true,"href":"https:\/\/believebytuularossi.com\/fi\/wp-json\/wp\/v2\/product_brand?post=20906"},{"taxonomy":"product_cat","embeddable":true,"href":"https:\/\/believebytuularossi.com\/fi\/wp-json\/wp\/v2\/product_cat?post=20906"},{"taxonomy":"product_tag","embeddable":true,"href":"https:\/\/believebytuularossi.com\/fi\/wp-json\/wp\/v2\/product_tag?post=20906"}],"curies":[{"name":"wp","href":"https:\/\/api.w.org\/{rel}","templated":true}]}}